{"id":91553,"date":"2026-02-06T15:51:14","date_gmt":"2026-02-06T18:51:14","guid":{"rendered":"https:\/\/www.ecommerceupdate.org\/produto\/por-que-sair-do-clt-e-abrir-sua-empresa-o-caminho-do-marketplace\/"},"modified":"2026-05-13T10:00:23","modified_gmt":"2026-05-13T13:00:23","slug":"por-que-sair-do-clt-e-abrir-sua-empresa-o-caminho-do-marketplace","status":"publish","type":"product","link":"https:\/\/www.ecommerceupdate.com.br\/ace\/produto\/por-que-sair-do-clt-e-abrir-sua-empresa-o-caminho-do-marketplace\/","title":{"rendered":"Por Que Sair do CLT e Abrir sua Empresa?: O Caminho do Marketplace"},"content":{"rendered":"<div class=\"woocommerce-product-details\"><\/div>","protected":false},"excerpt":{"rendered":"<p>Libere-se da CLT e assuma o controle da sua renda, seguindo um caminho pr\u00e1tico para abrir uma empresa de marketplace com autonomia, seguran\u00e7a financeira e estrat\u00e9gias comprovadas. Escrito por Marcus Furusho, o eBook Kindle est\u00e1 dispon\u00edvel por apenas R$ 18,50 e oferece um roteiro claro, com passos acion\u00e1veis para planejar, lan\u00e7ar e escalar seu neg\u00f3cio online. Leia para entender como identificar nichos, gerenciar fornecedores e otimizar suas vendas na pr\u00e1tica, com exemplos reais que facilitam a transforma\u00e7\u00e3o do conhecimento em resultados concretos.<\/p>","protected":false},"featured_media":91553,"comment_status":"open","ping_status":"closed","template":"","meta":[],"product_cat":[1611,1595,1618],"product_tag":[2808,2806,2807],"class_list":{"0":"post-91553","1":"product","2":"type-product","3":"status-publish","4":"has-post-thumbnail","5":"product_brand-por-marcus-furusho-autor-formato-ebook-kindle","6":"product_cat-administracao-negocios-e-economia","7":"product_cat-livros","8":"product_cat-marketing-e-vendas","9":"product_tag-como-criar-marketplace","10":"product_tag-kindle-ebook-empreendedor-marketplace","11":"product_tag-sair-do-clt-abrir-empresa","13":"first","14":"instock","15":"shipping-taxable","16":"purchasable","17":"product-type-simple"},"aioseo_notices":[],"_links":{"self":[{"href":"https:\/\/www.ecommerceupdate.com.br\/ace\/wp-json\/wp\/v2\/product\/91553","targetHints":{"allow":["GET"]}}],"collection":[{"href":"https:\/\/www.ecommerceupdate.com.br\/ace\/wp-json\/wp\/v2\/product"}],"about":[{"href":"https:\/\/www.ecommerceupdate.com.br\/ace\/wp-json\/wp\/v2\/types\/product"}],"replies":[{"embeddable":true,"href":"https:\/\/www.ecommerceupdate.com.br\/ace\/wp-json\/wp\/v2\/comments?post=91553"}],"wp:featuredmedia":[{"embeddable":true,"href":"https:\/\/www.ecommerceupdate.com.br\/ace\/wp-json\/wp\/v2\/product\/91553"}],"wp:attachment":[{"href":"https:\/\/www.ecommerceupdate.com.br\/ace\/wp-json\/wp\/v2\/media?parent=91553"}],"wp:term":[{"taxonomy":"product_cat","embeddable":true,"href":"https:\/\/www.ecommerceupdate.com.br\/ace\/wp-json\/wp\/v2\/product_cat?post=91553"},{"taxonomy":"product_tag","embeddable":true,"href":"https:\/\/www.ecommerceupdate.com.br\/ace\/wp-json\/wp\/v2\/product_tag?post=91553"}],"curies":[{"name":"wp","href":"https:\/\/api.w.org\/{rel}","templated":true}]}}