{"id":93393,"date":"2026-03-04T00:27:10","date_gmt":"2026-03-04T03:27:10","guid":{"rendered":"https:\/\/www.ecommerceupdate.com.br\/produto\/inovacao-e-eficiencia-explorando-a-logistica-reversa-no-e-commerce\/"},"modified":"2026-05-13T10:13:41","modified_gmt":"2026-05-13T13:13:41","slug":"inovacao-e-eficiencia-explorando-a-logistica-reversa-no-e-commerce","status":"publish","type":"product","link":"https:\/\/www.ecommerceupdate.com.br\/ace\/produto\/inovacao-e-eficiencia-explorando-a-logistica-reversa-no-e-commerce\/","title":{"rendered":"Inova\u00e7\u00e3o e efici\u00eancia:: explorando a log\u00edstica reversa no e-commerce"},"content":{"rendered":"<div class=\"woocommerce-product-details\"><\/div>","protected":false},"excerpt":{"rendered":"<p>O maior benef\u00edcio deste livro \u00e9 oferecer estrat\u00e9gias pr\u00e1ticas de inova\u00e7\u00e3o que aumentam a efici\u00eancia da log\u00edstica reversa no e-commerce, reduzindo custos operacionais e elevando a satisfa\u00e7\u00e3o do cliente. Escrito por Rodrigo de C\u00e1ssio da Silva e dispon\u00edvel por apenas R$ 32,97, o t\u00edtulo apresenta casos reais, m\u00e9tricas de desempenho e um marco para l\u00edderes que desejam transformar processos. Continue lendo para descobrir como aplicar as ideias no seu neg\u00f3cio, desde a cadeia de suprimentos at\u00e9 a devolu\u00e7\u00e3o de produtos, com foco em resultados mensur\u00e1veis.<\/p>","protected":false},"featured_media":93393,"comment_status":"open","ping_status":"closed","template":"","meta":[],"product_cat":[1611,1621,1595],"product_tag":[2670,2669,2668],"class_list":{"0":"post-93393","1":"product","2":"type-product","3":"status-publish","4":"has-post-thumbnail","5":"product_brand-por-rodrigo-de-cssio-da-silva-autor","6":"product_cat-administracao-negocios-e-economia","7":"product_cat-gestao-e-lideranca","8":"product_cat-livros","9":"product_tag-casos-de-uso-logistica-reversa-ecommerce","10":"product_tag-gestao-de-devolucoes-ecommerce","11":"product_tag-livro-logistica-reversa-e-commerce","13":"first","14":"instock","15":"sale","16":"shipping-taxable","17":"purchasable","18":"product-type-simple"},"aioseo_notices":[],"_links":{"self":[{"href":"https:\/\/www.ecommerceupdate.com.br\/ace\/wp-json\/wp\/v2\/product\/93393","targetHints":{"allow":["GET"]}}],"collection":[{"href":"https:\/\/www.ecommerceupdate.com.br\/ace\/wp-json\/wp\/v2\/product"}],"about":[{"href":"https:\/\/www.ecommerceupdate.com.br\/ace\/wp-json\/wp\/v2\/types\/product"}],"replies":[{"embeddable":true,"href":"https:\/\/www.ecommerceupdate.com.br\/ace\/wp-json\/wp\/v2\/comments?post=93393"}],"wp:featuredmedia":[{"embeddable":true,"href":"https:\/\/www.ecommerceupdate.com.br\/ace\/wp-json\/wp\/v2\/product\/93393"}],"wp:attachment":[{"href":"https:\/\/www.ecommerceupdate.com.br\/ace\/wp-json\/wp\/v2\/media?parent=93393"}],"wp:term":[{"taxonomy":"product_cat","embeddable":true,"href":"https:\/\/www.ecommerceupdate.com.br\/ace\/wp-json\/wp\/v2\/product_cat?post=93393"},{"taxonomy":"product_tag","embeddable":true,"href":"https:\/\/www.ecommerceupdate.com.br\/ace\/wp-json\/wp\/v2\/product_tag?post=93393"}],"curies":[{"name":"wp","href":"https:\/\/api.w.org\/{rel}","templated":true}]}}