{"id":93882,"date":"2026-03-06T03:31:45","date_gmt":"2026-03-06T06:31:45","guid":{"rendered":"https:\/\/www.ecommerceupdate.com.br\/produto\/do-zero-aos-mil-reais-como-afiliado-shopee-venda-como-afiliado-digital\/"},"modified":"2026-05-13T10:38:32","modified_gmt":"2026-05-13T13:38:32","slug":"do-zero-aos-mil-reais-como-afiliado-shopee-venda-como-afiliado-digital","status":"publish","type":"product","link":"https:\/\/www.ecommerceupdate.com.br\/ace\/produto\/do-zero-aos-mil-reais-como-afiliado-shopee-venda-como-afiliado-digital\/","title":{"rendered":"Do zero aos mil reais como afiliado Shopee: Venda como afiliado digital"},"content":{"rendered":"<div class=\"woocommerce-product-details\">\n<h3>Detalhes do produto<\/h3>\n<ul>\n<li>ASIN : B0DFJR731C<\/li>\n<li>Editora : Aline Paulino Rodrigues<\/li>\n<li>Acessibilidade : Saiba mais<\/li>\n<li>Data da publica\u00e7\u00e3o : 27 agosto 2024<\/li>\n<li>Idioma : Portugu\u00eas<\/li>\n<li>Tamanho do arquivo : 8.2 MB<\/li>\n<li>Leitor de tela : Compat\u00edvel<\/li>\n<li>Configura\u00e7\u00e3o de fonte : Habilitado<\/li>\n<li>Dicas de vocabul\u00e1rio : N\u00e3o habilitado<\/li>\n<li>N\u00famero de p\u00e1ginas : 59 p\u00e1ginas<\/li>\n<li>Page Flip : Habilitado<\/li>\n<li>Idade de leitura : 15 &#8211; 18 anos<\/li>\n<li>Ranking dos mais vendidos: N\u00ba 275.755 em Loja Kindle (Conhe\u00e7a o Top 100 na categoria Loja Kindle) N\u00ba 3.684 em Computa\u00e7\u00e3o, internet e m\u00eddia digital N\u00ba 10.446 em Neg\u00f3cios e economia<\/li>\n<li>N\u00ba 3.684 em Computa\u00e7\u00e3o, internet e m\u00eddia digital<\/li>\n<li>N\u00ba 10.446 em Neg\u00f3cios e economia<\/li>\n<li>Avalia\u00e7\u00f5es dos clientes: 3,0 3,0 de 5 estrelas (4)<\/li>\n<\/ul><\/div>","protected":false},"excerpt":{"rendered":"<p>Aprenda a ganhar dinheiro divulgando produtos de grandes lojas, sem precisar aparcer, apenas com o seu celuar.<\/p>","protected":false},"featured_media":93882,"comment_status":"open","ping_status":"closed","template":"","meta":[],"product_cat":[1611,1608,1607],"product_tag":[],"class_list":{"0":"post-93882","1":"product","2":"type-product","3":"status-publish","4":"has-post-thumbnail","5":"product_brand-por-aline-paulino-rodrigues-autor-formato-ebook-kindle","6":"product_cat-administracao-negocios-e-economia","7":"product_cat-ebooks-kindle","8":"product_cat-loja-kindle","10":"first","11":"instock","12":"shipping-taxable","13":"purchasable","14":"product-type-simple"},"aioseo_notices":[],"_links":{"self":[{"href":"https:\/\/www.ecommerceupdate.com.br\/ace\/wp-json\/wp\/v2\/product\/93882","targetHints":{"allow":["GET"]}}],"collection":[{"href":"https:\/\/www.ecommerceupdate.com.br\/ace\/wp-json\/wp\/v2\/product"}],"about":[{"href":"https:\/\/www.ecommerceupdate.com.br\/ace\/wp-json\/wp\/v2\/types\/product"}],"replies":[{"embeddable":true,"href":"https:\/\/www.ecommerceupdate.com.br\/ace\/wp-json\/wp\/v2\/comments?post=93882"}],"wp:featuredmedia":[{"embeddable":true,"href":"https:\/\/www.ecommerceupdate.com.br\/ace\/wp-json\/wp\/v2\/product\/93882"}],"wp:attachment":[{"href":"https:\/\/www.ecommerceupdate.com.br\/ace\/wp-json\/wp\/v2\/media?parent=93882"}],"wp:term":[{"taxonomy":"product_cat","embeddable":true,"href":"https:\/\/www.ecommerceupdate.com.br\/ace\/wp-json\/wp\/v2\/product_cat?post=93882"},{"taxonomy":"product_tag","embeddable":true,"href":"https:\/\/www.ecommerceupdate.com.br\/ace\/wp-json\/wp\/v2\/product_tag?post=93882"}],"curies":[{"name":"wp","href":"https:\/\/api.w.org\/{rel}","templated":true}]}}