{"id":93579,"date":"2026-03-04T20:39:06","date_gmt":"2026-03-04T23:39:06","guid":{"rendered":"https:\/\/www.ecommerceupdate.com.br\/produto\/marketing-with-ai-for-dummies\/"},"modified":"2026-03-13T15:38:25","modified_gmt":"2026-03-13T18:38:25","slug":"marketing-with-ai-for-dummies","status":"publish","type":"product","link":"https:\/\/www.ecommerceupdate.com.br\/af\/produto\/marketing-with-ai-for-dummies\/","title":{"rendered":"Bemarking met AI vir Dummies"},"content":{"rendered":"<div class=\"woocommerce-product-details\">\n<h3>Produk besonderhede<\/h3>\n<ul>\n<li>Uitgewer: Vir Dummies<\/li>\n<li>Datum van publikasie: 1 Oktober 2024<\/li>\n<li>Uitgawe: 1a<\/li>\n<li>Taal: Engels<\/li>\n<li>Aantal bladsye : 400 bladsye<\/li>\n<li>ISBN-10:1394237197<\/li>\n<li>ISBN-13:978-1394237197<\/li>\n<li>Produk gewig: 716g<\/li>\n<li>Dimensies: 18.8 x 2.79 x 23.11 cm<\/li>\n<li>Topverkopers Ranglys: No 545,832 in Boeke (Ontmoet die Top 100 in Boeke kategorie) No 160 in Ingevoerde Bemarkingsnavorsing No 366 in Ingevoerde Webbemarking<\/li>\n<li>160 In Ingevoerde Bemarkingsnavorsing<\/li>\n<li>366 Ingevoerde Web Bemarking<\/li>\n<li>Kli\u00ebnt Resensies: 4.7 4.7 uit 5 sterre (21)<\/li>\n<\/ul><\/div>","protected":false},"excerpt":{"rendered":"<p>Bly voor in die bemarkingswedstryd deur die krag van kunsmatige intelligensie Bemarking met AI For Dummies te benut, is jou inleiding tot die rewolusie wat in die bemarkingsbedryf plaasvind, danksy kunsmatige intelligensie-instrumente wat teks, beelde, klank, video, webwerwe en verder kan skep. Hierdie boek vang die insig van vooraanstaande uitVOERmiddels wat Shiv Single bemark oor hoe KI bemarking sal verander, nuwe en ervare bemarkers sal help om KI-bemarkingsplanne, inhoud, kreatiewe tegnologie\u00eb en beweringskragte en lokalisering aan te pak.<span>Loer na die innerlike werking van AI-bemarkingsinstrumente om te sien hoe jy hul vermo\u00ebns die beste kan benut<\/span>Loer na die innerlike werking van AI-bemarkingsinstrumente om te sien hoe jy hul vermo\u00ebns die beste kan benut<span>Identifiseer kli\u00ebnte, skep inhoud, pas uitreik aan en pas kli\u00ebntervaring met AI aan<\/span>Identifiseer kli\u00ebnte, skep inhoud, pas uitreik aan en pas kli\u00ebntervaring met AI aan<span>Oorweeg hoe u span, departement of organisasie herstel kan word om in 'n AI-geaktiveerde w\u00eareld te ry<\/span>Oorweeg hoe u span, departement of organisasie herstel kan word om in 'n AI-geaktiveerde w\u00eareld te ry<span>Leer uit waardevolle gevallestudies wat wys hoe groot organisasies AI in hul veldtogte gebruik<\/span>Leer uit waardevolle gevallestudies wat wys hoe groot organisasies AI in hul veldtogte gebruik<br \/>Hierdie maklik verstaanbare Dummies-gids is perfek vir bemarkers op alle vlakke, sowel as diegene wat net af en toe 'n bemarkingshoed dra. Wat ook al jou professionele agtergrond, Bemarking met AI Vir Dummies sal jou in die toekoms van bemarking gebruik.<\/p>","protected":false},"featured_media":93579,"comment_status":"open","ping_status":"closed","template":"","meta":[],"product_cat":[1611,1595,1610],"product_tag":[],"class_list":{"0":"post-93579","1":"product","2":"type-product","3":"status-publish","4":"has-post-thumbnail","6":"product_brand-edicao-ingls-por-shiv-singh-autor","7":"product_cat-administracao-negocios-e-economia","8":"product_cat-livros","9":"product_cat-livros-internacionais","11":"first","12":"instock","13":"shipping-taxable","14":"purchasable","15":"product-type-simple"},"aioseo_notices":[],"_links":{"self":[{"href":"https:\/\/www.ecommerceupdate.com.br\/af\/wp-json\/wp\/v2\/product\/93579","targetHints":{"allow":["GET"]}}],"collection":[{"href":"https:\/\/www.ecommerceupdate.com.br\/af\/wp-json\/wp\/v2\/product"}],"about":[{"href":"https:\/\/www.ecommerceupdate.com.br\/af\/wp-json\/wp\/v2\/types\/product"}],"replies":[{"embeddable":true,"href":"https:\/\/www.ecommerceupdate.com.br\/af\/wp-json\/wp\/v2\/comments?post=93579"}],"wp:featuredmedia":[{"embeddable":true,"href":"https:\/\/www.ecommerceupdate.com.br\/af\/wp-json\/wp\/v2\/product\/93579"}],"wp:attachment":[{"href":"https:\/\/www.ecommerceupdate.com.br\/af\/wp-json\/wp\/v2\/media?parent=93579"}],"wp:term":[{"taxonomy":"product_cat","embeddable":true,"href":"https:\/\/www.ecommerceupdate.com.br\/af\/wp-json\/wp\/v2\/product_cat?post=93579"},{"taxonomy":"product_tag","embeddable":true,"href":"https:\/\/www.ecommerceupdate.com.br\/af\/wp-json\/wp\/v2\/product_tag?post=93579"}],"curies":[{"name":"wp","href":"https:\/\/api.w.org\/{rel}","templated":true}]}}