{"id":91398,"date":"2026-02-06T04:36:47","date_gmt":"2026-02-06T07:36:47","guid":{"rendered":"https:\/\/www.ecommerceupdate.org\/produto\/marketing-6-0-o-futuro-e-imersivo-eliminando-as-fronteiras-entre-os-mundos-fisico-e-digital\/"},"modified":"2026-05-13T09:57:51","modified_gmt":"2026-05-13T12:57:51","slug":"marketing-6-0-o-futuro-e-imersivo-eliminando-as-fronteiras-entre-os-mundos-fisico-e-digital","status":"publish","type":"product","link":"https:\/\/www.ecommerceupdate.com.br\/ba\/produto\/marketing-6-0-o-futuro-e-imersivo-eliminando-as-fronteiras-entre-os-mundos-fisico-e-digital\/","title":{"rendered":"Marketing 6.0: O futuro \u00e9 imersivo: Eliminando as fronteiras entre os mundos f\u00edsico e digital"},"content":{"rendered":"<div class=\"woocommerce-product-details\"><\/div>","protected":false},"excerpt":{"rendered":"<p>Descubra como transformar campanhas em experi\u00eancias verdadeiramente imersivas, eliminando as fronteiras entre os mundos f\u00edsico e digital para aumentar o engajamento, a participa\u00e7\u00e3o e a fideliza\u00e7\u00e3o do seu p\u00fablico. Por apenas R$ 43,14, o livro oferece estrat\u00e9gias pr\u00e1ticas para quem atua em Administra\u00e7\u00e3o, Neg\u00f3cios e Economia, Gest\u00e3o e Lideran\u00e7a. Leia para conhecer casos de uso, m\u00e9tricas de impacto e caminhos concretos para aplicar essa vis\u00e3o imersiva no seu neg\u00f3cio.<\/p>","protected":false},"featured_media":91398,"comment_status":"open","ping_status":"closed","template":"","meta":[],"product_cat":[1611,1621,1595],"product_tag":[2839,2840,2841],"class_list":{"0":"post-91398","1":"product","2":"type-product","3":"status-publish","4":"has-post-thumbnail","5":"product_brand-por-philip-kotler-autor-hermawan-kartajaya-autor-iwan-setiawan-autor-andr-fontenelle-tradutor-1-mais","6":"product_cat-administracao-negocios-e-economia","7":"product_cat-gestao-e-lideranca","8":"product_cat-livros","9":"product_tag-livro-marketing-6-0","10":"product_tag-marketing-imersivo-fisico-digital","11":"product_tag-transformacao-digital-para-lideres-empresariais","13":"first","14":"instock","15":"sale","16":"shipping-taxable","17":"purchasable","18":"product-type-simple"},"aioseo_notices":[],"_links":{"self":[{"href":"https:\/\/www.ecommerceupdate.com.br\/ba\/wp-json\/wp\/v2\/product\/91398","targetHints":{"allow":["GET"]}}],"collection":[{"href":"https:\/\/www.ecommerceupdate.com.br\/ba\/wp-json\/wp\/v2\/product"}],"about":[{"href":"https:\/\/www.ecommerceupdate.com.br\/ba\/wp-json\/wp\/v2\/types\/product"}],"replies":[{"embeddable":true,"href":"https:\/\/www.ecommerceupdate.com.br\/ba\/wp-json\/wp\/v2\/comments?post=91398"}],"wp:featuredmedia":[{"embeddable":true,"href":"https:\/\/www.ecommerceupdate.com.br\/ba\/wp-json\/wp\/v2\/product\/91398"}],"wp:attachment":[{"href":"https:\/\/www.ecommerceupdate.com.br\/ba\/wp-json\/wp\/v2\/media?parent=91398"}],"wp:term":[{"taxonomy":"product_cat","embeddable":true,"href":"https:\/\/www.ecommerceupdate.com.br\/ba\/wp-json\/wp\/v2\/product_cat?post=91398"},{"taxonomy":"product_tag","embeddable":true,"href":"https:\/\/www.ecommerceupdate.com.br\/ba\/wp-json\/wp\/v2\/product_tag?post=91398"}],"curies":[{"name":"wp","href":"https:\/\/api.w.org\/{rel}","templated":true}]}}