{"id":91548,"date":"2026-02-06T15:22:41","date_gmt":"2026-02-06T18:22:41","guid":{"rendered":"https:\/\/www.ecommerceupdate.org\/?post_type=product&#038;p=91548"},"modified":"2026-05-11T11:21:07","modified_gmt":"2026-05-11T14:21:07","slug":"mestre-do-mercado-livre-aprenda-como-vender-no-marketplace-lider-que-recebe-mais-de-240-milhoes-de-visitas-mensais","status":"publish","type":"product","link":"https:\/\/www.ecommerceupdate.com.br\/ba\/produto\/mestre-do-mercado-livre-aprenda-como-vender-no-marketplace-lider-que-recebe-mais-de-240-milhoes-de-visitas-mensais\/","title":{"rendered":"Mestre do Mercado Livre: Aprenda como vender no marketplace l\u00edder que recebe mais de 240 milh\u00f5es de visitas mensais"},"content":{"rendered":"<div class=\"woocommerce-product-details\">\n<h3>Detalhes do produto<\/h3>\n<ul>\n<li>ASIN : B0GCC5SXWD<\/li>\n<li>Acessibilidade : Saiba mais<\/li>\n<li>Data da publica\u00e7\u00e3o : 24 dezembro 2025<\/li>\n<li>Edi\u00e7\u00e3o : 1\u00aa<\/li>\n<li>Idioma : Portugu\u00eas<\/li>\n<li>Tamanho do arquivo : 290 KB<\/li>\n<li>Leitor de tela : Compat\u00edvel<\/li>\n<li>Configura\u00e7\u00e3o de fonte : Habilitado<\/li>\n<li>Dicas de vocabul\u00e1rio : N\u00e3o habilitado<\/li>\n<li>N\u00famero de p\u00e1ginas : 130 p\u00e1ginas<\/li>\n<li>Page Flip : Habilitado<\/li>\n<li>Ranking dos mais vendidos: N\u00ba 111.270 em Loja Kindle (Conhe\u00e7a o Top 100 na categoria Loja Kindle) N\u00ba 3.877 em Neg\u00f3cios e economia<\/li>\n<li>N\u00ba 3.877 em Neg\u00f3cios e economia<\/li>\n<\/ul><\/div>","protected":false},"excerpt":{"rendered":"<p>Aumente significativamente suas vendas no Mercado Livre ao transformar tr\u00e1fego qualificado em clientes com t\u00e9cnicas comprovadas de cria\u00e7\u00e3o de an\u00fancios, precifica\u00e7\u00e3o estrat\u00e9gica e atendimento eficiente. Formato: eBook Kindle; Autor: Elton Neto; pre\u00e7o: R$ 24,90. Este guia aproveita o alcance de um marketplace que recebe mais de 240 milh\u00f5es de visitas mensais para orientar passo a passo como vender com confian\u00e7a, otimizar listagens e maximizar convers\u00f5es.<\/p>","protected":false},"featured_media":91548,"comment_status":"open","ping_status":"closed","template":"","meta":[],"product_cat":[1611,1608,1607],"product_tag":[2823,2821,2822],"class_list":{"0":"post-91548","1":"product","2":"type-product","3":"status-publish","4":"has-post-thumbnail","5":"product_brand-por-elton-neto-autor-formato-ebook-kindle","6":"product_cat-administracao-negocios-e-economia","7":"product_cat-ebooks-kindle","8":"product_cat-loja-kindle","9":"product_tag-como-vender-no-mercado-livre-kindle-iniciantes","10":"product_tag-ebook-kindle-mercado-livre-vendas","11":"product_tag-guia-vendedor-mercado-livre-kindle","13":"first","14":"instock","15":"shipping-taxable","16":"purchasable","17":"product-type-simple"},"aioseo_notices":[],"_links":{"self":[{"href":"https:\/\/www.ecommerceupdate.com.br\/ba\/wp-json\/wp\/v2\/product\/91548","targetHints":{"allow":["GET"]}}],"collection":[{"href":"https:\/\/www.ecommerceupdate.com.br\/ba\/wp-json\/wp\/v2\/product"}],"about":[{"href":"https:\/\/www.ecommerceupdate.com.br\/ba\/wp-json\/wp\/v2\/types\/product"}],"replies":[{"embeddable":true,"href":"https:\/\/www.ecommerceupdate.com.br\/ba\/wp-json\/wp\/v2\/comments?post=91548"}],"wp:featuredmedia":[{"embeddable":true,"href":"https:\/\/www.ecommerceupdate.com.br\/ba\/wp-json\/wp\/v2\/product\/91548"}],"wp:attachment":[{"href":"https:\/\/www.ecommerceupdate.com.br\/ba\/wp-json\/wp\/v2\/media?parent=91548"}],"wp:term":[{"taxonomy":"product_cat","embeddable":true,"href":"https:\/\/www.ecommerceupdate.com.br\/ba\/wp-json\/wp\/v2\/product_cat?post=91548"},{"taxonomy":"product_tag","embeddable":true,"href":"https:\/\/www.ecommerceupdate.com.br\/ba\/wp-json\/wp\/v2\/product_tag?post=91548"}],"curies":[{"name":"wp","href":"https:\/\/api.w.org\/{rel}","templated":true}]}}