{"id":91676,"date":"2026-02-07T15:37:44","date_gmt":"2026-02-07T18:37:44","guid":{"rendered":"https:\/\/www.ecommerceupdate.org\/produto\/social-ecommerce-increasing-sales-and-extending-brand-reach-english-edition\/"},"modified":"2026-05-11T09:44:04","modified_gmt":"2026-05-11T12:44:04","slug":"social-ecommerce-increasing-sales-and-extending-brand-reach-english-edition","status":"publish","type":"product","link":"https:\/\/www.ecommerceupdate.com.br\/ba\/produto\/social-ecommerce-increasing-sales-and-extending-brand-reach-english-edition\/","title":{"rendered":"Social eCommerce: Increasing Sales and Extending Brand Reach (English Edition)"},"content":{"rendered":"<div class=\"woocommerce-product-details\">\n<h3>Detalhes do produto<\/h3>\n<ul>\n<li>ASIN : B00MC03B0W<\/li>\n<li>Editora : O&#039;Reilly Media<\/li>\n<li>Acessibilidade : Saiba mais<\/li>\n<li>Data da publica\u00e7\u00e3o : 1 agosto 2014<\/li>\n<li>Edi\u00e7\u00e3o : 1\u00aa<\/li>\n<li>Idioma : Ingl\u00eas<\/li>\n<li>Tamanho do arquivo : 9.9 MB<\/li>\n<li>Leitor de tela : Compat\u00edvel<\/li>\n<li>Configura\u00e7\u00e3o de fonte : Habilitado<\/li>\n<li>X-Ray : N\u00e3o habilitado<\/li>\n<li>Dicas de vocabul\u00e1rio : Habilitado<\/li>\n<li>N\u00famero de p\u00e1ginas : 444 p\u00e1ginas<\/li>\n<li>ISBN-13 : 978-1449366957<\/li>\n<li>Page Flip : Habilitado<\/li>\n<li>Avalia\u00e7\u00f5es dos clientes: 4,6 4,6 de 5 estrelas (26)<\/li>\n<\/ul><\/div>","protected":false},"excerpt":{"rendered":"<p>Aumente suas vendas e amplie o alcance da sua marca com estrat\u00e9gias de social e commerce que transformam engajamento em receita. Esta edi\u00e7\u00e3o inglesa, escrita por Stephan Spencer, Jimmy Harding e Jennifer Sheahan, est\u00e1 dispon\u00edvel em formato Kindle e pode ser adquirida por R$ 94,55. Leia para ver exemplos pr\u00e1ticos e t\u00e1ticas comprovadas que voc\u00ea pode aplicar para converter seguidores em clientes e ampliar sua presen\u00e7a digital.<\/p>","protected":false},"featured_media":91676,"comment_status":"open","ping_status":"closed","template":"","meta":[],"product_cat":[1608,1628,1607],"product_tag":[2736,2734,2735],"class_list":{"0":"post-91676","1":"product","2":"type-product","3":"status-publish","4":"has-post-thumbnail","5":"product_brand-edicao-ingls-por-stephan-spencer-autor-jimmy-harding-autor-jennifer-sheahan-autor-0-mais-formato-ebook-kindle","6":"product_cat-ebooks-kindle","7":"product_cat-ingles-e-outras-linguas","8":"product_cat-loja-kindle","9":"product_tag-brand-reach-through-social-media-marketing","10":"product_tag-kindle-ebook-social-commerce-strategy","11":"product_tag-social-selling-for-e-commerce-brands","13":"first","14":"instock","15":"sale","16":"shipping-taxable","17":"purchasable","18":"product-type-simple"},"aioseo_notices":[],"_links":{"self":[{"href":"https:\/\/www.ecommerceupdate.com.br\/ba\/wp-json\/wp\/v2\/product\/91676","targetHints":{"allow":["GET"]}}],"collection":[{"href":"https:\/\/www.ecommerceupdate.com.br\/ba\/wp-json\/wp\/v2\/product"}],"about":[{"href":"https:\/\/www.ecommerceupdate.com.br\/ba\/wp-json\/wp\/v2\/types\/product"}],"replies":[{"embeddable":true,"href":"https:\/\/www.ecommerceupdate.com.br\/ba\/wp-json\/wp\/v2\/comments?post=91676"}],"wp:featuredmedia":[{"embeddable":true,"href":"https:\/\/www.ecommerceupdate.com.br\/ba\/wp-json\/wp\/v2\/product\/91676"}],"wp:attachment":[{"href":"https:\/\/www.ecommerceupdate.com.br\/ba\/wp-json\/wp\/v2\/media?parent=91676"}],"wp:term":[{"taxonomy":"product_cat","embeddable":true,"href":"https:\/\/www.ecommerceupdate.com.br\/ba\/wp-json\/wp\/v2\/product_cat?post=91676"},{"taxonomy":"product_tag","embeddable":true,"href":"https:\/\/www.ecommerceupdate.com.br\/ba\/wp-json\/wp\/v2\/product_tag?post=91676"}],"curies":[{"name":"wp","href":"https:\/\/api.w.org\/{rel}","templated":true}]}}