{"id":93229,"date":"2026-03-01T09:32:53","date_gmt":"2026-03-01T12:32:53","guid":{"rendered":"https:\/\/www.ecommerceupdate.com.br\/produto\/empreendendo-no-e-commerce\/"},"modified":"2026-05-13T10:12:06","modified_gmt":"2026-05-13T13:12:06","slug":"empreendendo-no-e-commerce","status":"publish","type":"product","link":"https:\/\/www.ecommerceupdate.com.br\/ba\/produto\/empreendendo-no-e-commerce\/","title":{"rendered":"Empreendendo no E-commerce"},"content":{"rendered":"<div class=\"woocommerce-product-details\">\n<h3>Detalhes do produto<\/h3>\n<ul>\n<li>ASIN : B0F92B2HMQ<\/li>\n<li>Editora : Ariane Vianna<\/li>\n<li>Acessibilidade : Saiba mais<\/li>\n<li>Data da publica\u00e7\u00e3o : 17 maio 2025<\/li>\n<li>Idioma : Portugu\u00eas<\/li>\n<li>Tamanho do arquivo : 326 KB<\/li>\n<li>Leitor de tela : Compat\u00edvel<\/li>\n<li>Configura\u00e7\u00e3o de fonte : Habilitado<\/li>\n<li>Dicas de vocabul\u00e1rio : N\u00e3o habilitado<\/li>\n<li>N\u00famero de p\u00e1ginas : 44 p\u00e1ginas<\/li>\n<li>ISBN-13 : 978-6501462141<\/li>\n<li>Page Flip : Habilitado<\/li>\n<li>Idade de leitura : 12 &#8211; 18 anos<\/li>\n<li>Ranking dos mais vendidos: N\u00ba 208.904 em Loja Kindle (Conhe\u00e7a o Top 100 na categoria Loja Kindle) N\u00ba 28 em Dicion\u00e1rios padr\u00e3o do Kindle N\u00ba 113 em eBooks sobre Di\u00e1rios N\u00ba 568 em Ger\u00eancia do tempo<\/li>\n<li>N\u00ba 28 em Dicion\u00e1rios padr\u00e3o do Kindle<\/li>\n<li>N\u00ba 113 em eBooks sobre Di\u00e1rios<\/li>\n<li>N\u00ba 568 em Ger\u00eancia do tempo<\/li>\n<li>Avalia\u00e7\u00f5es dos clientes: 5,0 5,0 de 5 estrelas (11)<\/li>\n<\/ul><\/div>","protected":false},"excerpt":{"rendered":"<p>Desperte o potencial do seu neg\u00f3cio com um guia pr\u00e1tico que ensina a transformar ideias em uma loja de e-commerce rent\u00e1vel, com foco em estrat\u00e9gias de aquisi\u00e7\u00e3o, convers\u00e3o e gest\u00e3o eficiente. A obra, dispon\u00edvel em Kindle, tem pre\u00e7o de apenas R$ 25,99 e oferece passos concretos, checklists acion\u00e1veis e exemplos reais para aplicar j\u00e1 no seu empreendimento. Leia para descobrir como estruturar seu funil de vendas, otimizar an\u00fancios e escalar com t\u00e9cnicas testadas, at\u00e9 transformar visitantes em clientes fi\u00e9is.<\/p>","protected":false},"featured_media":93229,"comment_status":"open","ping_status":"closed","template":"","meta":[],"product_cat":[1627,1608,1607],"product_tag":[2692,2693,2694],"class_list":{"0":"post-93229","1":"product","2":"type-product","3":"status-publish","4":"has-post-thumbnail","5":"product_brand-por-ariane-vianna-autor-formato-ebook-kindle","6":"product_cat-autoajuda","7":"product_cat-ebooks-kindle","8":"product_cat-loja-kindle","9":"product_tag-e-book-empreendedorismo-em-e-commerce","10":"product_tag-guia-passo-a-passo-para-loja-online","11":"product_tag-taticas-para-aumentar-faturamento-em-e-commerce","13":"first","14":"instock","15":"shipping-taxable","16":"purchasable","17":"product-type-simple"},"aioseo_notices":[],"_links":{"self":[{"href":"https:\/\/www.ecommerceupdate.com.br\/ba\/wp-json\/wp\/v2\/product\/93229","targetHints":{"allow":["GET"]}}],"collection":[{"href":"https:\/\/www.ecommerceupdate.com.br\/ba\/wp-json\/wp\/v2\/product"}],"about":[{"href":"https:\/\/www.ecommerceupdate.com.br\/ba\/wp-json\/wp\/v2\/types\/product"}],"replies":[{"embeddable":true,"href":"https:\/\/www.ecommerceupdate.com.br\/ba\/wp-json\/wp\/v2\/comments?post=93229"}],"wp:featuredmedia":[{"embeddable":true,"href":"https:\/\/www.ecommerceupdate.com.br\/ba\/wp-json\/wp\/v2\/product\/93229"}],"wp:attachment":[{"href":"https:\/\/www.ecommerceupdate.com.br\/ba\/wp-json\/wp\/v2\/media?parent=93229"}],"wp:term":[{"taxonomy":"product_cat","embeddable":true,"href":"https:\/\/www.ecommerceupdate.com.br\/ba\/wp-json\/wp\/v2\/product_cat?post=93229"},{"taxonomy":"product_tag","embeddable":true,"href":"https:\/\/www.ecommerceupdate.com.br\/ba\/wp-json\/wp\/v2\/product_tag?post=93229"}],"curies":[{"name":"wp","href":"https:\/\/api.w.org\/{rel}","templated":true}]}}