{"id":93372,"date":"2026-03-03T23:00:48","date_gmt":"2026-03-04T02:00:48","guid":{"rendered":"https:\/\/www.ecommerceupdate.com.br\/produto\/marketplace-teoria-e-pratica-2\/"},"modified":"2026-05-13T10:12:42","modified_gmt":"2026-05-13T13:12:42","slug":"marketplace-teoria-e-pratica-2","status":"publish","type":"product","link":"https:\/\/www.ecommerceupdate.com.br\/ba\/produto\/marketplace-teoria-e-pratica-2\/","title":{"rendered":"Marketplace: Teoria e Pr\u00e1tica"},"content":{"rendered":"<div class=\"woocommerce-product-details\"><\/div>","protected":false},"excerpt":{"rendered":"<p>Ganhe efici\u00eancia na gest\u00e3o ao transformar teoria em pr\u00e1ticas concretas que voc\u00ea pode aplicar imediatamente no dia a dia empresarial. Escrito por Alexandre Villar, este livro em formato eBook Kindle integra teoria e pr\u00e1tica em Administra\u00e7\u00e3o, Neg\u00f3cios e Economia, com exemplos reais da ind\u00fastria e exerc\u00edcios operacionais. Dispon\u00edvel por apenas R$ 9,99.<\/p>","protected":false},"featured_media":93372,"comment_status":"open","ping_status":"closed","template":"","meta":[],"product_cat":[1611,1613,1595],"product_tag":[2681,2680,2682],"class_list":{"0":"post-93372","1":"product","2":"type-product","3":"status-publish","4":"has-post-thumbnail","5":"product_brand-por-alexandre-villar-autor-formato-ebook-kindle","6":"product_cat-administracao-negocios-e-economia","7":"product_cat-industrias-e-profissoes","8":"product_cat-livros","9":"product_tag-alexandre-villar-teoria-e-pratica-livro-gestao","10":"product_tag-ebook-kindle-teoria-e-pratica-administracao","11":"product_tag-gestao-empresarial-estudos-de-caso-teoria-e-pratica","13":"first","14":"instock","15":"shipping-taxable","16":"purchasable","17":"product-type-simple"},"aioseo_notices":[],"_links":{"self":[{"href":"https:\/\/www.ecommerceupdate.com.br\/ba\/wp-json\/wp\/v2\/product\/93372","targetHints":{"allow":["GET"]}}],"collection":[{"href":"https:\/\/www.ecommerceupdate.com.br\/ba\/wp-json\/wp\/v2\/product"}],"about":[{"href":"https:\/\/www.ecommerceupdate.com.br\/ba\/wp-json\/wp\/v2\/types\/product"}],"replies":[{"embeddable":true,"href":"https:\/\/www.ecommerceupdate.com.br\/ba\/wp-json\/wp\/v2\/comments?post=93372"}],"wp:featuredmedia":[{"embeddable":true,"href":"https:\/\/www.ecommerceupdate.com.br\/ba\/wp-json\/wp\/v2\/product\/93372"}],"wp:attachment":[{"href":"https:\/\/www.ecommerceupdate.com.br\/ba\/wp-json\/wp\/v2\/media?parent=93372"}],"wp:term":[{"taxonomy":"product_cat","embeddable":true,"href":"https:\/\/www.ecommerceupdate.com.br\/ba\/wp-json\/wp\/v2\/product_cat?post=93372"},{"taxonomy":"product_tag","embeddable":true,"href":"https:\/\/www.ecommerceupdate.com.br\/ba\/wp-json\/wp\/v2\/product_tag?post=93372"}],"curies":[{"name":"wp","href":"https:\/\/api.w.org\/{rel}","templated":true}]}}