{"id":93392,"date":"2026-03-04T00:26:49","date_gmt":"2026-03-04T03:26:49","guid":{"rendered":"https:\/\/www.ecommerceupdate.com.br\/produto\/e-commerce-2023-2024-business-technology-society-global-edition\/"},"modified":"2026-05-09T11:45:43","modified_gmt":"2026-05-09T14:45:43","slug":"e-commerce-2023-2024-business-technology-society-global-edition","status":"publish","type":"product","link":"https:\/\/www.ecommerceupdate.com.br\/ba\/produto\/e-commerce-2023-2024-business-technology-society-global-edition\/","title":{"rendered":"E-commerce 2023\u20132024: business. technology. society., Global Edition"},"content":{"rendered":"<div class=\"woocommerce-product-details\"><\/div>","protected":false},"excerpt":{"rendered":"<p>Domine as tend\u00eancias do com\u00e9rcio eletr\u00f4nico com uma vis\u00e3o integrada de neg\u00f3cios, tecnologia e sociedade que orienta decis\u00f5es estrat\u00e9gicas para 2023\u20132024. Esta edi\u00e7\u00e3o global em ingl\u00eas, de Carol Traver e Kenneth Laudon, entrega an\u00e1lises atuais, estudos de caso e dados cruciais para gestores que buscam aliar pr\u00e1tica e teoria. Com pre\u00e7o de R$ 321,68, este livro o convida a ler mais para ampliar sua compreens\u00e3o e transformar iniciativas de e-commerce.<\/p>","protected":false},"featured_media":93392,"comment_status":"open","ping_status":"closed","template":"","meta":[],"product_cat":[1611,1595,1610],"product_tag":[2673,2671,2672],"class_list":{"0":"post-93392","1":"product","2":"type-product","3":"status-publish","4":"has-post-thumbnail","5":"product_brand-edicao-ingls-por-carol-traver-autor-kenneth-laudon-autor","6":"product_cat-administracao-negocios-e-economia","7":"product_cat-livros","8":"product_cat-livros-internacionais","9":"product_tag-e-commerce-course-book-for-business-students","10":"product_tag-e-commerce-textbook-global-edition","11":"product_tag-laudon-traver-e-commerce-2023-2024-global-edition","13":"first","14":"instock","15":"shipping-taxable","16":"purchasable","17":"product-type-simple"},"aioseo_notices":[],"_links":{"self":[{"href":"https:\/\/www.ecommerceupdate.com.br\/ba\/wp-json\/wp\/v2\/product\/93392","targetHints":{"allow":["GET"]}}],"collection":[{"href":"https:\/\/www.ecommerceupdate.com.br\/ba\/wp-json\/wp\/v2\/product"}],"about":[{"href":"https:\/\/www.ecommerceupdate.com.br\/ba\/wp-json\/wp\/v2\/types\/product"}],"replies":[{"embeddable":true,"href":"https:\/\/www.ecommerceupdate.com.br\/ba\/wp-json\/wp\/v2\/comments?post=93392"}],"wp:featuredmedia":[{"embeddable":true,"href":"https:\/\/www.ecommerceupdate.com.br\/ba\/wp-json\/wp\/v2\/product\/93392"}],"wp:attachment":[{"href":"https:\/\/www.ecommerceupdate.com.br\/ba\/wp-json\/wp\/v2\/media?parent=93392"}],"wp:term":[{"taxonomy":"product_cat","embeddable":true,"href":"https:\/\/www.ecommerceupdate.com.br\/ba\/wp-json\/wp\/v2\/product_cat?post=93392"},{"taxonomy":"product_tag","embeddable":true,"href":"https:\/\/www.ecommerceupdate.com.br\/ba\/wp-json\/wp\/v2\/product_tag?post=93392"}],"curies":[{"name":"wp","href":"https:\/\/api.w.org\/{rel}","templated":true}]}}