{"id":93626,"date":"2026-03-05T10:47:42","date_gmt":"2026-03-05T13:47:42","guid":{"rendered":"https:\/\/www.ecommerceupdate.com.br\/produto\/chat-commerce-escale-seus-resultados-transformando-conversas-em-vendas-2\/"},"modified":"2026-05-09T12:05:52","modified_gmt":"2026-05-09T15:05:52","slug":"chat-commerce-escale-seus-resultados-transformando-conversas-em-vendas-2","status":"publish","type":"product","link":"https:\/\/www.ecommerceupdate.com.br\/ba\/produto\/chat-commerce-escale-seus-resultados-transformando-conversas-em-vendas-2\/","title":{"rendered":"Chat commerce: escale seus resultados transformando conversas em vendas"},"content":{"rendered":"<div class=\"woocommerce-product-details\">\n<div id=\"aplus_feature_div\" class=\"celwidget\" data-feature-name=\"aplus\" data-csa-c-type=\"widget\" data-csa-c-content-id=\"aplus\" data-csa-c-slot-id=\"aplus_feature_div\" data-csa-c-asin=\"\" data-csa-c-is-in-initial-active-row=\"false\">\n<div id=\"aplus\" class=\"a-section a-spacing-large bucket\">\n<h3 class=\"\">Da editora<\/h3>\n<div lang=\"pt_BR\">\n<div class=\"aplus-v2 desktop celwidget\">\n<div class=\"aplus-content-wrapper\">\n<div class=\"celwidget aplus-module 3p-module-b aplus-standard\">\n<div class=\"aplus-module-wrapper aplus-3p-fixed-width\"> <img decoding=\"async\" alt=\"Chat commerce\" src=\"https:\/\/m.media-amazon.com\/images\/S\/aplus-media-library-service-media\/d3d278d5-8445-4a61-ac56-2b25195491b3.__CR0,0,970,600_PT0_SX970_V1___.jpg\" \/> <\/div>\n<\/p>\n<\/div>\n<div class=\"celwidget aplus-module module-12 aplus-standard\">\n<div class=\"aplus-module-wrapper apm-spacing apm-floatnone apm-fixed-width\">\n<div class=\"apm-sidemodule aplus-module-content\">\n<div class=\"apm-hero-image\"> <img decoding=\"async\" alt=\"Chat commerce\" src=\"https:\/\/m.media-amazon.com\/images\/S\/aplus-media-library-service-media\/3855f953-7d5d-4dcf-83ca-9d0648be4209.__CR0,0,970,300_PT0_SX970_V1___.jpg\" \/> <\/div>\n<\/p>\n<\/div>\n<\/div>\n<\/div>\n<div class=\"celwidget aplus-module module-12 aplus-standard\">\n<div class=\"aplus-module-wrapper apm-spacing apm-floatnone apm-fixed-width\">\n<div class=\"apm-sidemodule aplus-module-content\">\n<div class=\"apm-hero-image\"> <img decoding=\"async\" alt=\"Chat commerce\" src=\"https:\/\/m.media-amazon.com\/images\/S\/aplus-media-library-service-media\/96e162c3-c073-4e76-ab93-2411af3999ea.__CR0,0,970,300_PT0_SX970_V1___.jpg\" \/> <\/div>\n<\/p>\n<\/div>\n<\/div>\n<\/div>\n<div class=\"celwidget aplus-module module-12 aplus-standard\">\n<div class=\"aplus-module-wrapper apm-spacing apm-floatnone apm-fixed-width\">\n<div class=\"apm-sidemodule aplus-module-content\">\n<div class=\"apm-hero-image\"> <img decoding=\"async\" alt=\"Chat commerce\" src=\"https:\/\/m.media-amazon.com\/images\/S\/aplus-media-library-service-media\/b99f3a1e-92a8-4d02-ab81-406f7ecd06d0.__CR0,0,970,300_PT0_SX970_V1___.jpg\" \/> <\/div>\n<\/p>\n<\/div>\n<\/div>\n<\/div>\n<\/div>\n<\/div>\n<\/div>\n<\/div>\n<\/div>\n<h3>Detalhes do produto<\/h3>\n<ul>\n<li>ASIN : B0FZDDLBKG<\/li>\n<li>Editora : Alta Books<\/li>\n<li>Acessibilidade : Saiba mais<\/li>\n<li>Data da publica\u00e7\u00e3o : 15 dezembro 2025<\/li>\n<li>Edi\u00e7\u00e3o : 1\u00aa<\/li>\n<li>Idioma : Portugu\u00eas<\/li>\n<li>Tamanho do arquivo : 3.5 MB<\/li>\n<li>Leitor de tela : Compat\u00edvel<\/li>\n<li>Configura\u00e7\u00e3o de fonte : Habilitado<\/li>\n<li>Dicas de vocabul\u00e1rio : N\u00e3o habilitado<\/li>\n<li>N\u00famero de p\u00e1ginas : 232 p\u00e1ginas<\/li>\n<li>ISBN-13 : 978-8550828862<\/li>\n<li>Page Flip : Habilitado<\/li>\n<li>Ranking dos mais vendidos: N\u00ba 505.676 em Loja Kindle (Conhe\u00e7a o Top 100 na categoria Loja Kindle) N\u00ba 18 em Microsoft N\u00ba 167 em Software em Inform\u00e1tica e Tecnologia N\u00ba 185 em Cultura do Centro de Trabalho<\/li>\n<li>N\u00ba 18 em Microsoft<\/li>\n<li>N\u00ba 167 em Software em Inform\u00e1tica e Tecnologia<\/li>\n<li>N\u00ba 185 em Cultura do Centro de Trabalho<\/li>\n<\/ul><\/div>","protected":false},"excerpt":{"rendered":"<p>A venda online entra numa nova era, que nasce na conversa.  <\/p>\n<p>Voc\u00ea se lembra do brilho nos olhos de um bom vendedor? Aquele que n\u00e3o empurra qualquer coisa, mas que sabe que a venda, no fundo, \u00e9 um ato de confian\u00e7a.  <br \/>Essa alma nunca morreu, ela apenas mudou de formato ao longo do tempo.  <br \/>A verdade \u00e9 que o varejo sempre foi feito de conversas. A diferen\u00e7a \u00e9 que agora a tecnologia devolveu \u00e0s marcas a chance de ouvir e responder em escala, com proximidade, intelig\u00eancia e, acima de tudo, na velocidade que os consumidores querem.  <br \/>No digital, de forma particular, essa transforma\u00e7\u00e3o tem sido cada vez mais veloz.  <br \/>Em Chat Commerce, o primeiro livro brasileiro sobre o tema, Tiago Vailati, um empreendedor que respira varejo h\u00e1 muitos anos, desde o ch\u00e3o da loja at\u00e9 a alta tecnologia, revela o segredo para dominar essa nova realidade.  <br \/>Este livro nasceu para ser um guia para quem busca entender a l\u00f3gica do Chat  <br \/>Commerce e coloc\u00e1-la em pr\u00e1tica no seu neg\u00f3cio. Descubra aqui:  <\/p>\n<p>Por que as novas gera\u00e7\u00f5es, que j\u00e1 s\u00e3o a maioria dos consumidores, preferem o di\u00e1logo na hora de comprar.  <br \/>Como o M\u00e9todo CHAT pode transformar seu atendimento em um motor de receita, combinando Contexto, Humaniza\u00e7\u00e3o, Ativa\u00e7\u00e3o e Tecnologia.  <br \/>O que as marcas de sucesso est\u00e3o fazendo para se conectar e vender mais, deixando a concorr\u00eancia para tr\u00e1s.  <br \/>Prepare-se para transformar cada conversa em uma oportunidade real de venda, e cada intera\u00e7\u00e3o em uma nova forma de se conectar com o seu cliente. Porque, no final do dia, as marcas que entenderem isso primeiro n\u00e3o s\u00f3 vender\u00e3o mais, mas mudar\u00e3o o jogo.<\/p>","protected":false},"featured_media":93626,"comment_status":"open","ping_status":"closed","template":"","meta":[],"product_cat":[1611,1621,1595],"product_tag":[],"class_list":{"0":"post-93626","1":"product","2":"type-product","3":"status-publish","4":"has-post-thumbnail","5":"product_brand-por-tiago-vailati-autor-formato-ebook-kindle","6":"product_cat-administracao-negocios-e-economia","7":"product_cat-gestao-e-lideranca","8":"product_cat-livros","10":"first","11":"instock","12":"sale","13":"shipping-taxable","14":"purchasable","15":"product-type-simple"},"aioseo_notices":[],"_links":{"self":[{"href":"https:\/\/www.ecommerceupdate.com.br\/ba\/wp-json\/wp\/v2\/product\/93626","targetHints":{"allow":["GET"]}}],"collection":[{"href":"https:\/\/www.ecommerceupdate.com.br\/ba\/wp-json\/wp\/v2\/product"}],"about":[{"href":"https:\/\/www.ecommerceupdate.com.br\/ba\/wp-json\/wp\/v2\/types\/product"}],"replies":[{"embeddable":true,"href":"https:\/\/www.ecommerceupdate.com.br\/ba\/wp-json\/wp\/v2\/comments?post=93626"}],"wp:featuredmedia":[{"embeddable":true,"href":"https:\/\/www.ecommerceupdate.com.br\/ba\/wp-json\/wp\/v2\/product\/93626"}],"wp:attachment":[{"href":"https:\/\/www.ecommerceupdate.com.br\/ba\/wp-json\/wp\/v2\/media?parent=93626"}],"wp:term":[{"taxonomy":"product_cat","embeddable":true,"href":"https:\/\/www.ecommerceupdate.com.br\/ba\/wp-json\/wp\/v2\/product_cat?post=93626"},{"taxonomy":"product_tag","embeddable":true,"href":"https:\/\/www.ecommerceupdate.com.br\/ba\/wp-json\/wp\/v2\/product_tag?post=93626"}],"curies":[{"name":"wp","href":"https:\/\/api.w.org\/{rel}","templated":true}]}}