{"id":94137,"date":"2026-03-08T21:06:12","date_gmt":"2026-03-09T00:06:12","guid":{"rendered":"https:\/\/www.ecommerceupdate.com.br\/produto\/aspectos-juridicos-do-e-commerce-2o-edicao-capa-comum-1-julho-2022\/"},"modified":"2026-05-03T12:42:13","modified_gmt":"2026-05-03T15:42:13","slug":"aspectos-juridicos-do-e-commerce-2o-edicao-capa-comum-1-julho-2022","status":"publish","type":"product","link":"https:\/\/www.ecommerceupdate.com.br\/ba\/produto\/aspectos-juridicos-do-e-commerce-2o-edicao-capa-comum-1-julho-2022\/","title":{"rendered":"Aspectos Jur\u00eddicos do E-commerce 2\u00ba edi\u00e7\u00e3o Capa comum \u2013 1 julho 2022"},"content":{"rendered":"<p>[amz_corss_sell asin=&#8221;6556147443&#8243;]<\/p>\n","protected":false},"excerpt":{"rendered":"<p>Proteja seu neg\u00f3cio online com embasamento jur\u00eddico s\u00f3lido para conduzir opera\u00e7\u00f5es de e-commerce com seguran\u00e7a e conformidade. A 2\u00aa edi\u00e7\u00e3o, em capa comum, da obra de N\u00e1dia Andreotti T\u00fcchumantel Hackerott, atualiza temas cruciais para contratos com consumidores e pol\u00edticas de privacidade. Por apenas R$16,00, descubra caminhos para conformidade, riscos jur\u00eddicos e melhores pr\u00e1ticas \u2014 leia para explorar como aplicar o conte\u00fado na sua loja.<\/p>","protected":false},"featured_media":0,"comment_status":"open","ping_status":"closed","template":"","meta":[],"product_cat":[1609,1595],"product_tag":[2585,2586,2335],"class_list":{"0":"post-94137","1":"product","2":"type-product","3":"status-publish","4":"product_cat-direito","5":"product_cat-livros","6":"product_tag-aspectos-juridicos-do-e-commerce","7":"product_tag-guia-juridico-para-lojistas-online","8":"product_tag-livro-direito-e-commerce-2a-edicao","9":"pa_autor-nadia-andreotti-tuchumantel-hackerott","11":"first","12":"instock","13":"sale","14":"shipping-taxable","15":"purchasable","16":"product-type-simple"},"aioseo_notices":[],"_links":{"self":[{"href":"https:\/\/www.ecommerceupdate.com.br\/ba\/wp-json\/wp\/v2\/product\/94137","targetHints":{"allow":["GET"]}}],"collection":[{"href":"https:\/\/www.ecommerceupdate.com.br\/ba\/wp-json\/wp\/v2\/product"}],"about":[{"href":"https:\/\/www.ecommerceupdate.com.br\/ba\/wp-json\/wp\/v2\/types\/product"}],"replies":[{"embeddable":true,"href":"https:\/\/www.ecommerceupdate.com.br\/ba\/wp-json\/wp\/v2\/comments?post=94137"}],"wp:attachment":[{"href":"https:\/\/www.ecommerceupdate.com.br\/ba\/wp-json\/wp\/v2\/media?parent=94137"}],"wp:term":[{"taxonomy":"product_cat","embeddable":true,"href":"https:\/\/www.ecommerceupdate.com.br\/ba\/wp-json\/wp\/v2\/product_cat?post=94137"},{"taxonomy":"product_tag","embeddable":true,"href":"https:\/\/www.ecommerceupdate.com.br\/ba\/wp-json\/wp\/v2\/product_tag?post=94137"}],"curies":[{"name":"wp","href":"https:\/\/api.w.org\/{rel}","templated":true}]}}