{"id":94286,"date":"2026-03-11T13:14:12","date_gmt":"2026-03-11T16:14:12","guid":{"rendered":"https:\/\/www.ecommerceupdate.com.br\/produto\/midias-sociais-nas-empresas\/"},"modified":"2026-05-13T10:57:49","modified_gmt":"2026-05-13T13:57:49","slug":"midias-sociais-nas-empresas","status":"publish","type":"product","link":"https:\/\/www.ecommerceupdate.com.br\/ba\/produto\/midias-sociais-nas-empresas\/","title":{"rendered":"M\u00eddias sociais nas empresas"},"content":{"rendered":"<div class=\"woocommerce-product-details\">\n<h3>Detalhes do produto<\/h3>\n<ul>\n<li>Editora : Editora \u00c9vora<\/li>\n<li>Data da publica\u00e7\u00e3o : 14 dezembro 2010<\/li>\n<li>Edi\u00e7\u00e3o : 1\u00aa<\/li>\n<li>Idioma : Portugu\u00eas<\/li>\n<li>N\u00famero de p\u00e1ginas : 232 p\u00e1ginas<\/li>\n<li>ISBN-10 : 8563993097<\/li>\n<li>ISBN-13 : 978-8563993090<\/li>\n<li>Peso do produto : 340 g<\/li>\n<li>Idade de leitura : 18 anos e acima<\/li>\n<li>Dimens\u00f5es : 22.6 x 15.4 x 1 cm<\/li>\n<li>Ranking dos mais vendidos: N\u00ba 351.822 em Livros (Conhe\u00e7a o Top 100 na categoria Livros) N\u00ba 1.232 em Marketing<\/li>\n<li>N\u00ba 1.232 em Marketing<\/li>\n<li>Avalia\u00e7\u00f5es dos clientes: 3,3 3,3 de 5 estrelas (5)<\/li>\n<\/ul><\/div>","protected":false},"excerpt":{"rendered":"<p>Aumente o impacto das suas estrat\u00e9gias de neg\u00f3cios com um guia de m\u00eddias sociais que transforma esfor\u00e7os em resultados concretos. Esta edi\u00e7\u00e3o em Portugu\u00eas, de Arthur L. Jue, Jackie Alcalde Marr e Mary Ellen Kassotakis, oferece insights pr\u00e1ticos de Administra\u00e7\u00e3o, Neg\u00f3cios, Economia, Marketing e Vendas com exemplos aplic\u00e1veis, por apenas R$ 22,78. Continue lendo para descobrir t\u00e9cnicas, estudos de caso e passos de a\u00e7\u00e3o para aplicar j\u00e1.<\/p>","protected":false},"featured_media":94286,"comment_status":"open","ping_status":"closed","template":"","meta":[],"product_cat":[1611,1595,1618],"product_tag":[2531,2532,2530],"class_list":{"0":"post-94286","1":"product","2":"type-product","3":"status-publish","4":"has-post-thumbnail","5":"product_brand-edicao-portugus-por-arthur-l-jue-autor-jackie-alcalde-marr-autor-mary-ellen-kassotakis-autor-0-mais","6":"product_cat-administracao-negocios-e-economia","7":"product_cat-livros","8":"product_cat-marketing-e-vendas","9":"product_tag-estrategias-de-social-media-corporativo","10":"product_tag-gestao-de-redes-sociais-para-empresas","11":"product_tag-livro-midias-sociais-para-empresas","13":"first","14":"instock","15":"sale","16":"shipping-taxable","17":"purchasable","18":"product-type-simple"},"aioseo_notices":[],"_links":{"self":[{"href":"https:\/\/www.ecommerceupdate.com.br\/ba\/wp-json\/wp\/v2\/product\/94286","targetHints":{"allow":["GET"]}}],"collection":[{"href":"https:\/\/www.ecommerceupdate.com.br\/ba\/wp-json\/wp\/v2\/product"}],"about":[{"href":"https:\/\/www.ecommerceupdate.com.br\/ba\/wp-json\/wp\/v2\/types\/product"}],"replies":[{"embeddable":true,"href":"https:\/\/www.ecommerceupdate.com.br\/ba\/wp-json\/wp\/v2\/comments?post=94286"}],"wp:featuredmedia":[{"embeddable":true,"href":"https:\/\/www.ecommerceupdate.com.br\/ba\/wp-json\/wp\/v2\/product\/94286"}],"wp:attachment":[{"href":"https:\/\/www.ecommerceupdate.com.br\/ba\/wp-json\/wp\/v2\/media?parent=94286"}],"wp:term":[{"taxonomy":"product_cat","embeddable":true,"href":"https:\/\/www.ecommerceupdate.com.br\/ba\/wp-json\/wp\/v2\/product_cat?post=94286"},{"taxonomy":"product_tag","embeddable":true,"href":"https:\/\/www.ecommerceupdate.com.br\/ba\/wp-json\/wp\/v2\/product_tag?post=94286"}],"curies":[{"name":"wp","href":"https:\/\/api.w.org\/{rel}","templated":true}]}}