{"id":94370,"date":"2026-03-12T13:44:49","date_gmt":"2026-03-12T16:44:49","guid":{"rendered":"https:\/\/www.ecommerceupdate.com.br\/produto\/logistica-e-commercio-elettronico-logistica-di-distribuzione-e-performance-nelle-aziende-di-e-commerce-il-caso-di-jumia-senegal\/"},"modified":"2026-05-03T12:14:45","modified_gmt":"2026-05-03T15:14:45","slug":"logistica-e-commercio-elettronico-logistica-di-distribuzione-e-performance-nelle-aziende-di-e-commerce-il-caso-di-jumia-senegal","status":"publish","type":"product","link":"https:\/\/www.ecommerceupdate.com.br\/ba\/produto\/logistica-e-commercio-elettronico-logistica-di-distribuzione-e-performance-nelle-aziende-di-e-commerce-il-caso-di-jumia-senegal\/","title":{"rendered":"Logistica e commercio elettronico: Logistica di distribuzione e performance nelle aziende di e-commerce: il caso di Jumia Senegal"},"content":{"rendered":"<div class=\"woocommerce-product-details\">\n<h3>Detalhes do produto<\/h3>\n<ul>\n<li>Editora : Edizioni Sapienza<\/li>\n<li>Data da publica\u00e7\u00e3o : 7 dezembro 2022<\/li>\n<li>Idioma : Italiano<\/li>\n<li>N\u00famero de p\u00e1ginas : 96 p\u00e1ginas<\/li>\n<li>ISBN-10 : 6205428202<\/li>\n<li>ISBN-13 : 978-6205428207<\/li>\n<li>Dimens\u00f5es : 15 x 0.56 x 22 cm<\/li>\n<\/ul><\/div>","protected":false},"excerpt":{"rendered":"<p>Melhore a gest\u00e3o da distribui\u00e7\u00e3o e o desempenho das opera\u00e7\u00f5es de e-commerce, com estrat\u00e9gias pr\u00e1ticas que reduzem custos, aceleram entregas e elevam a satisfa\u00e7\u00e3o do cliente. O livro desdobra um estudo de caso real sobre Jumia Senegal, oferecendo insights acion\u00e1veis para otimizar cadeias log\u00edsticas e m\u00e9tricas de performance. \u00c9 uma edi\u00e7\u00e3o italiana de Franck Chabi Biaou (Autor) e est\u00e1 dispon\u00edvel por R$ 346,31.<\/p>","protected":false},"featured_media":0,"comment_status":"open","ping_status":"closed","template":"","meta":[],"product_cat":[1595,1610],"product_tag":[2475,2473,2474],"class_list":{"0":"post-94370","1":"product","2":"type-product","3":"status-publish","4":"product_brand-edicao-italiano-por-franck-chabi-biaou-autor","5":"product_cat-livros","6":"product_cat-livros-internacionais","7":"product_tag-caso-studio-jumia-senegal-libro-italiano","8":"product_tag-libro-logistica-e-commerce-studio-di-caso-jumia-senegal","9":"product_tag-logistica-di-distribuzione-prestazioni-aziende-e-commerce","11":"first","12":"instock","13":"shipping-taxable","14":"purchasable","15":"product-type-simple"},"aioseo_notices":[],"_links":{"self":[{"href":"https:\/\/www.ecommerceupdate.com.br\/ba\/wp-json\/wp\/v2\/product\/94370","targetHints":{"allow":["GET"]}}],"collection":[{"href":"https:\/\/www.ecommerceupdate.com.br\/ba\/wp-json\/wp\/v2\/product"}],"about":[{"href":"https:\/\/www.ecommerceupdate.com.br\/ba\/wp-json\/wp\/v2\/types\/product"}],"replies":[{"embeddable":true,"href":"https:\/\/www.ecommerceupdate.com.br\/ba\/wp-json\/wp\/v2\/comments?post=94370"}],"wp:attachment":[{"href":"https:\/\/www.ecommerceupdate.com.br\/ba\/wp-json\/wp\/v2\/media?parent=94370"}],"wp:term":[{"taxonomy":"product_cat","embeddable":true,"href":"https:\/\/www.ecommerceupdate.com.br\/ba\/wp-json\/wp\/v2\/product_cat?post=94370"},{"taxonomy":"product_tag","embeddable":true,"href":"https:\/\/www.ecommerceupdate.com.br\/ba\/wp-json\/wp\/v2\/product_tag?post=94370"}],"curies":[{"name":"wp","href":"https:\/\/api.w.org\/{rel}","templated":true}]}}