{"id":94409,"date":"2026-03-13T08:59:30","date_gmt":"2026-03-13T11:59:30","guid":{"rendered":"https:\/\/www.ecommerceupdate.com.br\/produto\/capa-caneta-novo-kindle-11a-geracao-2024-e-2022-rs23cv-e-c2v2l3-rigida-com-alca-sistema-de-hibernacao-fechamento-magnetico-6-polegadas\/"},"modified":"2026-05-03T12:10:27","modified_gmt":"2026-05-03T15:10:27","slug":"capa-caneta-novo-kindle-11a-geracao-2024-e-2022-rs23cv-e-c2v2l3-rigida-com-alca-sistema-de-hibernacao-fechamento-magnetico-6-polegadas","status":"publish","type":"product","link":"https:\/\/www.ecommerceupdate.com.br\/ba\/produto\/capa-caneta-novo-kindle-11a-geracao-2024-e-2022-rs23cv-e-c2v2l3-rigida-com-alca-sistema-de-hibernacao-fechamento-magnetico-6-polegadas\/","title":{"rendered":"Capa + Caneta Novo Kindle 11\u00aa Gera\u00e7\u00e3o 2024 e 2022 (RS23CV e C2V2L3) &#8211; R\u00edgida Com Al\u00e7a &#8211; Sistema de Hiberna\u00e7\u00e3o &#8211; Fechamento Magn\u00e9tico 6 Polegadas"},"content":{"rendered":"<div class=\"woocommerce-product-details\">\n<div id=\"aplus_feature_div\" class=\"celwidget pd_rd_w-CFoyL pd_rd_r-CCST82ZPZA1YHJ4SD6HA pd_rd_wg-jYdab\" data-feature-name=\"aplus\" data-csa-c-type=\"widget\" data-csa-c-content-id=\"aplus\" data-csa-c-slot-id=\"aplus_feature_div\" data-csa-c-asin=\"\" data-csa-c-is-in-initial-active-row=\"false\">\n<div id=\"aplus\" class=\"a-section a-spacing-large bucket\">\n<h3 class=\"\">Descri\u00e7\u00e3o do produto<\/h3>\n<div lang=\"pt_BR\">\n<div class=\"aplus-v2 desktop celwidget\">\n<div class=\"celwidget aplus-module 3p-module-b aplus-standard\">\n<div class=\"aplus-module-wrapper aplus-3p-fixed-width\"> <img decoding=\"async\" alt=\"Capa Youtek\" src=\"https:\/\/m.media-amazon.com\/images\/S\/aplus-media-library-service-media\/5416227b-c466-4955-b736-e21e286c184b.__CR224,0,1022,632_PT0_SX970_V1___.jpg\" \/> <\/div>\n<\/p>\n<\/div>\n<div class=\"celwidget aplus-module module-4 aplus-standard\">\n<div class=\"aplus-module-wrapper apm-fixed-width apm-spacing\">\n<div class=\"apm-flex\">\n<div class=\"apm-flex-item-fourth-width\">\n<p class=\"apm-text-center\"> <img decoding=\"async\" alt=\"Ventila\u00e7\u00e3o\" src=\"https:\/\/m.media-amazon.com\/images\/S\/aplus-media-library-service-media\/355e0c95-df0e-4077-824d-f99a63ec3ea0.__CR1,0,228,228_PT0_SX220_V1___.jpg\" \/> <\/p>\n<h4 class=\"a-spacing-mini\"> Melhor Ventila\u00e7\u00e3o <\/h4>\n<\/p>\n<\/div>\n<div class=\"apm-flex-item-fourth-width\">\n<p class=\"apm-text-center\"> <img decoding=\"async\" alt=\"Capa Kindle Carregador\" src=\"https:\/\/m.media-amazon.com\/images\/S\/aplus-media-library-service-media\/9bdcc5b6-783d-4628-be73-19cb877160d7.__CR0,0,226,226_PT0_SX220_V1___.jpg\" \/> <\/p>\n<h4 class=\"a-spacing-mini\"> Encaixes Precisos <\/h4>\n<\/p>\n<\/div>\n<div class=\"apm-flex-item-fourth-width\">\n<p class=\"apm-text-center\"> <img decoding=\"async\" alt=\"Prote\u00e7\u00e3o\" src=\"https:\/\/m.media-amazon.com\/images\/S\/aplus-media-library-service-media\/7ab8981e-427f-447c-a4d5-130b6160574c.__CR96,0,809,809_PT0_SX220_V1___.jpg\" \/> <\/p>\n<h4 class=\"a-spacing-mini\"> Prote\u00e7\u00e3o Contra Quedas <\/h4>\n<\/p>\n<\/div>\n<div class=\"apm-flex-item-fourth-width\">\n<p class=\"apm-text-center\"> <img decoding=\"async\" alt=\"Material Capa Kindle\" src=\"https:\/\/m.media-amazon.com\/images\/S\/aplus-media-library-service-media\/d57e06df-abab-4bd8-9437-f9093d0886b6.__CR0,0,1000,1000_PT0_SX220_V1___.jpg\" \/> <\/p>\n<h4 class=\"a-spacing-mini\"> Material Agrad\u00e1vel ao Toque <\/h4>\n<\/p>\n<\/div>\n<\/div>\n<\/div>\n<\/div>\n<div class=\"celwidget aplus-module 3p-module-b aplus-standard\">\n<div class=\"aplus-module-wrapper aplus-3p-fixed-width\"> <img decoding=\"async\" alt=\"Magn\u00e9tica\" src=\"https:\/\/m.media-amazon.com\/images\/S\/aplus-media-library-service-media\/a877ea74-3fcf-4674-9bde-61b584682881.__CR0,3,976,604_PT0_SX970_V1___.jpg\" \/> <\/div>\n<\/p>\n<\/div>\n<div class=\"celwidget aplus-module 3p-module-b aplus-standard\">\n<div class=\"aplus-module-wrapper aplus-3p-fixed-width\"> <img decoding=\"async\" alt=\"Capa Kindle Com Al\u00e7a\" src=\"https:\/\/m.media-amazon.com\/images\/S\/aplus-media-library-service-media\/a88934a3-91a0-4c18-baf6-5b96d7c9bcc1.__CR2,0,970,600_PT0_SX970_V1___.jpg\" \/> <\/p>\n<p class=\"a-spacing-base\"> Seu design slim e leve adiciona pouco peso extra ao dispositivo, mantendo-o port\u00e1til e confort\u00e1vel para segurar por longos per\u00edodos de leitura. <\/p>\n<p class=\"a-spacing-base\"> Os recursos incluem uma al\u00e7a integrada, que permite maior conforto ao segurar o seu kindle apenas com uma m\u00e3o. <\/p>\n<p class=\"a-spacing-base\"> Al\u00e9m disso, a capa acorda automaticamente o Kindle ao abrir e o coloca em modo de suspens\u00e3o ao fechar, economizando bateria. <\/p>\n<p class=\"a-spacing-base\"> Com um ajuste perfeito e estilo elegante, esta capa \u00e9 a escolha ideal para proteger e complementar seu novo Kindle. <\/p>\n<\/p>\n<\/div>\n<\/div>\n<div class=\"celwidget aplus-module module-16-tech-specs aplus-standard\">\n<div class=\"a-section a-spacing-large aplus-module-wrapper apm-fixed-width aplus-index-4\">\n<h3 class=\"a-size-extra-large a-spacing-base a-text-center\"> Vantagens da Capa Para Kindle Youtek <\/h3>\n<div class=\"a-row\">\n<div class=\"a-column a-span12 aplus-tech-spec-hide-loading\">\n<table class=\"a-bordered a-horizontal-stripes aplus-tech-spec-table\">\n<tr>\n<td class=\"a-text-bold\"> <span> 1- <\/span> <\/td>\n<td> <span> Compat\u00edvel com Kindles 11\u00aa Gera\u00e7\u00e3o 2024 e 2022 &#8211; Modelos RS23CV e C2V2L3 <\/span> <\/td>\n<\/tr>\n<tr>\n<td class=\"a-text-bold\"> <span> 2- <\/span> <\/td>\n<td> <span> Para Kindles de 6 Polegadas <\/span> <\/td>\n<\/tr>\n<tr>\n<td class=\"a-text-bold\"> <span> 3- <\/span> <\/td>\n<td> <span> Protege Seu Kindle Contra Quedas <\/span> <\/td>\n<\/tr>\n<tr>\n<td class=\"a-text-bold\"> <span> 4- <\/span> <\/td>\n<td> <span> Com Al\u00e7a Para As M\u00e3os &#8211; Facilita a Leitura Com Apenas Uma Das M\u00e3os <\/span> <\/td>\n<\/tr>\n<tr>\n<td class=\"a-text-bold\"> <span> 5- <\/span> <\/td>\n<td> <span> Fun\u00e7\u00e3o Hiberna\u00e7\u00e3o: Ativa e Desativa o Kindle Ao Abrir e Fechar <\/span> <\/td>\n<\/tr>\n<\/table>\n<\/div>\n<\/div>\n<\/div>\n<\/div>\n<div class=\"celwidget aplus-module 3p-module-b aplus-standard\">\n<div class=\"aplus-module-wrapper aplus-3p-fixed-width\"> <img decoding=\"async\" alt=\"CAPA 11 GERA\u00c7\u00c3O\" src=\"https:\/\/m.media-amazon.com\/images\/S\/aplus-media-library-service-media\/fadbe2e3-300c-4377-918a-47e22dd3de88.__CR0,4,971,601_PT0_SX970_V1___.jpg\" \/> <\/p>\n<h3 class=\"a-spacing-mini\"> Modelos Compat\u00edveis <\/h3>\n<\/p>\n<\/div>\n<\/div>\n<\/div>\n<\/div>\n<\/div>\n<\/div>\n<table id=\"productDetails_techSpec_section_1\" class=\"a-keyvalue prodDetTable\">\n<tr>\n<th class=\"a-color-secondary a-size-base prodDetSectionEntry\"> Certifica\u00e7\u00e3o <\/th>\n<td class=\"a-size-base prodDetAttrValue\"> &lrm;N\u00e3o aplic\u00e1vel <\/td>\n<\/tr>\n<tr>\n<th class=\"a-color-secondary a-size-base prodDetSectionEntry\"> Caracter\u00edsticas especiais <\/th>\n<td class=\"a-size-base prodDetAttrValue\"> &lrm;Auto liga\/desliga, Fechamento magn\u00e9tico, Leve, Prote\u00e7\u00e3o Contra Impactos <\/td>\n<\/tr>\n<tr>\n<th class=\"a-color-secondary a-size-base prodDetSectionEntry\"> Formato <\/th>\n<td class=\"a-size-base prodDetAttrValue\"> &lrm;Capa <\/td>\n<\/tr>\n<tr>\n<th class=\"a-color-secondary a-size-base prodDetSectionEntry\"> Cor <\/th>\n<td class=\"a-size-base prodDetAttrValue\"> &lrm;Preta <\/td>\n<\/tr>\n<tr>\n<th class=\"a-color-secondary a-size-base prodDetSectionEntry\"> Componentes inclusos <\/th>\n<td class=\"a-size-base prodDetAttrValue\"> &lrm;Capa Protetora <\/td>\n<\/tr>\n<tr>\n<th class=\"a-color-secondary a-size-base prodDetSectionEntry\"> N\u00famero de unidades <\/th>\n<td class=\"a-size-base prodDetAttrValue\"> &lrm;1 <\/td>\n<\/tr>\n<tr>\n<th class=\"a-color-secondary a-size-base prodDetSectionEntry\"> Material <\/th>\n<td class=\"a-size-base prodDetAttrValue\"> &lrm;Pl\u00e1stico <\/td>\n<\/tr>\n<tr>\n<th class=\"a-color-secondary a-size-base prodDetSectionEntry\"> Fonte de alimenta\u00e7\u00e3o <\/th>\n<td class=\"a-size-base prodDetAttrValue\"> &lrm;N\u00e3o aplic\u00e1vel <\/td>\n<\/tr>\n<tr>\n<th class=\"a-color-secondary a-size-base prodDetSectionEntry\"> Modelos compat\u00edveis <\/th>\n<td class=\"a-size-base prodDetAttrValue\"> &lrm;Compat\u00edvel Com Kindle 11\u00aa Gera\u00e7\u00e3o 2024 e 2022 (RS23CV e C2V2L3) <\/td>\n<\/tr>\n<tr>\n<th class=\"a-color-secondary a-size-base prodDetSectionEntry\"> Peso do produto <\/th>\n<td class=\"a-size-base prodDetAttrValue\"> &lrm;100 g <\/td>\n<\/tr>\n<tr>\n<th class=\"a-color-secondary a-size-base prodDetSectionEntry\"> Dimens\u00f5es do produto <\/th>\n<td class=\"a-size-base prodDetAttrValue\"> &lrm;16,3 x 12 x 1 cm; 100 g <\/td>\n<\/tr>\n<tr>\n<th class=\"a-color-secondary a-size-base prodDetSectionEntry\"> Marca <\/th>\n<td class=\"a-size-base prodDetAttrValue\"> &lrm;Youtek <\/td>\n<\/tr>\n<tr>\n<th class=\"a-color-secondary a-size-base prodDetSectionEntry\"> Funciona a bateria ou pilha? <\/th>\n<td class=\"a-size-base prodDetAttrValue\"> &lrm;N\u00e3o <\/td>\n<\/tr>\n<\/table><\/div>","protected":false},"excerpt":{"rendered":"<p>Proteja seu Kindle de 6 polegadas com uma capa r\u00edgida que facilita o transporte gra\u00e7as \u00e0 al\u00e7a integrada, mantendo o dispositivo seguro em qualquer situa\u00e7\u00e3o. A pe\u00e7a vem com uma caneta para anota\u00e7\u00f5es r\u00e1pidas e oferece fechamento magn\u00e9tico com sistema de hiberna\u00e7\u00e3o, combinando prote\u00e7\u00e3o e praticidade. Dispon\u00edvel nas cores azul, cinza ou preta, pela Youtek, \u00e9 compat\u00edvel com a 11\u00aa gera\u00e7\u00e3o (2024\/2022) de 6 polegadas, por apenas R$ 54,90.<\/p>","protected":false},"featured_media":0,"comment_status":"open","ping_status":"closed","template":"","meta":[],"product_cat":[1901,1900],"product_tag":[2450,2159,2449],"class_list":{"0":"post-94409","1":"product","2":"type-product","3":"status-publish","4":"product_brand-visite-a-loja-youtek","5":"product_cat-e-readers-e-acessorios","6":"product_cat-eletronicos-e-tecnologia","7":"product_tag-caneta-para-kindle-11a-geracao","8":"product_tag-capa-kindle-11a-geracao-com-fechamento-magnetico","9":"product_tag-capa-rigida-kindle-6-polegadas-com-alca","11":"first","12":"instock","13":"shipping-taxable","14":"purchasable","15":"product-type-variable"},"aioseo_notices":[],"_links":{"self":[{"href":"https:\/\/www.ecommerceupdate.com.br\/ba\/wp-json\/wp\/v2\/product\/94409","targetHints":{"allow":["GET"]}}],"collection":[{"href":"https:\/\/www.ecommerceupdate.com.br\/ba\/wp-json\/wp\/v2\/product"}],"about":[{"href":"https:\/\/www.ecommerceupdate.com.br\/ba\/wp-json\/wp\/v2\/types\/product"}],"replies":[{"embeddable":true,"href":"https:\/\/www.ecommerceupdate.com.br\/ba\/wp-json\/wp\/v2\/comments?post=94409"}],"wp:attachment":[{"href":"https:\/\/www.ecommerceupdate.com.br\/ba\/wp-json\/wp\/v2\/media?parent=94409"}],"wp:term":[{"taxonomy":"product_cat","embeddable":true,"href":"https:\/\/www.ecommerceupdate.com.br\/ba\/wp-json\/wp\/v2\/product_cat?post=94409"},{"taxonomy":"product_tag","embeddable":true,"href":"https:\/\/www.ecommerceupdate.com.br\/ba\/wp-json\/wp\/v2\/product_tag?post=94409"}],"curies":[{"name":"wp","href":"https:\/\/api.w.org\/{rel}","templated":true}]}}