{"id":91650,"date":"2026-02-07T11:41:31","date_gmt":"2026-02-07T14:41:31","guid":{"rendered":"https:\/\/www.ecommerceupdate.org\/produto\/elon-musk\/"},"modified":"2026-05-13T10:03:08","modified_gmt":"2026-05-13T13:03:08","slug":"elon-musk","status":"publish","type":"product","link":"https:\/\/www.ecommerceupdate.com.br\/be\/produto\/elon-musk\/","title":{"rendered":"Elon Musk"},"content":{"rendered":"<div class=\"woocommerce-product-details\">\n<div id=\"aplus_feature_div\" class=\"celwidget\" data-feature-name=\"aplus\" data-csa-c-type=\"widget\" data-csa-c-content-id=\"aplus\" data-csa-c-slot-id=\"aplus_feature_div\" data-csa-c-asin=\"\" data-csa-c-is-in-initial-active-row=\"false\">\n<div id=\"aplus\" class=\"a-section a-spacing-large bucket\">\n<h3 class=\"\">Da editora<\/h3>\n<div lang=\"pt_BR\">\n<div class=\"aplus-v2 desktop celwidget\">\n<div class=\"celwidget aplus-module module-11 aplus-standard\">\n<div class=\"aplus-module-wrapper apm-spacing apm-floatnone apm-fixed-width\">\n<div class=\"apm-sidemodule aplus-module-content\">\n<div class=\"apm-hero-image\"> <img decoding=\"async\" alt=\"Elon Musk, Walter Isaacson, biografia, Steve Jobs, Leonardo da Vinci, Tesla, SpaceX, neg\u00f3cios \" src=\"https:\/\/m.media-amazon.com\/images\/S\/aplus-media-library-service-media\/e710f123-dd17-4e24-b28c-0bd6131908df.__CR0,0,970,300_PT0_SX970_V1___.jpg\" \/> <\/div>\n<\/p>\n<\/div>\n<\/div>\n<\/div>\n<div class=\"celwidget aplus-module 3p-module-b aplus-standard\">\n<div class=\"aplus-module-wrapper aplus-3p-fixed-width\"> <img decoding=\"async\" alt=\"Elon Musk, biografia, neg\u00f3cios, bilion\u00e1rios, Walter Isaacson, Tesla, SpaceX, tecnologia \" src=\"https:\/\/m.media-amazon.com\/images\/S\/aplus-media-library-service-media\/f527db44-a785-4621-8edf-5b2b2b9db4b7.__CR0,0,970,600_PT0_SX970_V1___.jpg\" \/> <\/div>\n<\/p>\n<\/div>\n<div class=\"celwidget aplus-module 3p-module-b aplus-standard\">\n<div class=\"aplus-module-wrapper aplus-3p-fixed-width\"> <img decoding=\"async\" alt=\"Elon Musk, Walter Isaacson, Steve Jobs, biografia, inova\u00e7\u00e3o, tecnologia, neg\u00f3cios, bilion\u00e1rios\" src=\"https:\/\/m.media-amazon.com\/images\/S\/aplus-media-library-service-media\/63887060-807f-4979-92c4-29716bd038c3.__CR0,0,970,600_PT0_SX970_V1___.jpg\" \/> <\/div>\n<\/p>\n<\/div>\n<div class=\"celwidget aplus-module module-11 aplus-standard\">\n<div class=\"aplus-module-wrapper apm-spacing apm-floatnone apm-fixed-width\">\n<div class=\"apm-sidemodule aplus-module-content\">\n<div class=\"apm-hero-image\"> <img decoding=\"async\" alt=\"Walter Isaacson, Elon Musk, biografia, bi\u00f3grafo, Steve Jobs, Albert Einstein, Leonardo da Vinci\" src=\"https:\/\/m.media-amazon.com\/images\/S\/aplus-media-library-service-media\/21d26771-00c4-4758-b651-489b512c526f.__CR0,0,970,300_PT0_SX970_V1___.jpg\" \/> <\/div>\n<\/p>\n<\/div>\n<\/div>\n<\/div>\n<div class=\"celwidget aplus-module module-5 aplus-standard\">\n<div class=\"aplus-module-wrapper apm-fixed-width\">\n<div class=\"apm-spacing aplus-module-content\">\n<div class=\"apm-tablemodule\">\n<table class=\"apm-tablemodule-table\" cellspacing=\"0\" cellpadding=\"0\">\n<tbody>\n<tr class=\"apm-tablemodule-imagerows\">\n<td class=\"apm-tablemodule-blankkeyhead\" \/>\n<th> <a href='\/be\/dp\/6555603321\/?ref=emc_s_m_5_i_atc'> <\/p>\n<div class=\"apm-tablemodule-image\"> <img decoding=\"async\" alt=\"\" src=\"https:\/\/m.media-amazon.com\/images\/S\/aplus-media-library-service-media\/fd202e30-f436-47d6-8bd1-75bc4bdf501f.__CR0,0,150,300_PT0_SX150_V1___.jpg\" width=\"150px\" \/> <\/div>\n<div> Steve Jobs <\/div>\n<p> <\/a> <\/th>\n<th> <a href='\/be\/dp\/8551002570\/?ref=emc_s_m_5_i_atc'> <\/p>\n<div class=\"apm-tablemodule-image\"> <img decoding=\"async\" alt=\"\" src=\"https:\/\/m.media-amazon.com\/images\/S\/aplus-media-library-service-media\/54f312e5-8700-44c7-b33d-5b767ee2122e.__CR0,0,150,300_PT0_SX150_V1___.jpg\" width=\"150px\" \/> <\/div>\n<div> Leonardo da Vinci <\/div>\n<p> <\/a> <\/th>\n<th> <a href='\/be\/dp\/6555601825\/?ref=emc_s_m_5_i_atc'> <\/p>\n<div class=\"apm-tablemodule-image\"> <img decoding=\"async\" alt=\"\" src=\"https:\/\/m.media-amazon.com\/images\/S\/aplus-media-library-service-media\/90115608-49d1-47d0-9179-a81c788580b2.__CR0,0,150,300_PT0_SX150_V1___.jpg\" width=\"150px\" \/> <\/div>\n<div> A decodificadora: Jennifer Doudna <\/div>\n<p> <\/a> <\/th>\n<th> <a href='\/be\/dp\/6555601361\/?ref=emc_s_m_5_i_atc'> <\/p>\n<div class=\"apm-tablemodule-image\"> <img decoding=\"async\" alt=\"\" src=\"https:\/\/m.media-amazon.com\/images\/S\/aplus-media-library-service-media\/e8087f73-48a8-4f53-9a0a-8c05e5b19c9f.__CR0,0,150,300_PT0_SX150_V1___.jpg\" width=\"150px\" \/> <\/div>\n<div> Os inovadores <\/div>\n<p> <\/a> <\/th>\n<\/tr>\n<tr class=\"apm-tablemodule-atc\">\n<td class=\"apm-tablemodule-blankkeyhead\" \/>\n<td> <\/td>\n<td> <\/td>\n<td> <\/td>\n<td>\n<div class=\"add-to-cart\"> <span class=\"a-button a-button-base\"><span class=\"a-button-inner\"><a href=\"\/be\/dp\/6555601361\/?ref=emc_s_m_5_i_atc\" class=\"a-button-text\"> Op\u00e7\u00f5es de compra <\/a><\/span><\/span> <\/div>\n<\/td>\n<\/tr>\n<tr class=\"apm-tablemodule-keyvalue\">\n<th class=\"apm-tablemodule-keyhead\"> <span class=\"a-color-secondary\"> Avalia\u00e7\u00f5es de clientes <\/span> <\/th>\n<td class=\"apm-tablemodule-valuecell apm-checked\" style=\"width:191px\">\n<div class=\"\">\n<div class=\"a-size-base\"> <i class=\"a-icon a-icon-star-small a-star-small-5 a-spacing-none\"><span class=\"a-icon-alt\">4,8 de 5 estrelas<\/span><\/i> <span class=\"a-size-mini a-color-base\">616<\/span> <\/div>\n<\/p>\n<\/div>\n<\/td>\n<td class=\"apm-tablemodule-valuecell apm-checked\" style=\"width:191px\">\n<div class=\"\">\n<div class=\"a-size-base\"> <i class=\"a-icon a-icon-star-small a-star-small-5 a-spacing-none\"><span class=\"a-icon-alt\">4,8 de 5 estrelas<\/span><\/i> <span class=\"a-size-mini a-color-base\">4.513<\/span> <\/div>\n<\/p>\n<\/div>\n<\/td>\n<td class=\"apm-tablemodule-valuecell apm-checked\" style=\"width:191px\">\n<div class=\"\">\n<div class=\"a-size-base\"> <i class=\"a-icon a-icon-star-small a-star-small-5 a-spacing-none\"><span class=\"a-icon-alt\">4,8 de 5 estrelas<\/span><\/i> <span class=\"a-size-mini a-color-base\">880<\/span> <\/div>\n<\/p>\n<\/div>\n<\/td>\n<td class=\"apm-tablemodule-valuecell apm-checked\" style=\"width:191px\">\n<div class=\"\">\n<div class=\"a-size-base\"> <i class=\"a-icon a-icon-star-small a-star-small-4-5 a-spacing-none\"><span class=\"a-icon-alt\">4,7 de 5 estrelas<\/span><\/i> <span class=\"a-size-mini a-color-base\">238<\/span> <\/div>\n<\/p>\n<\/div>\n<\/td>\n<\/tr>\n<tr class=\"apm-tablemodule-keyvalue\">\n<th class=\"apm-tablemodule-keyhead\"> <span class=\"a-color-secondary\"> Pre\u00e7o <\/span> <\/th>\n<td class=\"apm-tablemodule-valuecell apm-checked\" style=\"width:191px\"> <span class=\"a-price\" data-a-size=\"medium_plus\" data-a-color=\"base\"><span class=\"a-offscreen\">R$\u00a088,35<\/span><span aria-hidden=\"true\"><span class=\"a-price-symbol\">R$<\/span><span class=\"a-price-whole\">88<span class=\"a-price-decimal\">,<\/span><\/span><span class=\"a-price-fraction\">35<\/span><\/span><\/span> <\/td>\n<td class=\"apm-tablemodule-valuecell apm-checked\" style=\"width:191px\"> <span class=\"a-price\" data-a-size=\"medium_plus\" data-a-color=\"base\"><span class=\"a-offscreen\">R$\u00a093,00<\/span><span aria-hidden=\"true\"><span class=\"a-price-symbol\">R$<\/span><span class=\"a-price-whole\">93<span class=\"a-price-decimal\">,<\/span><\/span><span class=\"a-price-fraction\">00<\/span><\/span><\/span> <\/td>\n<td class=\"apm-tablemodule-valuecell apm-checked\" style=\"width:191px\"> <span class=\"a-price\" data-a-size=\"medium_plus\" data-a-color=\"base\"><span class=\"a-offscreen\">R$\u00a070,32<\/span><span aria-hidden=\"true\"><span class=\"a-price-symbol\">R$<\/span><span class=\"a-price-whole\">70<span class=\"a-price-decimal\">,<\/span><\/span><span class=\"a-price-fraction\">32<\/span><\/span><\/span> <\/td>\n<td class=\"apm-tablemodule-valuecell apm-checked\" style=\"width:191px\"> &#8212; <span class=\"apm-visually-hidden\">no data<\/span> <\/td>\n<\/tr>\n<tr class=\"apm-tablemodule-keyvalue\">\n<th class=\"apm-tablemodule-keyhead\"> <span class=\"a-color-secondary\"> Outros livros do autor <\/span> <\/th>\n<td class=\"apm-tablemodule-valuecell\" style=\"width:191px\"> <span class=\"a-size-base\"> Walter Isaacson <\/span> <\/td>\n<td class=\"apm-tablemodule-valuecell\" style=\"width:191px\"> <span class=\"a-size-base\"> Walter Isaacson <\/span> <\/td>\n<td class=\"apm-tablemodule-valuecell\" style=\"width:191px\"> <span class=\"a-size-base\"> Walter Isaacson <\/span> <\/td>\n<td class=\"apm-tablemodule-valuecell\" style=\"width:191px\"> <span class=\"a-size-base\"> Walter Isaacson <\/span> <\/td>\n<\/tr>\n<\/tbody>\n<\/table>\n<\/div>\n<\/div>\n<\/div>\n<\/div>\n<\/div>\n<\/div>\n<\/div>\n<\/div>\n<h3>Detalhes do produto<\/h3>\n<ul>\n<li>ASIN : B0C5P69GQM<\/li>\n<li>Editora : Intr\u00ednseca<\/li>\n<li>Acessibilidade : Saiba mais<\/li>\n<li>Data da publica\u00e7\u00e3o : 12 setembro 2023<\/li>\n<li>Idioma : Portugu\u00eas<\/li>\n<li>Tamanho do arquivo : 34.4 MB<\/li>\n<li>Leitor de tela : Compat\u00edvel<\/li>\n<li>Configura\u00e7\u00e3o de fonte : Habilitado<\/li>\n<li>Dicas de vocabul\u00e1rio : N\u00e3o habilitado<\/li>\n<li>N\u00famero de p\u00e1ginas : 844 p\u00e1ginas<\/li>\n<li>ISBN-13 : 978-6555606461<\/li>\n<li>Page Flip : Habilitado<\/li>\n<li>Idade de leitura : 14 anos e acima<\/li>\n<li>Ranking dos mais vendidos: N\u00ba 14.805 em Loja Kindle (Conhe\u00e7a o Top 100 na categoria Loja Kindle) N\u00ba 4 em Biografias de Cientistas N\u00ba 8 em Biografias Neg\u00f3cios N\u00ba 237 em Biografias e autobiografias<\/li>\n<li>N\u00ba 4 em Biografias de Cientistas<\/li>\n<li>N\u00ba 8 em Biografias Neg\u00f3cios<\/li>\n<li>N\u00ba 237 em Biografias e autobiografias<\/li>\n<li>Avalia\u00e7\u00f5es dos clientes: 4,8 4,8 de 5 estrelas (2.342)<\/li>\n<\/ul><\/div>","protected":false},"excerpt":{"rendered":"<p>Descubra como uma vis\u00e3o arrojada pode transformar ind\u00fastrias inteiras ao acompanhar uma biografia de um dos mais influentes inovadores da atualidade, oferecendo li\u00e7\u00f5es pr\u00e1ticas de lideran\u00e7a, estrat\u00e9gia e resili\u00eancia. Escrito por Walter Isaacson e traduzido por Rogerio W. Galindo e Rosiane Correia de Freitas, em formato eBook Kindle, este livro mergulha nos bastidores das decis\u00f5es que moldaram tecnologias e empresas. Dispon\u00edvel por R$ 62,91 \u2014 uma leitura essencial para entender o impacto real de cada escolha e aplicar aprendizados no dia a dia.<\/p>","protected":false},"featured_media":91650,"comment_status":"open","ping_status":"closed","template":"","meta":[],"product_cat":[1625,1608,1607],"product_tag":[2779,2780,2781],"class_list":{"0":"post-91650","1":"product","2":"type-product","3":"status-publish","4":"has-post-thumbnail","5":"product_brand-por-walter-isaacson-autor-rogerio-w-galindo-tradutor-rosiane-correia-de-freitas-tradutor-0-mais-formato-ebook-kindle","6":"product_cat-biografias-e-historias-reais","7":"product_cat-ebooks-kindle","8":"product_cat-loja-kindle","9":"product_tag-biografia-elon-musk-livro-kindle","10":"product_tag-elon-musk-biografia-walter-isaacson-kindle","11":"product_tag-leitura-de-biografia-elon-musk-kindle","13":"first","14":"instock","15":"sale","16":"shipping-taxable","17":"purchasable","18":"product-type-simple"},"aioseo_notices":[],"_links":{"self":[{"href":"https:\/\/www.ecommerceupdate.com.br\/be\/wp-json\/wp\/v2\/product\/91650","targetHints":{"allow":["GET"]}}],"collection":[{"href":"https:\/\/www.ecommerceupdate.com.br\/be\/wp-json\/wp\/v2\/product"}],"about":[{"href":"https:\/\/www.ecommerceupdate.com.br\/be\/wp-json\/wp\/v2\/types\/product"}],"replies":[{"embeddable":true,"href":"https:\/\/www.ecommerceupdate.com.br\/be\/wp-json\/wp\/v2\/comments?post=91650"}],"wp:featuredmedia":[{"embeddable":true,"href":"https:\/\/www.ecommerceupdate.com.br\/be\/wp-json\/wp\/v2\/product\/91650"}],"wp:attachment":[{"href":"https:\/\/www.ecommerceupdate.com.br\/be\/wp-json\/wp\/v2\/media?parent=91650"}],"wp:term":[{"taxonomy":"product_cat","embeddable":true,"href":"https:\/\/www.ecommerceupdate.com.br\/be\/wp-json\/wp\/v2\/product_cat?post=91650"},{"taxonomy":"product_tag","embeddable":true,"href":"https:\/\/www.ecommerceupdate.com.br\/be\/wp-json\/wp\/v2\/product_tag?post=91650"}],"curies":[{"name":"wp","href":"https:\/\/api.w.org\/{rel}","templated":true}]}}