{"id":91669,"date":"2026-02-07T15:21:44","date_gmt":"2026-02-07T18:21:44","guid":{"rendered":"https:\/\/www.ecommerceupdate.org\/produto\/200-super-taticas-para-redes-sociais-domine-tecnicas-simples-das-midias-sociais-para-crescer-sua-marca-escalar-seu-negocio-ganhar-dinheiro-na-internet-e-ser-bem-sucedido-na-vida\/"},"modified":"2026-05-11T09:42:20","modified_gmt":"2026-05-11T12:42:20","slug":"200-super-taticas-para-redes-sociais-domine-tecnicas-simples-das-midias-sociais-para-crescer-sua-marca-escalar-seu-negocio-ganhar-dinheiro-na-internet-e-ser-bem-sucedido-na-vida","status":"publish","type":"product","link":"https:\/\/www.ecommerceupdate.com.br\/be\/produto\/200-super-taticas-para-redes-sociais-domine-tecnicas-simples-das-midias-sociais-para-crescer-sua-marca-escalar-seu-negocio-ganhar-dinheiro-na-internet-e-ser-bem-sucedido-na-vida\/","title":{"rendered":"200 Super T\u00e1ticas Para Redes Sociais: Domine T\u00e9cnicas Simples Das M\u00eddias Sociais Para Crescer Sua Marca, Escalar Seu Neg\u00f3cio, Ganhar Dinheiro Na Internet E Ser Bem-sucedido Na Vida"},"content":{"rendered":"<div class=\"woocommerce-product-details\"><\/div>","protected":false},"excerpt":{"rendered":"<p>Impulsione rapidamente o crescimento da sua marca com t\u00e9cnicas simples de redes sociais que voc\u00ea pode aplicar hoje, convertendo cada postagem em engajamento qualificado e resultados tang\u00edveis. Este eBook Kindle, escrito por Ryan Jones, re\u00fane 200 t\u00e1ticas pr\u00e1ticas para crescer a marca, escalar o neg\u00f3cio e ganhar dinheiro online, dispon\u00edvel por apenas R$ 1,99, oferecendo insights diretos para transformar seguidores em clientes.<\/p>","protected":false},"featured_media":91669,"comment_status":"open","ping_status":"closed","template":"","meta":[],"product_cat":[1611,1595,1618],"product_tag":[2752,2754,2753],"class_list":{"0":"post-91669","1":"product","2":"type-product","3":"status-publish","4":"has-post-thumbnail","5":"product_brand-por-ryan-jones-autor-formato-ebook-kindle","6":"product_cat-administracao-negocios-e-economia","7":"product_cat-livros","8":"product_cat-marketing-e-vendas","9":"product_tag-ebook-kindle-midias-sociais-para-crescer-sua-marca","10":"product_tag-ganhar-dinheiro-online-com-marketing-e-vendas","11":"product_tag-taticas-de-redes-sociais-para-escalar-negocio","13":"first","14":"instock","15":"shipping-taxable","16":"purchasable","17":"product-type-simple"},"aioseo_notices":[],"_links":{"self":[{"href":"https:\/\/www.ecommerceupdate.com.br\/be\/wp-json\/wp\/v2\/product\/91669","targetHints":{"allow":["GET"]}}],"collection":[{"href":"https:\/\/www.ecommerceupdate.com.br\/be\/wp-json\/wp\/v2\/product"}],"about":[{"href":"https:\/\/www.ecommerceupdate.com.br\/be\/wp-json\/wp\/v2\/types\/product"}],"replies":[{"embeddable":true,"href":"https:\/\/www.ecommerceupdate.com.br\/be\/wp-json\/wp\/v2\/comments?post=91669"}],"wp:featuredmedia":[{"embeddable":true,"href":"https:\/\/www.ecommerceupdate.com.br\/be\/wp-json\/wp\/v2\/product\/91669"}],"wp:attachment":[{"href":"https:\/\/www.ecommerceupdate.com.br\/be\/wp-json\/wp\/v2\/media?parent=91669"}],"wp:term":[{"taxonomy":"product_cat","embeddable":true,"href":"https:\/\/www.ecommerceupdate.com.br\/be\/wp-json\/wp\/v2\/product_cat?post=91669"},{"taxonomy":"product_tag","embeddable":true,"href":"https:\/\/www.ecommerceupdate.com.br\/be\/wp-json\/wp\/v2\/product_tag?post=91669"}],"curies":[{"name":"wp","href":"https:\/\/api.w.org\/{rel}","templated":true}]}}