{"id":93228,"date":"2026-03-01T09:32:48","date_gmt":"2026-03-01T12:32:48","guid":{"rendered":"https:\/\/www.ecommerceupdate.com.br\/produto\/universo-do-e-commerce-portuguese-edition\/"},"modified":"2026-05-11T09:47:46","modified_gmt":"2026-05-11T12:47:46","slug":"universo-do-e-commerce-portuguese-edition","status":"publish","type":"product","link":"https:\/\/www.ecommerceupdate.com.br\/be\/produto\/universo-do-e-commerce-portuguese-edition\/","title":{"rendered":"Universo do E-commerce (Portuguese Edition)"},"content":{"rendered":"<div class=\"woocommerce-product-details\">\n<h3>Detalhes do produto<\/h3>\n<ul>\n<li>ASIN : B09S61Z23C<\/li>\n<li>Editora : Independently published<\/li>\n<li>Data da publica\u00e7\u00e3o : 13 janeiro 2022<\/li>\n<li>Idioma : Portugu\u00eas<\/li>\n<li>N\u00famero de p\u00e1ginas : 284 p\u00e1ginas<\/li>\n<li>ISBN-13 : 979-8401405098<\/li>\n<li>Peso do produto : 494 g<\/li>\n<li>Dimens\u00f5es : 15.24 x 1.63 x 22.86 cm<\/li>\n<li>Ranking dos mais vendidos: N\u00ba 123 em Pesquisa e Educa\u00e7\u00e3o N\u00ba 301 em Desenvolvimento Profissional Profissional e T\u00e9cnico<\/li>\n<li>N\u00ba 301 em Desenvolvimento Profissional Profissional e T\u00e9cnico<\/li>\n<li>Avalia\u00e7\u00f5es dos clientes: 4,3 4,3 de 5 estrelas (20)<\/li>\n<\/ul><\/div>","protected":false},"excerpt":{"rendered":"<p>Domine as estrat\u00e9gias do com\u00e9rcio eletr\u00f4nico com um guia pr\u00e1tico que transforma teoria em resultados reais no dia a dia de vendas. Pensado para educa\u00e7\u00e3o, refer\u00eancia e did\u00e1ticos, ele traz estudos de caso, passos acion\u00e1veis e foco em m\u00e9tricas de desempenho para uso em escolas e ambientes de ensino. Por apenas R$ 95,43, descubra como aplicar as t\u00e1ticas desde o primeiro cap\u00edtulo e ampliar o desempenho do seu neg\u00f3cio online.<\/p>","protected":false},"featured_media":93228,"comment_status":"open","ping_status":"closed","template":"","meta":[],"product_cat":[1653,1730,1595],"product_tag":[2696,2695,2697],"class_list":{"0":"post-93228","1":"product","2":"type-product","3":"status-publish","4":"has-post-thumbnail","5":"product_brand-por-fellipe-guimares-autor","6":"product_cat-educacao-referencia-e-didaticos","7":"product_cat-escolas-e-ensino","8":"product_cat-livros","9":"product_tag-guia-didatico-de-comercio-eletronico-para-ensino","10":"product_tag-livro-de-comercio-eletronico-em-portugues","11":"product_tag-referencia-de-comercio-eletronico-para-estudantes","13":"first","14":"instock","15":"shipping-taxable","16":"purchasable","17":"product-type-simple"},"aioseo_notices":[],"_links":{"self":[{"href":"https:\/\/www.ecommerceupdate.com.br\/be\/wp-json\/wp\/v2\/product\/93228","targetHints":{"allow":["GET"]}}],"collection":[{"href":"https:\/\/www.ecommerceupdate.com.br\/be\/wp-json\/wp\/v2\/product"}],"about":[{"href":"https:\/\/www.ecommerceupdate.com.br\/be\/wp-json\/wp\/v2\/types\/product"}],"replies":[{"embeddable":true,"href":"https:\/\/www.ecommerceupdate.com.br\/be\/wp-json\/wp\/v2\/comments?post=93228"}],"wp:featuredmedia":[{"embeddable":true,"href":"https:\/\/www.ecommerceupdate.com.br\/be\/wp-json\/wp\/v2\/product\/93228"}],"wp:attachment":[{"href":"https:\/\/www.ecommerceupdate.com.br\/be\/wp-json\/wp\/v2\/media?parent=93228"}],"wp:term":[{"taxonomy":"product_cat","embeddable":true,"href":"https:\/\/www.ecommerceupdate.com.br\/be\/wp-json\/wp\/v2\/product_cat?post=93228"},{"taxonomy":"product_tag","embeddable":true,"href":"https:\/\/www.ecommerceupdate.com.br\/be\/wp-json\/wp\/v2\/product_tag?post=93228"}],"curies":[{"name":"wp","href":"https:\/\/api.w.org\/{rel}","templated":true}]}}