{"id":93408,"date":"2026-03-04T08:43:11","date_gmt":"2026-03-04T11:43:11","guid":{"rendered":"https:\/\/www.ecommerceupdate.com.br\/produto\/the-gospel-in-the-marketplace-of-ideas-pauls-mars-hill-experience-for-our-pluralistic-world\/"},"modified":"2026-05-13T10:14:35","modified_gmt":"2026-05-13T13:14:35","slug":"the-gospel-in-the-marketplace-of-ideas-pauls-mars-hill-experience-for-our-pluralistic-world","status":"publish","type":"product","link":"https:\/\/www.ecommerceupdate.com.br\/be\/produto\/the-gospel-in-the-marketplace-of-ideas-pauls-mars-hill-experience-for-our-pluralistic-world\/","title":{"rendered":"The Gospel in the Marketplace of Ideas: Paul&#8217;s Mars Hill Experience for Our Pluralistic World"},"content":{"rendered":"<div class=\"woocommerce-product-details\"><\/div>","protected":false},"excerpt":{"rendered":"<p>Domine a arte de dialogar com um mundo pluralista, mantendo a integridade da f\u00e9 enquanto transforma debates acalorados em entendimento m\u00fatuo. Este volume aplica a experi\u00eancia de Mars Hill a quest\u00f5es contempor\u00e2neas, apresentando a edi\u00e7\u00e3o inglesa dos autores Paul Copan e Kenneth D. Litwak com an\u00e1lises claras e pr\u00e1ticas. Dispon\u00edvel por R$ 126,20, o livro \u00e9 uma leitura essencial para leitores interessados em religi\u00e3o, filosofia p\u00fablica e o di\u00e1logo entre f\u00e9 e pluralismo.<\/p>","protected":false},"featured_media":93408,"comment_status":"open","ping_status":"closed","template":"","meta":[],"product_cat":[1595,1610,1746],"product_tag":[2656,2658,2657],"class_list":{"0":"post-93408","1":"product","2":"type-product","3":"status-publish","4":"has-post-thumbnail","5":"product_brand-edicao-ingls-por-paul-copan-autor-kenneth-d-litwak-autor","6":"product_cat-livros","7":"product_cat-livros-internacionais","8":"product_cat-religiao-e-espiritualidade","9":"product_tag-english-edition-book-the-gospel-in-the-marketplace-of-ideas","10":"product_tag-mars-hill-experience-pluralistic-world-evangelism-study-group","11":"product_tag-paul-copan-kenneth-litwak-christian-apologetics","13":"first","14":"instock","15":"shipping-taxable","16":"purchasable","17":"product-type-simple"},"aioseo_notices":[],"_links":{"self":[{"href":"https:\/\/www.ecommerceupdate.com.br\/be\/wp-json\/wp\/v2\/product\/93408","targetHints":{"allow":["GET"]}}],"collection":[{"href":"https:\/\/www.ecommerceupdate.com.br\/be\/wp-json\/wp\/v2\/product"}],"about":[{"href":"https:\/\/www.ecommerceupdate.com.br\/be\/wp-json\/wp\/v2\/types\/product"}],"replies":[{"embeddable":true,"href":"https:\/\/www.ecommerceupdate.com.br\/be\/wp-json\/wp\/v2\/comments?post=93408"}],"wp:featuredmedia":[{"embeddable":true,"href":"https:\/\/www.ecommerceupdate.com.br\/be\/wp-json\/wp\/v2\/product\/93408"}],"wp:attachment":[{"href":"https:\/\/www.ecommerceupdate.com.br\/be\/wp-json\/wp\/v2\/media?parent=93408"}],"wp:term":[{"taxonomy":"product_cat","embeddable":true,"href":"https:\/\/www.ecommerceupdate.com.br\/be\/wp-json\/wp\/v2\/product_cat?post=93408"},{"taxonomy":"product_tag","embeddable":true,"href":"https:\/\/www.ecommerceupdate.com.br\/be\/wp-json\/wp\/v2\/product_tag?post=93408"}],"curies":[{"name":"wp","href":"https:\/\/api.w.org\/{rel}","templated":true}]}}