{"id":93550,"date":"2026-03-04T20:16:39","date_gmt":"2026-03-04T23:16:39","guid":{"rendered":"https:\/\/www.ecommerceupdate.com.br\/produto\/e-commerce-de-sucesso-como-criar-e-desenvolver-lojas-virtuais-que-vendem-2\/"},"modified":"2026-05-09T11:55:35","modified_gmt":"2026-05-09T14:55:35","slug":"e-commerce-de-sucesso-como-criar-e-desenvolver-lojas-virtuais-que-vendem-2","status":"publish","type":"product","link":"https:\/\/www.ecommerceupdate.com.br\/be\/produto\/e-commerce-de-sucesso-como-criar-e-desenvolver-lojas-virtuais-que-vendem-2\/","title":{"rendered":"E-Commerce de Sucesso: Como Criar e Desenvolver Lojas Virtuais que Vendem"},"content":{"rendered":"<div class=\"woocommerce-product-details\"><\/div>","protected":false},"excerpt":{"rendered":"<p>As Chaves Para Planejar e Lan\u00e7ar Uma Loja Virtual Que Vende! <\/p>\n<p>*** EDI\u00c7\u00c3O REVISTA E AMPLIADA *** <\/p>\n<p>Construir um com\u00e9rcio eletr\u00f4nico \u00e9 muito dif\u00edcil se voc\u00ea n\u00e3o tem experi\u00eancia em planejamento, desenvolvimento e marketing.  <\/p>\n<p>Este livro mostra o que \u00e9 preciso fazer para que sua loja online seja campe\u00e3 em todas as etapas, da pr\u00e9-venda ao p\u00f3s-venda. <\/p>\n<p>&#8220;E-Commerce de Sucesso &#8211; Como Criar e Desenvolver Lojas Virtuais que Vendem&#8221; vai te revelar os passos para criar sua loja virtual e para vender mais produtos pela Internet.  <\/p>\n<p>Voc\u00ea vai descobrir&#8230; <\/p>\n<p>\u2022 Os segredos para desenvolver um e-commerce atraente.  <br \/>\u2022 A import\u00e2ncia da consist\u00eancia no design e na comunica\u00e7\u00e3o para vender mais. <br \/>\u2022 Como a experi\u00eancia do usu\u00e1rio, navega\u00e7\u00e3o e usabilidade v\u00e3o fazer da sua loja um sucesso junto aos consumidores. <br \/>\u2022 Dicas para turbinar as vendas com conte\u00fado que engaja. <br \/>\u2022 A f\u00f3rmula para se comunicar por e-mail com seus clientes. <br \/>\u2022 Dicas para promover sua loja e vender muito mais. <\/p>\n<p>Depois de ler este livro, voc\u00ea ver\u00e1 o mundo do e-commerce com outros olhos e vai estar preparado para lan\u00e7ar uma loja com mais certezas do que d\u00favidas. <\/p>\n<p>&#8220;Muito esclarecedor para quem nao tem ideia nenhuma do que precisa conhecer para abrir uma loja virtual&#8221; <br \/>Max Valencia Ortiz <\/p>\n<p>&#8220;O livro agrega at\u00e9 para quem j\u00e1 tem experi\u00eancia na \u00e1rea&#8221; <br \/>Anderson Dos Reis Silva <\/p>\n<p>Sobre o Autor <br \/>Eldes Saullo \u00e9 escritor e empres\u00e1rio, n\u00e3o necessariamente nesta ordem. Formado em Marketing, trabalhou em ag\u00eancias de propaganda, ag\u00eancias digitais e, nos \u00faltimos  <br \/>anos, desenvolveu mais de 50 lojas para clientes como Amsterdam Sauer, Dermage, Celular Direto, CasaShopping, Aranda, Postox, JMN e outros, uma experi\u00eancia valiosa que  <br \/>voc\u00ea ter\u00e1 acesso atrav\u00e9s deste livro. Hoje, ele escreve para quem escreve e \u00e9 um dos autores mais vendidos da Amazon Brasil. <\/p>\n<p>Role a p\u00e1gina at\u00e9 o topo e compre agora com 1-Clique.<\/p>","protected":false},"featured_media":93550,"comment_status":"open","ping_status":"closed","template":"","meta":[],"product_cat":[1691,1641,1595],"product_tag":[],"class_list":{"0":"post-93550","1":"product","2":"type-product","3":"status-publish","4":"has-post-thumbnail","5":"product_brand-por-eldes-saullo-autor-formato-ebook-kindle","6":"product_cat-base-de-dados","7":"product_cat-computacao-informatica-e-midias-digitais","8":"product_cat-livros","10":"first","11":"instock","12":"shipping-taxable","13":"purchasable","14":"product-type-simple"},"aioseo_notices":[],"_links":{"self":[{"href":"https:\/\/www.ecommerceupdate.com.br\/be\/wp-json\/wp\/v2\/product\/93550","targetHints":{"allow":["GET"]}}],"collection":[{"href":"https:\/\/www.ecommerceupdate.com.br\/be\/wp-json\/wp\/v2\/product"}],"about":[{"href":"https:\/\/www.ecommerceupdate.com.br\/be\/wp-json\/wp\/v2\/types\/product"}],"replies":[{"embeddable":true,"href":"https:\/\/www.ecommerceupdate.com.br\/be\/wp-json\/wp\/v2\/comments?post=93550"}],"wp:featuredmedia":[{"embeddable":true,"href":"https:\/\/www.ecommerceupdate.com.br\/be\/wp-json\/wp\/v2\/product\/93550"}],"wp:attachment":[{"href":"https:\/\/www.ecommerceupdate.com.br\/be\/wp-json\/wp\/v2\/media?parent=93550"}],"wp:term":[{"taxonomy":"product_cat","embeddable":true,"href":"https:\/\/www.ecommerceupdate.com.br\/be\/wp-json\/wp\/v2\/product_cat?post=93550"},{"taxonomy":"product_tag","embeddable":true,"href":"https:\/\/www.ecommerceupdate.com.br\/be\/wp-json\/wp\/v2\/product_tag?post=93550"}],"curies":[{"name":"wp","href":"https:\/\/api.w.org\/{rel}","templated":true}]}}