{"id":93551,"date":"2026-03-04T20:16:40","date_gmt":"2026-03-04T23:16:40","guid":{"rendered":"https:\/\/www.ecommerceupdate.com.br\/produto\/curso-completo-de-e-commerce-curso-completo-de-e-commerce-desde-iniciar-planejar-divulgar-e-gerenciar-sua-loja-virtual\/"},"modified":"2026-05-13T10:20:06","modified_gmt":"2026-05-13T13:20:06","slug":"curso-completo-de-e-commerce-curso-completo-de-e-commerce-desde-iniciar-planejar-divulgar-e-gerenciar-sua-loja-virtual","status":"publish","type":"product","link":"https:\/\/www.ecommerceupdate.com.br\/be\/produto\/curso-completo-de-e-commerce-curso-completo-de-e-commerce-desde-iniciar-planejar-divulgar-e-gerenciar-sua-loja-virtual\/","title":{"rendered":"Curso Completo de E-commerce: Curso completo de e-commerce, desde iniciar, planejar, divulgar e gerenciar sua loja virtual"},"content":{"rendered":"<div class=\"woocommerce-product-details\"><\/div>","protected":false},"excerpt":{"rendered":"<p>Quem deseja empreender no e-commerce, precisa ir em busca de conhecimento. Entender todo o processo que envolve desde o planejamento at\u00e9 a implementa\u00e7\u00e3o da loja virtual \u00e9 sempre um desafio. Sem falar na estrat\u00e9gia, muito necess\u00e1ria para fazer frente \u00e0 ampla concorr\u00eancia verificada no e-commerce nacional. <\/p>\n<p>Para ajudar empres\u00e1rios e futuros empreendedores a explorarem as vantagens do com\u00e9rcio eletr\u00f4nico, chega ao mercado o ebook \u201cCurso Completo de E- Commerce\u201d. De autoria de Hildor Schroder, p\u00f3s-gradudado em marketing digital e propriet\u00e1rio da Loja Mestre, fornecedora de plataforma de e- commerce, o livro traz um conte\u00fado completo e detalhado sobre como iniciar, planejar, divulgar e gerenciar uma loja virtual. <\/p>\n<p>O ebook \u00e9 destinado tanto para quem est\u00e1 se preparando para abrir uma loja virtual como tamb\u00e9m para quem j\u00e1 atua no e-commerce, e busca uma base mais s\u00f3lida de informa\u00e7\u00f5es sobre tudo que \u00e9 necess\u00e1rio para o bom gerenciamento do neg\u00f3cio. <\/p>\n<p>Ao longo de 220 p\u00e1ginas, o leitor poder\u00e1 acessar e se aprofundar em 77 t\u00f3picos, tais como: Sistemas de e-commerce, Por onde come\u00e7ar um e- commerce, Cadastro de produtos, Meios de pagamento, Pr\u00e1ticas comerciais, Apar\u00eancia, SEO para e-commerce, entre outros.<\/p>","protected":false},"featured_media":93551,"comment_status":"open","ping_status":"closed","template":"","meta":[],"product_cat":[1611,1608,1607],"product_tag":[],"class_list":{"0":"post-93551","1":"product","2":"type-product","3":"status-publish","4":"has-post-thumbnail","5":"product_brand-por-hildor-schroder-autor-formato-ebook-kindle","6":"product_cat-administracao-negocios-e-economia","7":"product_cat-ebooks-kindle","8":"product_cat-loja-kindle","10":"first","11":"instock","12":"shipping-taxable","13":"purchasable","14":"product-type-simple"},"aioseo_notices":[],"_links":{"self":[{"href":"https:\/\/www.ecommerceupdate.com.br\/be\/wp-json\/wp\/v2\/product\/93551","targetHints":{"allow":["GET"]}}],"collection":[{"href":"https:\/\/www.ecommerceupdate.com.br\/be\/wp-json\/wp\/v2\/product"}],"about":[{"href":"https:\/\/www.ecommerceupdate.com.br\/be\/wp-json\/wp\/v2\/types\/product"}],"replies":[{"embeddable":true,"href":"https:\/\/www.ecommerceupdate.com.br\/be\/wp-json\/wp\/v2\/comments?post=93551"}],"wp:featuredmedia":[{"embeddable":true,"href":"https:\/\/www.ecommerceupdate.com.br\/be\/wp-json\/wp\/v2\/product\/93551"}],"wp:attachment":[{"href":"https:\/\/www.ecommerceupdate.com.br\/be\/wp-json\/wp\/v2\/media?parent=93551"}],"wp:term":[{"taxonomy":"product_cat","embeddable":true,"href":"https:\/\/www.ecommerceupdate.com.br\/be\/wp-json\/wp\/v2\/product_cat?post=93551"},{"taxonomy":"product_tag","embeddable":true,"href":"https:\/\/www.ecommerceupdate.com.br\/be\/wp-json\/wp\/v2\/product_tag?post=93551"}],"curies":[{"name":"wp","href":"https:\/\/api.w.org\/{rel}","templated":true}]}}