{"id":93861,"date":"2026-03-05T21:57:12","date_gmt":"2026-03-06T00:57:12","guid":{"rendered":"https:\/\/www.ecommerceupdate.com.br\/produto\/gestao-estrategica-e-inovacao-no-varejo-licoes-de-lideranca-sustentabilidade-e-transformacao-digital\/"},"modified":"2026-05-13T10:36:09","modified_gmt":"2026-05-13T13:36:09","slug":"gestao-estrategica-e-inovacao-no-varejo-licoes-de-lideranca-sustentabilidade-e-transformacao-digital","status":"publish","type":"product","link":"https:\/\/www.ecommerceupdate.com.br\/be\/produto\/gestao-estrategica-e-inovacao-no-varejo-licoes-de-lideranca-sustentabilidade-e-transformacao-digital\/","title":{"rendered":"Gest\u00e3o Estrat\u00e9gica e Inova\u00e7\u00e3o no Varejo: Li\u00e7\u00f5es de Lideran\u00e7a, Sustentabilidade e Transforma\u00e7\u00e3o Digital"},"content":{"rendered":"<div class=\"woocommerce-product-details\"><\/div>","protected":false},"excerpt":{"rendered":"<p>Neste livro, Carlos Trevisan Junior compartilha sua ampla experi\u00eancia acumulada ao longo de mais de 25 anos de atua\u00e7\u00e3o no varejo e na gest\u00e3o empresarial. A obra aborda de forma pr\u00e1tica e estrat\u00e9gica como l\u00edderes e organiza\u00e7\u00f5es podem enfrentar os desafios do mercado moderno, promovendo a transforma\u00e7\u00e3o digital e a sustentabilidade como pilares fundamentais para o sucesso.Com estudos de caso reais, incluindo a implementa\u00e7\u00e3o do primeiro marketplace em shopping centers no Brasil e projetos inovadores de efici\u00eancia operacional, o autor explora conceitos essenciais para liderar mudan\u00e7as e impulsionar resultados. Al\u00e9m disso, Carlos apresenta insights sobre como alinhar inova\u00e7\u00e3o tecnol\u00f3gica e gest\u00e3o estrat\u00e9gica para criar valor duradouro tanto para empresas quanto para consumidores.Este livro \u00e9 uma leitura indispens\u00e1vel para gestores, empreendedores e profissionais que desejam transformar suas pr\u00e1ticas de neg\u00f3cio, explorar tend\u00eancias do mercado global e se destacar em um ambiente cada vez mais din\u00e2mico e competitivo. Mais do que um guia, Gest\u00e3o Estrat\u00e9gica e Inova\u00e7\u00e3o no Varejo \u00e9 um convite para liderar o futuro com vis\u00e3o, estrat\u00e9gia e prop\u00f3sito.<\/p>","protected":false},"featured_media":93861,"comment_status":"open","ping_status":"closed","template":"","meta":[],"product_cat":[1611,1621,1595],"product_tag":[],"class_list":{"0":"post-93861","1":"product","2":"type-product","3":"status-publish","4":"has-post-thumbnail","5":"product_brand-por-carlos-trevisan-jnior-autor","6":"product_cat-administracao-negocios-e-economia","7":"product_cat-gestao-e-lideranca","8":"product_cat-livros","10":"first","11":"instock","12":"shipping-taxable","13":"purchasable","14":"product-type-simple"},"aioseo_notices":[],"_links":{"self":[{"href":"https:\/\/www.ecommerceupdate.com.br\/be\/wp-json\/wp\/v2\/product\/93861","targetHints":{"allow":["GET"]}}],"collection":[{"href":"https:\/\/www.ecommerceupdate.com.br\/be\/wp-json\/wp\/v2\/product"}],"about":[{"href":"https:\/\/www.ecommerceupdate.com.br\/be\/wp-json\/wp\/v2\/types\/product"}],"replies":[{"embeddable":true,"href":"https:\/\/www.ecommerceupdate.com.br\/be\/wp-json\/wp\/v2\/comments?post=93861"}],"wp:featuredmedia":[{"embeddable":true,"href":"https:\/\/www.ecommerceupdate.com.br\/be\/wp-json\/wp\/v2\/product\/93861"}],"wp:attachment":[{"href":"https:\/\/www.ecommerceupdate.com.br\/be\/wp-json\/wp\/v2\/media?parent=93861"}],"wp:term":[{"taxonomy":"product_cat","embeddable":true,"href":"https:\/\/www.ecommerceupdate.com.br\/be\/wp-json\/wp\/v2\/product_cat?post=93861"},{"taxonomy":"product_tag","embeddable":true,"href":"https:\/\/www.ecommerceupdate.com.br\/be\/wp-json\/wp\/v2\/product_tag?post=93861"}],"curies":[{"name":"wp","href":"https:\/\/api.w.org\/{rel}","templated":true}]}}