{"id":94186,"date":"2026-03-09T08:24:16","date_gmt":"2026-03-09T11:24:16","guid":{"rendered":"https:\/\/www.ecommerceupdate.com.br\/produto\/capa-para-kindle-11a-geracao-2024-e-2022-c2v2l3-e-rs23cv-rigida-sistema-de-hibernacao-fechamento-magnetico-preto\/"},"modified":"2026-05-13T10:53:41","modified_gmt":"2026-05-13T13:53:41","slug":"capa-para-kindle-11a-geracao-2024-e-2022-c2v2l3-e-rs23cv-rigida-sistema-de-hibernacao-fechamento-magnetico-preto","status":"publish","type":"product","link":"https:\/\/www.ecommerceupdate.com.br\/be\/produto\/capa-para-kindle-11a-geracao-2024-e-2022-c2v2l3-e-rs23cv-rigida-sistema-de-hibernacao-fechamento-magnetico-preto\/","title":{"rendered":"Capa Para Kindle 11\u00aa Gera\u00e7\u00e3o 2024 e 2022 (C2V2L3 e RS23CV) &#8211; R\u00edgida &#8211; Sistema de Hiberna\u00e7\u00e3o &#8211; Fechamento Magn\u00e9tico (Preto)"},"content":{"rendered":"<div class=\"woocommerce-product-details\">\n<h3>Da marca<\/h3>\n<div><img decoding=\"async\" src=\"https:\/\/m.media-amazon.com\/images\/S\/aplus-media-library-service-media\/c248faf5-b8a4-4f2f-9d05-4692cdf55ae9.__CR0,0,1464,625_PT0_SX1464_V1___.png\" alt=\"Brand Image\" style=\"max-width: 100%\"><\/div>\n<p>Mavife Kindle Case<\/p>\n<p> Capas coloridas, com al\u00e7a, estilo origami ou transparentes de TPU, unindo prote\u00e7\u00e3o, estilo e praticidade para seu Kindle.<\/p>\n<div id=\"aplus_feature_div\" class=\"celwidget pd_rd_w-hwUoP pd_rd_r-9ZBJCVS9CENS33FJ8PVS pd_rd_wg-9m8Ot\" data-feature-name=\"aplus\" data-csa-c-type=\"widget\" data-csa-c-content-id=\"aplus\" data-csa-c-slot-id=\"aplus_feature_div\" data-csa-c-asin=\"\" data-csa-c-is-in-initial-active-row=\"false\">\n<div id=\"aplus\" class=\"a-section a-spacing-large bucket\">\n<h3 class=\"\">Descri\u00e7\u00e3o do produto<\/h3>\n<div lang=\"pt_BR\">\n<div class=\"aplus-v2 desktop celwidget\">\n<div class=\"celwidget aplus-module premium-module-2-fullbackground-image aplus-premium\">\n<div class=\"a-section a-spacing-none premium-aplus premium-aplus-module-2\">\n<div class=\"a-section a-spacing-none premium-background-wrapper\">\n<div class=\"a-section a-spacing-none background-image\"> <img decoding=\"async\" alt=\"CORES\" src=\"https:\/\/m.media-amazon.com\/images\/S\/aplus-media-library-service-media\/cfecb7a6-8141-4bb5-93cf-a754173e4ea2.__CR0,0,1464,600_PT0_SX1464_V1___.png\" \/> <\/div>\n<\/p>\n<\/div>\n<\/div>\n<\/div>\n<div class=\"celwidget aplus-module premium-module-2-fullbackground-image aplus-premium\">\n<div class=\"a-section a-spacing-none premium-aplus premium-aplus-module-2\">\n<div class=\"a-section a-spacing-none premium-background-wrapper\">\n<div class=\"a-section a-spacing-none background-image\"> <img decoding=\"async\" alt=\"LIGA\/DESLIGA\" src=\"https:\/\/m.media-amazon.com\/images\/S\/aplus-media-library-service-media\/405e4e89-b134-4970-a07a-2d2ebfb41d48.__CR0,0,1464,600_PT0_SX1464_V1___.png\" \/> <\/div>\n<\/p>\n<\/div>\n<\/div>\n<\/div>\n<div class=\"celwidget aplus-module premium-module-3-four-column-images aplus-premium\">\n<div class=\"a-section a-spacing-none premium-aplus premium-aplus-module-3 aplus-container-1\">\n<div class=\"a-section a-spacing-none premium-aplus-four-column\">\n<div class=\"a-section a-spacing-none premium-aplus-column\">\n<div class=\"a-section a-spacing-none {'column-image'}\"> <img decoding=\"async\" alt=\"premium\" src=\"https:\/\/m.media-amazon.com\/images\/S\/aplus-media-library-service-media\/e8c4a304-52cd-4376-9f29-396c1eaa1dd0.__CR0,0,300,225_PT0_SX300_V1___.png\" \/> <\/div>\n<div class=\"a-section a-spacing-none column-heading\">\n<h1 class=\"aplus-h3 a-text-bold\"> Interior de microfibra Premium <\/h1>\n<\/p>\n<\/div>\n<div class=\"a-section a-spacing-none column-description\">\n<p class=\"aplus-p3\"> O tecido premium com microfibra no interior protege e mant\u00e9m sua tela limpa. <\/p>\n<\/p>\n<\/div>\n<\/div>\n<div class=\"a-section a-spacing-none premium-aplus-column\">\n<div class=\"a-section a-spacing-none {'column-image'}\"> <img decoding=\"async\" alt=\"segurando\" src=\"https:\/\/m.media-amazon.com\/images\/S\/aplus-media-library-service-media\/ccd6c59b-8de4-4dff-bc98-db72a4815249.__CR0,0,300,225_PT0_SX300_V1___.png\" \/> <\/div>\n<div class=\"a-section a-spacing-none column-heading\">\n<h1 class=\"aplus-h3 a-text-bold\"> Leitura confort\u00e1vel <\/h1>\n<\/p>\n<\/div>\n<div class=\"a-section a-spacing-none column-description\">\n<p class=\"aplus-p3\"> A capa oferece leitura confort\u00e1vel sem adicionar peso, permitindo longas horas de uso sem desconforto. <\/p>\n<\/p>\n<\/div>\n<\/div>\n<div class=\"a-section a-spacing-none premium-aplus-column\">\n<div class=\"a-section a-spacing-none {'column-image'}\"> <img decoding=\"async\" alt=\"agua\" src=\"https:\/\/m.media-amazon.com\/images\/S\/aplus-media-library-service-media\/56db0131-2b3a-4d86-bead-4bd8bf380673.__CR0,0,300,225_PT0_SX300_V1___.png\" \/> <\/div>\n<div class=\"a-section a-spacing-none column-heading\">\n<h1 class=\"aplus-h3 a-text-bold\"> Resistente \u00e0 \u00e1gua <\/h1>\n<\/p>\n<\/div>\n<div class=\"a-section a-spacing-none column-description\">\n<p class=\"aplus-p3\"> Evite que \u00e1gua ou bebidas danifiquem seu aparelho. Capa resistente e f\u00e1cil de limpar, protege seu Kindle de acidentes. <\/p>\n<\/p>\n<\/div>\n<\/div>\n<div class=\"a-section a-spacing-none premium-aplus-column\">\n<div class=\"a-section a-spacing-none {'column-image'}\"> <img decoding=\"async\" alt=\"cortes precisos\" src=\"https:\/\/m.media-amazon.com\/images\/S\/aplus-media-library-service-media\/93bb760b-62f6-4f75-be64-f441158fac7a.__CR0,0,300,225_PT0_SX300_V1___.png\" \/> <\/div>\n<div class=\"a-section a-spacing-none column-heading\">\n<h1 class=\"aplus-h3 a-text-bold\"> Recortes Precisos <\/h1>\n<\/p>\n<\/div>\n<div class=\"a-section a-spacing-none column-description\">\n<p class=\"aplus-p3\"> Cada abertura alinha-se exatamente com o seu dispositivo, garantindo que voc\u00ea nunca perca o acesso a todas as portas e bot\u00f5es. <\/p>\n<\/p>\n<\/div>\n<\/div>\n<\/div>\n<\/div>\n<\/div>\n<div class=\"celwidget aplus-module premium-module-8-hero-video aplus-premium\">\n<div class=\"a-section a-spacing-none premium-aplus premium-aplus-module-8\">\n<div class=\"a-section a-spacing-none premium-aplus-module-8-video\">\n<div class=\"a-section a-spacing-none video-container\">\n<div id=\"d5f4fd5f-1818-4773-893a-a3d7c10f8a16\" style=\"width:100%;height:100%\">\n<div data-csa-c-component=\"aplus-vse-video-widget\" data-csa-c-content-id=\"amzn1.vse.video.0de390f59bb1415b8be70c6b9d1b048d\" data-csa-c-cs-type=\"vse\" data-csa-c-painter=\"vse-player\" data-csa-c-slot-id=\"aplus-ive-player\" data-csa-c-type=\"widget\" data-csa-op-log-render=\"\" class=\"a-section vse-player-container\">\n<div class=\"vse-airy-container vse-player-container none\">\n<div id=\"ive-aplus-56200-player-label-container\" data-element-id=\"ive-player-label-container\" class=\"a-section a-spacing-none ive-player-label-container\"><span class=\"a-declarative\" data-action=\"a-popover\" data-a-popover=\"{&quot;name&quot;:&quot;ive-aplus-56200-label-type-tooltip&quot;,&quot;width&quot;:&quot;300&quot;,&quot;position&quot;:&quot;triggerRight&quot;,&quot;dataStrategy&quot;:&quot;preload&quot;}\"><a href=\"\/be\/void(0)\/\" role=\"button\" class=\"a-popover-trigger a-declarative ive-player-label-name aok-hidden\"><i class=\"a-icon a-icon-popover\"><\/i><\/a><\/span><\/p>\n<div class=\"a-popover-preload\" id=\"a-popover-ive-aplus-56200-label-type-tooltip\"><span class=\"ive-demo-label-tooltip ive-player-label-tooltip aok-hidden\">O v\u00eddeo mostra o produto em uso.<\/span><span class=\"ive-assembly-label-tooltip ive-player-label-tooltip aok-hidden\">O v\u00eddeo orienta voc\u00ea na configura\u00e7\u00e3o do produto.<\/span><span class=\"ive-comparison-label-tooltip ive-player-label-tooltip aok-hidden\">O v\u00eddeo compara v\u00e1rios produtos.<\/span><span class=\"ive-unboxing-label-tooltip ive-player-label-tooltip aok-hidden\">O v\u00eddeo mostra o produto sendo desembalado.<\/span><\/div>\n<\/p><\/div>\n<\/p><\/div>\n<h1 class=\"vse-video-player-title\"> hero-video<\/h1>\n<p><span data-element-id=\"vse-lightPlayer-content-provider\" class=\"vse-lightPlayer-vendor a-size-mini\"> V\u00eddeo do vendedor<\/span><\/div>\n<\/p>\n<\/div>\n<\/div>\n<\/div>\n<\/div>\n<\/div>\n<div class=\"celwidget aplus-module premium-module-5-comparison-table-scroller aplus-premium\">\n<div class=\"premium-aplus premium-aplus-module-5 aplus-container-3 comparison-table\">\n<h3 class=\"a-text-center aplus-h1 a-text-bold\"> Outras capas para Kindle 11\u00aa Gera\u00e7\u00e3o (C2V2L3 e RS23CV) <\/h3>\n<div id=\"comparison-table-container-4\" data-comparison-name=\"comparison-table-container-4\" class=\"a-section a-spacing-none table-container loading\">\n<div class=\"table-slider scroll-wrapper-bottom\">\n<table class=\"a-bordered a-horizontal-stripes scroll-width\">\n<tr>\n<td class=\"attribute empty\"><\/td>\n<th class=\"aplus-data-column top-header active active-item\"> <a class=\"a-link-normal a-text-normal\" title=\"Noite Estrelada Van Gogh\" href=\"\/be\/dp\/B0DBLZ3QBY\/?ref=emc_p_m_5_i_atc\"> <img decoding=\"async\" alt=\"\" src=\"https:\/\/m.media-amazon.com\/images\/S\/aplus-media-library-service-media\/b4e5394a-a3a9-4589-b92b-f8e2a85c3c8b.__CR0,0,200,225_PT0_SX200_V1___.png\" \/> <\/p>\n<p class=\"product-title\"> Noite Estrelada Van Gogh <\/p>\n<p> <\/a> <\/th>\n<th class=\"aplus-data-column top-header\"> <a class=\"a-link-normal a-text-normal\" title=\"Apricot Flower\" href=\"\/be\/dp\/B0DGBDNPNC\/?ref=emc_p_m_5_i_atc\"> <img decoding=\"async\" alt=\"\" src=\"https:\/\/m.media-amazon.com\/images\/S\/aplus-media-library-service-media\/1d68b307-2a88-43d8-9921-b0a5d465fb00.__CR0,0,200,225_PT0_SX200_V1___.png\" \/> <\/p>\n<p class=\"product-title\"> Apricot Flower <\/p>\n<p> <\/a> <\/th>\n<th class=\"aplus-data-column top-header\"> <a class=\"a-link-normal a-text-normal\" title=\"Constela\u00e7\u00f5es\" href=\"\/be\/dp\/B0DBLZ7L6G\/?ref=emc_p_m_5_i_atc\"> <img decoding=\"async\" alt=\"\" src=\"https:\/\/m.media-amazon.com\/images\/S\/aplus-media-library-service-media\/0a0e69b7-98b5-4709-891f-552e8cfd0a2a.__CR0,0,200,225_PT0_SX200_V1___.png\" \/> <\/p>\n<p class=\"product-title\"> Constela\u00e7\u00f5es <\/p>\n<p> <\/a> <\/th>\n<th class=\"aplus-data-column top-header\"> <a class=\"a-link-normal a-text-normal\" title=\"Pequeno Pr\u00edncipe 2\" href=\"\/be\/dp\/B0DG9RBPTG\/?ref=emc_p_m_5_i_atc\"> <img decoding=\"async\" alt=\"\" src=\"https:\/\/m.media-amazon.com\/images\/S\/aplus-media-library-service-media\/0b9e02c2-22c9-4ff4-96b0-bd962e244276.__CR0,0,200,225_PT0_SX200_V1___.png\" \/> <\/p>\n<p class=\"product-title\"> Pequeno Pr\u00edncipe 2 <\/p>\n<p> <\/a> <\/th>\n<th class=\"aplus-data-column top-header\"> <a class=\"a-link-normal a-text-normal\" title=\"Pequeno Pr\u00edncipe\" href=\"\/be\/dp\/B0D9FZ1GL4\/?ref=emc_p_m_5_i_atc\"> <img decoding=\"async\" alt=\"\" src=\"https:\/\/m.media-amazon.com\/images\/S\/aplus-media-library-service-media\/4d9efe7e-e3fd-41be-a887-39abb6674aa4.__CR0,0,200,225_PT0_SX200_V1___.png\" \/> <\/p>\n<p class=\"product-title\"> Pequeno Pr\u00edncipe <\/p>\n<p> <\/a> <\/th>\n<th class=\"aplus-data-column top-header\"> <a class=\"a-link-normal a-text-normal\" title=\"Noite Sobre o R\u00f3dano\" href=\"\/be\/dp\/B0D9G149JV\/?ref=emc_p_m_5_i_atc\"> <img decoding=\"async\" alt=\"\" src=\"https:\/\/m.media-amazon.com\/images\/S\/aplus-media-library-service-media\/a12eeea3-c7f9-4393-b50d-40e9452a160f.__CR0,0,200,225_PT0_SX200_V1___.png\" \/> <\/p>\n<p class=\"product-title\"> Noite Sobre o R\u00f3dano <\/p>\n<p> <\/a> <\/th>\n<\/tr>\n<tr>\n<td class=\"attribute a-text-bold\">\n<div class=\"comparison-metric-name\" data-inline-content=\"\" data-position=\"triggerRight\"> <span class=\"a-text-bold\"> Avalia\u00e7\u00f5es de clientes <\/span> <\/div>\n<\/td>\n<td class=\"aplus-data-column active active-item\">\n<div class=\"\">\n<div class=\"a-size-base\"> <i class=\"a-icon a-icon-star-small a-star-small-5 a-spacing-none\"><span class=\"a-icon-alt\">4,8 de 5 estrelas<\/span><\/i> <span class=\"a-size-mini a-color-base\">825<\/span> <\/div>\n<\/p>\n<\/div>\n<\/td>\n<td class=\"aplus-data-column\">\n<div class=\"\">\n<div class=\"a-size-base\"> <i class=\"a-icon a-icon-star-small a-star-small-5 a-spacing-none\"><span class=\"a-icon-alt\">4,8 de 5 estrelas<\/span><\/i> <span class=\"a-size-mini a-color-base\">825<\/span> <\/div>\n<\/p>\n<\/div>\n<\/td>\n<td class=\"aplus-data-column\">\n<div class=\"\">\n<div class=\"a-size-base\"> <i class=\"a-icon a-icon-star-small a-star-small-5 a-spacing-none\"><span class=\"a-icon-alt\">4,8 de 5 estrelas<\/span><\/i> <span class=\"a-size-mini a-color-base\">825<\/span> <\/div>\n<\/p>\n<\/div>\n<\/td>\n<td class=\"aplus-data-column\">\n<div class=\"\">\n<div class=\"a-size-base\"> <i class=\"a-icon a-icon-star-small a-star-small-5 a-spacing-none\"><span class=\"a-icon-alt\">4,8 de 5 estrelas<\/span><\/i> <span class=\"a-size-mini a-color-base\">825<\/span> <\/div>\n<\/p>\n<\/div>\n<\/td>\n<td class=\"aplus-data-column\">\n<div class=\"\">\n<div class=\"a-size-base\"> <i class=\"a-icon a-icon-star-small a-star-small-5 a-spacing-none\"><span class=\"a-icon-alt\">4,8 de 5 estrelas<\/span><\/i> <span class=\"a-size-mini a-color-base\">825<\/span> <\/div>\n<\/p>\n<\/div>\n<\/td>\n<td class=\"aplus-data-column\">\n<div class=\"\">\n<div class=\"a-size-base\"> <i class=\"a-icon a-icon-star-small a-star-small-5 a-spacing-none\"><span class=\"a-icon-alt\">4,8 de 5 estrelas<\/span><\/i> <span class=\"a-size-mini a-color-base\">825<\/span> <\/div>\n<\/p>\n<\/div>\n<\/td>\n<\/tr>\n<tr>\n<td class=\"attribute a-text-bold\">\n<div class=\"comparison-metric-name\" data-inline-content=\"\" data-position=\"triggerRight\"> <span class=\"a-text-bold\"> Auto hiberna\u00e7\u00e3o <\/span> <\/div>\n<\/td>\n<td class=\"aplus-data-column active active-item\"> <span class=\"description\"> &#10004; <\/span> <\/td>\n<td class=\"aplus-data-column\"> <span class=\"description\"> &#10004; <\/span> <\/td>\n<td class=\"aplus-data-column\"> <span class=\"description\"> &#10004; <\/span> <\/td>\n<td class=\"aplus-data-column\"> <span class=\"description\"> &#10004; <\/span> <\/td>\n<td class=\"aplus-data-column\"> <span class=\"description\"> &#10004; <\/span> <\/td>\n<td class=\"aplus-data-column\"> <span class=\"description\"> &#10004; <\/span> <\/td>\n<\/tr>\n<tr>\n<td class=\"attribute a-text-bold\">\n<div class=\"comparison-metric-name\" data-inline-content=\"\" data-position=\"triggerRight\"> <span class=\"a-text-bold\"> Fechamento magn\u00e9tico <\/span> <\/div>\n<\/td>\n<td class=\"aplus-data-column active active-item\"> <span class=\"description\"> &#10004; <\/span> <\/td>\n<td class=\"aplus-data-column\"> <span class=\"description\"> &#10004; <\/span> <\/td>\n<td class=\"aplus-data-column\"> <span class=\"description\"> &#10004; <\/span> <\/td>\n<td class=\"aplus-data-column\"> <span class=\"description\"> &#10004; <\/span> <\/td>\n<td class=\"aplus-data-column\"> <span class=\"description\"> &#10004; <\/span> <\/td>\n<td class=\"aplus-data-column\"> <span class=\"description\"> &#10004; <\/span> <\/td>\n<\/tr>\n<tr>\n<td class=\"attribute a-text-bold\">\n<div class=\"comparison-metric-name\" data-inline-content=\"\" data-position=\"triggerRight\"> <span class=\"a-text-bold\"> Compat\u00edvel com modelo C2V2L3 <\/span> <\/div>\n<\/td>\n<td class=\"aplus-data-column active active-item\"> <span class=\"description\"> &#10004; <\/span> <\/td>\n<td class=\"aplus-data-column\"> <span class=\"description\"> &#10004; <\/span> <\/td>\n<td class=\"aplus-data-column\"> <span class=\"description\"> &#10004; <\/span> <\/td>\n<td class=\"aplus-data-column\"> <span class=\"description\"> &#10004; <\/span> <\/td>\n<td class=\"aplus-data-column\"> <span class=\"description\"> &#10004; <\/span> <\/td>\n<td class=\"aplus-data-column\"> <span class=\"description\"> &#10004; <\/span> <\/td>\n<\/tr>\n<tr>\n<td class=\"attribute a-text-bold\">\n<div class=\"comparison-metric-name\" data-inline-content=\"\" data-position=\"triggerRight\"> <span class=\"a-text-bold\"> Compat\u00edvel com modelo RS23CV <\/span> <\/div>\n<\/td>\n<td class=\"aplus-data-column active active-item\"> <span class=\"description\"> &#10004; <\/span> <\/td>\n<td class=\"aplus-data-column\"> <span class=\"description\"> &#10004; <\/span> <\/td>\n<td class=\"aplus-data-column\"> <span class=\"description\"> &#10004; <\/span> <\/td>\n<td class=\"aplus-data-column\"> <span class=\"description\"> &#10004; <\/span> <\/td>\n<td class=\"aplus-data-column\"> <span class=\"description\"> &#10004; <\/span> <\/td>\n<td class=\"aplus-data-column\"> <span class=\"description\"> &#10004; <\/span> <\/td>\n<\/tr>\n<tr>\n<td class=\"attribute a-text-bold\">\n<div class=\"comparison-metric-name\" data-inline-content=\"\" data-position=\"triggerRight\"> <span class=\"a-text-bold\"> Ultra leve <\/span> <\/div>\n<\/td>\n<td class=\"aplus-data-column active active-item\"> <span class=\"description\"> &#10004; <\/span> <\/td>\n<td class=\"aplus-data-column\"> <span class=\"description\"> &#10004; <\/span> <\/td>\n<td class=\"aplus-data-column\"> <span class=\"description\"> &#10004; <\/span> <\/td>\n<td class=\"aplus-data-column\"> <span class=\"description\"> &#10004; <\/span> <\/td>\n<td class=\"aplus-data-column\"> <span class=\"description\"> &#10004; <\/span> <\/td>\n<td class=\"aplus-data-column\"> <span class=\"description\"> &#10004; <\/span> <\/td>\n<\/tr>\n<tr>\n<td class=\"attribute a-text-bold\">\n<div class=\"comparison-metric-name\" data-inline-content=\"\" data-position=\"triggerRight\"> <span class=\"a-text-bold\"> Interior macio em microfibra <\/span> <\/div>\n<\/td>\n<td class=\"aplus-data-column active active-item\"> <span class=\"description\"> &#10004; <\/span> <\/td>\n<td class=\"aplus-data-column\"> <span class=\"description\"> &#10004; <\/span> <\/td>\n<td class=\"aplus-data-column\"> <span class=\"description\"> &#10004; <\/span> <\/td>\n<td class=\"aplus-data-column\"> <span class=\"description\"> &#10004; <\/span> <\/td>\n<td class=\"aplus-data-column\"> <span class=\"description\"> &#10004; <\/span> <\/td>\n<td class=\"aplus-data-column\"> <span class=\"description\"> &#10004; <\/span> <\/td>\n<\/tr>\n<\/table>\n<\/div>\n<\/div>\n<\/div>\n<\/div>\n<div class=\"celwidget aplus-module premium-module-12-nav-carousel aplus-premium\">\n<div class=\"a-section a-spacing-none premium-aplus premium-aplus-module-12 premium-aplus-module-12--top-nav\">\n<div data-module-id=\"5\" class=\"a-section a-spacing-none aplus-carousel-container\">\n<div id=\"premium-aplus-12-carousel-5-id\" data-a-carousel-options=\"{&quot;peek_percentage&quot;:0,&quot;minimum_gutter_width&quot;:0,&quot;show_partial_next&quot;:false,&quot;name&quot;:&quot;premium-aplus-12-carousel-5&quot;}\" aria-label=\"Carrossel de conte\u00fado em destaque\" data-a-display-strategy=\"single\" data-a-transition-strategy=\"slideCircular\" role=\"group\" class=\"a-begin a-carousel-container a-carousel-static a-carousel-display-single a-carousel-transition-slideCircular aplus-image-carousel-container\">\n<div class=\"a-row a-carousel-controls a-carousel-row a-carousel-has-buttons a-carousel-overlay-buttons a-carousel-rounded-buttons\">\n<div class=\"a-carousel-row-inner\">\n<div class=\"a-carousel-col a-carousel-left\"><a class=\"a-carousel-goto-prevpage\" role=\"button\" href=\"#\"><i class=\"a-icon a-icon-previous-rounded\"><span class=\"a-icon-alt\">Previous page<\/span><\/i><\/a><\/div>\n<div class=\"a-carousel-col a-carousel-center\">\n<div class=\"a-carousel-viewport\" role=\"group\">\n<ol class=\"a-carousel\" role=\"list\">\n<li class=\"a-carousel-card aplus-carousel-card\">\n<div class=\"a-section a-spacing-none aplus-card-image\"> <img decoding=\"async\" alt=\"MULHER SEGURANDO CAPA\" src=\"https:\/\/m.media-amazon.com\/images\/S\/aplus-media-library-service-media\/fa7b6bd2-5c12-4d9e-85f7-8e3e2a55ebe3.__CR0,0,1464,600_PT0_SX1464_V1___.jpg\" \/> <\/div>\n<\/li>\n<li class=\"a-carousel-card aplus-carousel-card\">\n<div class=\"a-section a-spacing-none aplus-card-image\"> <img decoding=\"async\" alt=\"BOLSA\" src=\"https:\/\/m.media-amazon.com\/images\/S\/aplus-media-library-service-media\/dd97ec47-e4bc-45ef-8860-ab17f6805a03.__CR0,0,1464,600_PT0_SX1464_V1___.png\" \/> <\/div>\n<\/li>\n<li class=\"a-carousel-card aplus-carousel-card\">\n<div class=\"a-section a-spacing-none aplus-card-image\"> <img decoding=\"async\" alt=\"NA RUA\" src=\"https:\/\/m.media-amazon.com\/images\/S\/aplus-media-library-service-media\/993d162d-a7a6-4266-a54d-5ac791587499.__CR0,0,1464,600_PT0_SX1464_V1___.png\" \/> <\/div>\n<\/li>\n<\/ol><\/div>\n<\/p><\/div>\n<div class=\"a-carousel-col a-carousel-right\"><a class=\"a-carousel-goto-nextpage\" role=\"button\" href=\"#\"><i class=\"a-icon a-icon-next-rounded\"><span class=\"a-icon-alt\">Next page<\/span><\/i><\/a><\/div>\n<\/p><\/div>\n<\/p><\/div>\n<\/div>\n<\/div>\n<\/div>\n<\/div>\n<div class=\"celwidget aplus-module premium-module-11-faq aplus-premium\">\n<div class=\"a-section a-spacing-none premium-aplus premium-aplus-module-11\">\n<div data-faq-block=\"6\" class=\"a-section a-spacing-none aplus-container-2 faqs-container 6\">\n<ul class=\"faq-list\">\n<li id=\"faq-qa-pair-0\" class=\"faq-block\">\n<h3> <span data-faq-question role=\"button\" aria-controls=\"faq-0\" aria-expanded=\"false\"> <\/p>\n<p class=\"aplus-question aplus-p1\"> Como encontrar o modelo do meu Kindle? <\/p>\n<p> <\/span> <\/h3>\n<p class=\"aplus-answer aplus-p2\"> Na parte de tr\u00e1s do dispositivo, em letras mi\u00fadas, voc\u00ea pode encontrar o MODEL NO: C2V2L3 ou RS23CV (Modelo 2022 e 2024) , indicando que \u00e9 um Kindle 11\u00aa Gera\u00e7\u00e3o compat\u00edvel com esta capa. <\/p>\n<\/li>\n<li id=\"faq-qa-pair-1\" class=\"faq-block\">\n<h3> <span data-faq-question role=\"button\" aria-controls=\"faq-1\" aria-expanded=\"false\"> <\/p>\n<p class=\"aplus-question aplus-p1\"> Como funciona a auto hiberna\u00e7\u00e3o? <\/p>\n<p> <\/span> <\/h3>\n<p class=\"aplus-answer aplus-p2\"> A auto hiberna\u00e7\u00e3o ativa o modo de repouso ao fechar a capa, economizando bateria, e &#034;acorda&#034; o Kindle ao abrir. <\/p>\n<\/li>\n<li id=\"faq-qa-pair-2\" class=\"faq-block\">\n<h3> <span data-faq-question role=\"button\" aria-controls=\"faq-2\" aria-expanded=\"false\"> <\/p>\n<p class=\"aplus-question aplus-p1\"> Existem outras cores ou desenhos dispon\u00edveis? <\/p>\n<p> <\/span> <\/h3>\n<p class=\"aplus-answer aplus-p2\"> Sim, h\u00e1 v\u00e1rias cores e desenhos dispon\u00edveis. Acesse a nossa loja e confira todas as op\u00e7\u00f5es. <\/p>\n<\/li>\n<li id=\"faq-qa-pair-3\" class=\"faq-block\">\n<h3> <span data-faq-question role=\"button\" aria-controls=\"faq-3\" aria-expanded=\"false\"> <\/p>\n<p class=\"aplus-question aplus-p1\"> Como funciona o fechamento magn\u00e9tico? <\/p>\n<p> <\/span> <\/h3>\n<p class=\"aplus-answer aplus-p2\"> O fechamento magn\u00e9tico funciona atrav\u00e9s de \u00edm\u00e3s embutidos na capa, que se alinham perfeitamente ao fechar, mantendo-a firmemente fechada. Isso protege o dispositivo e facilita a abertura e o fechamento r\u00e1pidos. <\/p>\n<\/li>\n<\/ul>\n<\/div>\n<\/div>\n<\/div>\n<\/div>\n<\/div>\n<\/div>\n<\/div>\n<table id=\"productDetails_techSpec_section_1\" class=\"a-keyvalue prodDetTable\">\n<tr>\n<th class=\"a-color-secondary a-size-base prodDetSectionEntry\"> Certifica\u00e7\u00e3o <\/th>\n<td class=\"a-size-base prodDetAttrValue\"> &lrm;N\u00e3o aplic\u00e1vel <\/td>\n<\/tr>\n<tr>\n<th class=\"a-color-secondary a-size-base prodDetSectionEntry\"> Caracter\u00edsticas especiais <\/th>\n<td class=\"a-size-base prodDetAttrValue\"> &lrm;Auto liga\/desliga, Fechamento magn\u00e9tico, Leve, Protetor de tela, Resistente \u00e0 poeira <\/td>\n<\/tr>\n<tr>\n<th class=\"a-color-secondary a-size-base prodDetSectionEntry\"> Formato <\/th>\n<td class=\"a-size-base prodDetAttrValue\"> &lrm;Capa <\/td>\n<\/tr>\n<tr>\n<th class=\"a-color-secondary a-size-base prodDetSectionEntry\"> Cor <\/th>\n<td class=\"a-size-base prodDetAttrValue\"> &lrm;Preto <\/td>\n<\/tr>\n<tr>\n<th class=\"a-color-secondary a-size-base prodDetSectionEntry\"> Componentes inclusos <\/th>\n<td class=\"a-size-base prodDetAttrValue\"> &lrm;Capa protetora para Kindle 11Th 2022 e 2024 <\/td>\n<\/tr>\n<tr>\n<th class=\"a-color-secondary a-size-base prodDetSectionEntry\"> N\u00famero de unidades <\/th>\n<td class=\"a-size-base prodDetAttrValue\"> &lrm;1 <\/td>\n<\/tr>\n<tr>\n<th class=\"a-color-secondary a-size-base prodDetSectionEntry\"> Material <\/th>\n<td class=\"a-size-base prodDetAttrValue\"> &lrm;Poliuretano (PU) <\/td>\n<\/tr>\n<tr>\n<th class=\"a-color-secondary a-size-base prodDetSectionEntry\"> Fonte de alimenta\u00e7\u00e3o <\/th>\n<td class=\"a-size-base prodDetAttrValue\"> &lrm;N\u00e3o aplic\u00e1vel <\/td>\n<\/tr>\n<tr>\n<th class=\"a-color-secondary a-size-base prodDetSectionEntry\"> Modelos compat\u00edveis <\/th>\n<td class=\"a-size-base prodDetAttrValue\"> &lrm;Kindle 11Th (C2V2L3 &#8211; RS23CV) <\/td>\n<\/tr>\n<tr>\n<th class=\"a-color-secondary a-size-base prodDetSectionEntry\"> Peso do produto <\/th>\n<td class=\"a-size-base prodDetAttrValue\"> &lrm;90 g <\/td>\n<\/tr>\n<tr>\n<th class=\"a-color-secondary a-size-base prodDetSectionEntry\"> Dimens\u00f5es do produto <\/th>\n<td class=\"a-size-base prodDetAttrValue\"> &lrm;12 x 2 x 17 cm; 90 g <\/td>\n<\/tr>\n<tr>\n<th class=\"a-color-secondary a-size-base prodDetSectionEntry\"> Marca <\/th>\n<td class=\"a-size-base prodDetAttrValue\"> &lrm;Mavife <\/td>\n<\/tr>\n<tr>\n<th class=\"a-color-secondary a-size-base prodDetSectionEntry\"> Funciona a bateria ou pilha? <\/th>\n<td class=\"a-size-base prodDetAttrValue\"> &lrm;N\u00e3o <\/td>\n<\/tr>\n<\/table><\/div>","protected":false},"excerpt":{"rendered":"<p>Da marca Mavife Kindle Case Capas coloridas, com al\u00e7a, estilo origami ou transparentes de TPU, unindo prote\u00e7\u00e3o, estilo e praticidade para seu Kindle. Descri\u00e7\u00e3o do produto Interior de microfibra Premium [&hellip;]<\/p>\n","protected":false},"featured_media":94186,"comment_status":"open","ping_status":"closed","template":"","meta":[],"product_cat":[1918,1901,1900],"product_tag":[2288,2287,2289],"class_list":{"0":"post-94186","1":"product","2":"type-product","3":"status-publish","4":"has-post-thumbnail","5":"product_brand-visite-a-loja-mavife","6":"product_cat-capas","7":"product_cat-e-readers-e-acessorios","8":"product_cat-eletronicos-e-tecnologia","9":"product_tag-capa-kindle-11a-geracao-com-fechamento-magnetico-e-sistema-de-hibernacao","10":"product_tag-capa-rigida-kindle-11a-geracao-2024","11":"product_tag-protecao-kindle-uso-diario-e-viagem","13":"first","14":"instock","15":"shipping-taxable","16":"purchasable","17":"product-type-variable"},"aioseo_notices":[],"_links":{"self":[{"href":"https:\/\/www.ecommerceupdate.com.br\/be\/wp-json\/wp\/v2\/product\/94186","targetHints":{"allow":["GET"]}}],"collection":[{"href":"https:\/\/www.ecommerceupdate.com.br\/be\/wp-json\/wp\/v2\/product"}],"about":[{"href":"https:\/\/www.ecommerceupdate.com.br\/be\/wp-json\/wp\/v2\/types\/product"}],"replies":[{"embeddable":true,"href":"https:\/\/www.ecommerceupdate.com.br\/be\/wp-json\/wp\/v2\/comments?post=94186"}],"wp:featuredmedia":[{"embeddable":true,"href":"https:\/\/www.ecommerceupdate.com.br\/be\/wp-json\/wp\/v2\/product\/94186"}],"wp:attachment":[{"href":"https:\/\/www.ecommerceupdate.com.br\/be\/wp-json\/wp\/v2\/media?parent=94186"}],"wp:term":[{"taxonomy":"product_cat","embeddable":true,"href":"https:\/\/www.ecommerceupdate.com.br\/be\/wp-json\/wp\/v2\/product_cat?post=94186"},{"taxonomy":"product_tag","embeddable":true,"href":"https:\/\/www.ecommerceupdate.com.br\/be\/wp-json\/wp\/v2\/product_tag?post=94186"}],"curies":[{"name":"wp","href":"https:\/\/api.w.org\/{rel}","templated":true}]}}