{"id":94359,"date":"2026-03-12T13:41:33","date_gmt":"2026-03-12T16:41:33","guid":{"rendered":"https:\/\/www.ecommerceupdate.com.br\/produto\/gestao-e-operacao-de-e-commerce-da-estrategia-a-pratica\/"},"modified":"2026-05-03T12:19:07","modified_gmt":"2026-05-03T15:19:07","slug":"gestao-e-operacao-de-e-commerce-da-estrategia-a-pratica","status":"publish","type":"product","link":"https:\/\/www.ecommerceupdate.com.br\/be\/produto\/gestao-e-operacao-de-e-commerce-da-estrategia-a-pratica\/","title":{"rendered":"Gest\u00e3o e Opera\u00e7\u00e3o de E-commerce \u2014 Da Estrat\u00e9gia \u00e0 Pr\u00e1tica"},"content":{"rendered":"<div class=\"woocommerce-product-details\">\n<h3>Detalhes do produto<\/h3>\n<ul>\n<li>ASIN : B0F48PH9VJ<\/li>\n<li>Acessibilidade : Saiba mais<\/li>\n<li>Data da publica\u00e7\u00e3o : 9 abril 2025<\/li>\n<li>Idioma : Portugu\u00eas<\/li>\n<li>Tamanho do arquivo : 176 KB<\/li>\n<li>Leitor de tela : Compat\u00edvel<\/li>\n<li>Configura\u00e7\u00e3o de fonte : Habilitado<\/li>\n<li>Dicas de vocabul\u00e1rio : N\u00e3o habilitado<\/li>\n<li>N\u00famero de p\u00e1ginas : 127 p\u00e1ginas<\/li>\n<li>Page Flip : Habilitado<\/li>\n<li>Idade de leitura : 15 &#8211; 18 anos<\/li>\n<li>Ranking dos mais vendidos: N\u00ba 77.693 em Loja Kindle (Conhe\u00e7a o Top 100 na categoria Loja Kindle) N\u00ba 912 em Computa\u00e7\u00e3o, internet e m\u00eddia digital N\u00ba 2.702 em Neg\u00f3cios e economia<\/li>\n<li>N\u00ba 912 em Computa\u00e7\u00e3o, internet e m\u00eddia digital<\/li>\n<li>N\u00ba 2.702 em Neg\u00f3cios e economia<\/li>\n<li>Avalia\u00e7\u00f5es dos clientes: 5,0 5,0 de 5 estrelas (2)<\/li>\n<\/ul><\/div>","protected":false},"excerpt":{"rendered":"<p>Maximize a efici\u00eancia da gest\u00e3o e opera\u00e7\u00e3o do seu e-commerce, convertendo estrat\u00e9gia em resultados concretos, eliminando gargalos e acelerando decis\u00f5es para ampliar margens e a satisfa\u00e7\u00e3o dos clientes, dispon\u00edvel em formato de eBook Kindle. Este guia oferece passos pr\u00e1ticos, modelos de planejamento e fluxos de trabalho, com estudos de caso que mostram como planejar, executar e medir cada a\u00e7\u00e3o da loja virtual, convidando voc\u00ea a ler mais e aplicar os aprendizados de imediato.<\/p>","protected":false},"featured_media":0,"comment_status":"open","ping_status":"closed","template":"","meta":[],"product_cat":[1611,1608,1607],"product_tag":[2221,2502,2503],"class_list":{"0":"post-94359","1":"product","2":"type-product","3":"status-publish","4":"product_brand-por-vincius-germano-autor-formato-ebook-kindle","5":"product_cat-administracao-negocios-e-economia","6":"product_cat-ebooks-kindle","7":"product_cat-loja-kindle","8":"product_tag-ebook-kindle-gestao-de-e-commerce","9":"product_tag-estrategia-e-operacao-de-loja-online","10":"product_tag-pratica-de-e-commerce-para-empreendedores","12":"first","13":"instock","14":"shipping-taxable","15":"purchasable","16":"product-type-simple"},"aioseo_notices":[],"_links":{"self":[{"href":"https:\/\/www.ecommerceupdate.com.br\/be\/wp-json\/wp\/v2\/product\/94359","targetHints":{"allow":["GET"]}}],"collection":[{"href":"https:\/\/www.ecommerceupdate.com.br\/be\/wp-json\/wp\/v2\/product"}],"about":[{"href":"https:\/\/www.ecommerceupdate.com.br\/be\/wp-json\/wp\/v2\/types\/product"}],"replies":[{"embeddable":true,"href":"https:\/\/www.ecommerceupdate.com.br\/be\/wp-json\/wp\/v2\/comments?post=94359"}],"wp:attachment":[{"href":"https:\/\/www.ecommerceupdate.com.br\/be\/wp-json\/wp\/v2\/media?parent=94359"}],"wp:term":[{"taxonomy":"product_cat","embeddable":true,"href":"https:\/\/www.ecommerceupdate.com.br\/be\/wp-json\/wp\/v2\/product_cat?post=94359"},{"taxonomy":"product_tag","embeddable":true,"href":"https:\/\/www.ecommerceupdate.com.br\/be\/wp-json\/wp\/v2\/product_tag?post=94359"}],"curies":[{"name":"wp","href":"https:\/\/api.w.org\/{rel}","templated":true}]}}