{"id":94362,"date":"2026-03-12T13:42:17","date_gmt":"2026-03-12T16:42:17","guid":{"rendered":"https:\/\/www.ecommerceupdate.com.br\/produto\/a-arte-de-logistica-no-e-commerce-um-guia-completo-para-transformar-operacao-reduzir-custos-e-encantar-o-cliente-no-pais-mais-complexo-da-america-latina\/"},"modified":"2026-05-13T11:02:08","modified_gmt":"2026-05-13T14:02:08","slug":"a-arte-de-logistica-no-e-commerce-um-guia-completo-para-transformar-operacao-reduzir-custos-e-encantar-o-cliente-no-pais-mais-complexo-da-america-latina","status":"publish","type":"product","link":"https:\/\/www.ecommerceupdate.com.br\/be\/produto\/a-arte-de-logistica-no-e-commerce-um-guia-completo-para-transformar-operacao-reduzir-custos-e-encantar-o-cliente-no-pais-mais-complexo-da-america-latina\/","title":{"rendered":"A ARTE DE LOGISTICA NO E-COMMERCE: Um guia completo para transformar opera\u00e7\u00e3o, reduzir custos e encantar o cliente no pa\u00eds mais complexo da Am\u00e9rica Latina"},"content":{"rendered":"<div class=\"woocommerce-product-details\">\n<h3>Detalhes do produto<\/h3>\n<ul>\n<li>ASIN : B0FXVDGZKK<\/li>\n<li>Editora : Marcos Mendes<\/li>\n<li>Acessibilidade : Saiba mais<\/li>\n<li>Data da publica\u00e7\u00e3o : 26 outubro 2025<\/li>\n<li>Idioma : Portugu\u00eas<\/li>\n<li>Tamanho do arquivo : 6.5 MB<\/li>\n<li>Configura\u00e7\u00e3o de fonte : N\u00e3o habilitado<\/li>\n<li>Dicas de vocabul\u00e1rio : N\u00e3o habilitado<\/li>\n<li>Page Flip : N\u00e3o habilitado<\/li>\n<li>Idade de leitura : 16 &#8211; 18 anos<\/li>\n<li>Ranking dos mais vendidos: N\u00ba 508.947 em Loja Kindle (Conhe\u00e7a o Top 100 na categoria Loja Kindle) N\u00ba 195 em Avan\u00e7o de Carreira e Desenvolvimento Profissional N\u00ba 30.827 em Autoajuda e desenvolvimento pessoal<\/li>\n<li>N\u00ba 195 em Avan\u00e7o de Carreira e Desenvolvimento Profissional<\/li>\n<li>N\u00ba 30.827 em Autoajuda e desenvolvimento pessoal<\/li>\n<\/ul><\/div>","protected":false},"excerpt":{"rendered":"<p>Transforme a opera\u00e7\u00e3o do seu e-commerce, reduza custos e encante o cliente com um guia completo que revela estrat\u00e9gias pr\u00e1ticas para vencer no pa\u00eds mais complexo da Am\u00e9rica Latina. Dispon\u00edvel em formato eBook Kindle, o livro oferece etapas acion\u00e1veis para log\u00edstica, gest\u00e3o de estoque e atendimento ao cliente. Descubra como alinhar opera\u00e7\u00f5es, tecnologia e estrat\u00e9gia para resultados reais e seja atra\u00eddo a continuar lendo para aplicar essas t\u00e1ticas no seu neg\u00f3cio.<\/p>","protected":false},"featured_media":94362,"comment_status":"open","ping_status":"closed","template":"","meta":[],"product_cat":[1611,1954,1595],"product_tag":[2479,2495,2494],"class_list":{"0":"post-94362","1":"product","2":"type-product","3":"status-publish","4":"has-post-thumbnail","5":"product_brand-por-marcos-mendes-autor-formato-ebook-kindle","6":"product_cat-administracao-negocios-e-economia","7":"product_cat-carreiras","8":"product_cat-livros","9":"product_tag-ebook-kindle-logistica-e-commerce-brasil","10":"product_tag-experiencia-do-cliente-e-commerce-brasil","11":"product_tag-reducao-de-custos-logistica-e-commerce","13":"first","14":"instock","15":"shipping-taxable","16":"purchasable","17":"product-type-simple"},"aioseo_notices":[],"_links":{"self":[{"href":"https:\/\/www.ecommerceupdate.com.br\/be\/wp-json\/wp\/v2\/product\/94362","targetHints":{"allow":["GET"]}}],"collection":[{"href":"https:\/\/www.ecommerceupdate.com.br\/be\/wp-json\/wp\/v2\/product"}],"about":[{"href":"https:\/\/www.ecommerceupdate.com.br\/be\/wp-json\/wp\/v2\/types\/product"}],"replies":[{"embeddable":true,"href":"https:\/\/www.ecommerceupdate.com.br\/be\/wp-json\/wp\/v2\/comments?post=94362"}],"wp:featuredmedia":[{"embeddable":true,"href":"https:\/\/www.ecommerceupdate.com.br\/be\/wp-json\/wp\/v2\/product\/94362"}],"wp:attachment":[{"href":"https:\/\/www.ecommerceupdate.com.br\/be\/wp-json\/wp\/v2\/media?parent=94362"}],"wp:term":[{"taxonomy":"product_cat","embeddable":true,"href":"https:\/\/www.ecommerceupdate.com.br\/be\/wp-json\/wp\/v2\/product_cat?post=94362"},{"taxonomy":"product_tag","embeddable":true,"href":"https:\/\/www.ecommerceupdate.com.br\/be\/wp-json\/wp\/v2\/product_tag?post=94362"}],"curies":[{"name":"wp","href":"https:\/\/api.w.org\/{rel}","templated":true}]}}