{"id":94403,"date":"2026-03-13T08:58:16","date_gmt":"2026-03-13T11:58:16","guid":{"rendered":"https:\/\/www.ecommerceupdate.com.br\/produto\/pelicula-para-kindle-11a-geracao-2024-e-2022-rs23cv-e-c2v2l3-6-polegadas-antirreflexo-fosca-fd-acessorios\/"},"modified":"2026-05-13T11:07:07","modified_gmt":"2026-05-13T14:07:07","slug":"pelicula-para-kindle-11a-geracao-2024-e-2022-rs23cv-e-c2v2l3-6-polegadas-antirreflexo-fosca-fd-acessorios","status":"publish","type":"product","link":"https:\/\/www.ecommerceupdate.com.br\/be\/produto\/pelicula-para-kindle-11a-geracao-2024-e-2022-rs23cv-e-c2v2l3-6-polegadas-antirreflexo-fosca-fd-acessorios\/","title":{"rendered":"Pel\u00edcula Para Kindle 11\u00aa Gera\u00e7\u00e3o 2024 e 2022 (RS23CV e C2V2L3) 6&#8243; Polegadas &#8211; Antirreflexo &#8211; Fosca \u2013 FD Acess\u00f3rios"},"content":{"rendered":"<div class=\"woocommerce-product-details\">\n<div id=\"aplus_feature_div\" class=\"celwidget pd_rd_w-nkJHv pd_rd_r-MYVC35J8QT3QKX7WXCHX pd_rd_wg-hg5Ip\" data-feature-name=\"aplus\" data-csa-c-type=\"widget\" data-csa-c-content-id=\"aplus\" data-csa-c-slot-id=\"aplus_feature_div\" data-csa-c-asin=\"\" data-csa-c-is-in-initial-active-row=\"false\">\n<div id=\"aplus\" class=\"a-section a-spacing-large bucket\">\n<h3 class=\"\">Descri\u00e7\u00e3o do produto<\/h3>\n<div lang=\"pt_BR\">\n<div class=\"aplus-v2 desktop celwidget\">\n<div class=\"celwidget aplus-module module-11 aplus-standard\">\n<div class=\"aplus-module-wrapper apm-spacing apm-floatnone apm-fixed-width\">\n<div class=\"apm-sidemodule aplus-module-content\">\n<div class=\"apm-hero-image\"> <img decoding=\"async\" alt=\"Pel\u00edcula Para Kindle 11\u00aa Gera\u00e7\u00e3o 2024 e 2022 (RS23CV e C2V2L3) 6&amp;#34; Polegadas\" src=\"https:\/\/m.media-amazon.com\/images\/S\/aplus-media-library-service-media\/9174da4b-8ed6-4700-9ab5-2a43fbd58ac8.__CR0,0,970,300_PT0_SX970_V1___.png\" \/> <\/div>\n<\/p>\n<\/div>\n<\/div>\n<\/div>\n<div class=\"celwidget aplus-module module-9 aplus-standard\">\n<div class=\"aplus-module-wrapper apm-fixed-width apm-spacing\">\n<div class=\"apm-flex\">\n<div class=\"apm-flex-item-third-width\">\n<p class=\"apm-text-center\"> <img decoding=\"async\" alt=\"Pel\u00edcula Para Kindle 11\u00aa Gera\u00e7\u00e3o 2024 e 2022 (RS23CV e C2V2L3) 6&amp;#34; Polegadas\" src=\"https:\/\/m.media-amazon.com\/images\/S\/aplus-media-library-service-media\/84810b18-ab85-4c32-8c24-890c7ac01820.__CR0,0,300,300_PT0_SX300_V1___.png\" \/> <\/p>\n<p> Compatibilidade precisa \u2013 Pel\u00edcula projetada exclusivamente para o Kindle 11\u00aa Gera\u00e7\u00e3o 2024 e 2022 (RS23CV e C2V2L3) 6&#034;, com recorte exato e alta sensibilidade ao toque. <\/p>\n<\/p>\n<\/div>\n<div class=\"apm-flex-item-third-width\">\n<p class=\"apm-text-center\"> <img decoding=\"async\" alt=\"Pel\u00edcula Para Kindle 11\u00aa Gera\u00e7\u00e3o 2024 e 2022 (RS23CV e C2V2L3) 6&amp;#34; Polegadas\" src=\"https:\/\/m.media-amazon.com\/images\/S\/aplus-media-library-service-media\/c456b680-be5b-40a6-96f9-9d215b8604aa.__CR0,0,300,300_PT0_SX300_V1___.png\" \/> <\/p>\n<p> Com recorte preciso e compatibilidade exclusiva para o Kindle 11\u00aa Gera\u00e7\u00e3o 2024 e 2022, mant\u00e9m total sensibilidade ao toque e f\u00e1cil aplica\u00e7\u00e3o, sem bolhas e com longa durabilidade. <\/p>\n<\/p>\n<\/div>\n<div class=\"apm-flex-item-third-width\">\n<p class=\"apm-text-center\"> <img decoding=\"async\" alt=\"Pel\u00edcula Para Kindle 11\u00aa Gera\u00e7\u00e3o 2024 e 2022 (RS23CV e C2V2L3) 6&amp;#34; Polegadas\" src=\"https:\/\/m.media-amazon.com\/images\/S\/aplus-media-library-service-media\/9cac08b8-af64-4261-bac4-aecf0a62ab80.__CR0,0,300,300_PT0_SX300_V1___.png\" \/> <\/p>\n<p> Prote\u00e7\u00e3o premium \u2013 Protege a tela contra riscos, arranh\u00f5es, poeira e marcas de dedos, mantendo o Kindle sempre seguro. <\/p>\n<\/p>\n<\/div>\n<\/div>\n<\/div>\n<\/div>\n<div class=\"celwidget aplus-module module-11 aplus-standard\">\n<div class=\"aplus-module-wrapper apm-spacing apm-floatnone apm-fixed-width\">\n<div class=\"apm-sidemodule aplus-module-content\">\n<div class=\"apm-hero-image\"> <img decoding=\"async\" alt=\"Pel\u00edcula Para Kindle 11\u00aa Gera\u00e7\u00e3o 2024 e 2022 (RS23CV e C2V2L3) 6&amp;#34; Polegadas\" src=\"https:\/\/m.media-amazon.com\/images\/S\/aplus-media-library-service-media\/34ea5cea-6e13-43b5-982e-8a3aaecbc7b6.__CR0,0,970,300_PT0_SX970_V1___.png\" \/> <\/div>\n<\/p>\n<\/div>\n<\/div>\n<\/div>\n<div class=\"celwidget aplus-module module-9 aplus-standard\">\n<div class=\"aplus-module-wrapper apm-fixed-width apm-spacing\">\n<div class=\"apm-flex\">\n<div class=\"apm-flex-item-third-width\">\n<p class=\"apm-text-center\"> <img decoding=\"async\" alt=\"Pel\u00edcula Para Kindle 11\u00aa Gera\u00e7\u00e3o 2024 e 2022 (RS23CV e C2V2L3) 6&amp;#34; Polegadas\" src=\"https:\/\/m.media-amazon.com\/images\/S\/aplus-media-library-service-media\/c448a400-658e-4581-9747-d88725fbff7d.__CR0,0,300,300_PT0_SX300_V1___.png\" \/> <\/p>\n<p> Efeito antirreflexo \u2013 Acabamento fosco que reduz reflexos de luz, proporcionando leitura confort\u00e1vel em ambientes internos e externos. <\/p>\n<\/p>\n<\/div>\n<div class=\"apm-flex-item-third-width\">\n<p class=\"apm-text-center\"> <img decoding=\"async\" alt=\"Pel\u00edcula Para Kindle 11\u00aa Gera\u00e7\u00e3o 2024 e 2022 (RS23CV e C2V2L3) 6&amp;#34; Polegadas\" src=\"https:\/\/m.media-amazon.com\/images\/S\/aplus-media-library-service-media\/c5b68d48-3552-41b7-b477-c472405adaad.__CR0,0,300,300_PT0_SX300_V1___.png\" \/> <\/p>\n<p> Experi\u00eancia natural de leitura \u2013 Superf\u00edcie fosca que simula a textura do papel, sem perder a nitidez da tela. <\/p>\n<\/p>\n<\/div>\n<div class=\"apm-flex-item-third-width\">\n<p class=\"apm-text-center\"> <img decoding=\"async\" alt=\"Pel\u00edcula Para Kindle 11\u00aa Gera\u00e7\u00e3o 2024 e 2022 (RS23CV e C2V2L3) 6&amp;#34; Polegadas\" src=\"https:\/\/m.media-amazon.com\/images\/S\/aplus-media-library-service-media\/1d2d4225-fa61-46e6-87a7-642c31373753.__CR0,0,300,300_PT0_SX300_V1___.png\" \/> <\/p>\n<p> Aplica\u00e7\u00e3o f\u00e1cil e sem bolhas \u2013 Instala\u00e7\u00e3o pr\u00e1tica, ader\u00eancia firme e durabilidade, sem prejudicar a qualidade da tela do Kindle. <\/p>\n<\/p>\n<\/div>\n<\/div>\n<\/div>\n<\/div>\n<div class=\"celwidget aplus-module module-11 aplus-standard\">\n<div class=\"aplus-module-wrapper apm-spacing apm-floatnone apm-fixed-width\">\n<div class=\"apm-sidemodule aplus-module-content\">\n<div class=\"apm-hero-image\"> <img decoding=\"async\" alt=\"FD Acess\u00f3rios\" src=\"https:\/\/m.media-amazon.com\/images\/S\/aplus-media-library-service-media\/74dfe871-fb82-4777-9546-afa5588f71f7.__CR0,0,970,300_PT0_SX970_V1___.png\" \/> <\/div>\n<\/p>\n<\/div>\n<\/div>\n<\/div>\n<\/div>\n<\/div>\n<\/div>\n<\/div>\n<table id=\"productDetails_techSpec_section_1\" class=\"a-keyvalue prodDetTable\">\n<tr>\n<th class=\"a-color-secondary a-size-base prodDetSectionEntry\"> Certifica\u00e7\u00e3o <\/th>\n<td class=\"a-size-base prodDetAttrValue\"> &lrm;N\u00e3o aplic\u00e1vel <\/td>\n<\/tr>\n<tr>\n<th class=\"a-color-secondary a-size-base prodDetSectionEntry\"> Caracter\u00edsticas especiais <\/th>\n<td class=\"a-size-base prodDetAttrValue\"> &lrm;Antirreflexo, Dureza da superf\u00edcie 9 H <\/td>\n<\/tr>\n<tr>\n<th class=\"a-color-secondary a-size-base prodDetSectionEntry\"> Tamanho de tela vertical <\/th>\n<td class=\"a-size-base prodDetAttrValue\"> &lrm;6 Polegadas <\/td>\n<\/tr>\n<tr>\n<th class=\"a-color-secondary a-size-base prodDetSectionEntry\"> Cor <\/th>\n<td class=\"a-size-base prodDetAttrValue\"> &lrm;Kindle 11\u00aa Gera\u00e7\u00e3o 2024 e 2022 <\/td>\n<\/tr>\n<tr>\n<th class=\"a-color-secondary a-size-base prodDetSectionEntry\"> Componentes inclusos <\/th>\n<td class=\"a-size-base prodDetAttrValue\"> &lrm;Pelicula\/Kit de Instala\u00e7\u00e3o <\/td>\n<\/tr>\n<tr>\n<th class=\"a-color-secondary a-size-base prodDetSectionEntry\"> N\u00famero de unidades <\/th>\n<td class=\"a-size-base prodDetAttrValue\"> &lrm;1 <\/td>\n<\/tr>\n<tr>\n<th class=\"a-color-secondary a-size-base prodDetSectionEntry\"> Material <\/th>\n<td class=\"a-size-base prodDetAttrValue\"> &lrm;Cer\u00e2mica <\/td>\n<\/tr>\n<tr>\n<th class=\"a-color-secondary a-size-base prodDetSectionEntry\"> Modelos compat\u00edveis <\/th>\n<td class=\"a-size-base prodDetAttrValue\"> &lrm;Kindle 11\u00aa Gera\u00e7\u00e3o 2022 (C2V2L3), Kindle 11\u00aa Gera\u00e7\u00e3o 2024 (RS23CV) <\/td>\n<\/tr>\n<tr>\n<th class=\"a-color-secondary a-size-base prodDetSectionEntry\"> Peso do produto <\/th>\n<td class=\"a-size-base prodDetAttrValue\"> &lrm;40 g <\/td>\n<\/tr>\n<tr>\n<th class=\"a-color-secondary a-size-base prodDetSectionEntry\"> Dimens\u00f5es do produto <\/th>\n<td class=\"a-size-base prodDetAttrValue\"> &lrm;13 x 8 x 1,27 cm; 40 g <\/td>\n<\/tr>\n<tr>\n<th class=\"a-color-secondary a-size-base prodDetSectionEntry\"> Marca <\/th>\n<td class=\"a-size-base prodDetAttrValue\"> &lrm;FD Acess\u00f3rios <\/td>\n<\/tr>\n<tr>\n<th class=\"a-color-secondary a-size-base prodDetSectionEntry\"> Funciona a bateria ou pilha? <\/th>\n<td class=\"a-size-base prodDetAttrValue\"> &lrm;N\u00e3o <\/td>\n<\/tr>\n<\/table><\/div>","protected":false},"excerpt":{"rendered":"<p>Proteja seus olhos e leia com total clareza gra\u00e7as \u00e0 pel\u00edcula antirreflexo fosca, projetada para Kindle 11\u00aa Gera\u00e7\u00e3o (2024 e 2022) de 6 polegadas. Compat\u00edvel com RS23 CV e C2 V2 L3 e com acabamento que reduz impress\u00f5es digitais, fornece experi\u00eancia de leitura mais confort\u00e1vel sob qualquer ilumina\u00e7\u00e3o. \u00c0 venda pela FD Acess\u00f3rios por R$ 14,90, descubra como instalar facilmente e manter a tela do seu Kindle impec\u00e1vel por mais tempo.<\/p>","protected":false},"featured_media":94403,"comment_status":"open","ping_status":"closed","template":"","meta":[],"product_cat":[1901,1900],"product_tag":[2460,2458,2459],"class_list":{"0":"post-94403","1":"product","2":"type-product","3":"status-publish","4":"has-post-thumbnail","5":"product_brand-visite-a-loja-fd-acessrios","6":"product_cat-e-readers-e-acessorios","7":"product_cat-eletronicos-e-tecnologia","8":"product_tag-fd-acessorios-pelicula-kindle-11a-geracao-6-polegadas","9":"product_tag-pelicula-antirreflexo-fosca-para-kindle-11a-geracao-6-polegadas","10":"product_tag-protecao-de-tela-kindle-6-polegadas-rs23-cv-c2-v2-l3","12":"first","13":"instock","14":"shipping-taxable","15":"purchasable","16":"product-type-simple"},"aioseo_notices":[],"_links":{"self":[{"href":"https:\/\/www.ecommerceupdate.com.br\/be\/wp-json\/wp\/v2\/product\/94403","targetHints":{"allow":["GET"]}}],"collection":[{"href":"https:\/\/www.ecommerceupdate.com.br\/be\/wp-json\/wp\/v2\/product"}],"about":[{"href":"https:\/\/www.ecommerceupdate.com.br\/be\/wp-json\/wp\/v2\/types\/product"}],"replies":[{"embeddable":true,"href":"https:\/\/www.ecommerceupdate.com.br\/be\/wp-json\/wp\/v2\/comments?post=94403"}],"wp:featuredmedia":[{"embeddable":true,"href":"https:\/\/www.ecommerceupdate.com.br\/be\/wp-json\/wp\/v2\/product\/94403"}],"wp:attachment":[{"href":"https:\/\/www.ecommerceupdate.com.br\/be\/wp-json\/wp\/v2\/media?parent=94403"}],"wp:term":[{"taxonomy":"product_cat","embeddable":true,"href":"https:\/\/www.ecommerceupdate.com.br\/be\/wp-json\/wp\/v2\/product_cat?post=94403"},{"taxonomy":"product_tag","embeddable":true,"href":"https:\/\/www.ecommerceupdate.com.br\/be\/wp-json\/wp\/v2\/product_tag?post=94403"}],"curies":[{"name":"wp","href":"https:\/\/api.w.org\/{rel}","templated":true}]}}