{"id":91930,"date":"2026-02-16T05:15:57","date_gmt":"2026-02-16T08:15:57","guid":{"rendered":"https:\/\/www.ecommerceupdate.org\/events-with-calendar-list-pro\/"},"modified":"2026-02-16T05:15:57","modified_gmt":"2026-02-16T08:15:57","slug":"events-with-calendar-list-pro","status":"publish","type":"page","link":"https:\/\/www.ecommerceupdate.com.br\/bg\/events-with-calendar-list-pro\/","title":{"rendered":"events-with-calendar-list-pro"},"content":{"rendered":"<div class='etn-row etn-event-wrapper'>\n        <div class=\"etn-col-md-6 etn-col-lg-20\">\n        <div class=\"etn-event-item\">\n            <!-- thumbnail -->\n            <div class=\"etn-event-thumb\">\n                                    <a\n                        href=\"https:\/\/www.ecommerceupdate.com.br\/bg\/etn\/vtex-day-2026\/\"\n                        aria-label=\"events-with-calendar-list-pro\"\n                    >\n                        <img decoding=\"async\" src=\"https:\/\/www.ecommerceupdate.com.br\/wp-content\/uploads\/2025\/01\/microfone.jpg\" alt=\"\u0418\u0437\u043e\u0431\u0440\u0430\u0436\u0435\u043d\u0438\u0435\">\n                    <\/a>\n                \n                <div class=\"etn-event-category\">\n                    <span>\u0435\u043b\u0435\u043a\u0442\u0440\u043e\u043d\u043d\u0430 \u0442\u044a\u0440\u0433\u043e\u0432\u0438\u044f<\/span> <span>\u0411\u0438\u0437\u043d\u0435\u0441<\/span>                 <\/div>\n                            <\/div>\n            <!-- thumbnail start-->\n\n            <!-- content start-->\n            <div class=\"etn-event-content\">\n                                                            <div class=\"etn-event-location\">\n                            <i class=\"etn-icon etn-location\"><\/i>\n                            \u0421\u0430\u043e \u041f\u0430\u0443\u043b\u043e                        <\/div>\n                    \n                \n                <h3 class=\"etn-title etn-event-title\"><a href=\"https:\/\/www.ecommerceupdate.com.br\/bg\/etn\/vtex-day-2026\/\">\n                    \u0414\u0435\u043d \u043d\u0430 \u0412\u0422\u0415\u041a\u0421 2026<\/a>\n                <\/h3>\n                                    <p>\n                        Consolidado como o maior e mais importante evento de digital commerce do mundo, o\u00a0VTEX DAY\u00a0anuncia as datas de sua edi\u00e7\u00e3o                    <\/p>\n                \n                <div class=\"etn-event-footer\">\n                    <div class=\"etn-event-date\">\n                        \t\t\t<span>\n\t\t\t\t<i class=\"etn-icon etn-calendar\"><\/i>\n\t\t\t\t16\/04\/2026\t\t\t<\/span>\n\t\t                    <\/div>\n                    <div class=\"etn-atend-btn\">\n                                                <a href=\"https:\/\/www.ecommerceupdate.com.br\/bg\/etn\/vtex-day-2026\/\" class=\"etn-btn etn-btn-border\"\n                            title=\"\u0414\u0435\u043d \u043d\u0430 \u0412\u0422\u0415\u041a\u0421 2026\">Attend                            <i class=\"etn-icon etm-arrow-right\"><\/i><\/a>\n                                            <\/div>\n                <\/div>\n            <\/div>\n                        <!-- content end-->\n        <\/div>\n        <!-- etn event item end-->\n    <\/div>\n        <div class=\"etn-col-md-6 etn-col-lg-20\">\n        <div class=\"etn-event-item\">\n            <!-- thumbnail -->\n            <div class=\"etn-event-thumb\">\n                                    <a\n                        href=\"https:\/\/www.ecommerceupdate.com.br\/bg\/etn\/sbc-summit-rio\/\"\n                        aria-label=\"events-with-calendar-list-pro\"\n                    >\n                        <img decoding=\"async\" src=\"https:\/\/www.ecommerceupdate.com.br\/wp-content\/uploads\/2024\/07\/microfone.jpg\" alt=\"\u0418\u0437\u043e\u0431\u0440\u0430\u0436\u0435\u043d\u0438\u0435\">\n                    <\/a>\n                \n                <div class=\"etn-event-category\">\n                    <span>\u0411\u0438\u0437\u043d\u0435\u0441<\/span>                 <\/div>\n                            <\/div>\n            <!-- thumbnail start-->\n\n            <!-- content start-->\n            <div class=\"etn-event-content\">\n                                                            <div class=\"etn-event-location\">\n                            <i class=\"etn-icon etn-location\"><\/i>\n                            \u0420\u0438\u043e \u0434\u0435 \u0416\u0430\u043d\u0435\u0439\u0440\u043e                        <\/div>\n                    \n                \n                <h3 class=\"etn-title etn-event-title\"><a href=\"https:\/\/www.ecommerceupdate.com.br\/bg\/etn\/sbc-summit-rio\/\">\n                    \u0421\u0440\u0435\u0449\u0430 \u043d\u0430 \u0432\u044a\u0440\u0445\u0430 \u043d\u0430 SBC \u0420\u0438\u043e<\/a>\n                <\/h3>\n                                    <p>\n                        O mercado brasileiro de apostas e jogos de azar vive o seu momento de maior transforma\u00e7\u00e3o, e o\u00a0SBC Summit Rio\u00a0consolida-se                    <\/p>\n                \n                <div class=\"etn-event-footer\">\n                    <div class=\"etn-event-date\">\n                        \t\t\t<span>\n\t\t\t\t<i class=\"etn-icon etn-calendar\"><\/i>\n\t\t\t\t03\/03\/2026\t\t\t<\/span>\n\t\t                    <\/div>\n                    <div class=\"etn-atend-btn\">\n                                                <a href=\"#\"  class=\"etn-btn etn-btn-border etn-event-expired\">Expired! <\/a>\n                                            <\/div>\n                <\/div>\n            <\/div>\n                        <!-- content end-->\n        <\/div>\n        <!-- etn event item end-->\n    <\/div>\n        <div class=\"etn-col-md-6 etn-col-lg-20\">\n        <div class=\"etn-event-item\">\n            <!-- thumbnail -->\n            <div class=\"etn-event-thumb\">\n                                    <a\n                        href=\"https:\/\/www.ecommerceupdate.com.br\/bg\/etn\/hotmart-fire-2026\/\"\n                        aria-label=\"events-with-calendar-list-pro\"\n                    >\n                        <img decoding=\"async\" src=\"https:\/\/www.ecommerceupdate.com.br\/wp-content\/uploads\/2025\/05\/microfone-9.jpeg\" alt=\"\u0418\u0437\u043e\u0431\u0440\u0430\u0436\u0435\u043d\u0438\u0435\">\n                    <\/a>\n                \n                <div class=\"etn-event-category\">\n                    <span>\u0411\u0438\u0437\u043d\u0435\u0441<\/span>                 <\/div>\n                            <\/div>\n            <!-- thumbnail start-->\n\n            <!-- content start-->\n            <div class=\"etn-event-content\">\n                                                            <div class=\"etn-event-location\">\n                            <i class=\"etn-icon etn-location\"><\/i>\n                            \u0411\u0435\u043b\u043e \u041e\u0440\u0438\u0437\u043e\u043d\u0442\u0435                        <\/div>\n                    \n                \n                <h3 class=\"etn-title etn-event-title\"><a href=\"https:\/\/www.ecommerceupdate.com.br\/bg\/etn\/hotmart-fire-2026\/\">\n                    \u0425\u043e\u0442\u0435\u043b Hotmart FIRE 2026<\/a>\n                <\/h3>\n                                    <p>\n                        O ecossistema do mercado digital j\u00e1 tem data e local para o seu maior encontro anual. A Hotmart acaba de                    <\/p>\n                \n                <div class=\"etn-event-footer\">\n                    <div class=\"etn-event-date\">\n                        \t\t\t<span>\n\t\t\t\t<i class=\"etn-icon etn-calendar\"><\/i>\n\t\t\t\t10\/09\/2026\t\t\t<\/span>\n\t\t                    <\/div>\n                    <div class=\"etn-atend-btn\">\n                                                <a href=\"https:\/\/www.ecommerceupdate.com.br\/bg\/etn\/hotmart-fire-2026\/\" class=\"etn-btn etn-btn-border\"\n                            title=\"\u0425\u043e\u0442\u0435\u043b Hotmart FIRE 2026\">Attend                            <i class=\"etn-icon etm-arrow-right\"><\/i><\/a>\n                                            <\/div>\n                <\/div>\n            <\/div>\n                        <!-- content end-->\n        <\/div>\n        <!-- etn event item end-->\n    <\/div>\n        <div class=\"etn-col-md-6 etn-col-lg-20\">\n        <div class=\"etn-event-item\">\n            <!-- thumbnail -->\n            <div class=\"etn-event-thumb\">\n                                    <a\n                        href=\"https:\/\/www.ecommerceupdate.com.br\/bg\/etn\/gramado-summit-2026\/\"\n                        aria-label=\"events-with-calendar-list-pro\"\n                    >\n                        <img decoding=\"async\" src=\"https:\/\/www.ecommerceupdate.com.br\/wp-content\/uploads\/2024\/08\/microfone-9.jpg\" alt=\"\u0418\u0437\u043e\u0431\u0440\u0430\u0436\u0435\u043d\u0438\u0435\">\n                    <\/a>\n                \n                <div class=\"etn-event-category\">\n                    <span>\u0435\u043b\u0435\u043a\u0442\u0440\u043e\u043d\u043d\u0430 \u0442\u044a\u0440\u0433\u043e\u0432\u0438\u044f<\/span> <span>\u0411\u0438\u0437\u043d\u0435\u0441<\/span>                 <\/div>\n                            <\/div>\n            <!-- thumbnail start-->\n\n            <!-- content start-->\n            <div class=\"etn-event-content\">\n                                                            <div class=\"etn-event-location\">\n                            <i class=\"etn-icon etn-location\"><\/i>\n                            \u0422\u0440\u0435\u0432\u043d\u0430 \u043f\u043b\u043e\u0449                        <\/div>\n                    \n                \n                <h3 class=\"etn-title etn-event-title\"><a href=\"https:\/\/www.ecommerceupdate.com.br\/bg\/etn\/gramado-summit-2026\/\">\n                    \u0421\u0440\u0435\u0449\u0430 \u043d\u0430 \u0432\u044a\u0440\u0445\u0430 \u0432 \u0413\u0440\u0430\u043c\u0430\u0434\u043e 2026 \u0433<\/a>\n                <\/h3>\n                                    <p>\n                        Em um mundo que acelera cada vez mais em dire\u00e7\u00e3o ao digital, a Gramado Summit anuncia a sua edi\u00e7\u00e3o de                    <\/p>\n                \n                <div class=\"etn-event-footer\">\n                    <div class=\"etn-event-date\">\n                        \t\t\t<span>\n\t\t\t\t<i class=\"etn-icon etn-calendar\"><\/i>\n\t\t\t\t06\/05\/2026\t\t\t<\/span>\n\t\t                    <\/div>\n                    <div class=\"etn-atend-btn\">\n                                                <a href=\"https:\/\/www.ecommerceupdate.com.br\/bg\/etn\/gramado-summit-2026\/\" class=\"etn-btn etn-btn-border\"\n                            title=\"\u0421\u0440\u0435\u0449\u0430 \u043d\u0430 \u0432\u044a\u0440\u0445\u0430 \u0432 \u0413\u0440\u0430\u043c\u0430\u0434\u043e 2026 \u0433\">Attend                            <i class=\"etn-icon etm-arrow-right\"><\/i><\/a>\n                                            <\/div>\n                <\/div>\n            <\/div>\n                        <!-- content end-->\n        <\/div>\n        <!-- etn event item end-->\n    <\/div>\n        <div class=\"etn-col-md-6 etn-col-lg-20\">\n        <div class=\"etn-event-item\">\n            <!-- thumbnail -->\n            <div class=\"etn-event-thumb\">\n                                    <a\n                        href=\"https:\/\/www.ecommerceupdate.com.br\/bg\/etn\/ecommerce-connect-2026\/\"\n                        aria-label=\"events-with-calendar-list-pro\"\n                    >\n                        <img decoding=\"async\" src=\"https:\/\/www.ecommerceupdate.com.br\/wp-content\/uploads\/2025\/05\/microfone-5.jpeg\" alt=\"\u0418\u0437\u043e\u0431\u0440\u0430\u0436\u0435\u043d\u0438\u0435\">\n                    <\/a>\n                \n                <div class=\"etn-event-category\">\n                    <span>\u0435\u043b\u0435\u043a\u0442\u0440\u043e\u043d\u043d\u0430 \u0442\u044a\u0440\u0433\u043e\u0432\u0438\u044f<\/span> <span>\u0411\u0438\u0437\u043d\u0435\u0441<\/span>                 <\/div>\n                            <\/div>\n            <!-- thumbnail start-->\n\n            <!-- content start-->\n            <div class=\"etn-event-content\">\n                                                            <div class=\"etn-event-location\">\n                            <i class=\"etn-icon etn-location\"><\/i>\n                            \u0441\u0430\u043e \u043f\u0430\u0443\u043b\u043e                        <\/div>\n                    \n                \n                <h3 class=\"etn-title etn-event-title\"><a href=\"https:\/\/www.ecommerceupdate.com.br\/bg\/etn\/ecommerce-connect-2026\/\">\n                    Ecommerce Connect 2026<\/a>\n                <\/h3>\n                                    <p>\n                        O mercado digital continua em r\u00e1pida evolu\u00e7\u00e3o, e encontrar as solu\u00e7\u00f5es certas para impulsionar o crescimento do com\u00e9rcio online tornou-se                    <\/p>\n                \n                <div class=\"etn-event-footer\">\n                    <div class=\"etn-event-date\">\n                        \t\t\t<span>\n\t\t\t\t<i class=\"etn-icon etn-calendar\"><\/i>\n\t\t\t\t04\/03\/2026\t\t\t<\/span>\n\t\t                    <\/div>\n                    <div class=\"etn-atend-btn\">\n                                                <a href=\"#\"  class=\"etn-btn etn-btn-border etn-event-expired\">Expired! <\/a>\n                                            <\/div>\n                <\/div>\n            <\/div>\n                        <!-- content end-->\n        <\/div>\n        <!-- etn event item end-->\n    <\/div>\n        <div class=\"etn-col-md-6 etn-col-lg-20\">\n        <div class=\"etn-event-item\">\n            <!-- thumbnail -->\n            <div class=\"etn-event-thumb\">\n                                    <a\n                        href=\"https:\/\/www.ecommerceupdate.com.br\/bg\/etn\/ecom-summit-2026\/\"\n                        aria-label=\"events-with-calendar-list-pro\"\n                    >\n                        <img decoding=\"async\" src=\"https:\/\/www.ecommerceupdate.com.br\/wp-content\/uploads\/2025\/05\/microfone-2.jpeg\" alt=\"\u0418\u0437\u043e\u0431\u0440\u0430\u0436\u0435\u043d\u0438\u0435\">\n                    <\/a>\n                \n                <div class=\"etn-event-category\">\n                    <span>\u0435\u043b\u0435\u043a\u0442\u0440\u043e\u043d\u043d\u0430 \u0442\u044a\u0440\u0433\u043e\u0432\u0438\u044f<\/span> <span>\u0411\u0438\u0437\u043d\u0435\u0441<\/span>                 <\/div>\n                            <\/div>\n            <!-- thumbnail start-->\n\n            <!-- content start-->\n            <div class=\"etn-event-content\">\n                                                            <div class=\"etn-event-location\">\n                            <i class=\"etn-icon etn-location\"><\/i>\n                            \u041a\u043e\u043d\u0433\u0440\u0435\u0441\u0435\u043d \u0446\u0435\u043d\u0442\u044a\u0440 Frei Caneca &amp; Sao Paulo, SP                        <\/div>\n                    \n                \n                <h3 class=\"etn-title etn-event-title\"><a href=\"https:\/\/www.ecommerceupdate.com.br\/bg\/etn\/ecom-summit-2026\/\">\n                    \u0421\u0440\u0435\u0449\u0430 \u043d\u0430 \u0432\u044a\u0440\u0445\u0430 \u043d\u0430 Ecom 2026 \u0433<\/a>\n                <\/h3>\n                                    <p>\n                        Com o mercado de com\u00e9rcio eletr\u00f3nico em constante crescimento, o Ecom Summit anuncia a sua 6\u00aa edi\u00e7\u00e3o, consolidando-se como um                    <\/p>\n                \n                <div class=\"etn-event-footer\">\n                    <div class=\"etn-event-date\">\n                        \t\t\t<span>\n\t\t\t\t<i class=\"etn-icon etn-calendar\"><\/i>\n\t\t\t\t26\/06\/2026\t\t\t<\/span>\n\t\t                    <\/div>\n                    <div class=\"etn-atend-btn\">\n                                                <a href=\"https:\/\/www.ecommerceupdate.com.br\/bg\/etn\/ecom-summit-2026\/\" class=\"etn-btn etn-btn-border\"\n                            title=\"\u0421\u0440\u0435\u0449\u0430 \u043d\u0430 \u0432\u044a\u0440\u0445\u0430 \u043d\u0430 Ecom 2026 \u0433\">Attend                            <i class=\"etn-icon etm-arrow-right\"><\/i><\/a>\n                                            <\/div>\n                <\/div>\n            <\/div>\n                        <!-- content end-->\n        <\/div>\n        <!-- etn event item end-->\n    <\/div>\n        <div class=\"etn-col-md-6 etn-col-lg-20\">\n        <div class=\"etn-event-item\">\n            <!-- thumbnail -->\n            <div class=\"etn-event-thumb\">\n                                    <a\n                        href=\"https:\/\/www.ecommerceupdate.com.br\/bg\/etn\/afiliados-brasil-2026\/\"\n                        aria-label=\"events-with-calendar-list-pro\"\n                    >\n                        <img decoding=\"async\" src=\"https:\/\/www.ecommerceupdate.com.br\/wp-content\/uploads\/2024\/07\/microfone-1.jpg\" alt=\"\u0418\u0437\u043e\u0431\u0440\u0430\u0436\u0435\u043d\u0438\u0435\">\n                    <\/a>\n                \n                <div class=\"etn-event-category\">\n                    <span>\u0435\u043b\u0435\u043a\u0442\u0440\u043e\u043d\u043d\u0430 \u0442\u044a\u0440\u0433\u043e\u0432\u0438\u044f<\/span> <span>\u0411\u0438\u0437\u043d\u0435\u0441<\/span>                 <\/div>\n                            <\/div>\n            <!-- thumbnail start-->\n\n            <!-- content start-->\n            <div class=\"etn-event-content\">\n                                                            <div class=\"etn-event-location\">\n                            <i class=\"etn-icon etn-location\"><\/i>\n                            \u041a\u043e\u043d\u0433\u0440\u0435\u0441\u0435\u043d \u0446\u0435\u043d\u0442\u044a\u0440 Frei Caneca (Rua Frei Caneca, 569 - 4-\u0442\u0438, 5-\u0442\u0438 \u0438 6-\u0442\u0438 \u0435\u0442\u0430\u0436 - \u0423\u0442\u0435\u0445\u0430 - \u0421\u0430\u043e \u041f\u0430\u0443\u043b\u043e \/ SP                        <\/div>\n                    \n                \n                <h3 class=\"etn-title etn-event-title\"><a href=\"https:\/\/www.ecommerceupdate.com.br\/bg\/etn\/afiliados-brasil-2026\/\">\n                    \u041f\u0430\u0440\u0442\u043d\u044c\u043e\u0440\u0438 \u0411\u0440\u0430\u0437\u0438\u043b\u0438\u044f 2026 \u0433<\/a>\n                <\/h3>\n                                    <p>\n                        O Afiliados Brasil, principal e maior evento de Marketing de Afiliados da Am\u00e9rica Latina, anuncia oficialmente a sua edi\u00e7\u00e3o de                    <\/p>\n                \n                <div class=\"etn-event-footer\">\n                    <div class=\"etn-event-date\">\n                        \t\t\t<span>\n\t\t\t\t<i class=\"etn-icon etn-calendar\"><\/i>\n\t\t\t\t28\/05\/2026\t\t\t<\/span>\n\t\t                    <\/div>\n                    <div class=\"etn-atend-btn\">\n                                                <a href=\"https:\/\/www.ecommerceupdate.com.br\/bg\/etn\/afiliados-brasil-2026\/\" class=\"etn-btn etn-btn-border\"\n                            title=\"\u041f\u0430\u0440\u0442\u043d\u044c\u043e\u0440\u0438 \u0411\u0440\u0430\u0437\u0438\u043b\u0438\u044f 2026 \u0433\">Attend                            <i class=\"etn-icon etm-arrow-right\"><\/i><\/a>\n                                            <\/div>\n                <\/div>\n            <\/div>\n                        <!-- content end-->\n        <\/div>\n        <!-- etn event item end-->\n    <\/div>\n    <\/div>","protected":false},"excerpt":{"rendered":"","protected":false},"author":1,"featured_media":0,"parent":0,"menu_order":0,"comment_status":"closed","ping_status":"closed","template":"","meta":{"footnotes":""},"class_list":["post-91930","page","type-page","status-publish"],"aioseo_notices":[],"_links":{"self":[{"href":"https:\/\/www.ecommerceupdate.com.br\/bg\/wp-json\/wp\/v2\/pages\/91930","targetHints":{"allow":["GET"]}}],"collection":[{"href":"https:\/\/www.ecommerceupdate.com.br\/bg\/wp-json\/wp\/v2\/pages"}],"about":[{"href":"https:\/\/www.ecommerceupdate.com.br\/bg\/wp-json\/wp\/v2\/types\/page"}],"author":[{"embeddable":true,"href":"https:\/\/www.ecommerceupdate.com.br\/bg\/wp-json\/wp\/v2\/users\/1"}],"replies":[{"embeddable":true,"href":"https:\/\/www.ecommerceupdate.com.br\/bg\/wp-json\/wp\/v2\/comments?post=91930"}],"version-history":[{"count":0,"href":"https:\/\/www.ecommerceupdate.com.br\/bg\/wp-json\/wp\/v2\/pages\/91930\/revisions"}],"wp:attachment":[{"href":"https:\/\/www.ecommerceupdate.com.br\/bg\/wp-json\/wp\/v2\/media?parent=91930"}],"curies":[{"name":"wp","href":"https:\/\/api.w.org\/{rel}","templated":true}]}}