{"id":91649,"date":"2026-02-07T11:38:51","date_gmt":"2026-02-07T14:38:51","guid":{"rendered":"https:\/\/www.ecommerceupdate.org\/produto\/a-loja-de-tudo-jeff-bezos-e-a-era-da-amazon\/"},"modified":"2026-03-08T20:06:12","modified_gmt":"2026-03-08T23:06:12","slug":"a-loja-de-tudo-jeff-bezos-e-a-era-da-amazon","status":"publish","type":"product","link":"https:\/\/www.ecommerceupdate.com.br\/bg\/produto\/a-loja-de-tudo-jeff-bezos-e-a-era-da-amazon\/","title":{"rendered":"\u041c\u0430\u0433\u0430\u0437\u0438\u043d\u044a\u0442 \u0437\u0430 \u0432\u0441\u0438\u0447\u043a\u043e: \u0414\u0436\u0435\u0444 \u0411\u0435\u0437\u043e\u0441 \u0438 \u0435\u0440\u0430\u0442\u0430 \u043d\u0430 Amazon"},"content":{"rendered":"<div class=\"woocommerce-product-details\">\n<div id=\"aplus_feature_div\" class=\"celwidget\" data-feature-name=\"aplus\" data-csa-c-type=\"widget\" data-csa-c-content-id=\"aplus\" data-csa-c-slot-id=\"aplus_feature_div\" data-csa-c-asin=\"\" data-csa-c-is-in-initial-active-row=\"false\">\n<div id=\"aplus\" class=\"a-section a-spacing-large bucket\">\n<h3 class=\"\">\u041e\u0442 \u0438\u0437\u0434\u0430\u0442\u0435\u043b<\/h3>\n<div lang=\"pt_BR\">\n<div class=\"aplus-v2 desktop celwidget\">\n<div class=\"celwidget aplus-module module-12 aplus-standard\">\n<div class=\"aplus-module-wrapper apm-spacing apm-floatnone apm-fixed-width\">\n<div class=\"apm-sidemodule aplus-module-content\">\n<div class=\"apm-hero-image\"> <img decoding=\"async\" alt=\"amazon, \u043c\u0430\u0433\u0430\u0437\u0438\u043d\u044a\u0442 \u0437\u0430 \u0432\u0441\u0438\u0447\u043a\u043e, \u0414\u0436\u0435\u0444 \u0411\u0435\u0437\u043e\u0441, \u0411\u0440\u0430\u0434 \u0421\u0442\u043e\u0443\u043d, \u043c\u0430\u0433\u0430\u0437\u0438\u043d, \u043f\u0430\u0437\u0430\u0440\u0443\u0432\u0430\u043d\u0435, \u0431\u0438\u0437\u043d\u0435\u0441\" src=\"https:\/\/m.media-amazon.com\/images\/S\/aplus-media\/vc\/7efa9976-3ab8-4a1f-aeea-0cfb612008a4._CR0,0,1347,417_PT0_SX970__.jpg\" \/> <\/div>\n<\/p>\n<\/div>\n<\/div>\n<\/div>\n<div class=\"celwidget aplus-module module-3 aplus-standard\">\n<div class=\"aplus-module-wrapper apm-floatnone apm-fixed-width\">\n<div class=\"apm-sidemodule apm-spacing\">\n<div class=\"apm-sidemodule-imageright\"> <img decoding=\"async\" alt=\"amazon, \u043c\u0430\u0433\u0430\u0437\u0438\u043d\u044a\u0442 \u0437\u0430 \u0432\u0441\u0438\u0447\u043a\u043e, \u0414\u0436\u0435\u0444 \u0411\u0435\u0437\u043e\u0441, \u0411\u0440\u0430\u0434 \u0421\u0442\u043e\u0443\u043d, \u043c\u0430\u0433\u0430\u0437\u0438\u043d, \u043f\u0430\u0437\u0430\u0440\u0443\u0432\u0430\u043d\u0435, \u0431\u0438\u0437\u043d\u0435\u0441\" src=\"https:\/\/m.media-amazon.com\/images\/S\/aplus-media\/vc\/002cae37-e348-4a96-9d59-f3fbedb8fb60._CR0,0,417,417_PT0_SX300__.jpg\" \/> <\/div>\n<div class=\"apm-sidemodule-textleft\">\n<h3 class=\"a-spacing-mini\"> \u041a\u043e\u0439 \u0435 \u0414\u0436\u0435\u0444 \u0411\u0435\u0437\u043e\u0441? <\/h3>\n<p> <span class=\"a-text-bold\">\u0414\u0436\u0435\u0444 \u0411\u0435\u0437\u043e\u0441<\/span> \u043f\u0440\u0435\u0434\u043f\u0440\u0438\u0435\u043c\u0430\u0447, \u043e\u0441\u043d\u043e\u0432\u0430\u0442\u0435\u043b, \u043f\u0440\u0435\u0437\u0438\u0434\u0435\u043d\u0442 \u0438 \u0433\u043b\u0430\u0432\u0435\u043d \u0438\u0437\u043f\u044a\u043b\u043d\u0438\u0442\u0435\u043b\u0435\u043d \u0434\u0438\u0440\u0435\u043a\u0442\u043e\u0440 \u043d\u0430 Amazon\u0422\u043e\u0439 \u0435 \u0440\u043e\u0434\u0435\u043d \u0432 \u0421\u044a\u0435\u0434\u0438\u043d\u0435\u043d\u0438\u0442\u0435 \u0449\u0430\u0442\u0438 \u0438 \u0435 \u0437\u0430\u0432\u044a\u0440\u0448\u0438\u043b \u0435\u043b\u0435\u043a\u0442\u0440\u043e\u0442\u0435\u0445\u043d\u0438\u043a\u0430 \u0438 \u043a\u043e\u043c\u043f\u044e\u0442\u044a\u0440\u043d\u043e \u0438\u043d\u0436\u0435\u043d\u0435\u0440\u0441\u0442\u0432\u043e \u0432 \u041f\u0440\u0438\u043d\u0441\u0442\u044a\u043d\u0441\u043a\u0438\u044f \u0443\u043d\u0438\u0432\u0435\u0440\u0441\u0438\u0442\u0435\u0442\u0412 \u043c\u043e\u043c\u0435\u043d\u0442\u0430 \u043d\u0430\u0439-\u0433\u043e\u043b\u044f\u043c\u0430\u0442\u0430 \u043a\u043e\u043c\u043f\u0430\u043d\u0438\u044f \u0437\u0430 \u043e\u043d\u043b\u0430\u0439\u043d \u0438\u043d\u0442\u0435\u0440\u043d\u0435\u0442 \u043f\u0440\u043e\u0434\u0430\u0436\u0431\u0438 \u0432 \u0441\u0432\u0435\u0442\u0430, Amazon \u0435 \u043e\u0441\u043d\u043e\u0432\u0430\u043d\u0430 \u043f\u0440\u0435\u0437 1994 \u0433\u0411\u043b\u0430\u0433\u043e\u0434\u0430\u0440\u0435\u043d\u0438\u0435 \u043d\u0430 \u043c\u0430\u0433\u0430\u0437\u0438\u043d\u0430 \u0438 \u0440\u0430\u0437\u043b\u0438\u0447\u043d\u0438\u0442\u0435 \u043c\u0443 \u0438\u043d\u0432\u0435\u0441\u0442\u0438\u0446\u0438\u0438, \u0411\u0435\u0437\u043e\u0441 \u0441\u0435 \u043f\u0440\u0435\u0432\u044a\u0440\u043d\u0430 \u0432 \u0435\u0434\u0438\u043d \u043e\u0442 \u043d\u0430\u0439-\u0431\u043e\u0433\u0430\u0442\u0438\u0442\u0435 \u0445\u043e\u0440\u0430 \u0432 \u0438\u0441\u0442\u043e\u0440\u0438\u044f\u0442\u0430, \u0441 \u043f\u0440\u0438\u0431\u043b\u0438\u0437\u0438\u0442\u0435\u043b\u043d\u043e \u0441\u044a\u0441\u0442\u043e\u044f\u043d\u0438\u0435 \u043e\u0442 US$ 113,5 \u043c\u0438\u043b\u0438\u0430\u0440\u0434\u0430. <\/p>\n<\/p>\n<\/div>\n<\/div>\n<\/div>\n<\/div>\n<div class=\"celwidget aplus-module module-4 aplus-standard\">\n<div class=\"aplus-module-wrapper apm-fixed-width apm-spacing\">\n<h3 class=\"a-spacing-small\"> \u041b\u044e\u0431\u043e\u043f\u0438\u0442\u0441\u0442\u0432\u0430 \u0437\u0430 Amazon <\/h3>\n<div class=\"apm-flex\">\n<div class=\"apm-flex-item-fourth-width\">\n<p class=\"apm-text-center\"> <img decoding=\"async\" alt=\"amazon, \u043c\u0430\u0433\u0430\u0437\u0438\u043d\u044a\u0442 \u0437\u0430 \u0432\u0441\u0438\u0447\u043a\u043e, \u0414\u0436\u0435\u0444 \u0411\u0435\u0437\u043e\u0441, \u0411\u0440\u0430\u0434 \u0421\u0442\u043e\u0443\u043d, \u043c\u0430\u0433\u0430\u0437\u0438\u043d, \u043f\u0430\u0437\u0430\u0440\u0443\u0432\u0430\u043d\u0435, \u0431\u0438\u0437\u043d\u0435\u0441\" src=\"https:\/\/m.media-amazon.com\/images\/S\/aplus-media\/vc\/e5c5dd2c-6181-4de0-b0a7-1f1d603c7f33._CR0,0,306,306_PT0_SX220__.jpg\" \/> <\/p>\n<h4 class=\"a-spacing-mini\"> \u0425\u0438\u043b\u044f\u0434\u0438 \u043f\u043e\u0440\u044a\u0447\u043a\u0438 <\/h4>\n<p class=\"a-size-small\"> \u041f\u044a\u0440\u0432\u043e\u0442\u043e \u0441\u0435\u0434\u0430\u043b\u0438\u0449\u0435 \u043d\u0430 \u043a\u043e\u043c\u043f\u0430\u043d\u0438\u044f\u0442\u0430 \u0435 \u0434\u043e\u043c\u044a\u0442 \u043d\u0430 \u043d\u0435\u0439\u043d\u0438\u044f \u043e\u0441\u043d\u043e\u0432\u0430\u0442\u0435\u043b \u0414\u0436\u0435\u0444 \u0411\u0435\u0437\u043e\u0441\u0417\u0430 \u0434\u0430 \u043f\u043e\u0431\u0435\u0440\u0435 \u0433\u043e\u043b\u044f\u043c\u043e\u0442\u043e \u043a\u043e\u043b\u0438\u0447\u0435\u0441\u0442\u0432\u043e \u043f\u043e\u0449\u0430, \u043f\u043e\u043b\u0443\u0447\u0435\u043d\u0430 \u043f\u043e \u0442\u043e\u0432\u0430 \u0432\u0440\u0435\u043c\u0435, \u0442\u044f \u0438\u043c\u0430 \u043c\u043d\u043e\u0433\u043e \u043f\u043e-\u0433\u043e\u043b\u044f\u043c\u0430 \u043f\u043e\u0449\u0435\u043d\u0441\u043a\u0430 \u043a\u0443\u0442\u0438\u044f \u043e\u0442 \u043e\u0431\u0438\u043a\u043d\u043e\u0432\u0435\u043d\u043e. <\/p>\n<\/p>\n<\/div>\n<div class=\"apm-flex-item-fourth-width\">\n<p class=\"apm-text-center\"> <img decoding=\"async\" alt=\"amazon, \u043c\u0430\u0433\u0430\u0437\u0438\u043d\u044a\u0442 \u0437\u0430 \u0432\u0441\u0438\u0447\u043a\u043e, \u0414\u0436\u0435\u0444 \u0411\u0435\u0437\u043e\u0441, \u0411\u0440\u0430\u0434 \u0421\u0442\u043e\u0443\u043d, \u043c\u0430\u0433\u0430\u0437\u0438\u043d, \u043f\u0430\u0437\u0430\u0440\u0443\u0432\u0430\u043d\u0435, \u0431\u0438\u0437\u043d\u0435\u0441\" src=\"https:\/\/m.media-amazon.com\/images\/S\/aplus-media\/vc\/a88a3ea9-5860-4817-b12c-48f02dc5398a._CR0,0,306,306_PT0_SX220__.jpg\" \/> <\/p>\n<h4 class=\"a-spacing-mini\"> \u0418\u0437\u0431\u043e\u0440 \u043d\u0430 \u0438\u043c\u0435 <\/h4>\n<p class=\"a-size-small\"> \u0414\u043e\u043a\u0430\u0442\u043e \u0440\u0435\u0448\u0430\u0432\u0430\u0448\u0435 \u0438\u043c\u0435\u0442\u043e \u043d\u0430 \u043a\u043e\u043c\u043f\u0430\u043d\u0438\u044f\u0442\u0430, \u0411\u0435\u0437\u043e\u0441 \u043e\u0431\u043c\u0438\u0441\u043b\u044f\u0448\u0435 <span class=\"a-text-bold\">\u041a\u0430\u0434\u0430\u0431\u0440\u0430\u0441<\/span> (\u043f\u043e \u043e\u0442\u043d\u043e\u0448\u0435\u043d\u0438\u0435 \u043d\u0430 \u0410\u0431\u0440\u0430\u043a\u0430\u0434\u0430\u0431\u0440\u0430) \u0438 \u0411\u0435\u0437\u043c\u0438\u043b\u043e\u0441\u0442\u0435\u043d (\u043f\u0440\u0435\u0432\u0435\u0434\u0435\u043d\u043e \u0441\u0432\u043e\u0431\u043e\u0434\u043d\u043e \u043a\u0430\u0442\u043e \u0431\u0435\u0437\u043c\u0438\u043b\u043e\u0441\u0442\u0435\u043d \u0438\u043b\u0438 \u0443\u043f\u043e\u0440\u0438\u0442) <span class=\"a-text-italic\">\u0431\u0435\u0437\u043c\u0438\u043b\u043e\u0441\u0442\u0435\u043d<\/span>, \u0430\u0432\u0442\u043e\u043c\u0430\u0442\u0438\u0447\u043d\u043e \u0441\u0435 \u043f\u0440\u0435\u043d\u0430\u0441\u043e\u0447\u0432\u0430 \u043a\u044a\u043c Amazon. <\/p>\n<\/p>\n<\/div>\n<div class=\"apm-flex-item-fourth-width\">\n<p class=\"apm-text-center\"> <img decoding=\"async\" alt=\"amazon, \u043c\u0430\u0433\u0430\u0437\u0438\u043d\u044a\u0442 \u0437\u0430 \u0432\u0441\u0438\u0447\u043a\u043e, \u0414\u0436\u0435\u0444 \u0411\u0435\u0437\u043e\u0441, \u0411\u0440\u0430\u0434 \u0421\u0442\u043e\u0443\u043d, \u043c\u0430\u0433\u0430\u0437\u0438\u043d, \u043f\u0430\u0437\u0430\u0440\u0443\u0432\u0430\u043d\u0435, \u0431\u0438\u0437\u043d\u0435\u0441\" src=\"https:\/\/m.media-amazon.com\/images\/S\/aplus-media\/vc\/15ae2382-c098-49e3-ab39-69ada746c762._CR0,0,306,306_PT0_SX220__.jpg\" \/> <\/p>\n<h4 class=\"a-spacing-mini\"> \u0417\u0432\u044a\u043d\u0435\u0446\u044a\u0442 \u043d\u0430 \u043f\u0440\u043e\u0434\u0430\u0436\u0431\u0438\u0442\u0435 <\/h4>\n<p class=\"a-size-small\"> \u041f\u044a\u0440\u0432\u043e\u043d\u0430\u0447\u0430\u043b\u043d\u043e \u043a\u043e\u043c\u043f\u0430\u043d\u0438\u044f\u0442\u0430 \u0438\u043c\u0430\u0448\u0435 \u0437\u0432\u044a\u043d\u0435\u0446, \u043a\u043e\u0439\u0442\u043e \u0441\u0435 \u0437\u0432\u044a\u043d\u0435\u0448\u0435 \u0432\u0441\u0435\u043a\u0438 \u043f\u044a\u0442, \u043a\u043e\u0433\u0430\u0442\u043e \u0441\u0435 \u0438\u0437\u0432\u044a\u0440\u0448\u0432\u0430\u0448\u0435 \u043f\u0440\u043e\u0434\u0430\u0436\u0431\u0430. \u0421 \u0442\u0435\u0447\u0435\u043d\u0438\u0435 \u043d\u0430 \u0432\u0440\u0435\u043c\u0435\u0442\u043e \u043f\u0440\u043e\u0434\u0430\u0436\u0431\u0438\u0442\u0435 \u0441\u0442\u0430\u043d\u0430\u0445\u0430 \u0442\u043e\u043b\u043a\u043e\u0432\u0430 \u0447\u0435\u0441\u0442\u0438, \u0447\u0435 \u0431\u0435\u0448\u0435 \u0438\u0437\u0442\u0435\u0433\u043b\u0435\u043d. <\/p>\n<\/p>\n<\/div>\n<div class=\"apm-flex-item-fourth-width\">\n<p class=\"apm-text-center\"> <img decoding=\"async\" alt=\"amazon, \u043c\u0430\u0433\u0430\u0437\u0438\u043d\u044a\u0442 \u0437\u0430 \u0432\u0441\u0438\u0447\u043a\u043e, \u0414\u0436\u0435\u0444 \u0411\u0435\u0437\u043e\u0441, \u0411\u0440\u0430\u0434 \u0421\u0442\u043e\u0443\u043d, \u043c\u0430\u0433\u0430\u0437\u0438\u043d, \u043f\u0430\u0437\u0430\u0440\u0443\u0432\u0430\u043d\u0435, \u0431\u0438\u0437\u043d\u0435\u0441\" src=\"https:\/\/m.media-amazon.com\/images\/S\/aplus-media\/vc\/a9cb10f2-b884-46ec-8b3e-7b97635aa106._CR0,0,306,306_PT0_SX220__.jpg\" \/> <\/p>\n<h4 class=\"a-spacing-mini\"> \u041c\u043d\u043e\u0433\u043e \u0434\u043e\u0441\u0442\u0430\u0432\u043a\u0438 <\/h4>\n<p class=\"a-size-small\"> Amazon \u043f\u0440\u0430\u0432\u0438 \u043e\u043a\u043e\u043b\u043e 1,6 \u043c\u0438\u043b\u0438\u043e\u043d\u0430 \u0434\u043e\u0441\u0442\u0430\u0432\u043a\u0438 \u043d\u0430 \u0434\u0435\u043d \u041a\u043e\u043b\u0438\u0447\u0435\u0441\u0442\u0432\u043e\u0442\u043e \u043a\u0430\u0440\u0442\u043e\u043d \u0432 \u0442\u0435\u0437\u0438 \u043a\u0443\u0442\u0438\u0438 \u0431\u0438 \u0431\u0438\u043b\u043e \u0434\u043e\u0441\u0442\u0430\u0442\u044a\u0447\u043d\u043e, \u0437\u0430 \u0434\u0430 \u043f\u043e\u043a\u0440\u0438\u0435 \u043f\u043b\u043e\u0449, \u043f\u043e-\u0433\u043e\u043b\u044f\u043c\u0430 \u043e\u0442 \u041a\u043e\u0441\u0442\u0430 \u0420\u0438\u043a\u0430. <\/p>\n<\/p>\n<\/div>\n<\/div>\n<\/div>\n<\/div>\n<div class=\"celwidget aplus-module module-9 aplus-standard\">\n<div class=\"aplus-module-wrapper apm-fixed-width apm-spacing\">\n<h3 class=\"a-spacing-small\"> \u0414\u0440\u0443\u0433\u0438 \u043a\u043d\u0438\u0433\u0438, \u043a\u043e\u0438\u0442\u043e \u043c\u043e\u0436\u0435 \u0434\u0430 \u0445\u0430\u0440\u0435\u0441\u0430\u0442\u0435 <\/h3>\n<div class=\"apm-flex\">\n<div class=\"apm-flex-item-third-width\">\n<p class=\"apm-text-center\"> <img decoding=\"async\" alt=\"amazon, \u043c\u0430\u0433\u0430\u0437\u0438\u043d\u044a\u0442 \u0437\u0430 \u0432\u0441\u0438\u0447\u043a\u043e, \u0414\u0436\u0435\u0444 \u0411\u0435\u0437\u043e\u0441, \u0411\u0440\u0430\u0434 \u0421\u0442\u043e\u0443\u043d, \u043c\u0430\u0433\u0430\u0437\u0438\u043d, \u043f\u0430\u0437\u0430\u0440\u0443\u0432\u0430\u043d\u0435, \u0431\u0438\u0437\u043d\u0435\u0441, \u0418\u043b\u043e\u043d \u041c\u044a\u0441\u043a\" src=\"https:\/\/m.media-amazon.com\/images\/S\/aplus-media\/vc\/37f5ff55-9b2d-471c-bbe0-f6db9b765a9c._CR0,0,417,417_PT0_SX300__.jpg\" \/> <\/p>\n<\/p>\n<\/div>\n<div class=\"apm-flex-item-third-width\">\n<p class=\"apm-text-center\"> <img decoding=\"async\" alt=\"amazon, \u043c\u0430\u0433\u0430\u0437\u0438\u043d\u044a\u0442 \u043d\u0430 \u0432\u0441\u0438\u0447\u043a\u043e, \u0414\u0436\u0435\u0444 \u0411\u0435\u0437\u043e\u0441, \u0411\u0440\u0430\u0434 \u0421\u0442\u043e\u0443\u043d, \u043c\u0430\u0433\u0430\u0437\u0438\u043d, \u043f\u0430\u0437\u0430\u0440\u0443\u0432\u0430\u043d\u0435, \u0431\u0438\u0437\u043d\u0435\u0441, \u0441\u043f\u0440\u0438\u043d\u0442, google\" src=\"https:\/\/m.media-amazon.com\/images\/S\/aplus-media\/vc\/88c01a54-6448-4280-832e-aabd3f9986ba._CR0,0,417,417_PT0_SX300__.jpg\" \/> <\/p>\n<\/p>\n<\/div>\n<div class=\"apm-flex-item-third-width\">\n<p class=\"apm-text-center\"> <img decoding=\"async\" alt=\"amazon, \u043c\u0430\u0433\u0430\u0437\u0438\u043d\u044a\u0442 \u0437\u0430 \u0432\u0441\u0438\u0447\u043a\u043e, \u0414\u0436\u0435\u0444 \u0411\u0435\u0437\u043e\u0441, \u0411\u0440\u0430\u0434 \u0421\u0442\u043e\u0443\u043d, \u043c\u0430\u0433\u0430\u0437\u0438\u043d, \u043f\u0430\u0437\u0430\u0440\u0443\u0432\u0430\u043d\u0435, \u0431\u0438\u0437\u043d\u0435\u0441, \u043f\u0440\u0438\u043d\u0446\u0438\u043f\u0438\" src=\"https:\/\/m.media-amazon.com\/images\/S\/aplus-media\/vc\/ed2f48bd-d056-450d-8c30-268021a0e687._CR0,0,417,417_PT0_SX300__.jpg\" \/> <\/p>\n<\/p>\n<\/div>\n<\/div>\n<\/div>\n<\/div>\n<div class=\"celwidget aplus-module module-11 aplus-standard\">\n<div class=\"aplus-module-wrapper apm-spacing apm-floatnone apm-fixed-width\">\n<div class=\"apm-sidemodule aplus-module-content\">\n<div class=\"apm-hero-image\"> <img decoding=\"async\" alt=\"amazon, \u043c\u0430\u0433\u0430\u0437\u0438\u043d\u044a\u0442 \u0437\u0430 \u0432\u0441\u0438\u0447\u043a\u043e, \u0414\u0436\u0435\u0444 \u0411\u0435\u0437\u043e\u0441, \u0411\u0440\u0430\u0434 \u0421\u0442\u043e\u0443\u043d, \u043c\u0430\u0433\u0430\u0437\u0438\u043d, \u043f\u0430\u0437\u0430\u0440\u0443\u0432\u0430\u043d\u0435, \u0431\u0438\u0437\u043d\u0435\u0441\" src=\"https:\/\/m.media-amazon.com\/images\/S\/aplus-media\/vc\/4e4bb8a5-cad5-44db-aa4f-2f6cf4606584._CR0,0,1347,417_PT0_SX970__.jpg\" \/> <\/div>\n<\/p>\n<\/div>\n<\/div>\n<\/div>\n<\/div>\n<\/div>\n<\/div>\n<\/div>\n<h3>\u041f\u043e\u0434\u0440\u043e\u0431\u043d\u043e\u0441\u0442\u0438 \u0437\u0430 \u043f\u0440\u043e\u0434\u0443\u043a\u0442\u0430<\/h3>\n<ul>\n<li>ASIN: B00JAJX8OW<\/li>\n<li>\u0418\u0437\u0434\u0430\u0442\u0435\u043b\u0441\u0442\u0432\u043e: Intrinsic<\/li>\n<li>\u0414\u043e\u0441\u0442\u044a\u043f\u043d\u043e\u0441\u0442: \u041d\u0430\u0443\u0447\u0435\u0442\u0435 \u043f\u043e\u0432\u0435\u0447\u0435<\/li>\n<li>\u0414\u0430\u0442\u0430 \u043d\u0430 \u043f\u0443\u0431\u043b\u0438\u043a\u0443\u0432\u0430\u043d\u0435: 1 \u0430\u043f\u0440\u0438\u043b 2014 \u0433<\/li>\n<li>\u0415\u0437\u0438\u043a: \u043f\u043e\u0440\u0442\u0443\u0433\u0430\u043b\u0441\u043a\u0438<\/li>\n<li>\u0420\u0430\u0437\u043c\u0435\u0440 \u043d\u0430 \u0444\u0430\u0439\u043b\u0430: 13.6 MB<\/li>\n<li>\u0415\u043a\u0440\u0430\u043d\u0435\u043d \u0447\u0435\u0442\u0435\u0446: \u0421\u044a\u0432\u043c\u0435\u0441\u0442\u0438\u043c<\/li>\n<li>\u041a\u043e\u043d\u0444\u0438\u0433\u0443\u0440\u0430\u0446\u0438\u044f \u043d\u0430 \u0448\u0440\u0438\u0444\u0442\u0430: \u0410\u043a\u0442\u0438\u0432\u0438\u0440\u0430\u043d<\/li>\n<li>\u0421\u044a\u0432\u0435\u0442\u0438 \u0437\u0430 \u0440\u0435\u0447\u043d\u0438\u043a\u0430: \u041d\u0435 \u0435 \u0430\u043a\u0442\u0438\u0432\u0438\u0440\u0430\u043d\u043e<\/li>\n<li>\u0411\u0440\u043e\u0439 \u0441\u0442\u0440\u0430\u043d\u0438\u0446\u0438 : 484 \u0441\u0442\u0440\u0430\u043d\u0438\u0446\u0438<\/li>\n<li>ISBN-10:9788580574906<\/li>\n<li>ISBN-13:978-8580574906<\/li>\n<li>\u041e\u0431\u0440\u044a\u0449\u0430\u043d\u0435 \u043d\u0430 \u0441\u0442\u0440\u0430\u043d\u0438\u0446\u0430: \u0410\u043a\u0442\u0438\u0432\u0438\u0440\u0430\u043d\u043e<\/li>\n<li>\u041a\u043b\u0430\u0441\u0430\u0446\u0438\u044f \u043d\u0430 \u043d\u0430\u0439-\u043f\u0440\u043e\u0434\u0430\u0432\u0430\u043d\u0438\u0442\u0435: \u2116 68 893 \u0432 Kindle Store (\u0421\u0440\u0435\u0449\u0430 \u0441 \u0442\u043e\u043f 100 \u0432 \u043a\u0430\u0442\u0435\u0433\u043e\u0440\u0438\u044f\u0442\u0430 Kindle Store) \u2116 1363 \u0432 \u0411\u0438\u043e\u0433\u0440\u0430\u0444\u0438\u0438 \u0438 \u0430\u0432\u0442\u043e\u0431\u0438\u043e\u0433\u0440\u0430\u0444\u0438\u0438<\/li>\n<li>1363 \u0432 \u0411\u0438\u043e\u0433\u0440\u0430\u0444\u0438\u0438 \u0438 \u0430\u0432\u0442\u043e\u0431\u0438\u043e\u0433\u0440\u0430\u0444\u0438\u0438<\/li>\n<li>\u041e\u0446\u0435\u043d\u043a\u0438 \u043d\u0430 \u043a\u043b\u0438\u0435\u043d\u0442\u0438: 4.6 4.6 \u043e\u0442 5 \u0437\u0432\u0435\u0437\u0434\u0438 (3 606)<\/li>\n<\/ul><\/div>","protected":false},"excerpt":{"rendered":"<p>A Amazon foi uma pioneira no com\u00e9rcio de livros pela internet e esteve \u00e0 frente da primeira grande febre das pontocom. Mas Jeff Bezos, seu vision\u00e1rio criador, n\u00e3o se contentaria com uma livraria virtual descolada: ele queria que sua empresa dispusesse de uma sele\u00e7\u00e3o ilimitada de produtos a pre\u00e7os radicalmente baixos \u2014 e se tornasse \u201ca loja de tudo\u201d.Com o objetivo de descortinar esse universo, o jornalista Brad Stone obteve acesso in\u00e9dito a funcion\u00e1rios e executivos da Amazon, al\u00e9m de familiares e amigos de Bezos, e o resultado \u00e9 um retrato detalhado da vida na gigante do com\u00e9rcio on-line que exp\u00f5e um mundo de competitividade sem limites. Como outros precursores da tecnologia, entre eles Steve Jobs, Bill Gates e Mark Zuckerberg, Bezos n\u00e3o cede em sua incans\u00e1vel busca por novos mercados, transformando o varejo da mesma forma como Henry Ford revolucionou a ind\u00fastria \u2014 com uma impiedade tamanha que s\u00f3 se iguala \u00e0 sua vontade de oferecer a melhor experi\u00eancia poss\u00edvel ao cliente.A loja de tudo \u00e9 a biografia definitiva da start-up que fez uma das primeiras e maiores apostas na internet e mudou para sempre a nossa forma de ler e de comprar. \u00c9 um relato honesto sobre a empresa mais emblem\u00e1tica da nossa era, bem como um olhar profundamente pessoal sobre o ic\u00f4nico personagem que a criou.Agraciado com o pr\u00eamio de \u201cmelhor livro de neg\u00f3cios de 2013\u201d pelo Financial Times\/Goldman Sachs, tamb\u00e9m foi selecionado entre os melhores t\u00edtulos do ano por publica\u00e7\u00f5es como The Washington Post e Forbes. A obra re\u00fane depoimentos in\u00e9ditos de amigos, familiares, colaboradores e ex-funcion\u00e1rios da Amazon, revelando importantes detalhes de todas as jogadas de Jeff Bezos para tornar a Amazon uma das empresas mais poderosas da atualidade. O livro inclui dezenas de imagens in\u00e9ditas de Jeff Bezos desde a inf\u00e2ncia at\u00e9 se tornar um bilion\u00e1rio do Vale do Sil\u00edcio.\u201c\u00c9 uma grande aula de administra\u00e7\u00e3o de empresas e a biografia de um vision\u00e1rio. Conta como Bezos construiu a maior loja virtual do mundo, quantas besteiras fez e como virou um \u00edcone perseguindo uma s\u00f3 ideia: o poder da rede.\u201d Elio Gaspari, colunista de Folha de S.Paulo e O GloboBest-seller da Veja<\/p>","protected":false},"featured_media":91649,"comment_status":"open","ping_status":"closed","template":"","meta":[],"product_cat":[1625,1608,1607],"product_tag":[],"class_list":{"0":"post-91649","1":"product","2":"type-product","3":"status-publish","4":"has-post-thumbnail","6":"product_brand-por-brad-stone-autor-andrea-gottlieb-de-castro-neves-tradutor-formato-ebook-kindle","7":"product_cat-biografias-e-historias-reais","8":"product_cat-ebooks-kindle","9":"product_cat-loja-kindle","11":"first","12":"instock","13":"sale","14":"shipping-taxable","15":"purchasable","16":"product-type-simple"},"aioseo_notices":[],"_links":{"self":[{"href":"https:\/\/www.ecommerceupdate.com.br\/bg\/wp-json\/wp\/v2\/product\/91649","targetHints":{"allow":["GET"]}}],"collection":[{"href":"https:\/\/www.ecommerceupdate.com.br\/bg\/wp-json\/wp\/v2\/product"}],"about":[{"href":"https:\/\/www.ecommerceupdate.com.br\/bg\/wp-json\/wp\/v2\/types\/product"}],"replies":[{"embeddable":true,"href":"https:\/\/www.ecommerceupdate.com.br\/bg\/wp-json\/wp\/v2\/comments?post=91649"}],"wp:featuredmedia":[{"embeddable":true,"href":"https:\/\/www.ecommerceupdate.com.br\/bg\/wp-json\/wp\/v2\/product\/91649"}],"wp:attachment":[{"href":"https:\/\/www.ecommerceupdate.com.br\/bg\/wp-json\/wp\/v2\/media?parent=91649"}],"wp:term":[{"taxonomy":"product_cat","embeddable":true,"href":"https:\/\/www.ecommerceupdate.com.br\/bg\/wp-json\/wp\/v2\/product_cat?post=91649"},{"taxonomy":"product_tag","embeddable":true,"href":"https:\/\/www.ecommerceupdate.com.br\/bg\/wp-json\/wp\/v2\/product_tag?post=91649"}],"curies":[{"name":"wp","href":"https:\/\/api.w.org\/{rel}","templated":true}]}}