{"id":91668,"date":"2026-02-07T15:20:46","date_gmt":"2026-02-07T18:20:46","guid":{"rendered":"https:\/\/www.ecommerceupdate.org\/produto\/o-estrategista-em-midias-sociais\/"},"modified":"2026-05-11T09:42:03","modified_gmt":"2026-05-11T12:42:03","slug":"o-estrategista-em-midias-sociais","status":"publish","type":"product","link":"https:\/\/www.ecommerceupdate.com.br\/bho\/produto\/o-estrategista-em-midias-sociais\/","title":{"rendered":"O Estrategista em M\u00eddias Sociais"},"content":{"rendered":"<div class=\"woocommerce-product-details\"><\/div>","protected":false},"excerpt":{"rendered":"<p>Domine as estrat\u00e9gias de m\u00eddia social que elevam alcance, engajamento e convers\u00f5es, entregando resultados tang\u00edveis para o seu neg\u00f3cio. Escrito por Christopher Barger, o guia oferece t\u00e1ticas pr\u00e1ticas de planejamento de conte\u00fado, gest\u00e3o de plataformas e m\u00e9tricas de desempenho, dispon\u00edvel no formato eBook Kindle. Descubra como aplicar essas estrat\u00e9gias para transformar sua presen\u00e7a online.<\/p>","protected":false},"featured_media":91668,"comment_status":"open","ping_status":"closed","template":"","meta":[],"product_cat":[1611,1595,1618],"product_tag":[2755,2756,2757],"class_list":{"0":"post-91668","1":"product","2":"type-product","3":"status-publish","4":"has-post-thumbnail","5":"product_brand-por-christopher-barger-autor-formato-ebook-kindle","6":"product_cat-administracao-negocios-e-economia","7":"product_cat-livros","8":"product_cat-marketing-e-vendas","9":"product_tag-ebook-kindle-estrategias-de-midias-sociais","10":"product_tag-guia-pratico-de-gestao-de-redes-sociais-para-profissionais-de-marketing","11":"product_tag-plano-de-conteudo-e-metricas-para-redes-sociais-em-empresas","13":"first","14":"instock","15":"sale","16":"shipping-taxable","17":"purchasable","18":"product-type-simple"},"aioseo_notices":[],"_links":{"self":[{"href":"https:\/\/www.ecommerceupdate.com.br\/bho\/wp-json\/wp\/v2\/product\/91668","targetHints":{"allow":["GET"]}}],"collection":[{"href":"https:\/\/www.ecommerceupdate.com.br\/bho\/wp-json\/wp\/v2\/product"}],"about":[{"href":"https:\/\/www.ecommerceupdate.com.br\/bho\/wp-json\/wp\/v2\/types\/product"}],"replies":[{"embeddable":true,"href":"https:\/\/www.ecommerceupdate.com.br\/bho\/wp-json\/wp\/v2\/comments?post=91668"}],"wp:featuredmedia":[{"embeddable":true,"href":"https:\/\/www.ecommerceupdate.com.br\/bho\/wp-json\/wp\/v2\/product\/91668"}],"wp:attachment":[{"href":"https:\/\/www.ecommerceupdate.com.br\/bho\/wp-json\/wp\/v2\/media?parent=91668"}],"wp:term":[{"taxonomy":"product_cat","embeddable":true,"href":"https:\/\/www.ecommerceupdate.com.br\/bho\/wp-json\/wp\/v2\/product_cat?post=91668"},{"taxonomy":"product_tag","embeddable":true,"href":"https:\/\/www.ecommerceupdate.com.br\/bho\/wp-json\/wp\/v2\/product_tag?post=91668"}],"curies":[{"name":"wp","href":"https:\/\/api.w.org\/{rel}","templated":true}]}}