{"id":91670,"date":"2026-02-07T15:25:52","date_gmt":"2026-02-07T18:25:52","guid":{"rendered":"https:\/\/www.ecommerceupdate.org\/produto\/marketing-digital-e-e-commerce-serie-universitaria\/"},"modified":"2026-05-13T10:08:09","modified_gmt":"2026-05-13T13:08:09","slug":"marketing-digital-e-e-commerce-serie-universitaria","status":"publish","type":"product","link":"https:\/\/www.ecommerceupdate.com.br\/bho\/produto\/marketing-digital-e-e-commerce-serie-universitaria\/","title":{"rendered":"Marketing digital e e-commerce (S\u00e9rie Universit\u00e1ria)"},"content":{"rendered":"<div class=\"woocommerce-product-details\">\n<h3>Detalhes do produto<\/h3>\n<ul>\n<li>ASIN : B087N68N56<\/li>\n<li>Editora : Editora Senac S\u00e3o Paulo<\/li>\n<li>Acessibilidade : Saiba mais<\/li>\n<li>Data da publica\u00e7\u00e3o : 24 abril 2020<\/li>\n<li>Idioma : Portugu\u00eas<\/li>\n<li>Tamanho do arquivo : 5.3 MB<\/li>\n<li>Configura\u00e7\u00e3o de fonte : Habilitado<\/li>\n<li>Dicas de vocabul\u00e1rio : N\u00e3o habilitado<\/li>\n<li>N\u00famero de p\u00e1ginas : 316 p\u00e1ginas<\/li>\n<li>ISBN-13 : 978-8539623112<\/li>\n<li>Page Flip : Habilitado<\/li>\n<li>Ranking dos mais vendidos: N\u00ba 1.064.254 em Loja Kindle (Conhe\u00e7a o Top 100 na categoria Loja Kindle) N\u00ba 831 em Web Marketing N\u00ba 2.842 em Marketing N\u00ba 25.703 em Neg\u00f3cios e economia<\/li>\n<li>N\u00ba 831 em Web Marketing<\/li>\n<li>N\u00ba 2.842 em Marketing<\/li>\n<li>N\u00ba 25.703 em Neg\u00f3cios e economia<\/li>\n<li>Avalia\u00e7\u00f5es dos clientes: 3,8 3,8 de 5 estrelas (3)<\/li>\n<\/ul><\/div>","protected":false},"excerpt":{"rendered":"<p>Domine estrat\u00e9gias de marketing digital e e-commerce para aumentar as vendas, atrair clientes qualificados e impulsionar o crescimento da sua marca. Escrito pelo autor Filipe Belmont, este eBook Kindle da S\u00e9rie Universit\u00e1ria est\u00e1 dispon\u00edvel por apenas R$ 31,00. Prepare-se para t\u00e9cnicas pr\u00e1ticas, estudos de caso reais e um roteiro aplic\u00e1vel que voc\u00ea pode colocar em pr\u00e1tica j\u00e1\u2014acesse o conte\u00fado e comece a transformar seus resultados.<\/p>","protected":false},"featured_media":91670,"comment_status":"open","ping_status":"closed","template":"","meta":[],"product_cat":[1611,1595,1618],"product_tag":[2751,2750,2749],"class_list":{"0":"post-91670","1":"product","2":"type-product","3":"status-publish","4":"has-post-thumbnail","5":"product_brand-por-filipe-belmont-autor-formato-ebook-kindle","6":"product_cat-administracao-negocios-e-economia","7":"product_cat-livros","8":"product_cat-marketing-e-vendas","9":"product_tag-e-book-kindle-para-estudantes-de-administracao-e-marketing","10":"product_tag-filipe-belmont-marketing-digital-livro-universitario","11":"product_tag-marketing-digital-e-commerce-ebook-kindle","13":"first","14":"instock","15":"shipping-taxable","16":"purchasable","17":"product-type-simple"},"aioseo_notices":[],"_links":{"self":[{"href":"https:\/\/www.ecommerceupdate.com.br\/bho\/wp-json\/wp\/v2\/product\/91670","targetHints":{"allow":["GET"]}}],"collection":[{"href":"https:\/\/www.ecommerceupdate.com.br\/bho\/wp-json\/wp\/v2\/product"}],"about":[{"href":"https:\/\/www.ecommerceupdate.com.br\/bho\/wp-json\/wp\/v2\/types\/product"}],"replies":[{"embeddable":true,"href":"https:\/\/www.ecommerceupdate.com.br\/bho\/wp-json\/wp\/v2\/comments?post=91670"}],"wp:featuredmedia":[{"embeddable":true,"href":"https:\/\/www.ecommerceupdate.com.br\/bho\/wp-json\/wp\/v2\/product\/91670"}],"wp:attachment":[{"href":"https:\/\/www.ecommerceupdate.com.br\/bho\/wp-json\/wp\/v2\/media?parent=91670"}],"wp:term":[{"taxonomy":"product_cat","embeddable":true,"href":"https:\/\/www.ecommerceupdate.com.br\/bho\/wp-json\/wp\/v2\/product_cat?post=91670"},{"taxonomy":"product_tag","embeddable":true,"href":"https:\/\/www.ecommerceupdate.com.br\/bho\/wp-json\/wp\/v2\/product_tag?post=91670"}],"curies":[{"name":"wp","href":"https:\/\/api.w.org\/{rel}","templated":true}]}}