{"id":93389,"date":"2026-03-04T00:24:52","date_gmt":"2026-03-04T03:24:52","guid":{"rendered":"https:\/\/www.ecommerceupdate.com.br\/produto\/alibaba-a-gigante-do-comercio-eletronico-o-imprerio-construido-por-jack-ma\/"},"modified":"2026-05-11T09:49:55","modified_gmt":"2026-05-11T12:49:55","slug":"alibaba-a-gigante-do-comercio-eletronico-o-imprerio-construido-por-jack-ma","status":"publish","type":"product","link":"https:\/\/www.ecommerceupdate.com.br\/bho\/produto\/alibaba-a-gigante-do-comercio-eletronico-o-imprerio-construido-por-jack-ma\/","title":{"rendered":"Alibaba, a gigante do com\u00e9rcio eletr\u00f4nico: O Impr\u00e9rio Constru\u00eddo por Jack Ma"},"content":{"rendered":"<div class=\"woocommerce-product-details\"><\/div>","protected":false},"excerpt":{"rendered":"<p>Obtenha insights estrat\u00e9gicos sobre como o maior gigante do com\u00e9rcio eletr\u00f4nico transformou mercados globais e redefiniu modelos de neg\u00f3cios, oferecendo uma base pr\u00e1tica para orientar decis\u00f5es na sua empresa. A obra analisa o imp\u00e9rio constru\u00eddo por Jack Ma, com uma vis\u00e3o detalhada de lideran\u00e7a, inova\u00e7\u00e3o e governan\u00e7a, escrita por Duncan Clark e traduzida por Eduardo Rieche. Dispon\u00edvel por R$ 25,16, este livro convida voc\u00ea a explorar li\u00e7\u00f5es aplic\u00e1veis a gest\u00e3o, opera\u00e7\u00f5es e estrat\u00e9gias digitais que podem impulsionar o crescimento do seu neg\u00f3cio.<\/p>","protected":false},"featured_media":93389,"comment_status":"open","ping_status":"closed","template":"","meta":[],"product_cat":[1611,1613,1595],"product_tag":[2675,2676,2674],"class_list":{"0":"post-93389","1":"product","2":"type-product","3":"status-publish","4":"has-post-thumbnail","5":"product_brand-por-duncan-clark-autor-eduardo-rieche-tradutor","6":"product_cat-administracao-negocios-e-economia","7":"product_cat-industrias-e-profissoes","8":"product_cat-livros","9":"product_tag-alibaba-e-commerce-plataforma-b2b-b2c-livro","10":"product_tag-estudo-de-caso-para-empreendedores-e-gestao-empresarial","11":"product_tag-livro-de-negocios-alibaba-jack-ma-analise-estrategica","13":"first","14":"instock","15":"sale","16":"shipping-taxable","17":"purchasable","18":"product-type-simple"},"aioseo_notices":[],"_links":{"self":[{"href":"https:\/\/www.ecommerceupdate.com.br\/bho\/wp-json\/wp\/v2\/product\/93389","targetHints":{"allow":["GET"]}}],"collection":[{"href":"https:\/\/www.ecommerceupdate.com.br\/bho\/wp-json\/wp\/v2\/product"}],"about":[{"href":"https:\/\/www.ecommerceupdate.com.br\/bho\/wp-json\/wp\/v2\/types\/product"}],"replies":[{"embeddable":true,"href":"https:\/\/www.ecommerceupdate.com.br\/bho\/wp-json\/wp\/v2\/comments?post=93389"}],"wp:featuredmedia":[{"embeddable":true,"href":"https:\/\/www.ecommerceupdate.com.br\/bho\/wp-json\/wp\/v2\/product\/93389"}],"wp:attachment":[{"href":"https:\/\/www.ecommerceupdate.com.br\/bho\/wp-json\/wp\/v2\/media?parent=93389"}],"wp:term":[{"taxonomy":"product_cat","embeddable":true,"href":"https:\/\/www.ecommerceupdate.com.br\/bho\/wp-json\/wp\/v2\/product_cat?post=93389"},{"taxonomy":"product_tag","embeddable":true,"href":"https:\/\/www.ecommerceupdate.com.br\/bho\/wp-json\/wp\/v2\/product_tag?post=93389"}],"curies":[{"name":"wp","href":"https:\/\/api.w.org\/{rel}","templated":true}]}}