{"id":93663,"date":"2026-03-05T14:04:42","date_gmt":"2026-03-05T17:04:42","guid":{"rendered":"https:\/\/www.ecommerceupdate.com.br\/produto\/mercado-livre-desvendado-venda-como-um-especialista-e-lucre-mesmo-comecando-do-zero\/"},"modified":"2026-05-13T10:29:11","modified_gmt":"2026-05-13T13:29:11","slug":"mercado-livre-desvendado-venda-como-um-especialista-e-lucre-mesmo-comecando-do-zero","status":"publish","type":"product","link":"https:\/\/www.ecommerceupdate.com.br\/bho\/produto\/mercado-livre-desvendado-venda-como-um-especialista-e-lucre-mesmo-comecando-do-zero\/","title":{"rendered":"Mercado Livre Desvendado: Venda Como um Especialista e Lucre Mesmo Come\u00e7ando do Zero"},"content":{"rendered":"<div class=\"woocommerce-product-details\">\n<h3>Detalhes do produto<\/h3>\n<ul>\n<li>ASIN : B0DR9K763M<\/li>\n<li>Acessibilidade : Saiba mais<\/li>\n<li>Data da publica\u00e7\u00e3o : 23 dezembro 2024<\/li>\n<li>Idioma : Portugu\u00eas<\/li>\n<li>Tamanho do arquivo : 456 KB<\/li>\n<li>Configura\u00e7\u00e3o de fonte : Habilitado<\/li>\n<li>Dicas de vocabul\u00e1rio : N\u00e3o habilitado<\/li>\n<li>Page Flip : Habilitado<\/li>\n<li>Ranking dos mais vendidos: N\u00ba 168.157 em Loja Kindle (Conhe\u00e7a o Top 100 na categoria Loja Kindle) N\u00ba 6.184 em Neg\u00f3cios e economia<\/li>\n<li>N\u00ba 6.184 em Neg\u00f3cios e economia<\/li>\n<li>Avalia\u00e7\u00f5es dos clientes: 2,5 2,5 de 5 estrelas (2)<\/li>\n<\/ul><\/div>","protected":false},"excerpt":{"rendered":"<p>Mercado Livre Desvendado: Venda Como um Especialista e Lucre Mesmo Come\u00e7ando do Zero&#8221; \u00e9 o guia definitivo para quem deseja transformar o Mercado Livre em uma poderosa fonte de renda, mesmo sem experi\u00eancia pr\u00e9via no mercado digital. <\/p>\n<p>Neste eBook, voc\u00ea encontrar\u00e1 um passo a passo pr\u00e1tico e direto para iniciar, crescer e escalar suas vendas no maior marketplace da Am\u00e9rica Latina. N\u00e3o importa se voc\u00ea est\u00e1 come\u00e7ando do zero ou j\u00e1 tem algum conhecimento: o conte\u00fado foi criado para atender a todos que desejam alcan\u00e7ar resultados reais e sustent\u00e1veis.<\/p>\n<p>O que voc\u00ea vai aprender:<span class=\"a-text-bold\">Como criar sua conta do zero:<\/span><span> Configure sua loja de forma profissional e entenda as melhores pr\u00e1ticas para come\u00e7ar.<\/span>Como criar sua conta do zero: Configure sua loja de forma profissional e entenda as melhores pr\u00e1ticas para come\u00e7ar.<span class=\"a-text-bold\">Escolha de produtos vencedores:<\/span><span> Identifique nichos lucrativos e produtos com alta demanda usando ferramentas como Google Trends e Mercado Livre Insights.<\/span>Escolha de produtos vencedores: Identifique nichos lucrativos e produtos com alta demanda usando ferramentas como Google Trends e Mercado Livre Insights.<span class=\"a-text-bold\">Cria\u00e7\u00e3o de an\u00fancios irresist\u00edveis:<\/span><span> Descubra como tirar fotos de qualidade, escrevendo especificamente que vendem e precificar seus produtos para atrair mais clientes.<\/span>Cria\u00e7\u00e3o de an\u00fancios irresist\u00edveis: Descubra como tirar fotos de qualidade, escrevendo especificamente que vendem e precificar seus produtos para atrair mais clientes.<span class=\"a-text-bold\">Gest\u00e3o eficiente:<\/span><span> Aprenda a organizar seu estoque, monitorar suas vendas e gerenciar sua decis\u00e3o no Mercado Livre.<\/span>Gest\u00e3o eficiente: Aprenda a organizar seu estoque, monitorar suas vendas e gerenciar sua decis\u00e3o no Mercado Livre.<span class=\"a-text-bold\">Estrat\u00e9gias de escala:<\/span><span> Saiba como usar o Mercado Ads para aumentar a visibilidade de seus produtos, ampliar seu cat\u00e1logo e automatizar processos para crescer de forma consistente.<\/span>Estrat\u00e9gias de escala: Saiba como usar o Mercado Ads para aumentar a visibilidade de seus produtos, ampliar seu cat\u00e1logo e automatizar processos para crescer de forma consistente.Al\u00e9m de ensinar as t\u00e9cnicas e ferramentas, este eBook oferece hist\u00f3rias reais de sucesso para inspirar voc\u00ea a persistir e alcan\u00e7ar seus objetivos.<br \/>Extras inclu\u00eddos:<span>Checklist pr\u00e1tico com todos os passos para come\u00e7ar no Mercado Livre.<\/span>Checklist pr\u00e1tico com todos os passos para come\u00e7ar no Mercado Livre.<span>Modelo de planilha para gest\u00e3o de estoque e finan\u00e7as.<\/span>Modelo de planilha para gest\u00e3o de estoque e finan\u00e7as.<span>Templates no Canva para criar an\u00fancios profissionais.<\/span>Templates no Canva para criar an\u00fancios profissionais.<span>Links \u00fateis para ferramentas recomendadas, como Melhor Envio, Pluga.co e muito mais.<\/span>Links \u00fateis para ferramentas recomendadas, como Melhor Envio, Pluga.co e muito mais.Por que este eBook \u00e9 diferente?<br \/>Escrito de forma simples e objetiva, este material foi criado para ajudar qualquer pessoa, independentemente de sua experi\u00eancia, a alcan\u00e7ar resultados expressivos no Mercado Livre. Ele \u00e9 mais do que um manual: \u00e9 um mapa para transformar seu tempo, dedica\u00e7\u00e3o e esfor\u00e7o em um neg\u00f3cio lucrativo.<\/p>\n<p>Mensagem inspirada:<br \/>Este e-book n\u00e3o oferece apenas estrat\u00e9gias pr\u00e1ticas, mas tamb\u00e9m refor\u00e7a a import\u00e2ncia da perseveran\u00e7a e da confian\u00e7a em Deus para superar desafios e construir uma trajet\u00f3ria de sucesso. Como est\u00e1 escrito em Prov\u00e9rbios 16:3: &#8220;Consagre ao Senhor tudo o que voc\u00ea faz, e os seus planos ser\u00e3o bem-sucedidos.&#8221;<br \/>Se voc\u00ea est\u00e1 em busca de liberdade financeira e deseja dar o primeiro passo para mudar sua vida, este eBook \u00e9 para voc\u00ea.<\/p>\n<p>A hora de come\u00e7ar \u00e9 agora! Transforme seus sonhos em realidade e conquiste seu lugar de destaque no Mercado Livre. O pr\u00f3ximo grande caso de sucesso pode ser o seu.<\/p>","protected":false},"featured_media":93663,"comment_status":"open","ping_status":"closed","template":"","meta":[],"product_cat":[1611,1608,1607],"product_tag":[],"class_list":{"0":"post-93663","1":"product","2":"type-product","3":"status-publish","4":"has-post-thumbnail","5":"product_brand-por-jhouvas-souza-autor-formato-ebook-kindle","6":"product_cat-administracao-negocios-e-economia","7":"product_cat-ebooks-kindle","8":"product_cat-loja-kindle","10":"first","11":"instock","12":"shipping-taxable","13":"purchasable","14":"product-type-simple"},"aioseo_notices":[],"_links":{"self":[{"href":"https:\/\/www.ecommerceupdate.com.br\/bho\/wp-json\/wp\/v2\/product\/93663","targetHints":{"allow":["GET"]}}],"collection":[{"href":"https:\/\/www.ecommerceupdate.com.br\/bho\/wp-json\/wp\/v2\/product"}],"about":[{"href":"https:\/\/www.ecommerceupdate.com.br\/bho\/wp-json\/wp\/v2\/types\/product"}],"replies":[{"embeddable":true,"href":"https:\/\/www.ecommerceupdate.com.br\/bho\/wp-json\/wp\/v2\/comments?post=93663"}],"wp:featuredmedia":[{"embeddable":true,"href":"https:\/\/www.ecommerceupdate.com.br\/bho\/wp-json\/wp\/v2\/product\/93663"}],"wp:attachment":[{"href":"https:\/\/www.ecommerceupdate.com.br\/bho\/wp-json\/wp\/v2\/media?parent=93663"}],"wp:term":[{"taxonomy":"product_cat","embeddable":true,"href":"https:\/\/www.ecommerceupdate.com.br\/bho\/wp-json\/wp\/v2\/product_cat?post=93663"},{"taxonomy":"product_tag","embeddable":true,"href":"https:\/\/www.ecommerceupdate.com.br\/bho\/wp-json\/wp\/v2\/product_tag?post=93663"}],"curies":[{"name":"wp","href":"https:\/\/api.w.org\/{rel}","templated":true}]}}