{"id":94275,"date":"2026-03-11T13:11:13","date_gmt":"2026-03-11T16:11:13","guid":{"rendered":"https:\/\/www.ecommerceupdate.com.br\/produto\/marketing-nas-midias-sociais-sociais-colecao-marketing-em-tempos-modernos\/"},"modified":"2026-05-13T10:55:42","modified_gmt":"2026-05-13T13:55:42","slug":"marketing-nas-midias-sociais-sociais-colecao-marketing-em-tempos-modernos","status":"publish","type":"product","link":"https:\/\/www.ecommerceupdate.com.br\/bho\/produto\/marketing-nas-midias-sociais-sociais-colecao-marketing-em-tempos-modernos\/","title":{"rendered":"Marketing nas M\u00eddias Sociais Sociais (Cole\u00e7\u00e3o Marketing em Tempos Modernos)"},"content":{"rendered":"<div class=\"woocommerce-product-details\">\n<h3>Detalhes do produto<\/h3>\n<ul>\n<li>Editora : Saraiva Uni<\/li>\n<li>Data da publica\u00e7\u00e3o : 23 fevereiro 2020<\/li>\n<li>Edi\u00e7\u00e3o : 1\u00aa<\/li>\n<li>Idioma : Portugu\u00eas<\/li>\n<li>N\u00famero de p\u00e1ginas : 488 p\u00e1ginas<\/li>\n<li>ISBN-10 : 8571440867<\/li>\n<li>ISBN-13 : 978-8571440869<\/li>\n<li>Peso do produto : 760 g<\/li>\n<li>Dimens\u00f5es : 23.88 x 17.02 x 2.54 cm<\/li>\n<li>Ranking dos mais vendidos: N\u00ba 278.716 em Livros (Conhe\u00e7a o Top 100 na categoria Livros) N\u00ba 983 em Marketing N\u00ba 5.592 em Gest\u00e3o e Lideran\u00e7a<\/li>\n<li>N\u00ba 983 em Marketing<\/li>\n<li>N\u00ba 5.592 em Gest\u00e3o e Lideran\u00e7a<\/li>\n<li>Avalia\u00e7\u00f5es dos clientes: 4,5 4,5 de 5 estrelas (13)<\/li>\n<\/ul><\/div>","protected":false},"excerpt":{"rendered":"<p>Amplie o alcance da sua marca e transforme seguidores em clientes com estrat\u00e9gias comprovadas de marketing nas m\u00eddias sociais. Edi\u00e7\u00e3o Portugu\u00eas, de Marcos Rocha (Autor) e Nanci Trevisan (Autor), integrante da Cole\u00e7\u00e3o Marketing em Tempos Modernos, o livro oferece abordagens pr\u00e1ticas, guias de planejamento de conte\u00fado e m\u00e9tricas para mensurar resultados. Por apenas R$ 64,71, voc\u00ea ter\u00e1 um recurso com aplicabilidade imediata e leitura fluida que o convida a colocar as ideias em pr\u00e1tica.<\/p>","protected":false},"featured_media":94275,"comment_status":"open","ping_status":"closed","template":"","meta":[],"product_cat":[1611,1595,1618],"product_tag":[2555,2554,2556],"class_list":{"0":"post-94275","1":"product","2":"type-product","3":"status-publish","4":"has-post-thumbnail","5":"product_brand-edicao-portugus-por-marcos-rocha-autor-nanci-trevisan-autor","6":"product_cat-administracao-negocios-e-economia","7":"product_cat-livros","8":"product_cat-marketing-e-vendas","9":"product_tag-estrategias-de-midias-sociais-para-empresas","10":"product_tag-livro-marketing-nas-midias-sociais","11":"product_tag-marketing-digital-em-redes-sociais","13":"first","14":"instock","15":"sale","16":"shipping-taxable","17":"purchasable","18":"product-type-simple"},"aioseo_notices":[],"_links":{"self":[{"href":"https:\/\/www.ecommerceupdate.com.br\/bho\/wp-json\/wp\/v2\/product\/94275","targetHints":{"allow":["GET"]}}],"collection":[{"href":"https:\/\/www.ecommerceupdate.com.br\/bho\/wp-json\/wp\/v2\/product"}],"about":[{"href":"https:\/\/www.ecommerceupdate.com.br\/bho\/wp-json\/wp\/v2\/types\/product"}],"replies":[{"embeddable":true,"href":"https:\/\/www.ecommerceupdate.com.br\/bho\/wp-json\/wp\/v2\/comments?post=94275"}],"wp:featuredmedia":[{"embeddable":true,"href":"https:\/\/www.ecommerceupdate.com.br\/bho\/wp-json\/wp\/v2\/product\/94275"}],"wp:attachment":[{"href":"https:\/\/www.ecommerceupdate.com.br\/bho\/wp-json\/wp\/v2\/media?parent=94275"}],"wp:term":[{"taxonomy":"product_cat","embeddable":true,"href":"https:\/\/www.ecommerceupdate.com.br\/bho\/wp-json\/wp\/v2\/product_cat?post=94275"},{"taxonomy":"product_tag","embeddable":true,"href":"https:\/\/www.ecommerceupdate.com.br\/bho\/wp-json\/wp\/v2\/product_tag?post=94275"}],"curies":[{"name":"wp","href":"https:\/\/api.w.org\/{rel}","templated":true}]}}