{"id":94369,"date":"2026-03-12T13:44:41","date_gmt":"2026-03-12T16:44:41","guid":{"rendered":"https:\/\/www.ecommerceupdate.com.br\/produto\/sistemas-integrados-de-gestao-erp-uma-abordagem-gerencial\/"},"modified":"2026-05-03T12:15:03","modified_gmt":"2026-05-03T15:15:03","slug":"sistemas-integrados-de-gestao-erp-uma-abordagem-gerencial","status":"publish","type":"product","link":"https:\/\/www.ecommerceupdate.com.br\/bho\/produto\/sistemas-integrados-de-gestao-erp-uma-abordagem-gerencial\/","title":{"rendered":"Sistemas integrados de gest\u00e3o \u2013 ERP:: uma abordagem gerencial"},"content":{"rendered":"<div class=\"woocommerce-product-details\">\n<h3>Detalhes do produto<\/h3>\n<ul>\n<li>ASIN : B0F5753412<\/li>\n<li>Editora : Editora Intersaberes<\/li>\n<li>Acessibilidade : Saiba mais<\/li>\n<li>Data da publica\u00e7\u00e3o : 1 agosto 2015<\/li>\n<li>Edi\u00e7\u00e3o : 2\u00ba<\/li>\n<li>Idioma : Portugu\u00eas<\/li>\n<li>Tamanho do arquivo : 2.2 MB<\/li>\n<li>Leitor de tela : Compat\u00edvel<\/li>\n<li>Configura\u00e7\u00e3o de fonte : Habilitado<\/li>\n<li>Dicas de vocabul\u00e1rio : N\u00e3o habilitado<\/li>\n<li>N\u00famero de p\u00e1ginas : 308 p\u00e1ginas<\/li>\n<li>ISBN-13 : 978-8544301616<\/li>\n<li>Page Flip : Habilitado<\/li>\n<li>Ranking dos mais vendidos: N\u00ba 90.505 em Loja Kindle (Conhe\u00e7a o Top 100 na categoria Loja Kindle) N\u00ba 3.157 em Neg\u00f3cios e economia N\u00ba 6.246 em Administra\u00e7\u00e3o, Neg\u00f3cios e Economia (Livros)<\/li>\n<li>N\u00ba 3.157 em Neg\u00f3cios e economia<\/li>\n<li>N\u00ba 6.246 em Administra\u00e7\u00e3o, Neg\u00f3cios e Economia (Livros)<\/li>\n<li>Avalia\u00e7\u00f5es dos clientes: 4,4 4,4 de 5 estrelas (16)<\/li>\n<\/ul><\/div>","protected":false},"excerpt":{"rendered":"<p>Potencialize a gest\u00e3o da sua empresa com sistemas integrados de ERP que vinculam finan\u00e7as, opera\u00e7\u00f5es, estoque e vendas em uma \u00fanica vis\u00e3o orientada a resultados. Este eBook Kindle, assinado por C\u00edcero Cai\u00e7ara Junior, oferece uma abordagem gerencial pr\u00e1tica com exemplos reais e detalhes de implementa\u00e7\u00e3o, dispon\u00edvel por apenas R$ 58,00. Leia para entender como consolidar dados, processos e indicadores-chave de desempenho, fortalecendo a tomada de decis\u00f5es estrat\u00e9gicas e operacionais.<\/p>","protected":false},"featured_media":0,"comment_status":"open","ping_status":"closed","template":"","meta":[],"product_cat":[1611,1608,1607],"product_tag":[2476,2477,2478],"class_list":{"0":"post-94369","1":"product","2":"type-product","3":"status-publish","4":"product_brand-por-ccero-caiara-junior-autor-formato-ebook-kindle","5":"product_cat-administracao-negocios-e-economia","6":"product_cat-ebooks-kindle","7":"product_cat-loja-kindle","8":"product_tag-erp-integrado-gestao-ebook-kindle","9":"product_tag-erp-para-gestao-empresarial-abordagem-gerencial","10":"product_tag-gestao-de-processos-com-erp-kindle","12":"first","13":"instock","14":"sale","15":"shipping-taxable","16":"purchasable","17":"product-type-simple"},"aioseo_notices":[],"_links":{"self":[{"href":"https:\/\/www.ecommerceupdate.com.br\/bho\/wp-json\/wp\/v2\/product\/94369","targetHints":{"allow":["GET"]}}],"collection":[{"href":"https:\/\/www.ecommerceupdate.com.br\/bho\/wp-json\/wp\/v2\/product"}],"about":[{"href":"https:\/\/www.ecommerceupdate.com.br\/bho\/wp-json\/wp\/v2\/types\/product"}],"replies":[{"embeddable":true,"href":"https:\/\/www.ecommerceupdate.com.br\/bho\/wp-json\/wp\/v2\/comments?post=94369"}],"wp:attachment":[{"href":"https:\/\/www.ecommerceupdate.com.br\/bho\/wp-json\/wp\/v2\/media?parent=94369"}],"wp:term":[{"taxonomy":"product_cat","embeddable":true,"href":"https:\/\/www.ecommerceupdate.com.br\/bho\/wp-json\/wp\/v2\/product_cat?post=94369"},{"taxonomy":"product_tag","embeddable":true,"href":"https:\/\/www.ecommerceupdate.com.br\/bho\/wp-json\/wp\/v2\/product_tag?post=94369"}],"curies":[{"name":"wp","href":"https:\/\/api.w.org\/{rel}","templated":true}]}}