{"id":91664,"date":"2026-02-07T12:40:16","date_gmt":"2026-02-07T15:40:16","guid":{"rendered":"https:\/\/www.ecommerceupdate.org\/produto\/e-commerce-na-pratica\/"},"modified":"2026-03-13T15:23:55","modified_gmt":"2026-03-13T18:23:55","slug":"e-commerce-na-pratica","status":"publish","type":"product","link":"https:\/\/www.ecommerceupdate.com.br\/bs\/produto\/e-commerce-na-pratica\/","title":{"rendered":"E-trgovina u praksi"},"content":{"rendered":"<div class=\"woocommerce-product-details\">\n<h3>Detalji proizvoda<\/h3>\n<ul>\n<li>ASIN: B09W35JWMQ<\/li>\n<li>Izdava\u010d: Klub autora<\/li>\n<li>Datum objavljivanja: 15. mart 2022<\/li>\n<li>Jezik: portugalski<\/li>\n<li>Broj stranica : 190 stranica<\/li>\n<li>Te\u017eina proizvoda: 240g<\/li>\n<li>Rangiranje najprodavanijih: br. 343,633 u knjigama (Upoznajte se me\u0111u 100 najboljih u kategoriji knjiga) br. 18,379 u poslovanju, biznisu i ekonomiji (knjige)<\/li>\n<li>18.379 iz biznisa, biznisa i ekonomije (knjige)<\/li>\n<\/ul><\/div>","protected":false},"excerpt":{"rendered":"<p>Postavljanje internet prodavnice mo\u017ee biti va\u0161a prilika da imate sjajan posao i da se takmi\u010dite sa najve\u0107im kompanijama na tr\u017ei\u0161tu, to je mogu\u0107e zbog lako\u0107e u segmentiranju ciljane publike i ponudi ta\u010dno ono \u0161to ovoj grupi treba, ova knjiga je vodi\u010d pun a\u017euriranih informacija o virtuelnoj maloprodaji, dru\u0161tvenim medijima, logistici i tehnologiji.<\/p>","protected":false},"featured_media":91664,"comment_status":"open","ping_status":"closed","template":"","meta":[],"product_cat":[1611,1595],"product_tag":[],"class_list":{"0":"post-91664","1":"product","2":"type-product","3":"status-publish","4":"has-post-thumbnail","6":"product_brand-edicao-portugus-por-roberto-de-jesus-oliveira-autor","7":"product_cat-administracao-negocios-e-economia","8":"product_cat-livros","10":"first","11":"instock","12":"shipping-taxable","13":"purchasable","14":"product-type-simple"},"aioseo_notices":[],"_links":{"self":[{"href":"https:\/\/www.ecommerceupdate.com.br\/bs\/wp-json\/wp\/v2\/product\/91664","targetHints":{"allow":["GET"]}}],"collection":[{"href":"https:\/\/www.ecommerceupdate.com.br\/bs\/wp-json\/wp\/v2\/product"}],"about":[{"href":"https:\/\/www.ecommerceupdate.com.br\/bs\/wp-json\/wp\/v2\/types\/product"}],"replies":[{"embeddable":true,"href":"https:\/\/www.ecommerceupdate.com.br\/bs\/wp-json\/wp\/v2\/comments?post=91664"}],"wp:featuredmedia":[{"embeddable":true,"href":"https:\/\/www.ecommerceupdate.com.br\/bs\/wp-json\/wp\/v2\/product\/91664"}],"wp:attachment":[{"href":"https:\/\/www.ecommerceupdate.com.br\/bs\/wp-json\/wp\/v2\/media?parent=91664"}],"wp:term":[{"taxonomy":"product_cat","embeddable":true,"href":"https:\/\/www.ecommerceupdate.com.br\/bs\/wp-json\/wp\/v2\/product_cat?post=91664"},{"taxonomy":"product_tag","embeddable":true,"href":"https:\/\/www.ecommerceupdate.com.br\/bs\/wp-json\/wp\/v2\/product_tag?post=91664"}],"curies":[{"name":"wp","href":"https:\/\/api.w.org\/{rel}","templated":true}]}}