{"id":91668,"date":"2026-02-07T15:20:46","date_gmt":"2026-02-07T18:20:46","guid":{"rendered":"https:\/\/www.ecommerceupdate.org\/produto\/o-estrategista-em-midias-sociais\/"},"modified":"2026-03-13T15:24:02","modified_gmt":"2026-03-13T18:24:02","slug":"o-estrategista-em-midias-sociais","status":"publish","type":"product","link":"https:\/\/www.ecommerceupdate.com.br\/bs\/produto\/o-estrategista-em-midias-sociais\/","title":{"rendered":"Strateg dru\u0161tvenih medija"},"content":{"rendered":"<div class=\"woocommerce-product-details\">\n<h3>Detalji proizvoda<\/h3>\n<ul>\n<li>ASIN: B00DZPXA04<\/li>\n<li>Izdava\u010d: DVS izdava\u010d<\/li>\n<li>Pristupa\u010dnost: Nau\u010dite vi\u0161e<\/li>\n<li>Datum objavljivanja: 17. jul 2013<\/li>\n<li>Jezik: portugalski<\/li>\n<li>Veli\u010dina datoteke: 5,1 MB<\/li>\n<li>\u010cita\u010d ekrana: Kompatibilan<\/li>\n<li>Konfiguracija fonta: Omogu\u0107eno<\/li>\n<li>Savjeti vokabulara: Nije omogu\u0107eno<\/li>\n<li>Broj stranica : 481 stranica<\/li>\n<li>ISBN-13:978-858329904<\/li>\n<li>Flip stranice: Omogu\u0107en<\/li>\n<li>Top Sellers Ranking: br. 424,942 u Kindle Store-u (Upoznajte se sa 100 najboljih u kategoriji Kindle Store) br. 456 u Web marketingu br. 659 u marketingu br. 15,446 u poslovanju i ekonomiji<\/li>\n<li>456 U Web Marketingu<\/li>\n<li>659 U marketingu<\/li>\n<li>15.446 iz biznisa i ekonomije<\/li>\n<li>Pregledi kupaca: 4.3 4.3 od 5 zvjezdica (34)<\/li>\n<\/ul><\/div>","protected":false},"excerpt":{"rendered":"<p>U ludom profesionalnom okru\u017eenju u kojem danas \u017eivimo, velike kompanije su nau\u010dile da ideja pokretanja web stranice na webu i poku\u0161aja dodavanja kupaca koji usvajaju stav \u201cspera u see\u201d jednostavno ne funkcionira. Konkurencija je nemilosrdna, dakle, samo oni koji nau\u010de da ovladaju univerzumom dru\u0161tvenih medija posti\u0107i \u0107e \u017eeljeni uspjeh. Vi\u0161e nego ikad, postoji velika hitnost u uspostavljanju \u017eivopisnog programa dru\u0161tvenih medija i sve po\u010dinje uz pomo\u0107 stru\u010dnjaka (strategista) u tom podru\u010dju.\u00a0<span>bavite se internim politikama unutar kompanije, koje uklju\u010duju od pravnog tima organizacije do odgovornih za velike odluke, tako\u0111e preko odeljenja za ljudske resurse;<\/span>bavite se internim politikama unutar kompanije, koje uklju\u010duju od pravnog tima organizacije do odgovornih za velike odluke, tako\u0111e preko odeljenja za ljudske resurse;<span>predstavite nove ideje advokatima i rukovodiocima na zadivljuju\u0107i i uvjerljiv na\u010din;<\/span>predstavite nove ideje advokatima i rukovodiocima na zadivljuju\u0107i i uvjerljiv na\u010din;<span>obezbijediti zaposlenima sve smjernice i protokole koji su im potrebni da predstavljaju kompaniju za koju rade;<\/span>obezbijediti zaposlenima sve smjernice i protokole koji su im potrebni da predstavljaju kompaniju za koju rade;<span>pretvorite svoju organizaciju u pravi medijski kanal, objavljuju\u0107i sadr\u017eaj koji stvaraju zaposleni u ku\u0107i i, istovremeno, veoma zanimljiv spoljnoj javnosti.<\/span>transformi\u0161ite svoju organizaciju u pravi medijski kanal, objavljuju\u0107i sadr\u017eaj koji stvaraju zaposleni u ku\u0107i i, istovremeno, veoma zanimljiv za spoljnu javnost.\u201d Jedna stvar je da budete izvan kompanije i da vam ka\u017eete \u0161ta da uradite\u201d, objasnio je Barger, \u201cnother sasvim druga\u010dije je da se stvari de\u0161avaju unutar organizacije.\u201d U tom smislu, autor preuzima inicijativu i brigu, da po\u010dne ta\u010dno od mjesta gdje su uspje\u0161ni poduzetnici po\u010deli:1.) dobro planiraju\u0107i; 2.) pozicioniraju\u0107i sve komade na pravim mjestima; i 3.) izgradnju \u010dvrste osnove od toga.<\/p>","protected":false},"featured_media":91668,"comment_status":"open","ping_status":"closed","template":"","meta":[],"product_cat":[1611,1595,1618],"product_tag":[],"class_list":{"0":"post-91668","1":"product","2":"type-product","3":"status-publish","4":"has-post-thumbnail","6":"product_brand-por-christopher-barger-autor-formato-ebook-kindle","7":"product_cat-administracao-negocios-e-economia","8":"product_cat-livros","9":"product_cat-marketing-e-vendas","11":"first","12":"instock","13":"sale","14":"shipping-taxable","15":"purchasable","16":"product-type-simple"},"aioseo_notices":[],"_links":{"self":[{"href":"https:\/\/www.ecommerceupdate.com.br\/bs\/wp-json\/wp\/v2\/product\/91668","targetHints":{"allow":["GET"]}}],"collection":[{"href":"https:\/\/www.ecommerceupdate.com.br\/bs\/wp-json\/wp\/v2\/product"}],"about":[{"href":"https:\/\/www.ecommerceupdate.com.br\/bs\/wp-json\/wp\/v2\/types\/product"}],"replies":[{"embeddable":true,"href":"https:\/\/www.ecommerceupdate.com.br\/bs\/wp-json\/wp\/v2\/comments?post=91668"}],"wp:featuredmedia":[{"embeddable":true,"href":"https:\/\/www.ecommerceupdate.com.br\/bs\/wp-json\/wp\/v2\/product\/91668"}],"wp:attachment":[{"href":"https:\/\/www.ecommerceupdate.com.br\/bs\/wp-json\/wp\/v2\/media?parent=91668"}],"wp:term":[{"taxonomy":"product_cat","embeddable":true,"href":"https:\/\/www.ecommerceupdate.com.br\/bs\/wp-json\/wp\/v2\/product_cat?post=91668"},{"taxonomy":"product_tag","embeddable":true,"href":"https:\/\/www.ecommerceupdate.com.br\/bs\/wp-json\/wp\/v2\/product_tag?post=91668"}],"curies":[{"name":"wp","href":"https:\/\/api.w.org\/{rel}","templated":true}]}}