{"id":93228,"date":"2026-03-01T09:32:48","date_gmt":"2026-03-01T12:32:48","guid":{"rendered":"https:\/\/www.ecommerceupdate.com.br\/produto\/universo-do-e-commerce-portuguese-edition\/"},"modified":"2026-04-14T18:41:48","modified_gmt":"2026-04-14T21:41:48","slug":"universo-do-e-commerce-portuguese-edition","status":"publish","type":"product","link":"https:\/\/www.ecommerceupdate.com.br\/bs\/produto\/universo-do-e-commerce-portuguese-edition\/","title":{"rendered":"Univerzum e-trgovine (portugalsko izdanje)"},"content":{"rendered":"<div class=\"woocommerce-product-details\">\n<h3>Detalji proizvoda<\/h3>\n<ul>\n<li>ASIN: B09S61Z23C<\/li>\n<li>Izdava\u010d: Nezavisno objavljeno<\/li>\n<li>Datum objavljivanja: 13. januar 2022<\/li>\n<li>Jezik: portugalski<\/li>\n<li>Broj stranica : 284 stranice<\/li>\n<li>ISBN-13:979-8401405098<\/li>\n<li>Te\u017eina proizvoda: 494g<\/li>\n<li>Dimenzije: 15,24 x 1,63 x 22,86 cm<\/li>\n<li>Rangiranje najprodavanijih: br. 123 u istra\u017eivanju i obrazovanju br. 301 u profesionalnom i tehni\u010dkom razvoju<\/li>\n<li>301 Profesionalni I Tehni\u010dki razvoj<\/li>\n<li>Pregledi kupaca: 4,3 4,3 od 5 zvjezdica (20)<\/li>\n<\/ul><\/div>","protected":false},"excerpt":{"rendered":"<p>Univerzum E-trgovine je napisan za one koji su zainteresovani za e-trgovinu ili koji ve\u0107 rade sa digitalnim kanalima i \u017eele da znaju nove tehnike i koncepte. Ova knjiga treba da prenosi znanje na na\u010din koji funkcioni\u0161e kao vodi\u010d kako bi ponudila makro pogled na sve \u0161to uklju\u010duje e-trgovinu. Obrisanje tema vezanih za poslovne modele i operacije, marketin\u0161ke ta\u010dke, usluge i logistiku, kao i teme vezane za tehnologiju, sisteme i integracije, pristupa\u010dnost i sigurnost informacija. Za iskusnije \u010ditaoce ova knjiga mo\u017ee poslu\u017eiti kao kanal konsultacija, gdje svako poglavlje mo\u017ee da se bavi specifi\u010dnim pitanjima i relevantno za njegov rad \u010ditaocima koji zapo\u010dinju putovanja u ovom svijetu, pozitivno mo\u017ee iskoristiti ovo e-trgovinu.<\/p>","protected":false},"featured_media":93228,"comment_status":"open","ping_status":"closed","template":"","meta":{"_aipt_faq_data":""},"product_cat":[1653,1730,1595],"product_tag":[],"class_list":{"0":"post-93228","1":"product","2":"type-product","3":"status-publish","4":"has-post-thumbnail","6":"product_brand-por-fellipe-guimares-autor","7":"product_cat-educacao-referencia-e-didaticos","8":"product_cat-escolas-e-ensino","9":"product_cat-livros","11":"first","12":"instock","13":"shipping-taxable","14":"purchasable","15":"product-type-simple"},"aioseo_notices":[],"_links":{"self":[{"href":"https:\/\/www.ecommerceupdate.com.br\/bs\/wp-json\/wp\/v2\/product\/93228","targetHints":{"allow":["GET"]}}],"collection":[{"href":"https:\/\/www.ecommerceupdate.com.br\/bs\/wp-json\/wp\/v2\/product"}],"about":[{"href":"https:\/\/www.ecommerceupdate.com.br\/bs\/wp-json\/wp\/v2\/types\/product"}],"replies":[{"embeddable":true,"href":"https:\/\/www.ecommerceupdate.com.br\/bs\/wp-json\/wp\/v2\/comments?post=93228"}],"wp:featuredmedia":[{"embeddable":true,"href":"https:\/\/www.ecommerceupdate.com.br\/bs\/wp-json\/wp\/v2\/product\/93228"}],"wp:attachment":[{"href":"https:\/\/www.ecommerceupdate.com.br\/bs\/wp-json\/wp\/v2\/media?parent=93228"}],"wp:term":[{"taxonomy":"product_cat","embeddable":true,"href":"https:\/\/www.ecommerceupdate.com.br\/bs\/wp-json\/wp\/v2\/product_cat?post=93228"},{"taxonomy":"product_tag","embeddable":true,"href":"https:\/\/www.ecommerceupdate.com.br\/bs\/wp-json\/wp\/v2\/product_tag?post=93228"}],"curies":[{"name":"wp","href":"https:\/\/api.w.org\/{rel}","templated":true}]}}