{"id":93398,"date":"2026-03-04T08:04:15","date_gmt":"2026-03-04T11:04:15","guid":{"rendered":"https:\/\/www.ecommerceupdate.com.br\/produto\/aspectos-juridicos-do-e-commerce\/"},"modified":"2026-03-13T15:29:29","modified_gmt":"2026-03-13T18:29:29","slug":"aspectos-juridicos-do-e-commerce","status":"publish","type":"product","link":"https:\/\/www.ecommerceupdate.com.br\/bs\/produto\/aspectos-juridicos-do-e-commerce\/","title":{"rendered":"Pravni aspekti e-trgovine"},"content":{"rendered":"<div class=\"woocommerce-product-details\">\n<div id=\"aplus_feature_div\" class=\"celwidget\" data-feature-name=\"aplus\" data-csa-c-type=\"widget\" data-csa-c-content-id=\"aplus\" data-csa-c-slot-id=\"aplus_feature_div\" data-csa-c-asin=\"\" data-csa-c-is-in-initial-active-row=\"false\">\n<div id=\"aplus\" class=\"a-section a-spacing-large bucket\">\n<h3 class=\"\">Od izdava\u010da<\/h3>\n<div lang=\"pt_BR\">\n<div class=\"aplus-v2 desktop celwidget\">\n<div class=\"celwidget aplus-module module-2 aplus-standard\">\n<div class=\"aplus-module-wrapper apm-floatnone apm-fixed-width\">\n<div class=\"apm-sidemodule apm-spacing\">\n<div class=\"apm-sidemodule-imageleft\"> <img decoding=\"async\" alt=\"RT\" src=\"https:\/\/m.media-amazon.com\/images\/S\/aplus-media\/vc\/156b09d9-7747-4258-ab5a-4d6ed3868375.__CR0,0,300,300_PT0_SX300_V1___.png\" \/> <\/div>\n<div class=\"apm-sidemodule-textright\">\n<h3 class=\"a-spacing-mini\"> Pokrenite pravne aspekte E-trgovine <\/h3>\n<p> Ova studija se bavi aktuelnim pitanjima kao \u0161to su Za\u0161tita podataka, novi sistem pla\u0107anja PIX, primena vizuelnog prava u uslovima kori\u0161\u0107enja i politika privatnosti, zapo\u0161ljavanje digitalnih uticajnih osoba, novi modaliteti elektronske prevare i zakonodavni napredak koji se odnose na temu. Postoji 16 \u010dlanaka napisanih jasno i objektivno, zasnovanih na doktrini i jurisprudenciji, fokusiraju\u0107i se na preduzetnike i advokate koji tra\u017ee integrisani pravni pogled na e-trgovinu. Sva poglavlja imaju infografiju i video zapise sa obja\u0161njenjima dostupne kroz QR kodeks. <\/p>\n<\/p>\n<\/div>\n<\/div>\n<\/div>\n<\/div>\n<div class=\"celwidget aplus-module module-3 aplus-standard\">\n<div class=\"aplus-module-wrapper apm-floatnone apm-fixed-width\">\n<div class=\"apm-sidemodule apm-spacing\">\n<div class=\"apm-sidemodule-imageright\"> <img decoding=\"async\" alt=\"RT\" src=\"https:\/\/m.media-amazon.com\/images\/S\/aplus-media\/vc\/cc9903b8-d12b-4e8e-9d2a-465a9e79626a.__CR0,0,300,300_PT0_SX300_V1___.png\" \/> <\/div>\n<div class=\"apm-sidemodule-textleft\">\n<h3 class=\"a-spacing-mini\"> O autoru <\/h3>\n<p> Nadia je pravnik koji je diplomirao na Mackenzie Presbyterian University; Postdiplomski studij ugovora i digitalnog prava i uskla\u0111enosti, bio je student na Ljetnom institutu za intelektualnu svojinu u Franklin Pierce Law Center &amp; New Hampshire, SAD i Kursu obuke za advokate za za\u0161titu intelektualne svojine od strane Japanskog zavoda za patente i Japan Japan. <\/p>\n<\/p>\n<\/div>\n<\/div>\n<\/div>\n<\/div>\n<div class=\"celwidget aplus-module module-9 aplus-standard\">\n<div class=\"aplus-module-wrapper apm-fixed-width apm-spacing\">\n<div class=\"apm-flex\">\n<div class=\"apm-flex-item-third-width\">\n<p class=\"apm-text-center\"> <img decoding=\"async\" alt=\"RT\" src=\"https:\/\/m.media-amazon.com\/images\/S\/aplus-media\/vc\/61b37029-f4cb-4cec-8f67-5901287f38d9.__CR0,0,300,300_PT0_SX300_V1___.png\" \/> <\/p>\n<\/p>\n<\/div>\n<\/div>\n<\/div>\n<\/div>\n<div class=\"celwidget aplus-module launchpad-company-logo aplus-standard\">\n<div class=\"a-section a-text-center launchpad-module launchpad-module-company-logo\"> <img decoding=\"async\" alt=\"RT\" src=\"https:\/\/m.media-amazon.com\/images\/S\/aplus-media\/vc\/14cf220d-8680-4753-bb84-8e7272d597a8.__CR0,0,600,180_PT0_SX600_V1___.png\" \/> <\/div>\n<\/p>\n<\/div>\n<\/div>\n<\/div>\n<\/div>\n<\/div>\n<h3>Detalji proizvoda<\/h3>\n<ul>\n<li>Izdava\u010d: Revista dos Tribunais<\/li>\n<li>Datum objavljivanja: 2. april 2021<\/li>\n<li>Izdanje: New Edition<\/li>\n<li>Jezik: portugalski<\/li>\n<li>Broj stranica : 352 stranice<\/li>\n<li>ISBN-10:6556148237<\/li>\n<li>ISBN-13:978-6556148236<\/li>\n<li>Te\u017eina proizvoda: 440g<\/li>\n<li>Dimenzije: 22,6 x 15,8 x 1,8 cm<\/li>\n<li>Rangiranje najprodavanijih: br. 273.974 u knjigama (Upoznajte se me\u0111u 100 najboljih u kategoriji knjiga) br. 309 u poslovnoj administraciji br. 18.646 u Dje\u010djim i dje\u010djim i omladinskim praznicima i festivalima<\/li>\n<li>309 U komercijalnoj upravi<\/li>\n<li>18.646 u praznicima i festivalima djeca i djeca i omladina<\/li>\n<li>Pregledi kupaca: 4,3 4,3 od 5 zvjezdica (11)<\/li>\n<\/ul><\/div>","protected":false},"excerpt":{"rendered":"<p>Teme su bile strukturirane na sistematski na\u010din, po\u010dev\u0161i od istorijske evolucije elektronske trgovine, kroz korporativno i poresko planiranje. Na temeljan i trenutni na\u010din razotkriva tretman li\u010dnih podataka, uslova i uslova kori\u0161\u0107enja sajta, sredstva za zapo\u0161ljavanje, konkurentni i radni aspekti, zapo\u0161ljavanje digitalnih uticajnih osoba, komercijalne promocije, elektronske prevare, izme\u0111u ostalog. Tako\u0111e se bavi preventivnim pitanjima elektronske trgovine koja uklju\u010duju odnos sa dobavlja\u010dima i kupcima, kako u samoj e-trgovini, tako i na zajedni\u010dkim platformama 'Marketplaces ' i na\u010dini rje\u0161avanja sukoba i prevencije kroz Compliance.\u00a0<\/p>","protected":false},"featured_media":0,"comment_status":"open","ping_status":"closed","template":"","meta":[],"product_cat":[1609,1657,1595],"product_tag":[],"class_list":{"0":"post-93398","1":"product","2":"type-product","3":"status-publish","5":"product_brand-edicao-portugus-por-nadia-andreotti-tchumantel-hackerott-autor","6":"product_cat-direito","7":"product_cat-direito-empresarial","8":"product_cat-livros","10":"first","11":"instock","12":"sale","13":"shipping-taxable","14":"purchasable","15":"product-type-simple"},"aioseo_notices":[],"_links":{"self":[{"href":"https:\/\/www.ecommerceupdate.com.br\/bs\/wp-json\/wp\/v2\/product\/93398","targetHints":{"allow":["GET"]}}],"collection":[{"href":"https:\/\/www.ecommerceupdate.com.br\/bs\/wp-json\/wp\/v2\/product"}],"about":[{"href":"https:\/\/www.ecommerceupdate.com.br\/bs\/wp-json\/wp\/v2\/types\/product"}],"replies":[{"embeddable":true,"href":"https:\/\/www.ecommerceupdate.com.br\/bs\/wp-json\/wp\/v2\/comments?post=93398"}],"wp:attachment":[{"href":"https:\/\/www.ecommerceupdate.com.br\/bs\/wp-json\/wp\/v2\/media?parent=93398"}],"wp:term":[{"taxonomy":"product_cat","embeddable":true,"href":"https:\/\/www.ecommerceupdate.com.br\/bs\/wp-json\/wp\/v2\/product_cat?post=93398"},{"taxonomy":"product_tag","embeddable":true,"href":"https:\/\/www.ecommerceupdate.com.br\/bs\/wp-json\/wp\/v2\/product_tag?post=93398"}],"curies":[{"name":"wp","href":"https:\/\/api.w.org\/{rel}","templated":true}]}}