{"id":93561,"date":"2026-03-04T20:18:42","date_gmt":"2026-03-04T23:18:42","guid":{"rendered":"https:\/\/www.ecommerceupdate.com.br\/produto\/como-ter-um-e-commerce-de-sucesso-na-shopee\/"},"modified":"2026-03-13T15:36:23","modified_gmt":"2026-03-13T18:36:23","slug":"como-ter-um-e-commerce-de-sucesso-na-shopee","status":"publish","type":"product","link":"https:\/\/www.ecommerceupdate.com.br\/bs\/produto\/como-ter-um-e-commerce-de-sucesso-na-shopee\/","title":{"rendered":"Kako imati uspje\u0161nu e-trgovinu u Shopeeju"},"content":{"rendered":"<div class=\"woocommerce-product-details\">\n<h3>Detalji proizvoda<\/h3>\n<ul>\n<li>ASIN: B0CR65S4P4<\/li>\n<li>Pristupa\u010dnost: Nau\u010dite vi\u0161e<\/li>\n<li>Datum objavljivanja: 28. decembar 2023<\/li>\n<li>Jezik: portugalski<\/li>\n<li>Veli\u010dina datoteke: 3,3 MB<\/li>\n<li>\u010cita\u010d ekrana: Kompatibilan<\/li>\n<li>Konfiguracija fonta: Omogu\u0107eno<\/li>\n<li>Savjeti vokabulara: Nije omogu\u0107eno<\/li>\n<li>Broj stranica : 53 stranice<\/li>\n<li>Flip stranice: Omogu\u0107en<\/li>\n<li>Starost za \u010ditanje: 14 18 godina<\/li>\n<li>Top Sellers Ranking: br. 76,521 u Kindle Store-u (Upoznajte se me\u0111u 100 najboljih u kategoriji Kindle Store) br. 42 u otvaranju poslovanja br. 54 u e-trgovini br. 102 u Web marketingu<\/li>\n<li>42 U otvaranju biznisa<\/li>\n<li>54 U elektronskoj trgovini<\/li>\n<li>102 U Web Marketingu<\/li>\n<li>Pregledi kupaca: 4.1 4.1 od 5 zvjezdica (3)<\/li>\n<\/ul><\/div>","protected":false},"excerpt":{"rendered":"<p>Otkrijte put do uspjeha u e-trgovini sa \u201cHow-om da imate uspje\u0161nu e-trgovinu u Shopee\u201d, nezamjenjivom vodi\u010du za one koji \u017eele osvojiti svoj prostor u Shopeeju, jednoj od najve\u0107ih platformi za e-trgovinu na svijetu. Sa 54 stranice pune prakti\u010dnih uvida i dokazanih strategija, ova e-knjiga je va\u0161a karta za fascinantan i unosan svijet online trgovine. Pod vodstvom stru\u010dnosti Guilhermea Ribeira, mladog poduzetnika i stru\u010dnjaka za digitalno tr\u017ei\u0161te, nau\u010dit \u0107ete:<span>Odaberite pravo tr\u017ei\u0161te ni\u0161a za svoju e-trgovinu.<\/span>Odaberite pravo tr\u017ei\u0161te ni\u0161a za svoju e-trgovinu.<span>Razviti jak I atraktivan brend.<\/span>Razviti jak I atraktivan brend.<span>Napravite liste proizvoda koji se prodaju.<\/span>Napravite liste proizvoda koji se prodaju.<span>Implementirajte digitalne marketin\u0161ke i SEO strategije za pove\u0107anje vidljivosti i dosega.<\/span>Implementirajte digitalne marketin\u0161ke i SEO strategije za pove\u0107anje vidljivosti i dosega.<span>U\u010dinkovito upravljajte logistikom i korisni\u010dkom uslugom kako biste izgradili lojalnost kupaca.<\/span>U\u010dinkovito upravljajte logistikom i korisni\u010dkom uslugom kako biste izgradili lojalnost kupaca. Ova e-knjiga nije samo priru\u010dnik, ve\u0107 digitalni mentor koji nudi studije stvarnih slu\u010dajeva, prakti\u010dne savjete i savjete koje mo\u017eete odmah po\u010deti primjenjivati. Bilo da ste po\u010detnik poduzetnik ili iskusni prodava\u010d koji \u017eeli pro\u0161iriti svoje prisustvo na mre\u017ei, \u201cKako imati uspje\u0161nu e-trgovinu u Shopee\u201d-u savr\u0161en je izbor za ja\u010danje va\u0161eg poslovanja. Dostupno sada na Amazonu. Pretvorite svoju poslovnu viziju u stvarnost!<\/p>","protected":false},"featured_media":93561,"comment_status":"open","ping_status":"closed","template":"","meta":[],"product_cat":[1611,1613,1595],"product_tag":[],"class_list":{"0":"post-93561","1":"product","2":"type-product","3":"status-publish","4":"has-post-thumbnail","6":"product_brand-por-guilherme-ribeiro-autor-formato-ebook-kindle","7":"product_cat-administracao-negocios-e-economia","8":"product_cat-industrias-e-profissoes","9":"product_cat-livros","11":"first","12":"instock","13":"shipping-taxable","14":"purchasable","15":"product-type-simple"},"aioseo_notices":[],"_links":{"self":[{"href":"https:\/\/www.ecommerceupdate.com.br\/bs\/wp-json\/wp\/v2\/product\/93561","targetHints":{"allow":["GET"]}}],"collection":[{"href":"https:\/\/www.ecommerceupdate.com.br\/bs\/wp-json\/wp\/v2\/product"}],"about":[{"href":"https:\/\/www.ecommerceupdate.com.br\/bs\/wp-json\/wp\/v2\/types\/product"}],"replies":[{"embeddable":true,"href":"https:\/\/www.ecommerceupdate.com.br\/bs\/wp-json\/wp\/v2\/comments?post=93561"}],"wp:featuredmedia":[{"embeddable":true,"href":"https:\/\/www.ecommerceupdate.com.br\/bs\/wp-json\/wp\/v2\/product\/93561"}],"wp:attachment":[{"href":"https:\/\/www.ecommerceupdate.com.br\/bs\/wp-json\/wp\/v2\/media?parent=93561"}],"wp:term":[{"taxonomy":"product_cat","embeddable":true,"href":"https:\/\/www.ecommerceupdate.com.br\/bs\/wp-json\/wp\/v2\/product_cat?post=93561"},{"taxonomy":"product_tag","embeddable":true,"href":"https:\/\/www.ecommerceupdate.com.br\/bs\/wp-json\/wp\/v2\/product_tag?post=93561"}],"curies":[{"name":"wp","href":"https:\/\/api.w.org\/{rel}","templated":true}]}}