{"id":93573,"date":"2026-03-04T20:35:13","date_gmt":"2026-03-04T23:35:13","guid":{"rendered":"https:\/\/www.ecommerceupdate.com.br\/produto\/agentic-commerce-o-futuro-do-e-commerce-autonomo-fundamentos-casos-reais-e-implementacao-pratica\/"},"modified":"2026-03-13T15:38:13","modified_gmt":"2026-03-13T18:38:13","slug":"agentic-commerce-o-futuro-do-e-commerce-autonomo-fundamentos-casos-reais-e-implementacao-pratica","status":"publish","type":"product","link":"https:\/\/www.ecommerceupdate.com.br\/bs\/produto\/agentic-commerce-o-futuro-do-e-commerce-autonomo-fundamentos-casos-reais-e-implementacao-pratica\/","title":{"rendered":"AGENTIC COMMERCE: Budu\u0107nost autonomnog e-trgovine: Osnove, stvarni slu\u010dajevi i prakti\u010dna implementacija"},"content":{"rendered":"<div class=\"woocommerce-product-details\">\n<h3>Detalji proizvoda<\/h3>\n<ul>\n<li>ASIN: B0GHJ2KY3C<\/li>\n<li>Izdava\u010d: GDS } Press<\/li>\n<li>Pristupa\u010dnost: Nau\u010dite vi\u0161e<\/li>\n<li>Datum objavljivanja: 18. januar 2026<\/li>\n<li>Jezik: portugalski<\/li>\n<li>Veli\u010dina datoteke: 1,8 MB<\/li>\n<li>\u010cita\u010d ekrana: Kompatibilan<\/li>\n<li>Konfiguracija fonta: Omogu\u0107eno<\/li>\n<li>Savjeti vokabulara: Nije omogu\u0107eno<\/li>\n<li>Broj stranica : 131 stranica<\/li>\n<li>ISBN-13:979-8244494358<\/li>\n<li>Flip stranice: Omogu\u0107en<\/li>\n<li>Top Sellers Ranking: br. 53,124 u Kindle Store-u (Upoznajte se me\u0111u 100 najboljih u kategoriji Kindle Store) br. 642 u industriji i profesijama br. 1,820 u poslovanju i ekonomiji<\/li>\n<li>642 U industriji I profesijama<\/li>\n<li>1.820 iz biznisa i ekonomije<\/li>\n<li>Pregledi kupaca: 5.0 5.0 od 5 zvjezdica (1)<\/li>\n<\/ul><\/div>","protected":false},"excerpt":{"rendered":"<p>E-trgovina prolazi kroz najve\u0107u transformaciju od pojave virtuelnih prodavnica. Nakon stati\u010dkih kataloga, preporuka zasnovanih na podacima i chatbotova, era autonomnih AI agenata sposobnih da razumeju kontekst, donose odluke i deluju u ime potro\u0161a\u010da i kompanija sti\u017ee.Ovo se zove Agentic Commerce.U ovoj knjizi Daniel Guedes predstavlja kompletnu mapu ove revolucije: koncept, njegove tehnolo\u0161ke osnove, poslovne slu\u010dajeve koji ve\u0107 mijenjaju globalnu maloprodaju i korak po korak za prakti\u010dnu implementaciju. Ovo nije futurologija ili isklju\u010divo tehni\u010dki priru\u010dnik, ve\u0107 pristupa\u010dan, strate\u0161ki i orijentisan na rezultate vodi\u010d za one koji trebaju transformirati globalnu maloprodaju i poslovnu trgovinu.<br \/>kako Amazon, Netflix, Spotify, Shopify i velike brazilske kompanije koriste AI za generiranje milijardi prihoda<br \/>Koje su arhitekture, slojevi i agensi koji \u010dine autonomne sisteme koji se primjenjuju na maloprodaju<br \/>1 Kako pripremiti organizaciju, sastaviti timove, odabrati tehnologije i mjeriti ROI<br \/>Kako izra\u010dunati finansijski uticaj i izgraditi pravi poslovni slu\u010daj za ulaganja<br \/>kompanije u\u010de na temu Poseban vrhunac knjige je poglavlje o fran\u0161iznim mre\u017eama, ekosistemu u kojem raspore\u0111ivanje autonomnih agenata zahtijeva pa\u017enju na ugovore, upravljanje i uskla\u0111ivanje poticaja. Guedes pokazuje kako davaoci fran\u0161ize mogu koristiti AI za mno\u017eenje performansi primaoci fran\u0161ize umjesto da se takmi\u010de s njima ^malo istra\u017eena i izuzetno relevantna tema za brazilsku maloprodaju. Osim toga, autor predstavlja prakti\u010dnu knjigu, s dijagnostikom, mapom puta, metrikom, tehnolo\u0161kim slogom za pokretanje, izvr\u0161ni direktori spremni za kori\u0161tenje, postaje knjiga s poduzetnicima.<\/p>","protected":false},"featured_media":93573,"comment_status":"open","ping_status":"closed","template":"","meta":[],"product_cat":[1611,1608,1607],"product_tag":[],"class_list":{"0":"post-93573","1":"product","2":"type-product","3":"status-publish","4":"has-post-thumbnail","6":"product_brand-por-daniel-guedes-autor-formato-ebook-kindle","7":"product_cat-administracao-negocios-e-economia","8":"product_cat-ebooks-kindle","9":"product_cat-loja-kindle","11":"first","12":"instock","13":"shipping-taxable","14":"purchasable","15":"product-type-simple"},"aioseo_notices":[],"_links":{"self":[{"href":"https:\/\/www.ecommerceupdate.com.br\/bs\/wp-json\/wp\/v2\/product\/93573","targetHints":{"allow":["GET"]}}],"collection":[{"href":"https:\/\/www.ecommerceupdate.com.br\/bs\/wp-json\/wp\/v2\/product"}],"about":[{"href":"https:\/\/www.ecommerceupdate.com.br\/bs\/wp-json\/wp\/v2\/types\/product"}],"replies":[{"embeddable":true,"href":"https:\/\/www.ecommerceupdate.com.br\/bs\/wp-json\/wp\/v2\/comments?post=93573"}],"wp:featuredmedia":[{"embeddable":true,"href":"https:\/\/www.ecommerceupdate.com.br\/bs\/wp-json\/wp\/v2\/product\/93573"}],"wp:attachment":[{"href":"https:\/\/www.ecommerceupdate.com.br\/bs\/wp-json\/wp\/v2\/media?parent=93573"}],"wp:term":[{"taxonomy":"product_cat","embeddable":true,"href":"https:\/\/www.ecommerceupdate.com.br\/bs\/wp-json\/wp\/v2\/product_cat?post=93573"},{"taxonomy":"product_tag","embeddable":true,"href":"https:\/\/www.ecommerceupdate.com.br\/bs\/wp-json\/wp\/v2\/product_tag?post=93573"}],"curies":[{"name":"wp","href":"https:\/\/api.w.org\/{rel}","templated":true}]}}