{"id":93662,"date":"2026-03-05T14:04:37","date_gmt":"2026-03-05T17:04:37","guid":{"rendered":"https:\/\/www.ecommerceupdate.com.br\/produto\/como-vender-no-mercado-livre-domine-todas-as-formas-de-venda-e-lucre-com-a-maior-plataforma-do-brasil\/"},"modified":"2026-03-08T20:25:57","modified_gmt":"2026-03-08T23:25:57","slug":"como-vender-no-mercado-livre-domine-todas-as-formas-de-venda-e-lucre-com-a-maior-plataforma-do-brasil","status":"publish","type":"product","link":"https:\/\/www.ecommerceupdate.com.br\/bs\/produto\/como-vender-no-mercado-livre-domine-todas-as-formas-de-venda-e-lucre-com-a-maior-plataforma-do-brasil\/","title":{"rendered":"Kako prodati na slobodnom tr\u017ei\u0161tu : U\u010dite sve oblike prodaje i profita sa najve\u0107e platforme u Brazilu"},"content":{"rendered":"<div class=\"woocommerce-product-details\"><\/div>","protected":false},"excerpt":{"rendered":"<p>Otkrijte Ultimate Guide to Selling in Free Market i transformirajte svoj finansijski \u017eivot! Ova kompletna e-knjiga od 100+ stranica vas u\u010di, korak po korak, kako izgraditi profitabilan i odr\u017eiv posao na najve\u0107em tr\u017ei\u0161tu u Latinskoj Americi. Nau\u010dite odabrati pobjedni\u010dke proizvode, pregovarati s dobavlja\u010dima, kreirati oglase koji pretvaraju, savladavaju tr\u017ei\u0161te brodarstva i skaliraju svoju prodaju na profesionalan na\u010din. Sa stvarnim studijama slu\u010daja, prakti\u010dnim kontrolnim listama i dokazanim strategijama, imat \u0107ete sve \u0161to vam je potrebno da iza\u0111ete iz nule i postignete dosljedne rezultate. Idealno po\u010deti na pravom stopalu i za posredni prodavci koji nastoje optimizirati svoje rezultate. Prestanite da pratite i doka\u017eete rezultate.<\/p>","protected":false},"featured_media":0,"comment_status":"open","ping_status":"closed","template":"","meta":[],"product_cat":[1611,1595,1618],"product_tag":[],"class_list":{"0":"post-93662","1":"product","2":"type-product","3":"status-publish","5":"product_brand-por-victor-lemos-autor-formato-ebook-kindle","6":"product_cat-administracao-negocios-e-economia","7":"product_cat-livros","8":"product_cat-marketing-e-vendas","10":"first","11":"instock","12":"shipping-taxable","13":"purchasable","14":"product-type-simple"},"aioseo_notices":[],"_links":{"self":[{"href":"https:\/\/www.ecommerceupdate.com.br\/bs\/wp-json\/wp\/v2\/product\/93662","targetHints":{"allow":["GET"]}}],"collection":[{"href":"https:\/\/www.ecommerceupdate.com.br\/bs\/wp-json\/wp\/v2\/product"}],"about":[{"href":"https:\/\/www.ecommerceupdate.com.br\/bs\/wp-json\/wp\/v2\/types\/product"}],"replies":[{"embeddable":true,"href":"https:\/\/www.ecommerceupdate.com.br\/bs\/wp-json\/wp\/v2\/comments?post=93662"}],"wp:attachment":[{"href":"https:\/\/www.ecommerceupdate.com.br\/bs\/wp-json\/wp\/v2\/media?parent=93662"}],"wp:term":[{"taxonomy":"product_cat","embeddable":true,"href":"https:\/\/www.ecommerceupdate.com.br\/bs\/wp-json\/wp\/v2\/product_cat?post=93662"},{"taxonomy":"product_tag","embeddable":true,"href":"https:\/\/www.ecommerceupdate.com.br\/bs\/wp-json\/wp\/v2\/product_tag?post=93662"}],"curies":[{"name":"wp","href":"https:\/\/api.w.org\/{rel}","templated":true}]}}