{"id":93673,"date":"2026-03-05T14:06:54","date_gmt":"2026-03-05T17:06:54","guid":{"rendered":"https:\/\/www.ecommerceupdate.com.br\/produto\/aprenda-a-vender-no-mercado-livre-sem-estoque\/"},"modified":"2026-03-13T15:43:58","modified_gmt":"2026-03-13T18:43:58","slug":"aprenda-a-vender-no-mercado-livre-sem-estoque","status":"publish","type":"product","link":"https:\/\/www.ecommerceupdate.com.br\/bs\/produto\/aprenda-a-vender-no-mercado-livre-sem-estoque\/","title":{"rendered":"Nau\u010dite da prodate na slobodnom tr\u017ei\u0161tu: Nema zaliha"},"content":{"rendered":"<div class=\"woocommerce-product-details\">\n<h3>Detalji proizvoda<\/h3>\n<ul>\n<li>ASIN: B08V4TFRXP<\/li>\n<li>Pristupa\u010dnost: Nau\u010dite vi\u0161e<\/li>\n<li>Datum objavljivanja: 25. januar 2021<\/li>\n<li>Jezik: portugalski<\/li>\n<li>Veli\u010dina datoteke: 183 KB<\/li>\n<li>\u010cita\u010d ekrana: Kompatibilan<\/li>\n<li>Konfiguracija fonta: Omogu\u0107eno<\/li>\n<li>Savjeti vokabulara: Nije omogu\u0107eno<\/li>\n<li>Broj stranica : 17 stranica<\/li>\n<li>Flip stranice: Omogu\u0107en<\/li>\n<li>Starost za \u010ditanje: 12 18 godina<\/li>\n<li>Top Sellers Ranking: br. 634,127 u Kindle Store-u (Upoznajte se sa 100 najboljih u kategoriji Kindle Store) br. 477 u obrazovnim ciljevima i ciljevima br. 1.082 u \u0161kolskom savjetovanju i nastavi br. 14.479 u obrazovanju (Kindle Store)<\/li>\n<li>477 U ciljevima obrazovanja<\/li>\n<li>1.082 u savjetovanju u \u0161kolama i nastavi<\/li>\n<li>14.479 u obrazovanju (Kindle Store)<\/li>\n<li>Pregledi kupaca: 3,5 3,5 od 5 zvjezdica (6)<\/li>\n<\/ul><\/div>","protected":false},"excerpt":{"rendered":"<p>Ovo je pravi i mo\u0107an prodajni priru\u010dnik za one koji po\u010dinju na platformi Mercado Livre i nemaju novca da ula\u017eu u inventar proizvoda, sve bez uvijanja i bez politi\u010dke korekcije, do te mjere. <\/p>\n<p>Nau\u010dit \u0107emo vas kako kreirati oglase od nule, od fotografija, opisa, listova podataka, svega, tako\u0111er \u0107emo vam pomo\u0107i da cijenite proizvode. <\/p>\n<p>Osim toga, predstavlja vam pouzdanog dobavlja\u010da 100% za ovu National Dropishipping, s proizvodima koji su ve\u0107 u Brazilu, ostavljaju\u0107i Sao Paulo, ve\u0107 testiran i potvr\u0111en na platformi, imat \u0107ete pristup Telegram grupi s vi\u0161e od 6.000 \u010dlanova koji prodaju online svaki dan i rade sa ovim proizvodima. <\/p>\n<p>Nekoliko stranica vas odvaja od mora prodaje! <\/p>\n<p>Najbolja investicija koju mo\u017eete napraviti je u znanju. <\/p>\n<p>Jeftina E knjiga i svaki dolar koji se ovdje potro\u0161i mogu se vratiti pomno\u017een mnogo puta, zavisi samo od primjene ste\u010denog znanja. <\/p>\n<p>\u010cekamo vas u na\u0161oj grupi, odli\u010dno \u010ditanje I odli\u010dne prodaje.<\/p>","protected":false},"featured_media":0,"comment_status":"open","ping_status":"closed","template":"","meta":[],"product_cat":[1653,1730,1595],"product_tag":[],"class_list":{"0":"post-93673","1":"product","2":"type-product","3":"status-publish","5":"product_brand-por-cristiano-fontes-autor-formato-ebook-kindle","6":"product_cat-educacao-referencia-e-didaticos","7":"product_cat-escolas-e-ensino","8":"product_cat-livros","10":"first","11":"instock","12":"shipping-taxable","13":"purchasable","14":"product-type-simple"},"aioseo_notices":[],"_links":{"self":[{"href":"https:\/\/www.ecommerceupdate.com.br\/bs\/wp-json\/wp\/v2\/product\/93673","targetHints":{"allow":["GET"]}}],"collection":[{"href":"https:\/\/www.ecommerceupdate.com.br\/bs\/wp-json\/wp\/v2\/product"}],"about":[{"href":"https:\/\/www.ecommerceupdate.com.br\/bs\/wp-json\/wp\/v2\/types\/product"}],"replies":[{"embeddable":true,"href":"https:\/\/www.ecommerceupdate.com.br\/bs\/wp-json\/wp\/v2\/comments?post=93673"}],"wp:attachment":[{"href":"https:\/\/www.ecommerceupdate.com.br\/bs\/wp-json\/wp\/v2\/media?parent=93673"}],"wp:term":[{"taxonomy":"product_cat","embeddable":true,"href":"https:\/\/www.ecommerceupdate.com.br\/bs\/wp-json\/wp\/v2\/product_cat?post=93673"},{"taxonomy":"product_tag","embeddable":true,"href":"https:\/\/www.ecommerceupdate.com.br\/bs\/wp-json\/wp\/v2\/product_tag?post=93673"}],"curies":[{"name":"wp","href":"https:\/\/api.w.org\/{rel}","templated":true}]}}