{"id":93852,"date":"2026-03-05T21:52:23","date_gmt":"2026-03-06T00:52:23","guid":{"rendered":"https:\/\/www.ecommerceupdate.com.br\/produto\/inteligencia-artificial-no-varejo\/"},"modified":"2026-03-13T15:45:51","modified_gmt":"2026-03-13T18:45:51","slug":"inteligencia-artificial-no-varejo","status":"publish","type":"product","link":"https:\/\/www.ecommerceupdate.com.br\/bs\/produto\/inteligencia-artificial-no-varejo\/","title":{"rendered":"Umjetna inteligencija u maloprodaji"},"content":{"rendered":"<div class=\"woocommerce-product-details\">\n<div id=\"aplus_feature_div\" class=\"celwidget\" data-feature-name=\"aplus\" data-csa-c-type=\"widget\" data-csa-c-content-id=\"aplus\" data-csa-c-slot-id=\"aplus_feature_div\" data-csa-c-asin=\"\" data-csa-c-is-in-initial-active-row=\"false\">\n<div id=\"aplus\" class=\"a-section a-spacing-large bucket\">\n<h3 class=\"\">Od izdava\u010da<\/h3>\n<div lang=\"pt_BR\">\n<div class=\"aplus-v2 desktop celwidget\">\n<div class=\"celwidget aplus-module module-11 aplus-standard\">\n<div class=\"aplus-module-wrapper apm-spacing apm-floatnone apm-fixed-width\">\n<div class=\"apm-sidemodule aplus-module-content\">\n<div class=\"apm-hero-image\"> <img decoding=\"async\" alt=\"XGDRG\" src=\"https:\/\/m.media-amazon.com\/images\/S\/aplus-media-library-service-media\/081a47f9-e2f0-488b-b95a-092c08b657f5.__CR0,6,3074,951_PT0_SX970_V1___.png\" \/> <\/div>\n<\/p>\n<\/div>\n<\/div>\n<\/div>\n<div class=\"celwidget aplus-module module-2 aplus-standard\">\n<div class=\"aplus-module-wrapper apm-floatnone apm-fixed-width\">\n<div class=\"apm-sidemodule apm-spacing\">\n<div class=\"apm-sidemodule-imageleft\"> <img decoding=\"async\" alt=\"TRHT\" src=\"https:\/\/m.media-amazon.com\/images\/S\/aplus-media-library-service-media\/428832d2-17ea-448b-a1a4-de491100e331.__CR0,0,390,390_PT0_SX300_V1___.png\" \/> <\/div>\n<div class=\"apm-sidemodule-textright\">\n<h3 class=\"a-spacing-mini\"> Umjetna inteligencija u maloprodaji <\/h3>\n<p> U \u201cUmjetna inteligencija u maloprodaji, Eduardo Terra pru\u017ea detaljnu analizu transformacija koje umjetna inteligencija (AI) podsti\u010de u savremeni maloprodajni krajolik. Od logistike do korisni\u010dke slu\u017ebe, autor istra\u017euje kako AI preoblikuje operacije, personalizira iskustva i efikasnost vo\u017enje u svim aspektima industrije. <\/p>\n<p> Fokusiraju\u0107i se na AI tehnologije, knjiga predstavlja potpuni pregled prakti\u010dnih primjena ovih alata, pokazuju\u0107i kako se oni koriste za optimizaciju klju\u010dnih procesa i pove\u0107anje sigurnosti. <\/p>\n<\/p>\n<\/div>\n<\/div>\n<\/div>\n<\/div>\n<div class=\"celwidget aplus-module module-9 aplus-standard\">\n<div class=\"aplus-module-wrapper apm-fixed-width apm-spacing\">\n<div class=\"apm-flex\">\n<div class=\"apm-flex-item-third-width\">\n<p class=\"apm-text-center\"> <img decoding=\"async\" alt=\"FHRTH\" src=\"https:\/\/m.media-amazon.com\/images\/S\/aplus-media-library-service-media\/19dbf0d7-60fa-4851-b265-fb58967b2e53.__CR0,0,1076,1076_PT0_SX300_V1___.png\" \/> <\/p>\n<p> cijeli svijet \u017eivi s problemom i to nije danas. S jedne strane, sve je ve\u0107a potra\u017enja za kvalifikovanim profesionalcima. S druge strane, obrazovni sistem priprema studente na osnovu aktivnosti koje su imale potra\u017enju u pro\u0161losti. Vjerovatno ste svjedo\u010dili ovoj situaciji tokom \u0161kole i fakulteta, kao mla\u0111i profesionalac, a kasnije i kao poslovni menad\u017eer: tr\u017ei\u0161te zahtijeva kvalifikacije koje akademija ne mo\u017ee ponuditi samo zato \u0161to nije bila spremna za to. <\/p>\n<\/p>\n<\/div>\n<div class=\"apm-flex-item-third-width\">\n<p class=\"apm-text-center\"> <img decoding=\"async\" alt=\"SEGR\" src=\"https:\/\/m.media-amazon.com\/images\/S\/aplus-media-library-service-media\/d153700d-2edb-40ce-9a94-dad524a830de.__CR0,0,1076,1076_PT0_SX300_V1___.png\" \/> <\/p>\n<p> Umjetno je zauzimalo prostor u umovima i snovima o \u010dovje\u010danstvu jo\u0161 od anti\u010dke Gr\u010dke, iako su tehnologije neophodne za njegovu odr\u017eivost evoluirale tek u posljednjih 60 godina. Ipak, evolucija nije bila linearna: po\u010detna o\u010dekivanja su bila frustrirana, a zatim repozicionirana, nova polja djelovanja su razvijeni i, postepeno, formirao se ogroman mozaik koji omogu\u0107ava AI aplikacije <\/p>\n<\/p>\n<\/div>\n<div class=\"apm-flex-item-third-width\">\n<p class=\"apm-text-center\"> <img decoding=\"async\" alt=\"sgdf\" src=\"https:\/\/m.media-amazon.com\/images\/S\/aplus-media-library-service-media\/b92d2433-fee6-4463-a63d-b0f2fa47968a.__CR0,0,1076,1076_PT0_SX300_V1___.png\" \/> <\/p>\n<p> Maloprodaja 2020-ih se veoma razlikuje od prethodnih decenija 'digitalizacija sektora, koji je ve\u0107 napredovao u nekoliko segmenata, definitivno je bila vo\u0111ena pandemijom, koja je primorala brojne kompanije da usvoje alate i procese koji su bili nezamislivi samo nekoliko meseci ranije. Danas mo\u017eemo re\u0107i, bez straha od gre\u0161aka, da potro\u0161a\u010di ne moraju da idu u prodavnice 'oni \u0107e samo ako ta\u010dka prodaje nudi ono \u0161to im je potrebno. A ono \u0161to im treba nije vi\u0161e proizvoda. Osim toga, imamo mnogo bli\u017eeg potro\u0161a\u010da i upu\u0107ivanja o digitalnim kanalima maloprodaje. Razgovor o tome kako fizi\u010dka prodavnica treba da bude u postpandemiji je opse\u017ean, ali mo\u017eemo da iza\u0111emo na ovo putovanje. <\/p>\n<\/p>\n<\/div>\n<\/div>\n<\/div>\n<\/div>\n<div class=\"celwidget aplus-module module-2 aplus-standard\">\n<div class=\"aplus-module-wrapper apm-floatnone apm-fixed-width\">\n<div class=\"apm-sidemodule apm-spacing\">\n<div class=\"apm-sidemodule-imageleft\"> <img decoding=\"async\" alt=\"EFR\" src=\"https:\/\/m.media-amazon.com\/images\/S\/aplus-media-library-service-media\/8e4e5ce8-bd26-4e6f-9839-e7c177fbd7a3.__CR0,7,551,551_PT0_SX300_V1___.png\" \/> <\/div>\n<div class=\"apm-sidemodule-textright\">\n<h3 class=\"a-spacing-mini\"> Eduardo Terra <\/h3>\n<p> Predsjednik je Brazilskog maloprodajnog i potro\u0161a\u010dkog dru\u0161tva (SBVC) i \u010dlan Upravnog odbora nekoliko maloprodajnih i uslu\u017enih kompanija. Partner je BTR-Varese i HiPartners Venture Capital. Radi kao profesor postdiplomskih i MBA kurseva, predavanja na nacionalnim i me\u0111unarodnim maloprodajnim doga\u0111ajima i autor je nekoliko knjiga i \u010dlanaka o maloprodajnom i potro\u0161a\u010dkom tr\u017ei\u0161tu. <\/p>\n<\/p>\n<\/div>\n<\/div>\n<\/div>\n<\/div>\n<\/div>\n<\/div>\n<\/div>\n<\/div>\n<h3>Detalji proizvoda<\/h3>\n<ul>\n<li>Izdava\u010d: Literare Books International<\/li>\n<li>Datum objavljivanja: 16. april 2024<\/li>\n<li>Izdanje: 1a<\/li>\n<li>Jezik: portugalski<\/li>\n<li>Broj stranica : 168 stranica<\/li>\n<li>ISBN-10:6559227960<\/li>\n<li>ISBN-13:978-6559227969<\/li>\n<li>Te\u017eina proizvoda: 220g<\/li>\n<li>Starost za \u010ditanje: 12 godina i vi\u0161e<\/li>\n<li>Dimenzije: 14 x 0,5 x 21 cm<\/li>\n<li>Rangiranje najprodavanijih: br. 160.542 u knjigama (Upoznajte se me\u0111u 100 najboljih u kategoriji knjiga) br. 1.434 u upravljanju liderstvom<\/li>\n<li>1.434 u menad\u017ementu liderstva<\/li>\n<li>Pregledi kupaca: 4.0 4.0 od 5 zvjezdica (21)<\/li>\n<\/ul><\/div>","protected":false},"excerpt":{"rendered":"<p>U \u201cUmjetna inteligencija u maloprodaji, Eduardo Terra pru\u017ea detaljnu analizu transformacija koje umjetna inteligencija (AI) podsti\u010de u suvremeni maloprodajni krajolik. Od logistike do korisni\u010dke slu\u017ebe, autor istra\u017euje kako AI preoblikuje operacije, personalizira iskustva i efikasnost vo\u017enje u svim aspektima industrije. Fokusiraju\u0107i se na AI tehnologije, knjiga predstavlja potpuni pregled prakti\u010dnih primjena ovih alata, pokazuju\u0107i kako se koriste za optimizaciju klju\u010dnih procesa i pove\u0107anje sigurnosti. Kroz rad, autor ne govori samo o mogu\u0107nostima koje nudi AI, ve\u0107 nagla\u0161ava i probleme i odgovornosti povezane s usvajanjem ovog vrijednog resursa kako se trgovci mogu kretati.<\/p>","protected":false},"featured_media":93852,"comment_status":"open","ping_status":"closed","template":"","meta":[],"product_cat":[1611,1621,1595],"product_tag":[],"class_list":{"0":"post-93852","1":"product","2":"type-product","3":"status-publish","4":"has-post-thumbnail","6":"product_brand-por-eduardo-terra-autor","7":"product_cat-administracao-negocios-e-economia","8":"product_cat-gestao-e-lideranca","9":"product_cat-livros","11":"first","12":"instock","13":"sale","14":"shipping-taxable","15":"purchasable","16":"product-type-simple"},"aioseo_notices":[],"_links":{"self":[{"href":"https:\/\/www.ecommerceupdate.com.br\/bs\/wp-json\/wp\/v2\/product\/93852","targetHints":{"allow":["GET"]}}],"collection":[{"href":"https:\/\/www.ecommerceupdate.com.br\/bs\/wp-json\/wp\/v2\/product"}],"about":[{"href":"https:\/\/www.ecommerceupdate.com.br\/bs\/wp-json\/wp\/v2\/types\/product"}],"replies":[{"embeddable":true,"href":"https:\/\/www.ecommerceupdate.com.br\/bs\/wp-json\/wp\/v2\/comments?post=93852"}],"wp:featuredmedia":[{"embeddable":true,"href":"https:\/\/www.ecommerceupdate.com.br\/bs\/wp-json\/wp\/v2\/product\/93852"}],"wp:attachment":[{"href":"https:\/\/www.ecommerceupdate.com.br\/bs\/wp-json\/wp\/v2\/media?parent=93852"}],"wp:term":[{"taxonomy":"product_cat","embeddable":true,"href":"https:\/\/www.ecommerceupdate.com.br\/bs\/wp-json\/wp\/v2\/product_cat?post=93852"},{"taxonomy":"product_tag","embeddable":true,"href":"https:\/\/www.ecommerceupdate.com.br\/bs\/wp-json\/wp\/v2\/product_tag?post=93852"}],"curies":[{"name":"wp","href":"https:\/\/api.w.org\/{rel}","templated":true}]}}