{"id":93880,"date":"2026-03-06T03:30:35","date_gmt":"2026-03-06T06:30:35","guid":{"rendered":"https:\/\/www.ecommerceupdate.com.br\/produto\/guia-completo-como-comecar-a-vender-na-amazon\/"},"modified":"2026-03-13T15:48:32","modified_gmt":"2026-03-13T18:48:32","slug":"guia-completo-como-comecar-a-vender-na-amazon","status":"publish","type":"product","link":"https:\/\/www.ecommerceupdate.com.br\/bs\/produto\/guia-completo-como-comecar-a-vender-na-amazon\/","title":{"rendered":"Kompletan vodi\u010d kako po\u010deti prodavati na Amazonu"},"content":{"rendered":"<div class=\"woocommerce-product-details\">\n<h3>Detalji proizvoda<\/h3>\n<ul>\n<li>ASIN: B0DZC7M54<\/li>\n<li>Pristupa\u010dnost: Nau\u010dite vi\u0161e<\/li>\n<li>Datum objavljivanja: 10. mart 2025<\/li>\n<li>Izdanje: 1a<\/li>\n<li>Jezik: portugalski<\/li>\n<li>Veli\u010dina datoteke: 825 KB<\/li>\n<li>Konfiguracija fonta: Nije omogu\u0107eno<\/li>\n<li>Savjeti vokabulara: Nije omogu\u0107eno<\/li>\n<li>Format: Replika \u0161tampe<\/li>\n<li>Stranica Flip : Nije omogu\u0107eno<\/li>\n<li>Starost za \u010ditanje: 17 18 godina<\/li>\n<li>Top Sellers Ranking: br. 424,161 u Kindle Store-u (Upoznajte se me\u0111u 100 najboljih u kategoriji Kindle Store) br. 15,624 u poslovanju i ekonomiji<\/li>\n<li>15.624 iz biznisa i ekonomije<\/li>\n<li>Pregledi kupaca: 5.0 5.0 od 5 zvjezdica (1)<\/li>\n<\/ul><\/div>","protected":false},"excerpt":{"rendered":"<p>Prodaja na Amazonu jedan je od najprofitabilnijih na\u010dina za pokretanje online poslovanja, omogu\u0107avaju\u0107i svakome da zapo\u010dne posao s niskim ulaganjima i velikim potencijalom rasta. Tr\u017ei\u0161te nudi robusnu strukturu, globalni doseg i milione aktivnih kupaca dnevno.<\/p>\n<p>Ovom e-knjigom svako mo\u017ee pretvoriti Amazon u skalabilan i odr\u017eiv izvor prihoda dominiraju\u0107i tr\u017ei\u0161tem i postizanjem finansijske slobode<\/p>","protected":false},"featured_media":93880,"comment_status":"open","ping_status":"closed","template":"","meta":[],"product_cat":[1611,1608,1607],"product_tag":[],"class_list":{"0":"post-93880","1":"product","2":"type-product","3":"status-publish","4":"has-post-thumbnail","6":"product_brand-por-allan-paixo-autor-formato-ebook-kindle","7":"product_cat-administracao-negocios-e-economia","8":"product_cat-ebooks-kindle","9":"product_cat-loja-kindle","11":"first","12":"instock","13":"shipping-taxable","14":"purchasable","15":"product-type-simple"},"aioseo_notices":[],"_links":{"self":[{"href":"https:\/\/www.ecommerceupdate.com.br\/bs\/wp-json\/wp\/v2\/product\/93880","targetHints":{"allow":["GET"]}}],"collection":[{"href":"https:\/\/www.ecommerceupdate.com.br\/bs\/wp-json\/wp\/v2\/product"}],"about":[{"href":"https:\/\/www.ecommerceupdate.com.br\/bs\/wp-json\/wp\/v2\/types\/product"}],"replies":[{"embeddable":true,"href":"https:\/\/www.ecommerceupdate.com.br\/bs\/wp-json\/wp\/v2\/comments?post=93880"}],"wp:featuredmedia":[{"embeddable":true,"href":"https:\/\/www.ecommerceupdate.com.br\/bs\/wp-json\/wp\/v2\/product\/93880"}],"wp:attachment":[{"href":"https:\/\/www.ecommerceupdate.com.br\/bs\/wp-json\/wp\/v2\/media?parent=93880"}],"wp:term":[{"taxonomy":"product_cat","embeddable":true,"href":"https:\/\/www.ecommerceupdate.com.br\/bs\/wp-json\/wp\/v2\/product_cat?post=93880"},{"taxonomy":"product_tag","embeddable":true,"href":"https:\/\/www.ecommerceupdate.com.br\/bs\/wp-json\/wp\/v2\/product_tag?post=93880"}],"curies":[{"name":"wp","href":"https:\/\/api.w.org\/{rel}","templated":true}]}}