{"id":94163,"date":"2026-03-09T03:52:52","date_gmt":"2026-03-09T06:52:52","guid":{"rendered":"https:\/\/www.ecommerceupdate.com.br\/produto\/pelicula-para-kindle-paperwhite-12a-geracao-e-kindle-colorsoft-7-polegadas-sa569p-sa568b-sa58cb-sa59cp-antirreflexo-fosca\/"},"modified":"2026-03-13T15:51:55","modified_gmt":"2026-03-13T18:51:55","slug":"pelicula-para-kindle-paperwhite-12a-geracao-e-kindle-colorsoft-7-polegadas-sa569p-sa568b-sa58cb-sa59cp-antirreflexo-fosca","status":"publish","type":"product","link":"https:\/\/www.ecommerceupdate.com.br\/bs\/produto\/pelicula-para-kindle-paperwhite-12a-geracao-e-kindle-colorsoft-7-polegadas-sa569p-sa568b-sa58cb-sa59cp-antirreflexo-fosca\/","title":{"rendered":"Film za Kindle Paperwhite 12th Generation i Kindle Colorsoft 7 Inch (SA569P, SA568B, SA58CB, SA59CP) i Kindle Colorsoft 7 Inch (SA569P, SA568B, SA59CP) i Antireflection"},"content":{"rendered":"<div class=\"woocommerce-product-details\">\n<h3>Brenda<\/h3>\n<div><img decoding=\"async\" src=\"https:\/\/m.media-amazon.com\/images\/S\/aplus-media-library-service-media\/c248faf5-b8a4-4f2f-9d05-4692cdf55ae9.__CR0,0,1464,625_PT0_SX1464_V1___.png\" alt=\"Brand Image\" style=\"max-width: 100%\"><\/div>\n<p>Kindle Case Mavife<\/p>\n<p> Obojene, nazubljene, origami ili prozirne korice u stilu TPU, kombinuju\u0107i za\u0161titu, stil i prakti\u010dnost za va\u0161 Kindle.<\/p>\n<div id=\"aplus_feature_div\" class=\"celwidget pd_rd_w-994I2 pd_rd_r-EQSKB780K2D4PTQVVBN7 pd_rd_wg-j08yk\" data-feature-name=\"aplus\" data-csa-c-type=\"widget\" data-csa-c-content-id=\"aplus\" data-csa-c-slot-id=\"aplus_feature_div\" data-csa-c-asin=\"\" data-csa-c-is-in-initial-active-row=\"false\">\n<div id=\"aplus\" class=\"a-section a-spacing-large bucket\">\n<h3 class=\"\">Opis proizvoda<\/h3>\n<div lang=\"pt_BR\">\n<div class=\"aplus-v2 desktop celwidget\">\n<div class=\"celwidget aplus-module premium-module-2-fullbackground-image aplus-premium\">\n<div class=\"a-section a-spacing-none premium-aplus premium-aplus-module-2\">\n<div class=\"a-section a-spacing-none premium-background-wrapper\">\n<div class=\"a-section a-spacing-none background-image\"> <img decoding=\"async\" alt=\"Kindle KPW 12\" src=\"https:\/\/m.media-amazon.com\/images\/S\/aplus-media-library-service-media\/ee7aaf06-da8f-4300-8549-72764f059701.__CR0,0,1464,600_PT0_SX1464_V1___.png\" \/> <\/div>\n<\/p>\n<\/div>\n<\/div>\n<\/div>\n<div class=\"celwidget aplus-module premium-module-3-four-column-images aplus-premium\">\n<div class=\"a-section a-spacing-none premium-aplus premium-aplus-module-3 aplus-container-1\">\n<div class=\"a-section a-spacing-none premium-aplus-four-column\">\n<div class=\"a-section a-spacing-none premium-aplus-column\">\n<div class=\"a-section a-spacing-none {'column-image'}\"> <img decoding=\"async\" alt=\"Slika 1\" src=\"https:\/\/m.media-amazon.com\/images\/S\/aplus-media-library-service-media\/859db012-e727-43b7-9e65-b72b86b1e7d3.__CR0,241,1924,1443_PT0_SX300_V1___.png\" \/> <\/div>\n<div class=\"a-section a-spacing-none column-heading\">\n<h1 class=\"aplus-h3 a-text-bold\"> 1 'Uka\u017ei ekran <\/h1>\n<\/p>\n<\/div>\n<div class=\"a-section a-spacing-none column-description\">\n<p class=\"aplus-p3\"> Uklonite prljav\u0161tinu \u010distom krpom i alkoholom. <\/p>\n<\/p>\n<\/div>\n<\/div>\n<div class=\"a-section a-spacing-none premium-aplus-column\">\n<div class=\"a-section a-spacing-none {'column-image'}\"> <img decoding=\"async\" alt=\"slika 2\" src=\"https:\/\/m.media-amazon.com\/images\/S\/aplus-media-library-service-media\/ba8f853e-aa89-4073-b5b9-126bf88080a8.__CR0,239,1912,1434_PT0_SX300_V1___.png\" \/> <\/div>\n<div class=\"a-section a-spacing-none column-heading\">\n<h1 class=\"aplus-h3 a-text-bold\"> 2 ^ Uklonite crvenu naljepnicu <\/h1>\n<\/p>\n<\/div>\n<div class=\"a-section a-spacing-none column-description\">\n<p class=\"aplus-p3\"> Uklonite ljepljivi film i nanesite na ekran <\/p>\n<\/p>\n<\/div>\n<\/div>\n<div class=\"a-section a-spacing-none premium-aplus-column\">\n<div class=\"a-section a-spacing-none {'column-image'}\"> <img decoding=\"async\" alt=\"Slika 3\" src=\"https:\/\/m.media-amazon.com\/images\/S\/aplus-media-library-service-media\/93fb3ccd-bbe3-4c50-965c-59b74099bc2c.__CR0,234,1872,1404_PT0_SX300_V1___.png\" \/> <\/div>\n<div class=\"a-section a-spacing-none column-heading\">\n<h1 class=\"aplus-h3 a-text-bold\"> 3 ^ Uklonite crni ljepilo <\/h1>\n<\/p>\n<\/div>\n<div class=\"a-section a-spacing-none column-description\">\n<p class=\"aplus-p3\"> Uklonite drugi ljepljivi film. <\/p>\n<\/p>\n<\/div>\n<\/div>\n<div class=\"a-section a-spacing-none premium-aplus-column\">\n<div class=\"a-section a-spacing-none {'column-image'}\"> <img decoding=\"async\" alt=\"Slika 4\" src=\"https:\/\/m.media-amazon.com\/images\/S\/aplus-media-library-service-media\/c26adb2a-42d7-4b00-a990-c1494ae910c5.__CR0,248,1980,1485_PT0_SX300_V1___.png\" \/> <\/div>\n<div class=\"a-section a-spacing-none column-heading\">\n<h1 class=\"aplus-h3 a-text-bold\"> 4 'Ponovno motri mjehuri\u0107e <\/h1>\n<\/p>\n<\/div>\n<div class=\"a-section a-spacing-none column-description\">\n<p class=\"aplus-p3\"> Koristite struga\u010d za uklanjanje mjehuri\u0107a zraka i tragova koje ostavlja alkohol. <\/p>\n<\/p>\n<\/div>\n<\/div>\n<\/div>\n<\/div>\n<\/div>\n<div class=\"celwidget aplus-module premium-module-8-hero-video aplus-premium\">\n<div class=\"a-section a-spacing-none premium-aplus premium-aplus-module-8\">\n<div class=\"a-section a-spacing-none premium-aplus-module-8-video\">\n<div class=\"a-section a-spacing-none video-container\">\n<div id=\"f2426db0-5466-475b-8215-62d69a2b97dd\" style=\"width:100%;height:100%\">\n<div data-csa-c-component=\"aplus-vse-video-widget\" data-csa-c-content-id=\"amzn1.vse.video.09361878542540d8ba10826eb86b8dec\" data-csa-c-cs-type=\"vse\" data-csa-c-painter=\"vse-player\" data-csa-c-slot-id=\"aplus-ive-player\" data-csa-c-type=\"widget\" data-csa-op-log-render=\"\" class=\"a-section vse-player-container\">\n<div class=\"vse-airy-container vse-player-container none\">\n<div id=\"ive-aplus-32672-player-label-container\" data-element-id=\"ive-player-label-container\" class=\"a-section a-spacing-none ive-player-label-container\"><span class=\"a-declarative\" data-action=\"a-popover\" data-a-popover=\"{&quot;name&quot;:&quot;ive-aplus-32672-label-type-tooltip&quot;,&quot;width&quot;:&quot;300&quot;,&quot;position&quot;:&quot;triggerRight&quot;,&quot;dataStrategy&quot;:&quot;preload&quot;}\"><a href=\"\/bs\/void(0)\/\" role=\"button\" class=\"a-popover-trigger a-declarative ive-player-label-name aok-hidden\"><i class=\"a-icon a-icon-popover\"><\/i><\/a><\/span><\/p>\n<div class=\"a-popover-preload\" id=\"a-popover-ive-aplus-32672-label-type-tooltip\"><span class=\"ive-demo-label-tooltip ive-player-label-tooltip aok-hidden\">Video prikazuje proizvod u upotrebi.<\/span><span class=\"ive-assembly-label-tooltip ive-player-label-tooltip aok-hidden\">Video vas vodi kroz konfiguraciju proizvoda.<\/span><span class=\"ive-comparison-label-tooltip ive-player-label-tooltip aok-hidden\">Video upore\u0111uje razli\u010dite proizvode.<\/span><span class=\"ive-unboxing-label-tooltip ive-player-label-tooltip aok-hidden\">Video prikazuje kako se proizvod raspakuje.<\/span><\/div>\n<\/p><\/div>\n<\/p><\/div>\n<h1 class=\"vse-video-player-title\"> hero-video<\/h1>\n<p><span data-element-id=\"vse-lightPlayer-content-provider\" class=\"vse-lightPlayer-vendor a-size-mini\"> Prodavac video<\/span><\/div>\n<\/p>\n<\/div>\n<\/div>\n<\/div>\n<\/div>\n<\/div>\n<div class=\"celwidget aplus-module premium-module-12-nav-carousel aplus-premium\">\n<div class=\"a-section a-spacing-none premium-aplus premium-aplus-module-12 premium-aplus-module-12--top-nav\">\n<div data-module-id=\"3\" class=\"a-section a-spacing-none aplus-carousel-container\">\n<div id=\"premium-aplus-12-carousel-3-id\" data-a-carousel-options=\"{&quot;peek_percentage&quot;:0,&quot;minimum_gutter_width&quot;:0,&quot;show_partial_next&quot;:false,&quot;name&quot;:&quot;premium-aplus-12-carousel-3&quot;}\" aria-label=\"Carousel istaknutog sadr\u017eaja\" data-a-display-strategy=\"single\" data-a-transition-strategy=\"slideCircular\" role=\"group\" class=\"a-begin a-carousel-container a-carousel-static a-carousel-display-single a-carousel-transition-slideCircular aplus-image-carousel-container\">\n<div class=\"a-row a-carousel-controls a-carousel-row a-carousel-has-buttons a-carousel-overlay-buttons a-carousel-rounded-buttons\">\n<div class=\"a-carousel-row-inner\">\n<div class=\"a-carousel-col a-carousel-left\"><a class=\"a-carousel-goto-prevpage\" role=\"button\" href=\"#\"><i class=\"a-icon a-icon-previous-rounded\"><span class=\"a-icon-alt\">Prethodna stranica<\/span><\/i><\/a><\/div>\n<div class=\"a-carousel-col a-carousel-center\">\n<div class=\"a-carousel-viewport\" role=\"group\">\n<ol class=\"a-carousel\" role=\"list\">\n<li class=\"a-carousel-card aplus-carousel-card\">\n<div class=\"a-section a-spacing-none aplus-card-image\"> <img decoding=\"async\" alt=\"Ultra tanki kpw 12\" src=\"https:\/\/m.media-amazon.com\/images\/S\/aplus-media-library-service-media\/b79d4144-1c1a-4b56-975f-ac5125b471d4.__CR0,0,1464,600_PT0_SX1464_V1___.png\" \/> <\/div>\n<\/li>\n<li class=\"a-carousel-card aplus-carousel-card\">\n<div class=\"a-section a-spacing-none aplus-card-image\"> <img decoding=\"async\" alt=\"KPW 12 protiv grebanja\" src=\"https:\/\/m.media-amazon.com\/images\/S\/aplus-media-library-service-media\/eb4e4f0d-8ad3-4fc7-9bfd-ccd1d4bb9a15.__CR0,0,1464,600_PT0_SX1464_V1___.png\" \/> <\/div>\n<\/li>\n<li class=\"a-carousel-card aplus-carousel-card\">\n<div class=\"a-section a-spacing-none aplus-card-image\"> <img decoding=\"async\" alt=\"KPW12 za\u0161tita\" src=\"https:\/\/m.media-amazon.com\/images\/S\/aplus-media-library-service-media\/8a4a16f2-70f0-49ce-89db-c4459970d89f.__CR0,0,1464,600_PT0_SX1464_V1___.png\" \/> <\/div>\n<\/li>\n<\/ol><\/div>\n<\/p><\/div>\n<div class=\"a-carousel-col a-carousel-right\"><a class=\"a-carousel-goto-nextpage\" role=\"button\" href=\"#\"><i class=\"a-icon a-icon-next-rounded\"><span class=\"a-icon-alt\">Sljede\u0107a stranica<\/span><\/i><\/a><\/div>\n<\/p><\/div>\n<\/p><\/div>\n<\/div>\n<\/div>\n<\/div>\n<\/div>\n<div class=\"celwidget aplus-module premium-module-13-carousel aplus-premium\">\n<div class=\"a-section a-spacing-none premium-aplus premium-aplus-module-13\">\n<h1 class=\"aplus-container-3 aplus-h1 a-text-bold\"> Mo\u017eda vam se svi\u0111a: <\/h1>\n<div class=\"a-section a-spacing-none aplus-carousel-container\">\n<div id=\"premium-aplus-13-carousel-4-id\" data-a-carousel-options=\"{&quot;peek_percentage&quot;:0,&quot;minimum_gutter_width&quot;:0,&quot;show_partial_next&quot;:false,&quot;name&quot;:&quot;premium-aplus-13-carousel-4&quot;}\" aria-label=\"Carousel istaknutog sadr\u017eaja\" data-a-display-strategy=\"single\" data-a-transition-strategy=\"slideCircular\" role=\"group\" class=\"a-begin a-carousel-container a-carousel-static a-carousel-display-single a-carousel-transition-slideCircular\">\n<div class=\"a-row a-carousel-controls a-carousel-row a-carousel-has-buttons a-carousel-overlay-buttons a-carousel-rounded-buttons\">\n<div class=\"a-carousel-row-inner\">\n<div class=\"a-carousel-col a-carousel-left\"><a class=\"a-carousel-goto-prevpage\" role=\"button\" href=\"#\"><i class=\"a-icon a-icon-previous-rounded\"><span class=\"a-icon-alt\">Prethodna stranica<\/span><\/i><\/a><\/div>\n<div class=\"a-carousel-col a-carousel-center\">\n<div class=\"a-carousel-viewport\" role=\"group\">\n<ol class=\"a-carousel\" role=\"list\">\n<li class=\"a-carousel-card aplus-carousel-element\">\n<div id=\"premium-aplus-13-carousel-4-slide-0\">\n<div class=\"a-section a-spacing-none aplus-card-image\"> <img decoding=\"async\" alt=\"CRNA\" src=\"https:\/\/m.media-amazon.com\/images\/S\/aplus-media-library-service-media\/8f1029ce-f1ce-47e1-a4fb-9765c6849c02.__CR0,0,1464,600_PT0_SX1464_V1___.png\" \/> <\/div>\n<div class=\"a-section a-spacing-none aplus-card-description-wrapper\">\n<div class=\"a-section a-spacing-none aplus-card-description aplus-container-1-2\">\n<div class=\"a-section a-spacing-none aplus-card-table-cell\">\n<div class=\"a-section a-spacing-none aplus-text-background aplus-container-1\">\n<div class=\"a-section a-spacing-none aplus-card-title\">\n<h1 class=\"aplus-h2 a-text-bold\"> Pokrijte Kindle Paperwhite 12th Generation i Colorsoft <\/h1>\n<\/p>\n<\/div>\n<div class=\"a-section a-spacing-none aplus-card-body\">\n<p class=\"aplus-p3\"> Potpuna za\u0161tita sa funkcijom autohibernacije I magnetnim senzorom.Shvatite svoj Kindle sigurno svuda. <\/p>\n<\/p>\n<\/div>\n<div class=\"a-section a-spacing-none aplus-card-link-button\"> <span class=\"a-button a-button-toggle aplus-comparison-table-carousel-link-button\"><span class=\"a-button-inner\"><a href=\"\/bs\/dp\/B0DLHG9J5N\/?ref=emc_p_m_13_b\" aria-label=\"Saznajte vi\u0161e o proizvodu: Kindle Paperwhite 12th Generation Cover i Colorsoft\" class=\"a-button-text\"> Vi\u0161e informacija <\/a><\/span><\/span> <\/div>\n<\/p>\n<\/div>\n<\/div>\n<\/div>\n<\/div>\n<\/div>\n<\/li>\n<li class=\"a-carousel-card aplus-carousel-element\">\n<div id=\"premium-aplus-13-carousel-4-slide-1\">\n<div class=\"a-section a-spacing-none aplus-card-image\"> <img decoding=\"async\" alt=\"Mornarica plava\" src=\"https:\/\/m.media-amazon.com\/images\/S\/aplus-media-library-service-media\/78612073-1335-442f-9e4a-96fefa745a54.__CR0,0,1464,600_PT0_SX1464_V1___.png\" \/> <\/div>\n<div class=\"a-section a-spacing-none aplus-card-description-wrapper\">\n<div class=\"a-section a-spacing-none aplus-card-description aplus-container-1-2\">\n<div class=\"a-section a-spacing-none aplus-card-table-cell\">\n<div class=\"a-section a-spacing-none aplus-text-background aplus-container-1\">\n<div class=\"a-section a-spacing-none aplus-card-title\">\n<h1 class=\"aplus-h2 a-text-bold\"> Pokrijte Kindle Paperwhite 12th Generation i Colorsoft <\/h1>\n<\/p>\n<\/div>\n<div class=\"a-section a-spacing-none aplus-card-body\">\n<p class=\"aplus-p3\"> Potpuna za\u0161tita sa funkcijom autohibernacije I magnetnim senzorom.Shvatite svoj Kindle sigurno svuda. <\/p>\n<\/p>\n<\/div>\n<div class=\"a-section a-spacing-none aplus-card-link-button\"> <span class=\"a-button a-button-toggle aplus-comparison-table-carousel-link-button\"><span class=\"a-button-inner\"><a href=\"\/bs\/dp\/B0DLJCRRKS\/?ref=emc_p_m_13_b\" aria-label=\"Saznajte vi\u0161e o proizvodu: Kindle Paperwhite 12th Generation Cover i Colorsoft\" class=\"a-button-text\"> Vi\u0161e informacija <\/a><\/span><\/span> <\/div>\n<\/p>\n<\/div>\n<\/div>\n<\/div>\n<\/div>\n<\/div>\n<\/li>\n<li class=\"a-carousel-card aplus-carousel-element\">\n<div id=\"premium-aplus-13-carousel-4-slide-2\">\n<div class=\"a-section a-spacing-none aplus-card-image\"> <img decoding=\"async\" alt=\"Ru\u017ea\" src=\"https:\/\/m.media-amazon.com\/images\/S\/aplus-media-library-service-media\/74576a5d-9b4b-4e13-b110-60731da13da3.__CR0,0,1464,600_PT0_SX1464_V1___.png\" \/> <\/div>\n<div class=\"a-section a-spacing-none aplus-card-description-wrapper\">\n<div class=\"a-section a-spacing-none aplus-card-description aplus-container-1-2\">\n<div class=\"a-section a-spacing-none aplus-card-table-cell\">\n<div class=\"a-section a-spacing-none aplus-text-background aplus-container-1\">\n<div class=\"a-section a-spacing-none aplus-card-title\">\n<h1 class=\"aplus-h2 a-text-bold\"> Pokrijte Kindle Paperwhite 12th Generation i Colorsoft <\/h1>\n<\/p>\n<\/div>\n<div class=\"a-section a-spacing-none aplus-card-body\">\n<p class=\"aplus-p3\"> Potpuna za\u0161tita sa funkcijom autohibernacije I magnetnim senzorom.Shvatite svoj Kindle sigurno svuda. <\/p>\n<\/p>\n<\/div>\n<div class=\"a-section a-spacing-none aplus-card-link-button\"> <span class=\"a-button a-button-toggle aplus-comparison-table-carousel-link-button\"><span class=\"a-button-inner\"><a href=\"\/bs\/dp\/B0DLJ2QJRW\/?ref=emc_p_m_13_b\" aria-label=\"Saznajte vi\u0161e o proizvodu: Kindle Paperwhite 12th Generation Cover i Colorsoft\" class=\"a-button-text\"> Vi\u0161e informacija <\/a><\/span><\/span> <\/div>\n<\/p>\n<\/div>\n<\/div>\n<\/div>\n<\/div>\n<\/div>\n<\/li>\n<li class=\"a-carousel-card aplus-carousel-element\">\n<div id=\"premium-aplus-13-carousel-4-slide-3\">\n<div class=\"a-section a-spacing-none aplus-card-image\"> <img decoding=\"async\" alt=\"SME\u0110A\" src=\"https:\/\/m.media-amazon.com\/images\/S\/aplus-media-library-service-media\/2700f625-983b-47b4-ba5a-1c3de81124c1.__CR0,0,1464,600_PT0_SX1464_V1___.png\" \/> <\/div>\n<div class=\"a-section a-spacing-none aplus-card-description-wrapper\">\n<div class=\"a-section a-spacing-none aplus-card-description aplus-container-1-2\">\n<div class=\"a-section a-spacing-none aplus-card-table-cell\">\n<div class=\"a-section a-spacing-none aplus-text-background aplus-container-1\">\n<div class=\"a-section a-spacing-none aplus-card-title\">\n<h1 class=\"aplus-h2 a-text-bold\"> Pokrijte Kindle Paperwhite 12th Generation i Colorsoft <\/h1>\n<\/p>\n<\/div>\n<div class=\"a-section a-spacing-none aplus-card-body\">\n<p class=\"aplus-p3\"> Potpuna za\u0161tita sa funkcijom autohibernacije I magnetnim senzorom.Shvatite svoj Kindle sigurno svuda. <\/p>\n<\/p>\n<\/div>\n<div class=\"a-section a-spacing-none aplus-card-link-button\"> <span class=\"a-button a-button-toggle aplus-comparison-table-carousel-link-button\"><span class=\"a-button-inner\"><a href=\"\/bs\/dp\/B0DVQBF9BJ\/?ref=emc_p_m_13_b\" aria-label=\"Saznajte vi\u0161e o proizvodu: Kindle Paperwhite 12th Generation Cover i Colorsoft\" class=\"a-button-text\"> Vi\u0161e informacija <\/a><\/span><\/span> <\/div>\n<\/p>\n<\/div>\n<\/div>\n<\/div>\n<\/div>\n<\/div>\n<\/li>\n<li class=\"a-carousel-card aplus-carousel-element\">\n<div id=\"premium-aplus-13-carousel-4-slide-4\">\n<div class=\"a-section a-spacing-none aplus-card-image\"> <img decoding=\"async\" alt=\"VOJNO ZELENO\" src=\"https:\/\/m.media-amazon.com\/images\/S\/aplus-media-library-service-media\/07272bb4-b95a-40ea-b360-3dc1c7f0694e.__CR0,0,1464,600_PT0_SX1464_V1___.png\" \/> <\/div>\n<div class=\"a-section a-spacing-none aplus-card-description-wrapper\">\n<div class=\"a-section a-spacing-none aplus-card-description aplus-container-1-2\">\n<div class=\"a-section a-spacing-none aplus-card-table-cell\">\n<div class=\"a-section a-spacing-none aplus-text-background aplus-container-1\">\n<div class=\"a-section a-spacing-none aplus-card-title\">\n<h1 class=\"aplus-h2 a-text-bold\"> Pokrijte Kindle Paperwhite 12th Generation i Colorsoft <\/h1>\n<\/p>\n<\/div>\n<div class=\"a-section a-spacing-none aplus-card-body\">\n<p class=\"aplus-p3\"> Potpuna za\u0161tita sa funkcijom autohibernacije I magnetnim senzorom.Shvatite svoj Kindle sigurno svuda. <\/p>\n<\/p>\n<\/div>\n<div class=\"a-section a-spacing-none aplus-card-link-button\"> <span class=\"a-button a-button-toggle aplus-comparison-table-carousel-link-button\"><span class=\"a-button-inner\"><a href=\"\/bs\/dp\/B0DVQBH68Z\/?ref=emc_p_m_13_b\" aria-label=\"Saznajte vi\u0161e o proizvodu: Kindle Paperwhite 12th Generation Cover i Colorsoft\" class=\"a-button-text\"> Vi\u0161e informacija <\/a><\/span><\/span> <\/div>\n<\/p>\n<\/div>\n<\/div>\n<\/div>\n<\/div>\n<\/div>\n<\/li>\n<\/ol><\/div>\n<\/p><\/div>\n<div class=\"a-carousel-col a-carousel-right\"><a class=\"a-carousel-goto-nextpage\" role=\"button\" href=\"#\"><i class=\"a-icon a-icon-next-rounded\"><span class=\"a-icon-alt\">Sljede\u0107a stranica<\/span><\/i><\/a><\/div>\n<\/p><\/div>\n<\/p><\/div>\n<\/div>\n<div class=\"a-section a-spacing-none aplus-pagination-wrapper\">\n<div class=\"aplus-mantle aplus-module\">\n<div class=\"aplus-carousel-nav\">\n<ul id=\"aplus-pagination-group-4-premium-aplus-13-carousel-4\" class=\"aplus-pagination-dots\" aria-label=\"tablist-sekcija\" role=\"tablist\">\n<li class=\"aplus-pagination-dot\"> <\/li>\n<li class=\"aplus-pagination-dot\"> <\/li>\n<li class=\"aplus-pagination-dot\"> <\/li>\n<li class=\"aplus-pagination-dot\"> <\/li>\n<li class=\"aplus-pagination-dot\"> <\/li>\n<\/ul>\n<\/div>\n<\/div>\n<\/div>\n<\/div>\n<\/div>\n<\/div>\n<div class=\"celwidget aplus-module premium-module-11-faq aplus-premium\">\n<div class=\"a-section a-spacing-none premium-aplus premium-aplus-module-11\">\n<div data-faq-block=\"5\" class=\"a-section a-spacing-none aplus-container-2 faqs-container 5\">\n<ul class=\"faq-list\">\n<li id=\"faq-qa-pair-0\" class=\"faq-block\">\n<h3> <span data-faq-question role=\"button\" aria-controls=\"faq-0\" aria-expanded=\"false\"> <\/p>\n<p class=\"aplus-question aplus-p1\"> Kako prona\u0107i model mog Kindlea? <\/p>\n<p> <\/span> <\/h3>\n<p class=\"aplus-answer aplus-p2\"> Na pole\u0111ini ure\u0111aja, u sitnom printu, nalazite MODEL NO. KODOVI SA569P i SA568B ozna\u010davaju Kindle Paperwhite 12th Generation 7\u201d Modeli SA58CB i SA59CP odgovaraju Kindle Colorsoftu, oba kompatibilna sa ovim filmom. <\/p>\n<\/li>\n<li id=\"faq-qa-pair-1\" class=\"faq-block\">\n<h3> <span data-faq-question role=\"button\" aria-controls=\"faq-1\" aria-expanded=\"false\"> <\/p>\n<p class=\"aplus-question aplus-p1\"> Je li film jednostavan za uklanjanje? <\/p>\n<p> <\/span> <\/h3>\n<p class=\"aplus-answer aplus-p2\"> Da, dizajn sa zaobljenim uglovima olak\u0161ava nano\u0161enje, kao i uklanjanje. <\/p>\n<\/li>\n<li id=\"faq-qa-pair-2\" class=\"faq-block\">\n<h3> <span data-faq-question role=\"button\" aria-controls=\"faq-2\" aria-expanded=\"false\"> <\/p>\n<p class=\"aplus-question aplus-p1\"> Postoje li opcije za pokrivanje za moju Kindle? <\/p>\n<p> <\/span> <\/h3>\n<p class=\"aplus-answer aplus-p2\"> Da, nudimo nekoliko opcija poklopaca, uklju\u010duju\u0107i modele sa remenom. Posjetite na\u0161u trgovinu da provjerite sve dostupne proizvode. <\/p>\n<\/li>\n<li id=\"faq-qa-pair-3\" class=\"faq-block\">\n<h3> <span data-faq-question role=\"button\" aria-controls=\"faq-3\" aria-expanded=\"false\"> <\/p>\n<p class=\"aplus-question aplus-p1\"> Kada \u0107e biti isporuka? <\/p>\n<p> <\/span> <\/h3>\n<p class=\"aplus-answer aplus-p2\"> Molimo provjerite procjenu isporuke u vrijeme kupovine.Na\u0161e proizvode pohranjuje i isporu\u010duje Amazon, \u0161to osigurava izuzetno brzu dostavu i odli\u010dnu uslugu za vas. <\/p>\n<\/li>\n<\/ul>\n<\/div>\n<\/div>\n<\/div>\n<\/div>\n<\/div>\n<\/div>\n<\/div>\n<table id=\"productDetails_techSpec_section_1\" class=\"a-keyvalue prodDetTable\">\n<tr>\n<th class=\"a-color-secondary a-size-base prodDetSectionEntry\"> Certifikacija <\/th>\n<td class=\"a-size-base prodDetAttrValue\"> Nije primjenjivo <\/td>\n<\/tr>\n<tr>\n<th class=\"a-color-secondary a-size-base prodDetSectionEntry\"> Posebne karakteristike <\/th>\n<td class=\"a-size-base prodDetAttrValue\"> Antireflektivna, ranjena ivica, otporna na mrlje, otporna na ogrebotine, dodir visoke osjetljivosti <\/td>\n<\/tr>\n<tr>\n<th class=\"a-color-secondary a-size-base prodDetSectionEntry\"> Veli\u010dina vertikalnog ekrana <\/th>\n<td class=\"a-size-base prodDetAttrValue\"> 7 In\u010da <\/td>\n<\/tr>\n<tr>\n<th class=\"a-color-secondary a-size-base prodDetSectionEntry\"> Boja <\/th>\n<td class=\"a-size-base prodDetAttrValue\"> Transparentan <\/td>\n<\/tr>\n<tr>\n<th class=\"a-color-secondary a-size-base prodDetSectionEntry\"> Komponente uklju\u010dene <\/th>\n<td class=\"a-size-base prodDetAttrValue\"> Kindle Paperwhite i Colorsoft Film <\/td>\n<\/tr>\n<tr>\n<th class=\"a-color-secondary a-size-base prodDetSectionEntry\"> Broj jedinica <\/th>\n<td class=\"a-size-base prodDetAttrValue\"> 1 <\/td>\n<\/tr>\n<tr>\n<th class=\"a-color-secondary a-size-base prodDetSectionEntry\"> Materijal <\/th>\n<td class=\"a-size-base prodDetAttrValue\"> Termoplasti\u010dni poliuretan <\/td>\n<\/tr>\n<tr>\n<th class=\"a-color-secondary a-size-base prodDetSectionEntry\"> Kompatibilni modeli <\/th>\n<td class=\"a-size-base prodDetAttrValue\"> Kindle Colorsoft 7 Inch SA58CB i SA59CP, Kindle paperwhite 7 Inch SA569P i SA568B <\/td>\n<\/tr>\n<tr>\n<th class=\"a-color-secondary a-size-base prodDetSectionEntry\"> Te\u017eina proizvoda <\/th>\n<td class=\"a-size-base prodDetAttrValue\"> 430 G <\/td>\n<\/tr>\n<tr>\n<th class=\"a-color-secondary a-size-base prodDetSectionEntry\"> Dimenzije proizvoda <\/th>\n<td class=\"a-size-base prodDetAttrValue\"> 12 X 9 x 1,27 cm; 430g <\/td>\n<\/tr>\n<tr>\n<th class=\"a-color-secondary a-size-base prodDetSectionEntry\"> Brend <\/th>\n<td class=\"a-size-base prodDetAttrValue\"> Mavif <\/td>\n<\/tr>\n<tr>\n<th class=\"a-color-secondary a-size-base prodDetSectionEntry\"> Da li baterija ili baterija rade? <\/th>\n<td class=\"a-size-base prodDetAttrValue\"> Ne <\/td>\n<\/tr>\n<\/table><\/div>","protected":false},"excerpt":{"rendered":"<ul>\n<li> Kompatibilnost: Precizno dizajniran da bude kompatibilan sa Kindle Paperwhite 12th Generation i Kindle Colorsoft (SA569P, SA568B, SA58CB, SA59CP) 7\" Inches.  <\/li>\n<li> Savr\u0161ena oprema: Ultra-precizna tehnika rezanja za savr\u0161eno podrezivanje, koja nudi maksimalnu za\u0161titu sa potpunom pokriveno\u0161\u0107u od ivice do ivice.  <\/li>\n<li> Antireflektivno: Mat povr\u0161ina sprje\u010dava tragove prstiju i mrlje, smanjuje refleksije i nudi ugodno \u010ditanje.  <\/li>\n<li> Premium materijal: Napravljen od visokokvalitetnog materijala, ovaj \u0161titnik ne ostavlja ostatke kada se ukloni.  <\/li>\n<li> Savr\u0161ena za\u0161tita: Za\u0161titite ekran od ogrebotina, pra\u0161ine i svakodnevne odje\u0107e.  <\/li>\n<\/ul>","protected":false},"featured_media":94163,"comment_status":"open","ping_status":"closed","template":"","meta":[],"product_cat":[1897,1898,1896],"product_tag":[],"class_list":{"0":"post-94163","1":"product","2":"type-product","3":"status-publish","4":"has-post-thumbnail","6":"product_brand-visite-a-loja-mavife","7":"product_cat-acessorios","8":"product_cat-acessorios-para-tablets","9":"product_cat-computadores-e-informatica","11":"first","12":"instock","13":"shipping-taxable","14":"purchasable","15":"product-type-simple"},"aioseo_notices":[],"_links":{"self":[{"href":"https:\/\/www.ecommerceupdate.com.br\/bs\/wp-json\/wp\/v2\/product\/94163","targetHints":{"allow":["GET"]}}],"collection":[{"href":"https:\/\/www.ecommerceupdate.com.br\/bs\/wp-json\/wp\/v2\/product"}],"about":[{"href":"https:\/\/www.ecommerceupdate.com.br\/bs\/wp-json\/wp\/v2\/types\/product"}],"replies":[{"embeddable":true,"href":"https:\/\/www.ecommerceupdate.com.br\/bs\/wp-json\/wp\/v2\/comments?post=94163"}],"wp:featuredmedia":[{"embeddable":true,"href":"https:\/\/www.ecommerceupdate.com.br\/bs\/wp-json\/wp\/v2\/product\/94163"}],"wp:attachment":[{"href":"https:\/\/www.ecommerceupdate.com.br\/bs\/wp-json\/wp\/v2\/media?parent=94163"}],"wp:term":[{"taxonomy":"product_cat","embeddable":true,"href":"https:\/\/www.ecommerceupdate.com.br\/bs\/wp-json\/wp\/v2\/product_cat?post=94163"},{"taxonomy":"product_tag","embeddable":true,"href":"https:\/\/www.ecommerceupdate.com.br\/bs\/wp-json\/wp\/v2\/product_tag?post=94163"}],"curies":[{"name":"wp","href":"https:\/\/api.w.org\/{rel}","templated":true}]}}