{"id":94286,"date":"2026-03-11T13:14:12","date_gmt":"2026-03-11T16:14:12","guid":{"rendered":"https:\/\/www.ecommerceupdate.com.br\/produto\/midias-sociais-nas-empresas\/"},"modified":"2026-03-13T15:55:43","modified_gmt":"2026-03-13T18:55:43","slug":"midias-sociais-nas-empresas","status":"publish","type":"product","link":"https:\/\/www.ecommerceupdate.com.br\/bs\/produto\/midias-sociais-nas-empresas\/","title":{"rendered":"Dru\u0161tveni mediji u kompanijama"},"content":{"rendered":"<div class=\"woocommerce-product-details\">\n<h3>Detalji proizvoda<\/h3>\n<ul>\n<li>Izdava\u010d: Editora Evora<\/li>\n<li>Datum objavljivanja: 14. decembar 2010<\/li>\n<li>Izdanje: 1a<\/li>\n<li>Jezik: portugalski<\/li>\n<li>Broj stranica : 232 stranice<\/li>\n<li>ISBN-10:8563993097<\/li>\n<li>ISBN-13:978-856393090<\/li>\n<li>Te\u017eina proizvoda: 340g<\/li>\n<li>Starost za \u010ditanje: 18 godina i vi\u0161e<\/li>\n<li>Dimenzije: 22,6 x 15,4 x 1 cm<\/li>\n<li>Rangiranje najprodavanijih: br. 351.822 u knjigama (Upoznajte se me\u0111u 100 najboljih u kategoriji knjiga) br. 1.232 u marketingu<\/li>\n<li>1.232 u marketingu<\/li>\n<li>Ocjene kupaca: 3,3 3,3 od 5 zvjezdica (5)<\/li>\n<\/ul><\/div>","protected":false},"excerpt":{"rendered":"<p>Va\u0161a kompanija razumije i koristi dru\u0161tvene mre\u017ee za ja\u010danje va\u0161eg poslovanja? Ili je jo\u0161 uvijek u fazi zabrane svoje upotrebe od strane \u201csviar pa\u017enje zaposlenih? U svakom slu\u010daju, upozorenje je jasno: trenutne tehnologije, kao \u0161to su wikis mre\u017ee, blogovi i stranice dru\u0161tvenih mre\u017ea, definitivno mijenjaju na\u010din na koji gradimo profesionalne odnose i rad. U ovoj inspirativnoj knjizi, tri stru\u010dnjaka za organizacioni razvoj, svi rukovodioci Oraclea, nude rukovodiocima strategije \u201d na ACHR osnovi kako bi iskoristili mo\u0107 dru\u0161tvenih medija i izgradili efikasnije i agilnije organizacije, uklju\u010duju zaposlene i rade blizu konkurentnosti. Rad pokazuje novi scenario organizacionog razvoja, tako\u0111e predstavljaju\u0107i rezultate kompanije.<\/p>","protected":false},"featured_media":0,"comment_status":"open","ping_status":"closed","template":"","meta":[],"product_cat":[1611,1595,1618],"product_tag":[],"class_list":{"0":"post-94286","1":"product","2":"type-product","3":"status-publish","5":"product_brand-edicao-portugus-por-arthur-l-jue-autor-jackie-alcalde-marr-autor-mary-ellen-kassotakis-autor-0-mais","6":"product_cat-administracao-negocios-e-economia","7":"product_cat-livros","8":"product_cat-marketing-e-vendas","10":"first","11":"instock","12":"sale","13":"shipping-taxable","14":"purchasable","15":"product-type-simple"},"aioseo_notices":[],"_links":{"self":[{"href":"https:\/\/www.ecommerceupdate.com.br\/bs\/wp-json\/wp\/v2\/product\/94286","targetHints":{"allow":["GET"]}}],"collection":[{"href":"https:\/\/www.ecommerceupdate.com.br\/bs\/wp-json\/wp\/v2\/product"}],"about":[{"href":"https:\/\/www.ecommerceupdate.com.br\/bs\/wp-json\/wp\/v2\/types\/product"}],"replies":[{"embeddable":true,"href":"https:\/\/www.ecommerceupdate.com.br\/bs\/wp-json\/wp\/v2\/comments?post=94286"}],"wp:attachment":[{"href":"https:\/\/www.ecommerceupdate.com.br\/bs\/wp-json\/wp\/v2\/media?parent=94286"}],"wp:term":[{"taxonomy":"product_cat","embeddable":true,"href":"https:\/\/www.ecommerceupdate.com.br\/bs\/wp-json\/wp\/v2\/product_cat?post=94286"},{"taxonomy":"product_tag","embeddable":true,"href":"https:\/\/www.ecommerceupdate.com.br\/bs\/wp-json\/wp\/v2\/product_tag?post=94286"}],"curies":[{"name":"wp","href":"https:\/\/api.w.org\/{rel}","templated":true}]}}