{"id":94288,"date":"2026-03-11T13:14:44","date_gmt":"2026-03-11T16:14:44","guid":{"rendered":"https:\/\/www.ecommerceupdate.com.br\/produto\/gestao-de-midias-sociais\/"},"modified":"2026-03-13T15:56:08","modified_gmt":"2026-03-13T18:56:08","slug":"gestao-de-midias-sociais","status":"publish","type":"product","link":"https:\/\/www.ecommerceupdate.com.br\/bs\/produto\/gestao-de-midias-sociais\/","title":{"rendered":"Upravljanje dru\u0161tvenim medijima"},"content":{"rendered":"<div class=\"woocommerce-product-details\">\n<h3>Detalji proizvoda<\/h3>\n<ul>\n<li>Izdava\u010d: InterSaberes<\/li>\n<li>Datum objavljivanja: 1. oktobar 2017<\/li>\n<li>Izdanje: 1a<\/li>\n<li>Jezik: portugalski<\/li>\n<li>Broj stranica : 284 stranice<\/li>\n<li>ISBN-10:8559725261<\/li>\n<li>ISBN-13:978-8559725261<\/li>\n<li>Te\u017eina proizvoda: 320g<\/li>\n<li>Dimenzije: 21 x 14,2 x 1,6 cm<\/li>\n<li>Rangiranje najprodavanijih: br. 90.944 u knjigama (Upoznajte se me\u0111u 100 najboljih u kategoriji knjiga) br. 1.847 u sociolo\u0161kim referentnim knjigama<\/li>\n<li>1.847 u referentnim knjigama o sociologiji<\/li>\n<li>Pregledi kupaca: 3,6 3,6 od 5 zvjezdica (10)<\/li>\n<\/ul><\/div>","protected":false},"excerpt":{"rendered":"<p>Osim \u0161to izuzetno pa\u017eljiv prema nastanku novih trendova, profesionalac koji radi sa dru\u0161tvenim medijima mora se brzo prilagoditi stalnim promjenama zahtjeva i interesa svoje ciljne publike.Da bi pomogao u identifikaciji i razvoju osnovnih atributa za rad sa upravljanjem dru\u0161tvenim medijima, u ovom radu \u0107emo istra\u017eiti glavne teorije i koncepte koji podupiru studije u ovoj oblasti i pokazati, na konkretan i primijenjen na\u010din, sve \u0161to trebate znati za razvoj plana upravljanja dru\u0161tvenim medijima.<\/p>","protected":false},"featured_media":94288,"comment_status":"open","ping_status":"closed","template":"","meta":[],"product_cat":[1638,1595,1637],"product_tag":[],"class_list":{"0":"post-94288","1":"product","2":"type-product","3":"status-publish","4":"has-post-thumbnail","6":"product_brand-edicao-portugus-por-camila-gino-almeida-costa-autor","7":"product_cat-ciencias-sociais","8":"product_cat-livros","9":"product_cat-politica-filosofia-e-ciencias-sociais","11":"first","12":"instock","13":"sale","14":"shipping-taxable","15":"purchasable","16":"product-type-simple"},"aioseo_notices":[],"_links":{"self":[{"href":"https:\/\/www.ecommerceupdate.com.br\/bs\/wp-json\/wp\/v2\/product\/94288","targetHints":{"allow":["GET"]}}],"collection":[{"href":"https:\/\/www.ecommerceupdate.com.br\/bs\/wp-json\/wp\/v2\/product"}],"about":[{"href":"https:\/\/www.ecommerceupdate.com.br\/bs\/wp-json\/wp\/v2\/types\/product"}],"replies":[{"embeddable":true,"href":"https:\/\/www.ecommerceupdate.com.br\/bs\/wp-json\/wp\/v2\/comments?post=94288"}],"wp:featuredmedia":[{"embeddable":true,"href":"https:\/\/www.ecommerceupdate.com.br\/bs\/wp-json\/wp\/v2\/product\/94288"}],"wp:attachment":[{"href":"https:\/\/www.ecommerceupdate.com.br\/bs\/wp-json\/wp\/v2\/media?parent=94288"}],"wp:term":[{"taxonomy":"product_cat","embeddable":true,"href":"https:\/\/www.ecommerceupdate.com.br\/bs\/wp-json\/wp\/v2\/product_cat?post=94288"},{"taxonomy":"product_tag","embeddable":true,"href":"https:\/\/www.ecommerceupdate.com.br\/bs\/wp-json\/wp\/v2\/product_tag?post=94288"}],"curies":[{"name":"wp","href":"https:\/\/api.w.org\/{rel}","templated":true}]}}