{"id":94425,"date":"2026-03-13T09:16:29","date_gmt":"2026-03-13T12:16:29","guid":{"rendered":"https:\/\/www.ecommerceupdate.com.br\/produto\/capa-para-kindle-11a-geracao-2024-e-2022-rs23cv-e-c2v2l3-transparente-pelicula-protetora\/"},"modified":"2026-03-13T16:02:55","modified_gmt":"2026-03-13T19:02:55","slug":"capa-para-kindle-11a-geracao-2024-e-2022-rs23cv-e-c2v2l3-transparente-pelicula-protetora","status":"publish","type":"product","link":"https:\/\/www.ecommerceupdate.com.br\/bs\/produto\/capa-para-kindle-11a-geracao-2024-e-2022-rs23cv-e-c2v2l3-transparente-pelicula-protetora\/","title":{"rendered":"Cover For Kindle 11th Generation 2024 i 2022 (RS23CV i C2V2L3) (RS Transparent + Protective Film"},"content":{"rendered":"<div class=\"woocommerce-product-details\">\n<h3>Brenda<\/h3>\n<div><img decoding=\"async\" src=\"https:\/\/m.media-amazon.com\/images\/S\/aplus-media-library-service-media\/c248faf5-b8a4-4f2f-9d05-4692cdf55ae9.__CR0,0,1464,625_PT0_SX1464_V1___.png\" alt=\"Brand Image\" style=\"max-width: 100%\"><\/div>\n<p>Kindle Case Mavife<\/p>\n<p> Obojene, nazubljene, origami ili prozirne korice u stilu TPU, kombinuju\u0107i za\u0161titu, stil i prakti\u010dnost za va\u0161 Kindle.<\/p>\n<div id=\"aplus_feature_div\" class=\"celwidget pd_rd_w-wBj1r pd_rd_r-1MK9GKWB7VQJ1NK3X84T pd_rd_wg-VsgsA\" data-feature-name=\"aplus\" data-csa-c-type=\"widget\" data-csa-c-content-id=\"aplus\" data-csa-c-slot-id=\"aplus_feature_div\" data-csa-c-asin=\"\" data-csa-c-is-in-initial-active-row=\"false\">\n<div id=\"aplus\" class=\"a-section a-spacing-large bucket\">\n<h3 class=\"\">Opis proizvoda<\/h3>\n<div lang=\"pt_BR\">\n<div class=\"aplus-v2 desktop celwidget\">\n<div class=\"celwidget aplus-module premium-module-2-fullbackground-image aplus-premium\">\n<div class=\"a-section a-spacing-none premium-aplus premium-aplus-module-2\">\n<div class=\"a-section a-spacing-none premium-background-wrapper\">\n<div class=\"a-section a-spacing-none background-image\"> <img decoding=\"async\" alt=\"Plava pozadina 2\" src=\"https:\/\/m.media-amazon.com\/images\/S\/aplus-media-library-service-media\/210f58de-b428-46dd-a01d-6373a06aa904.__CR0,0,1464,600_PT0_SX1464_V1___.png\" \/> <\/div>\n<\/p>\n<\/div>\n<\/div>\n<\/div>\n<div class=\"celwidget aplus-module premium-module-3-four-column-images aplus-premium\">\n<div class=\"a-section a-spacing-none premium-aplus premium-aplus-module-3 aplus-container-1\">\n<div class=\"a-section a-spacing-none premium-aplus-four-column\">\n<div class=\"a-section a-spacing-none premium-aplus-column\">\n<div class=\"a-section a-spacing-none {'column-image'}\"> <img decoding=\"async\" alt=\"1\" src=\"https:\/\/m.media-amazon.com\/images\/S\/aplus-media-library-service-media\/af803579-679f-4fdd-b318-72d62e582c24.__CR0,49,390,293_PT0_SX300_V1___.png\" \/> <\/div>\n<div class=\"a-section a-spacing-none column-heading\">\n<h1 class=\"aplus-h3 a-text-bold\"> Premium TPU Materijal <\/h1>\n<\/p>\n<\/div>\n<div class=\"a-section a-spacing-none column-description\">\n<p class=\"aplus-p3\"> Napredni TPU materijal, na\u0161 za\u0161titni poklopac je \u010dvrst, mekan, prijatan za dodir i dizajniran da \u0161titi va\u0161 ure\u0111aj dugo vremena. <\/p>\n<\/p>\n<\/div>\n<\/div>\n<div class=\"a-section a-spacing-none premium-aplus-column\">\n<div class=\"a-section a-spacing-none {'column-image'}\"> <img decoding=\"async\" alt=\"2\" src=\"https:\/\/m.media-amazon.com\/images\/S\/aplus-media-library-service-media\/cbd848d4-adc8-48e5-b2d8-17a063a79022.__CR0,47,375,281_PT0_SX300_V1___.png\" \/> <\/div>\n<div class=\"a-section a-spacing-none column-heading\">\n<h1 class=\"aplus-h3 a-text-bold\"> Dodatna za\u0161tita u uglovima <\/h1>\n<\/p>\n<\/div>\n<div class=\"a-section a-spacing-none column-description\">\n<p class=\"aplus-p3\"> Na\u0161 poklopac nudi potpunu za\u0161titu za va\u0161 ure\u0111aj, sa oja\u010danim uglovima i podignutim rubovima koji apsorbiraju udare i sprje\u010davaju ogrebotine i o\u0161te\u0107enja. <\/p>\n<\/p>\n<\/div>\n<\/div>\n<div class=\"a-section a-spacing-none premium-aplus-column\">\n<div class=\"a-section a-spacing-none {'column-image'}\"> <img decoding=\"async\" alt=\"1\" src=\"https:\/\/m.media-amazon.com\/images\/S\/aplus-media-library-service-media\/f4998593-90cb-46b5-8080-986c2eb54a0c.__CR0,0,300,225_PT0_SX300_V1___.png\" \/> <\/div>\n<div class=\"a-section a-spacing-none column-heading\">\n<h1 class=\"aplus-h3 a-text-bold\"> Ultra tanko I svetlo <\/h1>\n<\/p>\n<\/div>\n<div class=\"a-section a-spacing-none column-description\">\n<p class=\"aplus-p3\"> Ultra tanko i lagano, uz zadr\u017eavanje originalne veli\u010dine i oblika ure\u0111aja, daju\u0107i vam osje\u0107aj da ne nosite nijednu futrolu. <\/p>\n<\/p>\n<\/div>\n<\/div>\n<div class=\"a-section a-spacing-none premium-aplus-column\">\n<div class=\"a-section a-spacing-none {'column-image'}\"> <img decoding=\"async\" alt=\"4\" src=\"https:\/\/m.media-amazon.com\/images\/S\/aplus-media-library-service-media\/e3ed03c7-08c4-4ac8-ad03-3e7fc3dc9b7c.__CR0,50,399,299_PT0_SX300_V1___.png\" \/> <\/div>\n<div class=\"a-section a-spacing-none column-heading\">\n<h1 class=\"aplus-h3 a-text-bold\"> Precise Cutouts <\/h1>\n<\/p>\n<\/div>\n<div class=\"a-section a-spacing-none column-description\">\n<p class=\"aplus-p3\"> Svaki otvor je savr\u0161eno uskla\u0111en sa va\u0161im ure\u0111ajem, eliminiraju\u0107i potrebu za uklanjanjem poklopca i osiguravanjem preciznih i funkcionalnih rezova. <\/p>\n<\/p>\n<\/div>\n<\/div>\n<\/div>\n<\/div>\n<\/div>\n<div class=\"celwidget aplus-module premium-module-8-hero-video aplus-premium\">\n<div class=\"a-section a-spacing-none premium-aplus premium-aplus-module-8\">\n<div class=\"a-section a-spacing-none premium-aplus-module-8-video\">\n<div class=\"a-section a-spacing-none video-container\">\n<div id=\"78c919ce-73fd-4f62-b807-0e4148aca99c\" style=\"width:100%;height:100%\">\n<div class=\"vse-airy-container vse-player-container none\">\n<div id=\"ive-aplus-54651-player-label-container\" data-element-id=\"ive-player-label-container\" class=\"a-section a-spacing-none ive-player-label-container\"><span class=\"a-declarative\" data-action=\"a-popover\" data-a-popover=\"{&quot;name&quot;:&quot;ive-aplus-54651-label-type-tooltip&quot;,&quot;width&quot;:&quot;300&quot;,&quot;position&quot;:&quot;triggerRight&quot;,&quot;dataStrategy&quot;:&quot;preload&quot;}\"><a href=\"\/bs\/void(0)\/\" role=\"button\" class=\"a-popover-trigger a-declarative ive-player-label-name aok-hidden\"><i class=\"a-icon a-icon-popover\"><\/i><\/a><\/span><\/p>\n<div class=\"a-popover-preload\" id=\"a-popover-ive-aplus-54651-label-type-tooltip\"><span class=\"ive-demo-label-tooltip ive-player-label-tooltip aok-hidden\">Video prikazuje proizvod u upotrebi.<\/span><span class=\"ive-assembly-label-tooltip ive-player-label-tooltip aok-hidden\">Video vas vodi kroz konfiguraciju proizvoda.<\/span><span class=\"ive-comparison-label-tooltip ive-player-label-tooltip aok-hidden\">Video upore\u0111uje razli\u010dite proizvode.<\/span><span class=\"ive-unboxing-label-tooltip ive-player-label-tooltip aok-hidden\">Video prikazuje kako se proizvod raspakuje.<\/span><\/div>\n<\/p><\/div>\n<\/p><\/div>\n<\/div>\n<\/div>\n<\/div>\n<\/div>\n<\/div>\n<div class=\"celwidget aplus-module premium-module-5-comparison-table-scroller aplus-premium\">\n<div class=\"premium-aplus premium-aplus-module-5 aplus-container-3 comparison-table\">\n<h3 class=\"a-text-center aplus-h1 a-text-bold\"> Ostale naslovnice za Kindle 11th Generation (C2V2L3 i RS23CV) <\/h3>\n<div id=\"comparison-table-container-3\" data-comparison-name=\"comparison-table-container-3\" class=\"a-section a-spacing-none table-container loading\">\n<div class=\"table-slider scroll-wrapper-bottom\">\n<table class=\"a-bordered a-horizontal-stripes scroll-width\">\n<tr>\n<td class=\"attribute empty\"><\/td>\n<th class=\"aplus-data-column top-header active active-item\"> <a class=\"a-link-normal a-text-normal\" title=\"Pokrijte Kindle 11a Black\" href=\"\/bs\/dp\/B0DBFKYYBP\/?ref=emc_p_m_5_i_atc\"> <img decoding=\"async\" alt=\"\" src=\"https:\/\/m.media-amazon.com\/images\/S\/aplus-media-library-service-media\/ada99dda-396d-4e9f-955b-c52d9afbdae9.__CR0,0,200,225_PT0_SX200_V1___.png\" \/> <\/p>\n<p class=\"product-title\"> Pokrijte Kindle 11a Black <\/p>\n<p> <\/a> <\/th>\n<th class=\"aplus-data-column top-header\"> <a class=\"a-link-normal a-text-normal\" title=\"Pokrijte Kindle 11a Blue\" href=\"\/bs\/dp\/B0DBFK2LLD\/?ref=emc_p_m_5_i_atc\"> <img decoding=\"async\" alt=\"\" src=\"https:\/\/m.media-amazon.com\/images\/S\/aplus-media-library-service-media\/61d6bf13-c67f-4fe0-9947-4c16d374d213.__CR0,0,200,225_PT0_SX200_V1___.png\" \/> <\/p>\n<p class=\"product-title\"> Pokrijte Kindle 11a Blue <\/p>\n<p> <\/a> <\/th>\n<th class=\"aplus-data-column top-header\"> <a class=\"a-link-normal a-text-normal\" title=\"Pokrijte Kindle 11a Pink\" href=\"\/bs\/dp\/B0DBFLD6WG\/?ref=emc_p_m_5_i_atc\"> <img decoding=\"async\" alt=\"\" src=\"https:\/\/m.media-amazon.com\/images\/S\/aplus-media-library-service-media\/40bad145-d5ea-470d-adc5-bf8f05cede39.__CR0,0,200,225_PT0_SX200_V1___.png\" \/> <\/p>\n<p class=\"product-title\"> Pokrijte Kindle 11a Pink <\/p>\n<p> <\/a> <\/th>\n<th class=\"aplus-data-column top-header\"> <a class=\"a-link-normal a-text-normal\" title=\"Kindle Cover 11th Handle\" href=\"\/bs\/dp\/B0DBP63J9T\/?ref=emc_p_m_5_i_atc\"> <img decoding=\"async\" alt=\"\" src=\"https:\/\/m.media-amazon.com\/images\/S\/aplus-media-library-service-media\/6a49ef9f-233d-4cde-8059-f0f1335caa57.__CR0,0,200,225_PT0_SX200_V1___.png\" \/> <\/p>\n<p class=\"product-title\"> Kindle Cover 11th Handle <\/p>\n<p> <\/a> <\/th>\n<th class=\"aplus-data-column top-header\"> <a class=\"a-link-normal a-text-normal\" title=\"Kindle Cover 11th Handle\" href=\"\/bs\/dp\/B0DBPJ6D9Z\/?ref=emc_p_m_5_i_atc\"> <img decoding=\"async\" alt=\"\" src=\"https:\/\/m.media-amazon.com\/images\/S\/aplus-media-library-service-media\/c92df66e-a9ec-4b1d-8a5e-487c409e1618.__CR0,0,200,225_PT0_SX200_V1___.png\" \/> <\/p>\n<p class=\"product-title\"> Kindle Cover 11th Handle <\/p>\n<p> <\/a> <\/th>\n<th class=\"aplus-data-column top-header\"> <a class=\"a-link-normal a-text-normal\" title=\"Kindle Cover 11th Handle\" href=\"\/bs\/dp\/B0DBPH9FHK\/?ref=emc_p_m_5_i_atc\"> <img decoding=\"async\" alt=\"\" src=\"https:\/\/m.media-amazon.com\/images\/S\/aplus-media-library-service-media\/750944a7-6288-4d78-b7df-085085236580.__CR0,0,200,225_PT0_SX200_V1___.png\" \/> <\/p>\n<p class=\"product-title\"> Kindle Cover 11th Handle <\/p>\n<p> <\/a> <\/th>\n<\/tr>\n<tr>\n<td class=\"attribute a-text-bold\">\n<div class=\"comparison-metric-name\" data-inline-content=\"\" data-position=\"triggerRight\"> <span class=\"a-text-bold\"> Recenzije kupaca <\/span> <\/div>\n<\/td>\n<td class=\"aplus-data-column active active-item\">\n<div class=\"\">\n<div class=\"a-size-base\"> <i class=\"a-icon a-icon-star-small a-star-small-5 a-spacing-none\"><span class=\"a-icon-alt\">4.8 Od 5 zvjezdica<\/span><\/i> <span class=\"a-size-mini a-color-base\">1.619<\/span> <\/div>\n<\/p>\n<\/div>\n<\/td>\n<td class=\"aplus-data-column\">\n<div class=\"\">\n<div class=\"a-size-base\"> <i class=\"a-icon a-icon-star-small a-star-small-5 a-spacing-none\"><span class=\"a-icon-alt\">4.8 Od 5 zvjezdica<\/span><\/i> <span class=\"a-size-mini a-color-base\">1.619<\/span> <\/div>\n<\/p>\n<\/div>\n<\/td>\n<td class=\"aplus-data-column\">\n<div class=\"\">\n<div class=\"a-size-base\"> <i class=\"a-icon a-icon-star-small a-star-small-5 a-spacing-none\"><span class=\"a-icon-alt\">4.8 Od 5 zvjezdica<\/span><\/i> <span class=\"a-size-mini a-color-base\">1.619<\/span> <\/div>\n<\/p>\n<\/div>\n<\/td>\n<td class=\"aplus-data-column\">\n<div class=\"\">\n<div class=\"a-size-base\"> <i class=\"a-icon a-icon-star-small a-star-small-5 a-spacing-none\"><span class=\"a-icon-alt\">4.8 Od 5 zvjezdica<\/span><\/i> <span class=\"a-size-mini a-color-base\">359<\/span> <\/div>\n<\/p>\n<\/div>\n<\/td>\n<td class=\"aplus-data-column\">\n<div class=\"\">\n<div class=\"a-size-base\"> <i class=\"a-icon a-icon-star-small a-star-small-5 a-spacing-none\"><span class=\"a-icon-alt\">4.8 Od 5 zvjezdica<\/span><\/i> <span class=\"a-size-mini a-color-base\">359<\/span> <\/div>\n<\/p>\n<\/div>\n<\/td>\n<td class=\"aplus-data-column\">\n<div class=\"\">\n<div class=\"a-size-base\"> <i class=\"a-icon a-icon-star-small a-star-small-5 a-spacing-none\"><span class=\"a-icon-alt\">4.8 Od 5 zvjezdica<\/span><\/i> <span class=\"a-size-mini a-color-base\">359<\/span> <\/div>\n<\/p>\n<\/div>\n<\/td>\n<\/tr>\n<tr>\n<td class=\"attribute a-text-bold\">\n<div class=\"comparison-metric-name\" data-inline-content=\"\" data-position=\"triggerRight\"> <span class=\"a-text-bold\"> Auto hibernacija <\/span> <\/div>\n<\/td>\n<td class=\"aplus-data-column active active-item\"> <span class=\"description\"> \u2714 <\/span> <\/td>\n<td class=\"aplus-data-column\"> <span class=\"description\"> \u2714 <\/span> <\/td>\n<td class=\"aplus-data-column\"> <span class=\"description\"> \u2714 <\/span> <\/td>\n<td class=\"aplus-data-column\"> <span class=\"description\"> \u2714 <\/span> <\/td>\n<td class=\"aplus-data-column\"> <span class=\"description\"> \u2714 <\/span> <\/td>\n<td class=\"aplus-data-column\"> <span class=\"description\"> \u2714 <\/span> <\/td>\n<\/tr>\n<tr>\n<td class=\"attribute a-text-bold\">\n<div class=\"comparison-metric-name\" data-inline-content=\"\" data-position=\"triggerRight\"> <span class=\"a-text-bold\"> Magnetno zatvaranje <\/span> <\/div>\n<\/td>\n<td class=\"aplus-data-column active active-item\"> <span class=\"description\"> \u2714 <\/span> <\/td>\n<td class=\"aplus-data-column\"> <span class=\"description\"> \u2714 <\/span> <\/td>\n<td class=\"aplus-data-column\"> <span class=\"description\"> \u2714 <\/span> <\/td>\n<td class=\"aplus-data-column\"> <span class=\"description\"> \u2714 <\/span> <\/td>\n<td class=\"aplus-data-column\"> <span class=\"description\"> \u2714 <\/span> <\/td>\n<td class=\"aplus-data-column\"> <span class=\"description\"> \u2714 <\/span> <\/td>\n<\/tr>\n<tr>\n<td class=\"attribute a-text-bold\">\n<div class=\"comparison-metric-name\" data-inline-content=\"\" data-position=\"triggerRight\"> <span class=\"a-text-bold\"> Kompatibilan sa modelom C2V2L3 <\/span> <\/div>\n<\/td>\n<td class=\"aplus-data-column active active-item\"> <span class=\"description\"> \u2714 <\/span> <\/td>\n<td class=\"aplus-data-column\"> <span class=\"description\"> \u2714 <\/span> <\/td>\n<td class=\"aplus-data-column\"> <span class=\"description\"> \u2714 <\/span> <\/td>\n<td class=\"aplus-data-column\"> <span class=\"description\"> \u2714 <\/span> <\/td>\n<td class=\"aplus-data-column\"> <span class=\"description\"> \u2714 <\/span> <\/td>\n<td class=\"aplus-data-column\"> <span class=\"description\"> \u2714 <\/span> <\/td>\n<\/tr>\n<tr>\n<td class=\"attribute a-text-bold\">\n<div class=\"comparison-metric-name\" data-inline-content=\"\" data-position=\"triggerRight\"> <span class=\"a-text-bold\"> Kompatibilan sa RS23CV modelom <\/span> <\/div>\n<\/td>\n<td class=\"aplus-data-column active active-item\"> <span class=\"description\"> \u2714 <\/span> <\/td>\n<td class=\"aplus-data-column\"> <span class=\"description\"> \u2714 <\/span> <\/td>\n<td class=\"aplus-data-column\"> <span class=\"description\"> \u2714 <\/span> <\/td>\n<td class=\"aplus-data-column\"> <span class=\"description\"> \u2714 <\/span> <\/td>\n<td class=\"aplus-data-column\"> <span class=\"description\"> \u2714 <\/span> <\/td>\n<td class=\"aplus-data-column\"> <span class=\"description\"> \u2714 <\/span> <\/td>\n<\/tr>\n<tr>\n<td class=\"attribute a-text-bold\">\n<div class=\"comparison-metric-name\" data-inline-content=\"\" data-position=\"triggerRight\"> <span class=\"a-text-bold\"> Ultra light <\/span> <\/div>\n<\/td>\n<td class=\"aplus-data-column active active-item\"> <span class=\"description\"> \u2714 <\/span> <\/td>\n<td class=\"aplus-data-column\"> <span class=\"description\"> \u2714 <\/span> <\/td>\n<td class=\"aplus-data-column\"> <span class=\"description\"> \u2714 <\/span> <\/td>\n<td class=\"aplus-data-column\"> <span class=\"description\"> \u2714 <\/span> <\/td>\n<td class=\"aplus-data-column\"> <span class=\"description\"> \u2714 <\/span> <\/td>\n<td class=\"aplus-data-column\"> <span class=\"description\"> \u2714 <\/span> <\/td>\n<\/tr>\n<tr>\n<td class=\"attribute a-text-bold\">\n<div class=\"comparison-metric-name\" data-inline-content=\"\" data-position=\"triggerRight\"> <span class=\"a-text-bold\"> Meka unutra\u0161njost u mikrovlaknima <\/span> <\/div>\n<\/td>\n<td class=\"aplus-data-column active active-item\"> <span class=\"description\"> \u2714 <\/span> <\/td>\n<td class=\"aplus-data-column\"> <span class=\"description\"> \u2714 <\/span> <\/td>\n<td class=\"aplus-data-column\"> <span class=\"description\"> \u2714 <\/span> <\/td>\n<td class=\"aplus-data-column\"> <span class=\"description\"> \u2714 <\/span> <\/td>\n<td class=\"aplus-data-column\"> <span class=\"description\"> \u2714 <\/span> <\/td>\n<td class=\"aplus-data-column\"> <span class=\"description\"> \u2714 <\/span> <\/td>\n<\/tr>\n<tr>\n<td class=\"attribute a-text-bold\">\n<div class=\"comparison-metric-name\" data-inline-content=\"\" data-position=\"triggerRight\"> <span class=\"a-text-bold\"> Ru\u010dka <\/span> <\/div>\n<\/td>\n<td class=\"aplus-data-column active active-item\"> <span class=\"description\"> \u2718 <\/span> <\/td>\n<td class=\"aplus-data-column\"> <span class=\"description\"> \u2718 <\/span> <\/td>\n<td class=\"aplus-data-column\"> <span class=\"description\"> \u2718 <\/span> <\/td>\n<td class=\"aplus-data-column\"> <span class=\"description\"> \u2714 <\/span> <\/td>\n<td class=\"aplus-data-column\"> <span class=\"description\"> \u2714 <\/span> <\/td>\n<td class=\"aplus-data-column\"> <span class=\"description\"> \u2714 <\/span> <\/td>\n<\/tr>\n<\/table>\n<\/div>\n<\/div>\n<\/div>\n<\/div>\n<div class=\"celwidget aplus-module premium-module-12-nav-carousel aplus-premium\">\n<div class=\"a-section a-spacing-none premium-aplus premium-aplus-module-12 premium-aplus-module-12--top-nav\">\n<div data-module-id=\"4\" class=\"a-section a-spacing-none aplus-carousel-container\">\n<div id=\"premium-aplus-12-carousel-4-id\" data-a-carousel-options=\"{&quot;peek_percentage&quot;:0,&quot;minimum_gutter_width&quot;:0,&quot;show_partial_next&quot;:false,&quot;name&quot;:&quot;premium-aplus-12-carousel-4&quot;}\" aria-label=\"Carousel istaknutog sadr\u017eaja\" data-a-display-strategy=\"single\" data-a-transition-strategy=\"slideCircular\" role=\"group\" class=\"a-begin a-carousel-container a-carousel-static a-carousel-display-single a-carousel-transition-slideCircular aplus-image-carousel-container\">\n<div class=\"a-row a-carousel-controls a-carousel-row a-carousel-has-buttons a-carousel-overlay-buttons a-carousel-rounded-buttons\">\n<div class=\"a-carousel-row-inner\">\n<div class=\"a-carousel-col a-carousel-left\"><a class=\"a-carousel-goto-prevpage\" role=\"button\" href=\"#\"><i class=\"a-icon a-icon-previous-rounded\"><span class=\"a-icon-alt\">Prethodna stranica<\/span><\/i><\/a><\/div>\n<div class=\"a-carousel-col a-carousel-center\">\n<div class=\"a-carousel-viewport\" role=\"group\">\n<ol class=\"a-carousel\" role=\"list\">\n<li class=\"a-carousel-card aplus-carousel-card\">\n<div class=\"a-section a-spacing-none aplus-card-image\"> <img decoding=\"async\" alt=\"2\" src=\"https:\/\/m.media-amazon.com\/images\/S\/aplus-media-library-service-media\/7ce74080-0b6b-4c59-b5bd-2ab29093ec01.__CR0,0,1464,600_PT0_SX1464_V1___.png\" \/> <\/div>\n<\/li>\n<li class=\"a-carousel-card aplus-carousel-card\">\n<div class=\"a-section a-spacing-none aplus-card-image\"> <img decoding=\"async\" alt=\"2\" src=\"https:\/\/m.media-amazon.com\/images\/S\/aplus-media-library-service-media\/bbf78a67-1676-4170-b9f4-197e9a517d15.__CR0,0,1464,600_PT0_SX1464_V1___.png\" \/> <\/div>\n<\/li>\n<\/ol><\/div>\n<\/p><\/div>\n<div class=\"a-carousel-col a-carousel-right\"><a class=\"a-carousel-goto-nextpage\" role=\"button\" href=\"#\"><i class=\"a-icon a-icon-next-rounded\"><span class=\"a-icon-alt\">Sljede\u0107a stranica<\/span><\/i><\/a><\/div>\n<\/p><\/div>\n<\/p><\/div>\n<\/div>\n<\/div>\n<\/div>\n<\/div>\n<div class=\"celwidget aplus-module premium-module-11-faq aplus-premium\">\n<div class=\"a-section a-spacing-none premium-aplus premium-aplus-module-11\">\n<div data-faq-block=\"5\" class=\"a-section a-spacing-none aplus-container-2 faqs-container 5\">\n<ul class=\"faq-list\">\n<li id=\"faq-qa-pair-0\" class=\"faq-block\">\n<h3> <span data-faq-question role=\"button\" aria-controls=\"faq-0\" aria-expanded=\"false\"> <\/p>\n<p class=\"aplus-question aplus-p1\"> Kako prona\u0107i model mog Kindlea? <\/p>\n<p> <\/span> <\/h3>\n<p class=\"aplus-answer aplus-p2\"> Na pole\u0111ini ure\u0111aja, u sitnom printu, mo\u017eete prona\u0107i MODEL NO: C2V2L3 ili RS23CV (Model 2022 i 2024) (\u0161to ukazuje da je Kindle 11. generacije kompatibilan sa ovim poklopcem. <\/p>\n<\/li>\n<li id=\"faq-qa-pair-1\" class=\"faq-block\">\n<h3> <span data-faq-question role=\"button\" aria-controls=\"faq-1\" aria-expanded=\"false\"> <\/p>\n<p class=\"aplus-question aplus-p1\"> Da li prati film za za\u0161titu ekrana? <\/p>\n<p> <\/span> <\/h3>\n<p class=\"aplus-answer aplus-p2\"> Ovaj oglas se odnosi na kompletan komplet koji uklju\u010duje prozirni fleksibilni poklopac i za\u0161titni film za ekran. <\/p>\n<\/li>\n<li id=\"faq-qa-pair-2\" class=\"faq-block\">\n<h3> <span data-faq-question role=\"button\" aria-controls=\"faq-2\" aria-expanded=\"false\"> <\/p>\n<p class=\"aplus-question aplus-p1\"> Ima li jo\u0161 boja ili dizajna na raspolaganju? <\/p>\n<p> <\/span> <\/h3>\n<p class=\"aplus-answer aplus-p2\"> Da, postoji nekoliko boja i dizajna dostupnih. Pristupite na\u0161oj radnji i pogledajte sve opcije. <\/p>\n<\/li>\n<li id=\"faq-qa-pair-3\" class=\"faq-block\">\n<h3> <span data-faq-question role=\"button\" aria-controls=\"faq-3\" aria-expanded=\"false\"> <\/p>\n<p class=\"aplus-question aplus-p1\"> Kada \u0107e biti isporuka? <\/p>\n<p> <\/span> <\/h3>\n<p class=\"aplus-answer aplus-p2\"> Molimo provjerite procjenu isporuke u vrijeme kupovine.Na\u0161e proizvode pohranjuje i isporu\u010duje Amazon, \u0161to osigurava izuzetno brzu dostavu i odli\u010dnu uslugu za vas. <\/p>\n<\/li>\n<\/ul>\n<\/div>\n<\/div>\n<\/div>\n<\/div>\n<\/div>\n<\/div>\n<\/div>\n<table id=\"productDetails_techSpec_section_1\" class=\"a-keyvalue prodDetTable\">\n<tr>\n<th class=\"a-color-secondary a-size-base prodDetSectionEntry\"> Certifikacija <\/th>\n<td class=\"a-size-base prodDetAttrValue\"> Nije primjenjivo <\/td>\n<\/tr>\n<tr>\n<th class=\"a-color-secondary a-size-base prodDetSectionEntry\"> Posebne karakteristike <\/th>\n<td class=\"a-size-base prodDetAttrValue\"> Otporan na suze, otporan na grebanje, sklopiv, otporan na udarce, kompatibilan sa be\u017ei\u010dnim punjenjem <\/td>\n<\/tr>\n<tr>\n<th class=\"a-color-secondary a-size-base prodDetSectionEntry\"> Format <\/th>\n<td class=\"a-size-base prodDetAttrValue\"> Kapa <\/td>\n<\/tr>\n<tr>\n<th class=\"a-color-secondary a-size-base prodDetSectionEntry\"> Boja <\/th>\n<td class=\"a-size-base prodDetAttrValue\"> Transparentan <\/td>\n<\/tr>\n<tr>\n<th class=\"a-color-secondary a-size-base prodDetSectionEntry\"> Komponente uklju\u010dene <\/th>\n<td class=\"a-size-base prodDetAttrValue\"> Za\u0161titna naslovnica za Kindle 11Th 2022 i 2024, Za\u0161titni film za Kindle 11Th 2022 i 2024 <\/td>\n<\/tr>\n<tr>\n<th class=\"a-color-secondary a-size-base prodDetSectionEntry\"> Broj jedinica <\/th>\n<td class=\"a-size-base prodDetAttrValue\"> 1 <\/td>\n<\/tr>\n<tr>\n<th class=\"a-color-secondary a-size-base prodDetSectionEntry\"> Materijal <\/th>\n<td class=\"a-size-base prodDetAttrValue\"> Termoplasti\u010dni poliuretan (TPU) <\/td>\n<\/tr>\n<tr>\n<th class=\"a-color-secondary a-size-base prodDetSectionEntry\"> Napajanje <\/th>\n<td class=\"a-size-base prodDetAttrValue\"> Nije primjenjivo <\/td>\n<\/tr>\n<tr>\n<th class=\"a-color-secondary a-size-base prodDetSectionEntry\"> Kompatibilni modeli <\/th>\n<td class=\"a-size-base prodDetAttrValue\"> Kindle 11Th (C2V2L3 23CV RS) <\/td>\n<\/tr>\n<tr>\n<th class=\"a-color-secondary a-size-base prodDetSectionEntry\"> Te\u017eina proizvoda <\/th>\n<td class=\"a-size-base prodDetAttrValue\"> 60 G <\/td>\n<\/tr>\n<tr>\n<th class=\"a-color-secondary a-size-base prodDetSectionEntry\"> Dimenzije pakovanja <\/th>\n<td class=\"a-size-base prodDetAttrValue\"> 16.7 X 14.1 x 1.9 cm; 60g <\/td>\n<\/tr>\n<tr>\n<th class=\"a-color-secondary a-size-base prodDetSectionEntry\"> Brend <\/th>\n<td class=\"a-size-base prodDetAttrValue\"> Mavif <\/td>\n<\/tr>\n<tr>\n<th class=\"a-color-secondary a-size-base prodDetSectionEntry\"> Da li baterija ili baterija rade? <\/th>\n<td class=\"a-size-base prodDetAttrValue\"> Ne <\/td>\n<\/tr>\n<\/table><\/div>","protected":false},"excerpt":{"rendered":"<ul>\n<li> Napravljen za va\u0161u novu Kindle 11. generaciju 2024. i 2022. (C2V2L3 i RS23CV) kako bi se savr\u0161eno uklopio u njega (nije kompatibilan sa Kindle Paperwhite ili Oasis).  <\/li>\n<li> Uklju\u010duje film za ve\u0107u za\u0161titu va\u0161eg Kindle ekrana od ogrebotina i otisaka prstiju.  <\/li>\n<li> Jednostavan i zgodan pristup dugmetu za napajanje i USB portu, bez potrebe za uklanjanjem poklopca.  <\/li>\n<li> Rubovi oja\u010dani tehnologijom protiv udara, \u0161tite\u0107i svoj Kindle od vodopada, ogrebotina i pra\u0161ine.  <\/li>\n<li> Minimalisti\u010dki i transparentni dizajn koji odr\u017eava originalni izgled va\u0161eg Kindlea, omogu\u0107avaju\u0107i prilago\u0111avanje i kombinaciju s razli\u010ditim stilovima.  <\/li>\n<li> Napravljen od fleksibilnog i izdr\u017eljivog TPU silikona, koji omogu\u0107ava lako pode\u0161avanje i uklanjanje bez napora.  <\/li>\n<li> Udobno \u010ditanje satima zahvaljuju\u0107i tankom i laganom dizajnu, idealno za dr\u017eanje samo jednom rukom.  <\/li>\n<\/ul>","protected":false},"featured_media":94425,"comment_status":"open","ping_status":"closed","template":"","meta":[],"product_cat":[1918,1901,1900],"product_tag":[],"class_list":{"0":"post-94425","1":"product","2":"type-product","3":"status-publish","4":"has-post-thumbnail","6":"product_brand-visite-a-loja-mavife","7":"product_cat-capas","8":"product_cat-e-readers-e-acessorios","9":"product_cat-eletronicos-e-tecnologia","11":"first","12":"instock","13":"shipping-taxable","14":"purchasable","15":"product-type-simple"},"aioseo_notices":[],"_links":{"self":[{"href":"https:\/\/www.ecommerceupdate.com.br\/bs\/wp-json\/wp\/v2\/product\/94425","targetHints":{"allow":["GET"]}}],"collection":[{"href":"https:\/\/www.ecommerceupdate.com.br\/bs\/wp-json\/wp\/v2\/product"}],"about":[{"href":"https:\/\/www.ecommerceupdate.com.br\/bs\/wp-json\/wp\/v2\/types\/product"}],"replies":[{"embeddable":true,"href":"https:\/\/www.ecommerceupdate.com.br\/bs\/wp-json\/wp\/v2\/comments?post=94425"}],"wp:featuredmedia":[{"embeddable":true,"href":"https:\/\/www.ecommerceupdate.com.br\/bs\/wp-json\/wp\/v2\/product\/94425"}],"wp:attachment":[{"href":"https:\/\/www.ecommerceupdate.com.br\/bs\/wp-json\/wp\/v2\/media?parent=94425"}],"wp:term":[{"taxonomy":"product_cat","embeddable":true,"href":"https:\/\/www.ecommerceupdate.com.br\/bs\/wp-json\/wp\/v2\/product_cat?post=94425"},{"taxonomy":"product_tag","embeddable":true,"href":"https:\/\/www.ecommerceupdate.com.br\/bs\/wp-json\/wp\/v2\/product_tag?post=94425"}],"curies":[{"name":"wp","href":"https:\/\/api.w.org\/{rel}","templated":true}]}}