{"id":91274,"date":"2026-02-05T07:17:48","date_gmt":"2026-02-05T10:17:48","guid":{"rendered":"https:\/\/www.ecommerceupdate.org\/produto\/marketplace-teoria-e-pratica\/"},"modified":"2026-03-20T23:39:35","modified_gmt":"2026-03-21T02:39:35","slug":"marketplace-teoria-e-pratica","status":"publish","type":"product","link":"https:\/\/www.ecommerceupdate.com.br\/ca\/produto\/marketplace-teoria-e-pratica\/","title":{"rendered":"Mercat: Teoria i Pr\u00e0ctica"},"content":{"rendered":"<div class=\"woocommerce-product-details\">\n<h3>Detalls del producte<\/h3>\n<ul>\n<li>ASIN: B08YN21JDC<\/li>\n<li>Editorial: Soul Publisher<\/li>\n<li>Accessibilitat: Apr\u00e8n m\u00e9s<\/li>\n<li>Data de publicaci\u00f3: 10 de mar\u00e7 de 2021<\/li>\n<li>Edici\u00f3: 1a<\/li>\n<li>Idioma: Portugu\u00e8s<\/li>\n<li>Mida del fitxer: 4,9 MB<\/li>\n<li>Configuraci\u00f3 de la font: Habilitada<\/li>\n<li>Consells de vocabulari: No activat<\/li>\n<li>Nombre de p\u00e0gines: 188 p\u00e0gines<\/li>\n<li>ISBN-13:978-6586178906<\/li>\n<li>Full de p\u00e0gina: habilitat<\/li>\n<li>R\u00e0nquing de m\u00e9s venuts: n\u00fam. 144.760 a Kindle Store (Coneix els 100 millors en la categoria Kindle Store) n\u00fam. 59 en comer\u00e7 en l\u00ednia n\u00fam. 5.346 en negocis i economia<\/li>\n<li>59 En Comer\u00e7 Online<\/li>\n<li>5.346 en Economia i Empresa<\/li>\n<li>Comentaris dels clients: 4.1 4.1 de 5 estrelles (15)<\/li>\n<\/ul><\/div>","protected":false},"excerpt":{"rendered":"<p>Davant d\u2019un m\u00f3n ple d\u2019innovacions i d\u2019un mercat minorista que busca noves direccions per a les seves vendes, vendre al mercat s\u2019ha convertit en un cam\u00ed molt interessant per a milers d\u2019empreses.  <br \/>Aprofitant la visibilitat que tenen els grans portals per a l\u2019adquisici\u00f3 de clients, entrar en aquest mercat innovador t\u00e9 les seves gestes i riscos. En aquest llibre, es pot trobar la soluci\u00f3 per a diversos d\u2019ells i convertir-se en un emprenedor d\u2019\u00e8xit.<\/p>","protected":false},"featured_media":91274,"comment_status":"open","ping_status":"closed","template":"","meta":[],"product_cat":[1611,1613,1595],"product_tag":[],"class_list":{"0":"post-91274","1":"product","2":"type-product","3":"status-publish","4":"has-post-thumbnail","6":"product_brand-por-alexandre-villar-autor-alexandre-vilar-autor-chris-donizete-editor-0-mais-formato-ebook-kindle","7":"product_cat-administracao-negocios-e-economia","8":"product_cat-industrias-e-profissoes","9":"product_cat-livros","11":"first","12":"instock","13":"shipping-taxable","14":"purchasable","15":"product-type-simple"},"aioseo_notices":[],"_links":{"self":[{"href":"https:\/\/www.ecommerceupdate.com.br\/ca\/wp-json\/wp\/v2\/product\/91274","targetHints":{"allow":["GET"]}}],"collection":[{"href":"https:\/\/www.ecommerceupdate.com.br\/ca\/wp-json\/wp\/v2\/product"}],"about":[{"href":"https:\/\/www.ecommerceupdate.com.br\/ca\/wp-json\/wp\/v2\/types\/product"}],"replies":[{"embeddable":true,"href":"https:\/\/www.ecommerceupdate.com.br\/ca\/wp-json\/wp\/v2\/comments?post=91274"}],"wp:featuredmedia":[{"embeddable":true,"href":"https:\/\/www.ecommerceupdate.com.br\/ca\/wp-json\/wp\/v2\/product\/91274"}],"wp:attachment":[{"href":"https:\/\/www.ecommerceupdate.com.br\/ca\/wp-json\/wp\/v2\/media?parent=91274"}],"wp:term":[{"taxonomy":"product_cat","embeddable":true,"href":"https:\/\/www.ecommerceupdate.com.br\/ca\/wp-json\/wp\/v2\/product_cat?post=91274"},{"taxonomy":"product_tag","embeddable":true,"href":"https:\/\/www.ecommerceupdate.com.br\/ca\/wp-json\/wp\/v2\/product_tag?post=91274"}],"curies":[{"name":"wp","href":"https:\/\/api.w.org\/{rel}","templated":true}]}}