{"id":93227,"date":"2026-03-01T09:32:41","date_gmt":"2026-03-01T12:32:41","guid":{"rendered":"https:\/\/www.ecommerceupdate.com.br\/produto\/exepcional-e-commerce-um-guia-pratico-de-como-construir-um-e-commerce-de-sucesso-e-o-que-e-necessario-para-operar-um\/"},"modified":"2026-05-13T10:11:42","modified_gmt":"2026-05-13T13:11:42","slug":"exepcional-e-commerce-um-guia-pratico-de-como-construir-um-e-commerce-de-sucesso-e-o-que-e-necessario-para-operar-um","status":"publish","type":"product","link":"https:\/\/www.ecommerceupdate.com.br\/ca\/produto\/exepcional-e-commerce-um-guia-pratico-de-como-construir-um-e-commerce-de-sucesso-e-o-que-e-necessario-para-operar-um\/","title":{"rendered":"Comer\u00e7 electr\u00f2nic excepcional: Una guia pr\u00e0ctica sobre com construir un comer\u00e7 electr\u00f2nic d'\u00e8xit i el que es necessita per operar-ne un"},"content":{"rendered":"<div class=\"woocommerce-product-details\"><\/div>","protected":false},"excerpt":{"rendered":"<p>Aconseguir m\u00e9s vendes i control total sobre la seva botiga online seguint una guia pr\u00e0ctica que t'ensenya a construir un comer\u00e7 electr\u00f2nic d'\u00e8xit i operar-lo de manera eficient.Aporta passos accionables per a la configuraci\u00f3, gesti\u00f3 de cat\u00e0legs, estrat\u00e8gies de conversi\u00f3 i automatitzaci\u00f3, adre\u00e7ats a aquells que treballen en la categoria Kindle i Autoajuda.Per nom\u00e9s R$ 19.37, aquesta guia proposa t\u00e8cniques provades per convertir les idees en negocis digitals rendibles i llegir per esbrinar com aplicar cada pas en el seu negoci.<\/p>","protected":false},"featured_media":93227,"comment_status":"open","ping_status":"closed","template":"","meta":[],"product_cat":[1627,1608,1607],"product_tag":[2700,2698,2699],"class_list":{"0":"post-93227","1":"product","2":"type-product","3":"status-publish","4":"has-post-thumbnail","5":"product_brand-por-david-morgan-autor-formato-ebook-kindle","6":"product_cat-autoajuda","7":"product_cat-ebooks-kindle","8":"product_cat-loja-kindle","9":"product_tag-como-construir-loja-online-de-sucesso","10":"product_tag-ebook-kindle-guia-pratico-de-e-commerce","11":"product_tag-iniciar-loja-online-passo-a-passo","13":"first","14":"instock","15":"shipping-taxable","16":"purchasable","17":"product-type-simple"},"aioseo_notices":[],"_links":{"self":[{"href":"https:\/\/www.ecommerceupdate.com.br\/ca\/wp-json\/wp\/v2\/product\/93227","targetHints":{"allow":["GET"]}}],"collection":[{"href":"https:\/\/www.ecommerceupdate.com.br\/ca\/wp-json\/wp\/v2\/product"}],"about":[{"href":"https:\/\/www.ecommerceupdate.com.br\/ca\/wp-json\/wp\/v2\/types\/product"}],"replies":[{"embeddable":true,"href":"https:\/\/www.ecommerceupdate.com.br\/ca\/wp-json\/wp\/v2\/comments?post=93227"}],"wp:featuredmedia":[{"embeddable":true,"href":"https:\/\/www.ecommerceupdate.com.br\/ca\/wp-json\/wp\/v2\/product\/93227"}],"wp:attachment":[{"href":"https:\/\/www.ecommerceupdate.com.br\/ca\/wp-json\/wp\/v2\/media?parent=93227"}],"wp:term":[{"taxonomy":"product_cat","embeddable":true,"href":"https:\/\/www.ecommerceupdate.com.br\/ca\/wp-json\/wp\/v2\/product_cat?post=93227"},{"taxonomy":"product_tag","embeddable":true,"href":"https:\/\/www.ecommerceupdate.com.br\/ca\/wp-json\/wp\/v2\/product_tag?post=93227"}],"curies":[{"name":"wp","href":"https:\/\/api.w.org\/{rel}","templated":true}]}}